{"id":931,"date":"2020-09-25T14:52:53","date_gmt":"2020-09-25T14:52:53","guid":{"rendered":"http:\/\/blauabogados.com\/qui-sommes-nous\/"},"modified":"2026-01-19T10:32:30","modified_gmt":"2026-01-19T09:32:30","slug":"qui-sommes-nous","status":"publish","type":"page","link":"https:\/\/blauabogados.com\/fr\/qui-sommes-nous\/","title":{"rendered":"QUI SOMMES-NOUS?"},"content":{"rendered":"<section class=\"wpb-content-wrapper\"><p>[vc_row][vc_column][vc_empty_space height=\u00a0\u00bb150px\u00a0\u00bb][vc_column_text]<\/p>\n<h1 style=\"text-align: center;\"><strong>Experts en Droit Immobilier et en transferts de bien immobiliers<\/strong><\/h1>\n<h2 style=\"text-align: center;\">Notre cabinet d\u2019avocats<\/h2>\n<p>[\/vc_column_text][vc_separator color=\u00a0\u00bbcustom\u00a0\u00bb border_width=\u00a0\u00bb6&Prime; el_width=\u00a0\u00bb10&Prime; accent_color=\u00a0\u00bb#07b3bc\u00a0\u00bb][vc_empty_space height=\u00a0\u00bb40px\u00a0\u00bb][\/vc_column][\/vc_row][vc_row][vc_column][vc_row_inner][vc_column_inner width=\u00a0\u00bb1\/2&Prime;][vc_column_text]<img decoding=\"async\" class=\"alignnone wp-image-1018 size-full\" src=\"https:\/\/blauabogados.com\/wp-content\/uploads\/2017\/02\/BLAU-SOLICITORS-4.jpg\" alt=\"\" width=\"650\" height=\"450\" srcset=\"https:\/\/blauabogados.com\/wp-content\/uploads\/2017\/02\/BLAU-SOLICITORS-4-200x138.jpg 200w, https:\/\/blauabogados.com\/wp-content\/uploads\/2017\/02\/BLAU-SOLICITORS-4-300x208.jpg 300w, https:\/\/blauabogados.com\/wp-content\/uploads\/2017\/02\/BLAU-SOLICITORS-4-400x277.jpg 400w, https:\/\/blauabogados.com\/wp-content\/uploads\/2017\/02\/BLAU-SOLICITORS-4-600x415.jpg 600w, https:\/\/blauabogados.com\/wp-content\/uploads\/2017\/02\/BLAU-SOLICITORS-4.jpg 650w\" sizes=\"(max-width: 650px) 100vw, 650px\" \/>[\/vc_column_text][\/vc_column_inner][vc_column_inner width=\u00a0\u00bb1\/2&Prime;][vc_column_text]<\/p>\n<p style=\"text-align: justify;\"><span style=\"font-weight: 400;\">Nous sommes un cabinet d\u2019avocats sp\u00e9cialis\u00e9 en droit immobilier. Nous conseillons les non-r\u00e9sidents dans le cadre de l\u2019achat d\u2019un bien immobilier en Espagne.\u00a0<\/span><\/p>\n<p style=\"text-align: justify;\"><span style=\"font-weight: 400;\">Nous sommes un cabinet de petite taille, cependant, nous sommes un cabinet tr\u00e8s exp\u00e9riment\u00e9 et \u00e9nergique dont l\u2019objectif est de simplifier au maximum la proc\u00e9dure d\u2019achat de biens immobiliers. Nous sommes experts en transfert immobilier.<\/span><\/p>\n<p style=\"text-align: justify;\"><span style=\"font-weight: 400;\">Nos avocats ind\u00e9pendants connaissent bien les difficult\u00e9s et les proc\u00e9dures l\u00e9gales li\u00e9es \u00e0 l\u2019achat de biens immobiliers dans un pays \u00e9tranger. Nos connaissances et notre exp\u00e9rience vous permettront d\u2019\u00e9viter les \u00e9cueils l\u00e9gaux\/juridiques et d\u2019acc\u00e9l\u00e9rer la proc\u00e9dure d\u2019achat. <\/span><\/p>\n<p>[\/vc_column_text][\/vc_column_inner][\/vc_row_inner][vc_empty_space height=\u00a0\u00bb40px\u00a0\u00bb][\/vc_column][\/vc_row][vc_row full_width=\u00a0\u00bbstretch_row\u00a0\u00bb css=\u00a0\u00bb.vc_custom_1488303101735{background-color: #efefef !important;}\u00a0\u00bb][vc_column][vc_column_text]<\/p>\n<h1 style=\"text-align: center;\"><strong>Experts en Droit Immobilier<br \/>\n<\/strong><\/h1>\n<p>[\/vc_column_text][vc_separator color=\u00a0\u00bbcustom\u00a0\u00bb border_width=\u00a0\u00bb6&Prime; el_width=\u00a0\u00bb10&Prime; accent_color=\u00a0\u00bb#07b3bc\u00a0\u00bb][vc_empty_space height=\u00a0\u00bb30px\u00a0\u00bb][vc_row_inner][vc_column_inner width=\u00a0\u00bb1\/2&Prime;][vc_column_text]<\/p>\n<p style=\"text-align: justify;\"><span style=\"font-weight: 400;\">Nous travaillons avec les acheteurs non-r\u00e9sidents et \u00e9trangers dans le cadre de l\u2019achat de biens immobiliers, une proc\u00e9dure qui peut devenir tr\u00e8s longue et co\u00fbteuse. Notre cabinet d\u2019avocat g\u00e8re toutes les questions l\u00e9gales li\u00e9es \u00e0 cette proc\u00e9dure, sans co\u00fbt suppl\u00e9mentaire pour l\u2019acheteur. En Espagne, la loi peut varier d\u2019une ville \u00e0 l\u2019autre, et les imp\u00f4ts peuvent \u00e9galement \u00eatre diff\u00e9rents d\u2019une communaut\u00e9 autonome \u00e0 l\u2019autre. Nous poss\u00e9dons une connaissance approfondie des complexit\u00e9s li\u00e9es \u00e0 l\u2019achat de biens immobiliers \u00e0 Alicante (Costa Blanca), ou \u00e0 Murcia (Costa C\u00e1lida).<\/span><\/p>\n<p style=\"text-align: justify;\"><span style=\"font-weight: 400;\">Au fil des ann\u00e9es, nous avons d\u00e9velopp\u00e9 une relation mutuellement avantageuse avec des inspecteurs en b\u00e2timents, des constructeurs, des courtiers en hypoth\u00e8ques et \u00e9galement avec les autorit\u00e9s locales comp\u00e9tentes en mati\u00e8re d\u2019urbanisme. Ces relations rendent la proc\u00e9dure d\u2019achat plus simple et plus abordable.\u00a0<\/span><\/p>\n<p>[\/vc_column_text][\/vc_column_inner][\/vc_row_inner][vc_empty_space height=\u00a0\u00bb40px\u00a0\u00bb][\/vc_column][\/vc_row][vc_row full_width=\u00a0\u00bbstretch_row\u00a0\u00bb css=\u00a0\u00bb.vc_custom_1488373515890{background-image: url(http:\/\/blauabogados.com\/wp-content\/uploads\/2017\/02\/blau-solicitors-2.jpg?id=244) !important;background-position: center !important;background-repeat: no-repeat !important;background-size: cover !important;}\u00a0\u00bb][vc_column][vc_empty_space height=\u00a0\u00bb100px\u00a0\u00bb][vc_row_inner][vc_column_inner][vc_column_text]<\/p>\n<h2 style=\"text-align: center;\"><span style=\"font-size: 30pt;\">NOTRE CABINET D\u2019AVOCATS,<\/span><span style=\"color: #ffffff; font-size: 30pt;\">\u00a0<span style=\"color: #07b3bc;\">VOTRE SOLUTION<\/span><\/span><\/h2>\n<p>[\/vc_column_text][vc_empty_space height=\u00a0\u00bb80px\u00a0\u00bb][\/vc_column_inner][\/vc_row_inner][\/vc_column][\/vc_row][vc_row full_width=\u00a0\u00bbstretch_row\u00a0\u00bb css=\u00a0\u00bb.vc_custom_1488217319292{background-color: #f4f4f4 !important;}\u00a0\u00bb][vc_column][vc_empty_space height=\u00a0\u00bb40px\u00a0\u00bb][vc_column_text]<\/p>\n<h2 style=\"text-align: center;\">Nos experts<\/h2>\n<h1 style=\"text-align: center;\"><\/h1>\n<p>[\/vc_column_text][vc_separator color=\u00a0\u00bbcustom\u00a0\u00bb border_width=\u00a0\u00bb6&Prime; el_width=\u00a0\u00bb10&Prime; accent_color=\u00a0\u00bb#07b3bc\u00a0\u00bb][vc_empty_space height=\u00a0\u00bb40px\u00a0\u00bb][vc_empty_space height=\u00a0\u00bb30px\u00a0\u00bb][vc_row_inner][vc_column_inner width=\u00a0\u00bb1\/2&Prime;][\/vc_column_inner][\/vc_row_inner][vc_row_inner][vc_column_inner width=\u00a0\u00bb1\/4&Prime;][\/vc_column_inner][vc_column_inner width=\u00a0\u00bb1\/2&Prime;][\/vc_column_inner][vc_column_inner width=\u00a0\u00bb1\/4&Prime;][\/vc_column_inner][\/vc_row_inner][\/vc_column][\/vc_row][vc_row full_width=\u00a0\u00bbstretch_row\u00a0\u00bb css=\u00a0\u00bb.vc_custom_1587546123957{background-color: #f4f4f4 !important;}\u00a0\u00bb][vc_column][vc_empty_space height=\u00a0\u00bb40px\u00a0\u00bb][vc_column_text]<\/p>\n<h2 style=\"text-align: center;\">Notre cabinet d&rsquo;avocats<\/h2>\n<h2 style=\"text-align: center;\">Venez nous rencontrer<\/h2>\n<h1 style=\"text-align: center;\"><\/h1>\n<p>[\/vc_column_text][vc_separator color=\u00a0\u00bbcustom\u00a0\u00bb border_width=\u00a0\u00bb6&Prime; el_width=\u00a0\u00bb10&Prime; accent_color=\u00a0\u00bb#07b3bc\u00a0\u00bb][vc_empty_space height=\u00a0\u00bb20px\u00a0\u00bb][vc_empty_space height=\u00a0\u00bb40px\u00a0\u00bb][\/vc_column][\/vc_row][vc_row full_width=\u00a0\u00bbstretch_row\u00a0\u00bb css=\u00a0\u00bb.vc_custom_1488214032879{background-color: #07b3bc !important;}\u00a0\u00bb][vc_column][vc_empty_space height=\u00a0\u00bb30px\u00a0\u00bb][vc_row_inner][vc_column_inner][vc_column_text]<\/p>\n<h2 style=\"text-align: center;\" data-fontsize=\"35\" data-lineheight=\"35\"><span style=\"color: #ffffff; font-size: 30pt;\">OBTENIR UN DEVIS GRATUIT<\/span><\/h2>\n<p>[\/vc_column_text][vc_btn title=\u00a0\u00bbEntrer\u00a0\u00bb style=\u00a0\u00bboutline-custom\u00a0\u00bb outline_custom_color=\u00a0\u00bb#ffffff\u00a0\u00bb outline_custom_hover_background=\u00a0\u00bb#1a181a\u00a0\u00bb outline_custom_hover_text=\u00a0\u00bb#ffffff\u00a0\u00bb align=\u00a0\u00bbcenter\u00a0\u00bb i_align=\u00a0\u00bbright\u00a0\u00bb i_type=\u00a0\u00bbentypo\u00a0\u00bb i_icon_entypo=\u00a0\u00bbentypo-icon entypo-icon-right-open-big\u00a0\u00bb add_icon=\u00a0\u00bbtrue\u00a0\u00bb link=\u00a0\u00bburl:https%3A%2F%2Fblauabogados.com%2F%3Fpage_id%3D1038%26lang%3Dfr|title:CONTACT\u00a0\u00bb][\/vc_column_inner][\/vc_row_inner][vc_empty_space height=\u00a0\u00bb20px\u00a0\u00bb][\/vc_column][\/vc_row]<\/p>\n<\/section>","protected":false},"excerpt":{"rendered":"<p>[vc_row][vc_column][vc_empty_space height=\u00a0\u00bb150px\u00a0\u00bb][vc_column_text] Experts en Droit Immobilier et en transferts de bien immobiliers Notre cabinet d\u2019avocats [\/vc_column_text][vc_separator color=\u00a0\u00bbcustom\u00a0\u00bb border_width=\u00a0\u00bb6&Prime; el_width=\u00a0\u00bb10&Prime; accent_color=\u00a0\u00bb#07b3bc\u00a0\u00bb][vc_empty_space height=\u00a0\u00bb40px\u00a0\u00bb][\/vc_column][\/vc_row][vc_row][vc_column][vc_row_inner][vc_column_inner width=\u00a0\u00bb1\/2&Prime;][vc_column_text][\/vc_column_text][\/vc_column_inner][vc_column_inner width=\u00a0\u00bb1\/2&Prime;][vc_column_text] Nous sommes un cabinet d\u2019avocats sp\u00e9cialis\u00e9 en droit immobilier. Nous conseillons les non-r\u00e9sidents dans le cadre de l\u2019achat d\u2019un bien immobilier en Espagne.\u00a0 Nous sommes un cabinet de petite taille, cependant, nous  [&#8230;]<\/p>\n","protected":false},"author":2,"featured_media":0,"parent":0,"menu_order":0,"comment_status":"closed","ping_status":"closed","template":"","meta":{"_joinchat":[],"footnotes":""},"class_list":["post-931","page","type-page","status-publish","hentry"],"yoast_head":"<!-- This site is optimized with the Yoast SEO plugin v24.4 - https:\/\/yoast.com\/wordpress\/plugins\/seo\/ -->\n<title>QUI SOMMES-NOUS? - BLAU Solicitors<\/title>\n<meta name=\"description\" content=\"Real Estate &amp; Tax Lawyers in Orihuela Costa. Reliable Solicitors and Tax Advisors in Costa Blanca experts on conveyanci %\" \/>\n<meta name=\"robots\" content=\"index, follow, max-snippet:-1, max-image-preview:large, max-video-preview:-1\" \/>\n<link rel=\"canonical\" href=\"https:\/\/blauabogados.com\/fr\/qui-sommes-nous\/\" \/>\n<meta property=\"og:locale\" content=\"fr_FR\" \/>\n<meta property=\"og:type\" content=\"article\" \/>\n<meta property=\"og:title\" content=\"QUI SOMMES-NOUS? - BLAU Solicitors\" \/>\n<meta property=\"og:description\" content=\"Real Estate &amp; Tax Lawyers in Orihuela Costa. Reliable Solicitors and Tax Advisors in Costa Blanca experts on conveyanci %\" \/>\n<meta property=\"og:url\" content=\"https:\/\/blauabogados.com\/fr\/qui-sommes-nous\/\" \/>\n<meta property=\"og:site_name\" content=\"BLAU Solicitors\" \/>\n<meta property=\"article:modified_time\" content=\"2026-01-19T09:32:30+00:00\" \/>\n<meta property=\"og:image\" content=\"https:\/\/blauabogados.com\/wp-content\/uploads\/2017\/02\/BLAU-SOLICITORS-4.jpg\" \/>\n\t<meta property=\"og:image:width\" content=\"650\" \/>\n\t<meta property=\"og:image:height\" content=\"450\" \/>\n\t<meta property=\"og:image:type\" content=\"image\/jpeg\" \/>\n<meta name=\"twitter:card\" content=\"summary_large_image\" \/>\n<meta name=\"twitter:label1\" content=\"Dur\u00e9e de lecture estim\u00e9e\" \/>\n\t<meta name=\"twitter:data1\" content=\"8 minutes\" \/>\n<script type=\"application\/ld+json\" class=\"yoast-schema-graph\">{\"@context\":\"https:\/\/schema.org\",\"@graph\":[{\"@type\":\"WebPage\",\"@id\":\"https:\/\/blauabogados.com\/fr\/qui-sommes-nous\/\",\"url\":\"https:\/\/blauabogados.com\/fr\/qui-sommes-nous\/\",\"name\":\"QUI SOMMES-NOUS? - BLAU Solicitors\",\"isPartOf\":{\"@id\":\"https:\/\/blauabogados.com\/#website\"},\"primaryImageOfPage\":{\"@id\":\"https:\/\/blauabogados.com\/fr\/qui-sommes-nous\/#primaryimage\"},\"image\":{\"@id\":\"https:\/\/blauabogados.com\/fr\/qui-sommes-nous\/#primaryimage\"},\"thumbnailUrl\":\"https:\/\/blauabogados.com\/wp-content\/uploads\/2017\/02\/BLAU-SOLICITORS-4.jpg\",\"datePublished\":\"2020-09-25T14:52:53+00:00\",\"dateModified\":\"2026-01-19T09:32:30+00:00\",\"description\":\"Real Estate & Tax Lawyers in Orihuela Costa. Reliable Solicitors and Tax Advisors in Costa Blanca experts on conveyanci %\",\"breadcrumb\":{\"@id\":\"https:\/\/blauabogados.com\/fr\/qui-sommes-nous\/#breadcrumb\"},\"inLanguage\":\"fr-FR\",\"potentialAction\":[{\"@type\":\"ReadAction\",\"target\":[\"https:\/\/blauabogados.com\/fr\/qui-sommes-nous\/\"]}]},{\"@type\":\"ImageObject\",\"inLanguage\":\"fr-FR\",\"@id\":\"https:\/\/blauabogados.com\/fr\/qui-sommes-nous\/#primaryimage\",\"url\":\"https:\/\/blauabogados.com\/wp-content\/uploads\/2017\/02\/BLAU-SOLICITORS-4.jpg\",\"contentUrl\":\"https:\/\/blauabogados.com\/wp-content\/uploads\/2017\/02\/BLAU-SOLICITORS-4.jpg\"},{\"@type\":\"BreadcrumbList\",\"@id\":\"https:\/\/blauabogados.com\/fr\/qui-sommes-nous\/#breadcrumb\",\"itemListElement\":[{\"@type\":\"ListItem\",\"position\":1,\"name\":\"Portada\",\"item\":\"https:\/\/blauabogados.com\/?lang=fr\"},{\"@type\":\"ListItem\",\"position\":2,\"name\":\"QUI SOMMES-NOUS?\"}]},{\"@type\":\"WebSite\",\"@id\":\"https:\/\/blauabogados.com\/#website\",\"url\":\"https:\/\/blauabogados.com\/\",\"name\":\"BLAU Solicitors\",\"description\":\"Real Estate and Tax Lawyers in Costa Blanca\",\"publisher\":{\"@id\":\"https:\/\/blauabogados.com\/#organization\"},\"potentialAction\":[{\"@type\":\"SearchAction\",\"target\":{\"@type\":\"EntryPoint\",\"urlTemplate\":\"https:\/\/blauabogados.com\/?s={search_term_string}\"},\"query-input\":{\"@type\":\"PropertyValueSpecification\",\"valueRequired\":true,\"valueName\":\"search_term_string\"}}],\"inLanguage\":\"fr-FR\"},{\"@type\":\"Organization\",\"@id\":\"https:\/\/blauabogados.com\/#organization\",\"name\":\"Blau Abogados y Asesores\",\"url\":\"https:\/\/blauabogados.com\/\",\"logo\":{\"@type\":\"ImageObject\",\"inLanguage\":\"fr-FR\",\"@id\":\"https:\/\/blauabogados.com\/#\/schema\/logo\/image\/\",\"url\":\"https:\/\/blauabogados.com\/wp-content\/uploads\/2022\/04\/1-scaled.jpg\",\"contentUrl\":\"https:\/\/blauabogados.com\/wp-content\/uploads\/2022\/04\/1-scaled.jpg\",\"width\":2560,\"height\":1600,\"caption\":\"Blau Abogados y Asesores\"},\"image\":{\"@id\":\"https:\/\/blauabogados.com\/#\/schema\/logo\/image\/\"},\"sameAs\":[\"https:\/\/www.instagram.com\/blau_abogados\/\"]}]}<\/script>\n<!-- \/ Yoast SEO plugin. -->","yoast_head_json":{"title":"QUI SOMMES-NOUS? - BLAU Solicitors","description":"Real Estate & Tax Lawyers in Orihuela Costa. Reliable Solicitors and Tax Advisors in Costa Blanca experts on conveyanci %","robots":{"index":"index","follow":"follow","max-snippet":"max-snippet:-1","max-image-preview":"max-image-preview:large","max-video-preview":"max-video-preview:-1"},"canonical":"https:\/\/blauabogados.com\/fr\/qui-sommes-nous\/","og_locale":"fr_FR","og_type":"article","og_title":"QUI SOMMES-NOUS? - BLAU Solicitors","og_description":"Real Estate & Tax Lawyers in Orihuela Costa. Reliable Solicitors and Tax Advisors in Costa Blanca experts on conveyanci %","og_url":"https:\/\/blauabogados.com\/fr\/qui-sommes-nous\/","og_site_name":"BLAU Solicitors","article_modified_time":"2026-01-19T09:32:30+00:00","og_image":[{"width":650,"height":450,"url":"https:\/\/blauabogados.com\/wp-content\/uploads\/2017\/02\/BLAU-SOLICITORS-4.jpg","type":"image\/jpeg"}],"twitter_card":"summary_large_image","twitter_misc":{"Dur\u00e9e de lecture estim\u00e9e":"8 minutes"},"schema":{"@context":"https:\/\/schema.org","@graph":[{"@type":"WebPage","@id":"https:\/\/blauabogados.com\/fr\/qui-sommes-nous\/","url":"https:\/\/blauabogados.com\/fr\/qui-sommes-nous\/","name":"QUI SOMMES-NOUS? - BLAU Solicitors","isPartOf":{"@id":"https:\/\/blauabogados.com\/#website"},"primaryImageOfPage":{"@id":"https:\/\/blauabogados.com\/fr\/qui-sommes-nous\/#primaryimage"},"image":{"@id":"https:\/\/blauabogados.com\/fr\/qui-sommes-nous\/#primaryimage"},"thumbnailUrl":"https:\/\/blauabogados.com\/wp-content\/uploads\/2017\/02\/BLAU-SOLICITORS-4.jpg","datePublished":"2020-09-25T14:52:53+00:00","dateModified":"2026-01-19T09:32:30+00:00","description":"Real Estate & Tax Lawyers in Orihuela Costa. Reliable Solicitors and Tax Advisors in Costa Blanca experts on conveyanci %","breadcrumb":{"@id":"https:\/\/blauabogados.com\/fr\/qui-sommes-nous\/#breadcrumb"},"inLanguage":"fr-FR","potentialAction":[{"@type":"ReadAction","target":["https:\/\/blauabogados.com\/fr\/qui-sommes-nous\/"]}]},{"@type":"ImageObject","inLanguage":"fr-FR","@id":"https:\/\/blauabogados.com\/fr\/qui-sommes-nous\/#primaryimage","url":"https:\/\/blauabogados.com\/wp-content\/uploads\/2017\/02\/BLAU-SOLICITORS-4.jpg","contentUrl":"https:\/\/blauabogados.com\/wp-content\/uploads\/2017\/02\/BLAU-SOLICITORS-4.jpg"},{"@type":"BreadcrumbList","@id":"https:\/\/blauabogados.com\/fr\/qui-sommes-nous\/#breadcrumb","itemListElement":[{"@type":"ListItem","position":1,"name":"Portada","item":"https:\/\/blauabogados.com\/?lang=fr"},{"@type":"ListItem","position":2,"name":"QUI SOMMES-NOUS?"}]},{"@type":"WebSite","@id":"https:\/\/blauabogados.com\/#website","url":"https:\/\/blauabogados.com\/","name":"BLAU Solicitors","description":"Real Estate and Tax Lawyers in Costa Blanca","publisher":{"@id":"https:\/\/blauabogados.com\/#organization"},"potentialAction":[{"@type":"SearchAction","target":{"@type":"EntryPoint","urlTemplate":"https:\/\/blauabogados.com\/?s={search_term_string}"},"query-input":{"@type":"PropertyValueSpecification","valueRequired":true,"valueName":"search_term_string"}}],"inLanguage":"fr-FR"},{"@type":"Organization","@id":"https:\/\/blauabogados.com\/#organization","name":"Blau Abogados y Asesores","url":"https:\/\/blauabogados.com\/","logo":{"@type":"ImageObject","inLanguage":"fr-FR","@id":"https:\/\/blauabogados.com\/#\/schema\/logo\/image\/","url":"https:\/\/blauabogados.com\/wp-content\/uploads\/2022\/04\/1-scaled.jpg","contentUrl":"https:\/\/blauabogados.com\/wp-content\/uploads\/2022\/04\/1-scaled.jpg","width":2560,"height":1600,"caption":"Blau Abogados y Asesores"},"image":{"@id":"https:\/\/blauabogados.com\/#\/schema\/logo\/image\/"},"sameAs":["https:\/\/www.instagram.com\/blau_abogados\/"]}]}},"_links":{"self":[{"href":"https:\/\/blauabogados.com\/fr\/wp-json\/wp\/v2\/pages\/931","targetHints":{"allow":["GET"]}}],"collection":[{"href":"https:\/\/blauabogados.com\/fr\/wp-json\/wp\/v2\/pages"}],"about":[{"href":"https:\/\/blauabogados.com\/fr\/wp-json\/wp\/v2\/types\/page"}],"author":[{"embeddable":true,"href":"https:\/\/blauabogados.com\/fr\/wp-json\/wp\/v2\/users\/2"}],"replies":[{"embeddable":true,"href":"https:\/\/blauabogados.com\/fr\/wp-json\/wp\/v2\/comments?post=931"}],"version-history":[{"count":2,"href":"https:\/\/blauabogados.com\/fr\/wp-json\/wp\/v2\/pages\/931\/revisions"}],"predecessor-version":[{"id":3028,"href":"https:\/\/blauabogados.com\/fr\/wp-json\/wp\/v2\/pages\/931\/revisions\/3028"}],"wp:attachment":[{"href":"https:\/\/blauabogados.com\/fr\/wp-json\/wp\/v2\/media?parent=931"}],"curies":[{"name":"wp","href":"https:\/\/api.w.org\/{rel}","templated":true}]}}