{"id":907,"date":"2020-09-25T14:34:26","date_gmt":"2020-09-25T14:34:26","guid":{"rendered":"http:\/\/blauabogados.com\/domaines-dexpertise\/"},"modified":"2022-09-21T12:33:26","modified_gmt":"2022-09-21T12:33:26","slug":"domaines-dexpertise","status":"publish","type":"page","link":"https:\/\/blauabogados.com\/fr\/domaines-dexpertise\/","title":{"rendered":"DOMAINES D\u2019EXPERTISE"},"content":{"rendered":"<section class=\"wpb-content-wrapper\"><p>[vc_row][vc_column][vc_empty_space height=\u00a0\u00bb150px\u00a0\u00bb][vc_column_text]<\/p>\n<h1 style=\"text-align: center;\">Les domaines d\u2019expertise de Blau Abogados<\/h1>\n<p style=\"text-align: center;\"><span style=\"font-size: 14pt;\">Les avocats ind\u00e9pendants de Blau Abogados y Asesores, S.L.P. forment un groupe diversifi\u00e9, hautement qualifi\u00e9 dans de nombreux domaines juridiques. Voici comment nous pouvons vous aider<\/span><\/p>\n<p>[\/vc_column_text][vc_separator color=\u00a0\u00bbcustom\u00a0\u00bb border_width=\u00a0\u00bb6&Prime; el_width=\u00a0\u00bb10&Prime; accent_color=\u00a0\u00bb#07b3bc\u00a0\u00bb][vc_empty_space height=\u00a0\u00bb40px\u00a0\u00bb][\/vc_column][\/vc_row][vc_row][vc_column][vc_row_inner][vc_column_inner width=\u00a0\u00bb1\/2&Prime;][vc_column_text]<img decoding=\"async\" class=\"size-full wp-image-908 aligncenter\" src=\"http:\/\/blauabogados.com\/wp-content\/uploads\/2017\/02\/blau abogados anw\u00e4lte rechtsanw\u00e4lte in torrevieja spanien 9.jpg\" alt=\"\" width=\"750\" height=\"220\" srcset=\"https:\/\/blauabogados.com\/wp-content\/uploads\/2017\/02\/blau%20abogados%20anw\u00e4lte%20rechtsanw\u00e4lte%20in%20torrevieja%20spanien%209-200x59.jpg 200w, https:\/\/blauabogados.com\/wp-content\/uploads\/2017\/02\/blau%20abogados%20anw\u00e4lte%20rechtsanw\u00e4lte%20in%20torrevieja%20spanien%209-300x88.jpg 300w, https:\/\/blauabogados.com\/wp-content\/uploads\/2017\/02\/blau%20abogados%20anw\u00e4lte%20rechtsanw\u00e4lte%20in%20torrevieja%20spanien%209-400x117.jpg 400w, https:\/\/blauabogados.com\/wp-content\/uploads\/2017\/02\/blau%20abogados%20anw\u00e4lte%20rechtsanw\u00e4lte%20in%20torrevieja%20spanien%209-600x176.jpg 600w, https:\/\/blauabogados.com\/wp-content\/uploads\/2017\/02\/blau%20abogados%20anw\u00e4lte%20rechtsanw\u00e4lte%20in%20torrevieja%20spanien%209.jpg 750w\" sizes=\"(max-width: 750px) 100vw, 750px\" \/>[\/vc_column_text][vc_column_text]<\/p>\n<h2 style=\"text-align: center;\"><span style=\"color: #07b3bc;\">Droit Immobilier<\/span><\/h2>\n<p style=\"text-align: justify;\">Tout expatri\u00e9 ou investisseur souhaitant acqu\u00e9rir un bien immobilier en Espagne devrait conna\u00eetre la l\u00e9gislation locale, ou retenir les services d\u2019un expert. Le march\u00e9 immobilier en Espagne a subi une transformation drastique au cours des derni\u00e8res ann\u00e9es. Les avocats de Blau Abogados mettent \u00e0 votre disposition un service complet de transfert de biens immobiliers. Ceci inclut les biens sur plans, les biens r\u00e9sidentiels et les biens destin\u00e9s \u00e0 la location de vacances, ainsi que tout type de biens immobiliers et investissements fonciers, les vices de construction, les expulsions, etc.<\/p>\n<p>[\/vc_column_text][\/vc_column_inner][vc_column_inner width=\u00a0\u00bb1\/2&Prime;][vc_column_text]<img decoding=\"async\" class=\"size-full wp-image-909 aligncenter\" src=\"http:\/\/blauabogados.com\/wp-content\/uploads\/2017\/02\/blau abogados anw\u00e4lte rechtsanw\u00e4lte in torrevieja spanien 10.jpg\" alt=\"\" width=\"750\" height=\"220\" srcset=\"https:\/\/blauabogados.com\/wp-content\/uploads\/2017\/02\/blau%20abogados%20anw\u00e4lte%20rechtsanw\u00e4lte%20in%20torrevieja%20spanien%2010-200x59.jpg 200w, https:\/\/blauabogados.com\/wp-content\/uploads\/2017\/02\/blau%20abogados%20anw\u00e4lte%20rechtsanw\u00e4lte%20in%20torrevieja%20spanien%2010-300x88.jpg 300w, https:\/\/blauabogados.com\/wp-content\/uploads\/2017\/02\/blau%20abogados%20anw\u00e4lte%20rechtsanw\u00e4lte%20in%20torrevieja%20spanien%2010-400x117.jpg 400w, https:\/\/blauabogados.com\/wp-content\/uploads\/2017\/02\/blau%20abogados%20anw\u00e4lte%20rechtsanw\u00e4lte%20in%20torrevieja%20spanien%2010-600x176.jpg 600w, https:\/\/blauabogados.com\/wp-content\/uploads\/2017\/02\/blau%20abogados%20anw\u00e4lte%20rechtsanw\u00e4lte%20in%20torrevieja%20spanien%2010.jpg 750w\" sizes=\"(max-width: 750px) 100vw, 750px\" \/>[\/vc_column_text][vc_column_text]<\/p>\n<h2 style=\"text-align: center;\"><span style=\"color: #07b3bc;\">Droit des soci\u00e9t\u00e9s<\/span><\/h2>\n<p style=\"text-align: justify;\">Nos avocats poss\u00e8dent une grande exp\u00e9rience en : droit bancaire, proc\u00e9dures civiles, r\u00e9solution de litiges, en d\u00e9p\u00f4ts de bilan, joint-venture, fusions et acquisitions, restructurations et toutes les questions li\u00e9es \u00e0 l\u2019activit\u00e9 commerciale en Espagne. Nous vous guidons et vous conseillons dans le cadre de transactions corporatives, y compris les transactions immobili\u00e8res transfrontali\u00e8res. Nous pouvons \u00e9galement vous aider \u00e0 mettre en place des succursales et des filiales en Espagne, ou \u00e0 effectuer une d\u00e9localisation compl\u00e8te.<\/p>\n<p>[\/vc_column_text][\/vc_column_inner][\/vc_row_inner][vc_empty_space height=\u00a0\u00bb40px\u00a0\u00bb][\/vc_column][\/vc_row][vc_row full_width=\u00a0\u00bbstretch_row\u00a0\u00bb css=\u00a0\u00bb.vc_custom_1488368789943{background-color: #efefef !important;}\u00a0\u00bb][vc_column][vc_row_inner][vc_column_inner width=\u00a0\u00bb1\/2&Prime;][vc_column_text]<img decoding=\"async\" class=\"size-full wp-image-910 aligncenter\" src=\"http:\/\/blauabogados.com\/wp-content\/uploads\/2017\/02\/blau abogados anw\u00e4lte rechtsanw\u00e4lte in torrevieja spanien 11.jpg\" alt=\"\" width=\"750\" height=\"220\" srcset=\"https:\/\/blauabogados.com\/wp-content\/uploads\/2017\/02\/blau%20abogados%20anw\u00e4lte%20rechtsanw\u00e4lte%20in%20torrevieja%20spanien%2011-200x59.jpg 200w, https:\/\/blauabogados.com\/wp-content\/uploads\/2017\/02\/blau%20abogados%20anw\u00e4lte%20rechtsanw\u00e4lte%20in%20torrevieja%20spanien%2011-300x88.jpg 300w, https:\/\/blauabogados.com\/wp-content\/uploads\/2017\/02\/blau%20abogados%20anw\u00e4lte%20rechtsanw\u00e4lte%20in%20torrevieja%20spanien%2011-400x117.jpg 400w, https:\/\/blauabogados.com\/wp-content\/uploads\/2017\/02\/blau%20abogados%20anw\u00e4lte%20rechtsanw\u00e4lte%20in%20torrevieja%20spanien%2011-600x176.jpg 600w, https:\/\/blauabogados.com\/wp-content\/uploads\/2017\/02\/blau%20abogados%20anw\u00e4lte%20rechtsanw\u00e4lte%20in%20torrevieja%20spanien%2011.jpg 750w\" sizes=\"(max-width: 750px) 100vw, 750px\" \/>[\/vc_column_text][vc_column_text css_animation=\u00a0\u00bbnone\u00a0\u00bb]<\/p>\n<h2 style=\"text-align: center;\"><span style=\"color: #07b3bc;\">Droit Fiscal<\/span><\/h2>\n<p style=\"text-align: justify;\">Depuis quelques ann\u00e9es, l\u2019Espagne est devenue une destination tr\u00e8s pris\u00e9e pour les non-r\u00e9sidents souhaitant d\u00e9m\u00e9nager. Pour un expatri\u00e9, il est primordial de comprendre le syst\u00e8me fiscal espagnol. Le gouvernement espagnol modifie constamment la l\u00e9gislation fiscale, notamment celle qui touche les non-r\u00e9sidents ayant un patrimoine \u00e0 l\u2019\u00e9tranger.<br \/>\nBlau Abogados est sp\u00e9cialis\u00e9 en Droit Fiscal espagnol et vous garantit un conseil fiscal complet et de qualit\u00e9.<\/p>\n<p>[\/vc_column_text][\/vc_column_inner][vc_column_inner width=\u00a0\u00bb1\/2&Prime;][vc_column_text]<img decoding=\"async\" class=\"size-full wp-image-911 aligncenter\" src=\"http:\/\/blauabogados.com\/wp-content\/uploads\/2017\/02\/blau abogados anw\u00e4lte rechtsanw\u00e4lte in torrevieja spanien 12.jpg\" alt=\"\" width=\"750\" height=\"220\" srcset=\"https:\/\/blauabogados.com\/wp-content\/uploads\/2017\/02\/blau%20abogados%20anw\u00e4lte%20rechtsanw\u00e4lte%20in%20torrevieja%20spanien%2012-200x59.jpg 200w, https:\/\/blauabogados.com\/wp-content\/uploads\/2017\/02\/blau%20abogados%20anw\u00e4lte%20rechtsanw\u00e4lte%20in%20torrevieja%20spanien%2012-300x88.jpg 300w, https:\/\/blauabogados.com\/wp-content\/uploads\/2017\/02\/blau%20abogados%20anw\u00e4lte%20rechtsanw\u00e4lte%20in%20torrevieja%20spanien%2012-400x117.jpg 400w, https:\/\/blauabogados.com\/wp-content\/uploads\/2017\/02\/blau%20abogados%20anw\u00e4lte%20rechtsanw\u00e4lte%20in%20torrevieja%20spanien%2012-600x176.jpg 600w, https:\/\/blauabogados.com\/wp-content\/uploads\/2017\/02\/blau%20abogados%20anw\u00e4lte%20rechtsanw\u00e4lte%20in%20torrevieja%20spanien%2012.jpg 750w\" sizes=\"(max-width: 750px) 100vw, 750px\" \/>[\/vc_column_text][vc_column_text]<\/p>\n<h2 style=\"text-align: center;\"><span style=\"color: #07b3bc;\">Droit de l\u2019Urbanisme<\/span><\/h2>\n<p style=\"text-align: justify;\">Les avocats de Blau Abogados poss\u00e8dent une grande exp\u00e9rience en Droit de l\u2019Urbanisme. Si vous \u00eates promoteur, ou constructeur, dans le secteur public, vous avez besoin d\u2019une \u00e9quipe juridique \u00e0 vos c\u00f4t\u00e9s. \u00c9tant donn\u00e9 que le gouvernement national a c\u00e9d\u00e9 aux gouvernements r\u00e9gionaux toutes les comp\u00e9tences en mati\u00e8re de propositions de d\u00e9veloppement \u00e0 niveau r\u00e9gional et local, de nombreuses questions se posent lors de la pr\u00e9sentation de plans de d\u00e9veloppement \u00e0 niveau local. Nous sommes hautement sp\u00e9cialis\u00e9s dans le domaine des expropriations, des r\u00e9clamations, des sanctions et dans tous les aspects les plus complexes du secteur public espagnol.<\/p>\n<p>[\/vc_column_text][\/vc_column_inner][\/vc_row_inner][vc_empty_space height=\u00a0\u00bb40px\u00a0\u00bb][\/vc_column][\/vc_row][vc_row][vc_column][vc_row_inner][vc_column_inner width=\u00a0\u00bb1\/2&Prime;][vc_column_text]<img decoding=\"async\" class=\"size-full wp-image-912 aligncenter\" src=\"http:\/\/blauabogados.com\/wp-content\/uploads\/2017\/02\/blau abogados anw\u00e4lte rechtsanw\u00e4lte in torrevieja spanien 13.jpg\" alt=\"\" width=\"750\" height=\"220\" srcset=\"https:\/\/blauabogados.com\/wp-content\/uploads\/2017\/02\/blau%20abogados%20anw\u00e4lte%20rechtsanw\u00e4lte%20in%20torrevieja%20spanien%2013-200x59.jpg 200w, https:\/\/blauabogados.com\/wp-content\/uploads\/2017\/02\/blau%20abogados%20anw\u00e4lte%20rechtsanw\u00e4lte%20in%20torrevieja%20spanien%2013-300x88.jpg 300w, https:\/\/blauabogados.com\/wp-content\/uploads\/2017\/02\/blau%20abogados%20anw\u00e4lte%20rechtsanw\u00e4lte%20in%20torrevieja%20spanien%2013-400x117.jpg 400w, https:\/\/blauabogados.com\/wp-content\/uploads\/2017\/02\/blau%20abogados%20anw\u00e4lte%20rechtsanw\u00e4lte%20in%20torrevieja%20spanien%2013-600x176.jpg 600w, https:\/\/blauabogados.com\/wp-content\/uploads\/2017\/02\/blau%20abogados%20anw\u00e4lte%20rechtsanw\u00e4lte%20in%20torrevieja%20spanien%2013.jpg 750w\" sizes=\"(max-width: 750px) 100vw, 750px\" \/>[\/vc_column_text][vc_column_text css_animation=\u00a0\u00bbnone\u00a0\u00bb]<\/p>\n<h2 style=\"text-align: center;\"><span style=\"color: #07b3bc;\">Testaments et Successions<\/span><\/h2>\n<p style=\"text-align: justify;\">Blau Abogados est hautement qualifi\u00e9 en mati\u00e8re de r\u00e8glement de litiges concernant des testaments et des successions, en mati\u00e8re de plus-values, et taxes li\u00e9es aux donations. Nous serons \u00e0 vos c\u00f4t\u00e9s pour r\u00e9soudre les complexit\u00e9s de la protection d\u2019actifs, la procuration, l\u2019administration du patrimoine, la planification fiscale et la r\u00e9daction de votre testament.<\/p>\n<p style=\"text-align: justify;\">Avec notre aide, vous pouvez \u00eatre s\u00fbr que votre patrimoine sera g\u00e9r\u00e9 ad\u00e9quatement lors de votre d\u00e9c\u00e8s.<\/p>\n<p>[\/vc_column_text][\/vc_column_inner][vc_column_inner width=\u00a0\u00bb1\/2&Prime;][vc_column_text]<img decoding=\"async\" class=\"size-full wp-image-913 aligncenter\" src=\"http:\/\/blauabogados.com\/wp-content\/uploads\/2017\/02\/blau abogados anw\u00e4lte rechtsanw\u00e4lte in torrevieja spanien 14.jpg\" alt=\"\" width=\"750\" height=\"220\" srcset=\"https:\/\/blauabogados.com\/wp-content\/uploads\/2017\/02\/blau%20abogados%20anw\u00e4lte%20rechtsanw\u00e4lte%20in%20torrevieja%20spanien%2014-200x59.jpg 200w, https:\/\/blauabogados.com\/wp-content\/uploads\/2017\/02\/blau%20abogados%20anw\u00e4lte%20rechtsanw\u00e4lte%20in%20torrevieja%20spanien%2014-300x88.jpg 300w, https:\/\/blauabogados.com\/wp-content\/uploads\/2017\/02\/blau%20abogados%20anw\u00e4lte%20rechtsanw\u00e4lte%20in%20torrevieja%20spanien%2014-400x117.jpg 400w, https:\/\/blauabogados.com\/wp-content\/uploads\/2017\/02\/blau%20abogados%20anw\u00e4lte%20rechtsanw\u00e4lte%20in%20torrevieja%20spanien%2014-600x176.jpg 600w, https:\/\/blauabogados.com\/wp-content\/uploads\/2017\/02\/blau%20abogados%20anw\u00e4lte%20rechtsanw\u00e4lte%20in%20torrevieja%20spanien%2014.jpg 750w\" sizes=\"(max-width: 750px) 100vw, 750px\" \/>[\/vc_column_text][vc_column_text]<\/p>\n<h2 style=\"text-align: center;\"><span style=\"color: #07b3bc;\">Divorce International<\/span><\/h2>\n<p style=\"text-align: justify;\">Les divorces peuvent souvent devenir tr\u00e8s complexes lorsqu\u2019il s\u2019agit de trouver des arrangements concernant les enfants et le patrimoine. Ces situations se compliquent encore plus lorsque les parties ou les biens se trouvent \u00e0 l\u2019\u00e9tranger. Les avocats de Blau Abogados vous conseillent dans toutes les facettes d\u2019une proc\u00e9dure internationale de divorce, y compris la demande de divorce et la division du patrimoine.<\/p>\n<p>[\/vc_column_text][\/vc_column_inner][\/vc_row_inner][vc_empty_space height=\u00a0\u00bb40px\u00a0\u00bb][\/vc_column][\/vc_row][vc_row full_width=\u00a0\u00bbstretch_row\u00a0\u00bb css=\u00a0\u00bb.vc_custom_1488214032879{background-color: #07b3bc !important;}\u00a0\u00bb][vc_column][vc_empty_space height=\u00a0\u00bb30px\u00a0\u00bb][vc_row_inner][vc_column_inner][vc_column_text]<\/p>\n<h2 style=\"text-align: center;\"><span style=\"color: #ffffff; font-size: 36pt;\">OBTENEZ UN DEVIS GRATUIT<\/span><\/h2>\n<p>&nbsp;<\/p>\n<\/section>","protected":false},"excerpt":{"rendered":"<p>[vc_row][vc_column][vc_empty_space height=\u00a0\u00bb150px\u00a0\u00bb][vc_column_text] Les domaines d\u2019expertise de Blau Abogados Les avocats ind\u00e9pendants de Blau Abogados y Asesores, S.L.P. forment un groupe diversifi\u00e9, hautement qualifi\u00e9 dans de nombreux domaines juridiques. Voici comment nous pouvons vous aider [\/vc_column_text][vc_separator color=\u00a0\u00bbcustom\u00a0\u00bb border_width=\u00a0\u00bb6&Prime; el_width=\u00a0\u00bb10&Prime; accent_color=\u00a0\u00bb#07b3bc\u00a0\u00bb][vc_empty_space height=\u00a0\u00bb40px\u00a0\u00bb][\/vc_column][\/vc_row][vc_row][vc_column][vc_row_inner][vc_column_inner width=\u00a0\u00bb1\/2&Prime;][vc_column_text][\/vc_column_text][vc_column_text] Droit Immobilier Tout expatri\u00e9 ou investisseur souhaitant acqu\u00e9rir un bien immobilier en Espagne devrait  [&#8230;]<\/p>\n","protected":false},"author":2,"featured_media":0,"parent":0,"menu_order":0,"comment_status":"closed","ping_status":"closed","template":"","meta":{"_joinchat":[],"footnotes":""},"class_list":["post-907","page","type-page","status-publish","hentry"],"yoast_head":"<!-- This site is optimized with the Yoast SEO plugin v24.4 - https:\/\/yoast.com\/wordpress\/plugins\/seo\/ -->\n<title>DOMAINES D\u2019EXPERTISE - BLAU Solicitors<\/title>\n<meta name=\"description\" content=\"Real Estate &amp; Tax Lawyers in Orihuela Costa. Reliable Solicitors and Tax Advisors in Costa Blanca experts on conveyancing\" \/>\n<meta name=\"robots\" content=\"index, follow, max-snippet:-1, max-image-preview:large, max-video-preview:-1\" \/>\n<link rel=\"canonical\" href=\"https:\/\/blauabogados.com\/domaines-dexpertise\/?lang=fr\" \/>\n<meta property=\"og:locale\" content=\"fr_FR\" \/>\n<meta property=\"og:type\" content=\"article\" \/>\n<meta property=\"og:title\" content=\"DOMAINES D\u2019EXPERTISE - BLAU Solicitors\" \/>\n<meta property=\"og:description\" content=\"Real Estate &amp; Tax Lawyers in Orihuela Costa. Reliable Solicitors and Tax Advisors in Costa Blanca experts on conveyancing\" \/>\n<meta property=\"og:url\" content=\"https:\/\/blauabogados.com\/domaines-dexpertise\/?lang=fr\" \/>\n<meta property=\"og:site_name\" content=\"BLAU Solicitors\" \/>\n<meta property=\"article:modified_time\" content=\"2022-09-21T12:33:26+00:00\" \/>\n<meta property=\"og:image\" content=\"http:\/\/blauabogados.com\/wp-content\/uploads\/2017\/02\/blau-abogados-solicitors-in-torrevieja-spain9.jpg\" \/>\n<meta name=\"twitter:card\" content=\"summary_large_image\" \/>\n<meta name=\"twitter:label1\" content=\"Dur\u00e9e de lecture estim\u00e9e\" \/>\n\t<meta name=\"twitter:data1\" content=\"4 minutes\" \/>\n<script type=\"application\/ld+json\" class=\"yoast-schema-graph\">{\"@context\":\"https:\/\/schema.org\",\"@graph\":[{\"@type\":\"WebPage\",\"@id\":\"https:\/\/blauabogados.com\/domaines-dexpertise\/?lang=fr\",\"url\":\"https:\/\/blauabogados.com\/domaines-dexpertise\/?lang=fr\",\"name\":\"DOMAINES D\u2019EXPERTISE - BLAU Solicitors\",\"isPartOf\":{\"@id\":\"https:\/\/blauabogados.com\/#website\"},\"datePublished\":\"2020-09-25T14:34:26+00:00\",\"dateModified\":\"2022-09-21T12:33:26+00:00\",\"description\":\"Real Estate & Tax Lawyers in Orihuela Costa. Reliable Solicitors and Tax Advisors in Costa Blanca experts on conveyancing\",\"breadcrumb\":{\"@id\":\"https:\/\/blauabogados.com\/domaines-dexpertise\/?lang=fr#breadcrumb\"},\"inLanguage\":\"fr-FR\",\"potentialAction\":[{\"@type\":\"ReadAction\",\"target\":[\"https:\/\/blauabogados.com\/domaines-dexpertise\/?lang=fr\"]}]},{\"@type\":\"BreadcrumbList\",\"@id\":\"https:\/\/blauabogados.com\/domaines-dexpertise\/?lang=fr#breadcrumb\",\"itemListElement\":[{\"@type\":\"ListItem\",\"position\":1,\"name\":\"Portada\",\"item\":\"https:\/\/blauabogados.com\/?lang=fr\"},{\"@type\":\"ListItem\",\"position\":2,\"name\":\"DOMAINES D\u2019EXPERTISE\"}]},{\"@type\":\"WebSite\",\"@id\":\"https:\/\/blauabogados.com\/#website\",\"url\":\"https:\/\/blauabogados.com\/\",\"name\":\"BLAU Solicitors\",\"description\":\"Real Estate and Tax Lawyers in Costa Blanca\",\"publisher\":{\"@id\":\"https:\/\/blauabogados.com\/#organization\"},\"potentialAction\":[{\"@type\":\"SearchAction\",\"target\":{\"@type\":\"EntryPoint\",\"urlTemplate\":\"https:\/\/blauabogados.com\/?s={search_term_string}\"},\"query-input\":{\"@type\":\"PropertyValueSpecification\",\"valueRequired\":true,\"valueName\":\"search_term_string\"}}],\"inLanguage\":\"fr-FR\"},{\"@type\":\"Organization\",\"@id\":\"https:\/\/blauabogados.com\/#organization\",\"name\":\"Blau Abogados y Asesores\",\"url\":\"https:\/\/blauabogados.com\/\",\"logo\":{\"@type\":\"ImageObject\",\"inLanguage\":\"fr-FR\",\"@id\":\"https:\/\/blauabogados.com\/#\/schema\/logo\/image\/\",\"url\":\"https:\/\/blauabogados.com\/wp-content\/uploads\/2022\/04\/1-scaled.jpg\",\"contentUrl\":\"https:\/\/blauabogados.com\/wp-content\/uploads\/2022\/04\/1-scaled.jpg\",\"width\":2560,\"height\":1600,\"caption\":\"Blau Abogados y Asesores\"},\"image\":{\"@id\":\"https:\/\/blauabogados.com\/#\/schema\/logo\/image\/\"},\"sameAs\":[\"https:\/\/www.instagram.com\/blau_abogados\/\"]}]}<\/script>\n<!-- \/ Yoast SEO plugin. -->","yoast_head_json":{"title":"DOMAINES D\u2019EXPERTISE - BLAU Solicitors","description":"Real Estate & Tax Lawyers in Orihuela Costa. Reliable Solicitors and Tax Advisors in Costa Blanca experts on conveyancing","robots":{"index":"index","follow":"follow","max-snippet":"max-snippet:-1","max-image-preview":"max-image-preview:large","max-video-preview":"max-video-preview:-1"},"canonical":"https:\/\/blauabogados.com\/domaines-dexpertise\/?lang=fr","og_locale":"fr_FR","og_type":"article","og_title":"DOMAINES D\u2019EXPERTISE - BLAU Solicitors","og_description":"Real Estate & Tax Lawyers in Orihuela Costa. Reliable Solicitors and Tax Advisors in Costa Blanca experts on conveyancing","og_url":"https:\/\/blauabogados.com\/domaines-dexpertise\/?lang=fr","og_site_name":"BLAU Solicitors","article_modified_time":"2022-09-21T12:33:26+00:00","og_image":[{"url":"http:\/\/blauabogados.com\/wp-content\/uploads\/2017\/02\/blau-abogados-solicitors-in-torrevieja-spain9.jpg","type":"","width":"","height":""}],"twitter_card":"summary_large_image","twitter_misc":{"Dur\u00e9e de lecture estim\u00e9e":"4 minutes"},"schema":{"@context":"https:\/\/schema.org","@graph":[{"@type":"WebPage","@id":"https:\/\/blauabogados.com\/domaines-dexpertise\/?lang=fr","url":"https:\/\/blauabogados.com\/domaines-dexpertise\/?lang=fr","name":"DOMAINES D\u2019EXPERTISE - BLAU Solicitors","isPartOf":{"@id":"https:\/\/blauabogados.com\/#website"},"datePublished":"2020-09-25T14:34:26+00:00","dateModified":"2022-09-21T12:33:26+00:00","description":"Real Estate & Tax Lawyers in Orihuela Costa. Reliable Solicitors and Tax Advisors in Costa Blanca experts on conveyancing","breadcrumb":{"@id":"https:\/\/blauabogados.com\/domaines-dexpertise\/?lang=fr#breadcrumb"},"inLanguage":"fr-FR","potentialAction":[{"@type":"ReadAction","target":["https:\/\/blauabogados.com\/domaines-dexpertise\/?lang=fr"]}]},{"@type":"BreadcrumbList","@id":"https:\/\/blauabogados.com\/domaines-dexpertise\/?lang=fr#breadcrumb","itemListElement":[{"@type":"ListItem","position":1,"name":"Portada","item":"https:\/\/blauabogados.com\/?lang=fr"},{"@type":"ListItem","position":2,"name":"DOMAINES D\u2019EXPERTISE"}]},{"@type":"WebSite","@id":"https:\/\/blauabogados.com\/#website","url":"https:\/\/blauabogados.com\/","name":"BLAU Solicitors","description":"Real Estate and Tax Lawyers in Costa Blanca","publisher":{"@id":"https:\/\/blauabogados.com\/#organization"},"potentialAction":[{"@type":"SearchAction","target":{"@type":"EntryPoint","urlTemplate":"https:\/\/blauabogados.com\/?s={search_term_string}"},"query-input":{"@type":"PropertyValueSpecification","valueRequired":true,"valueName":"search_term_string"}}],"inLanguage":"fr-FR"},{"@type":"Organization","@id":"https:\/\/blauabogados.com\/#organization","name":"Blau Abogados y Asesores","url":"https:\/\/blauabogados.com\/","logo":{"@type":"ImageObject","inLanguage":"fr-FR","@id":"https:\/\/blauabogados.com\/#\/schema\/logo\/image\/","url":"https:\/\/blauabogados.com\/wp-content\/uploads\/2022\/04\/1-scaled.jpg","contentUrl":"https:\/\/blauabogados.com\/wp-content\/uploads\/2022\/04\/1-scaled.jpg","width":2560,"height":1600,"caption":"Blau Abogados y Asesores"},"image":{"@id":"https:\/\/blauabogados.com\/#\/schema\/logo\/image\/"},"sameAs":["https:\/\/www.instagram.com\/blau_abogados\/"]}]}},"_links":{"self":[{"href":"https:\/\/blauabogados.com\/fr\/wp-json\/wp\/v2\/pages\/907","targetHints":{"allow":["GET"]}}],"collection":[{"href":"https:\/\/blauabogados.com\/fr\/wp-json\/wp\/v2\/pages"}],"about":[{"href":"https:\/\/blauabogados.com\/fr\/wp-json\/wp\/v2\/types\/page"}],"author":[{"embeddable":true,"href":"https:\/\/blauabogados.com\/fr\/wp-json\/wp\/v2\/users\/2"}],"replies":[{"embeddable":true,"href":"https:\/\/blauabogados.com\/fr\/wp-json\/wp\/v2\/comments?post=907"}],"version-history":[{"count":0,"href":"https:\/\/blauabogados.com\/fr\/wp-json\/wp\/v2\/pages\/907\/revisions"}],"wp:attachment":[{"href":"https:\/\/blauabogados.com\/fr\/wp-json\/wp\/v2\/media?parent=907"}],"curies":[{"name":"wp","href":"https:\/\/api.w.org\/{rel}","templated":true}]}}