{"id":839,"date":"2020-09-25T09:42:29","date_gmt":"2020-09-25T09:42:29","guid":{"rendered":"http:\/\/blauabogados.com\/accueil\/"},"modified":"2022-09-21T11:38:15","modified_gmt":"2022-09-21T11:38:15","slug":"accueil","status":"publish","type":"page","link":"https:\/\/blauabogados.com\/fr\/","title":{"rendered":"ACCUEIL"},"content":{"rendered":"<section class=\"wpb-content-wrapper\"><div class=\"fusion-fullwidth fullwidth-box fusion-builder-row-1 nonhundred-percent-fullwidth non-hundred-percent-height-scrolling\" style=\"--awb-border-radius-top-left:0px;--awb-border-radius-top-right:0px;--awb-border-radius-bottom-right:0px;--awb-border-radius-bottom-left:0px;--awb-flex-wrap:wrap;\" ><div class=\"fusion-builder-row fusion-row\"><div class=\"fusion-layout-column fusion_builder_column fusion-builder-column-0 fusion_builder_column_1_1 1_1 fusion-one-full fusion-column-first fusion-column-last\" style=\"--awb-bg-size:cover;--awb-margin-bottom:0px;\"><div class=\"fusion-column-wrapper fusion-flex-column-wrapper-legacy\"><div class=\"fusion-text fusion-text-1\"><p>[vc_row][vc_column][vc_column_text]<\/p>\n<h1 style=\"text-align: center;\">Bienvenus sur le site de Blau Solicitors<\/h1>\n<h2 style=\"text-align: center;\">Un cabinet d\u2019avocats dynamique sp\u00e9cialis\u00e9 en droit immobilier<\/h2>\n<p>[\/vc_column_text][vc_separator color=\u00a0\u00bbcustom\u00a0\u00bb border_width=\u00a0\u00bb6&Prime; el_width=\u00a0\u00bb10&Prime; accent_color=\u00a0\u00bb#07b3bc\u00a0\u00bb][vc_empty_space height=\u00a0\u00bb40px\u00a0\u00bb][\/vc_column][\/vc_row][vc_row][vc_column][\/vc_column][vc_row_inner][vc_column_inner width=\u00a0\u00bb1\/2&Prime;][vc_column_text]<img decoding=\"async\" class=\"alignnone wp-image-1200 size-full\" src=\"http:\/\/blauabogados.com\/wp-content\/uploads\/2020\/10\/Blau-abogados-lawyers-advisors-costa-blanca.jpg\" alt=\"\" width=\"600\" height=\"400\" srcset=\"https:\/\/blauabogados.com\/wp-content\/uploads\/2020\/10\/Blau-abogados-lawyers-advisors-costa-blanca-200x133.jpg 200w, https:\/\/blauabogados.com\/wp-content\/uploads\/2020\/10\/Blau-abogados-lawyers-advisors-costa-blanca-300x200.jpg 300w, https:\/\/blauabogados.com\/wp-content\/uploads\/2020\/10\/Blau-abogados-lawyers-advisors-costa-blanca-400x267.jpg 400w, https:\/\/blauabogados.com\/wp-content\/uploads\/2020\/10\/Blau-abogados-lawyers-advisors-costa-blanca.jpg 600w\" sizes=\"(max-width: 600px) 100vw, 600px\" \/>[\/vc_column_text][\/vc_column_inner][vc_column_inner width=\u00a0\u00bb1\/2&Prime;][vc_column_text]<\/p>\n<p style=\"text-align: justify;\"><span style=\"font-weight: 400;\">Blau Abogados y Asesores, S.L.P. est un cabinet juridique chevronn\u00e9 et dynamique, sp\u00e9cialis\u00e9 en droit immobilier. Nous conseillons les non-r\u00e9sidents souhaitant acqu\u00e9rir un bien immobilier en Espagne. Notre \u00e9quipe d\u2019avocats exp\u00e9riment\u00e9s et \u00e9nergiques a pour objectif de faciliter au maximum la proc\u00e9dure d\u2019achat de biens immobiliers. Nous sommes experts dans le domaine du transfert immobilier.<\/span><\/p>\n<p style=\"text-align: justify;\"><span style=\"font-weight: 400;\">Nos avocats ind\u00e9pendants connaissent bien les difficult\u00e9s et les proc\u00e9dures l\u00e9gales auxquelles les ressortissants d\u2019autres pays doivent faire face lors de l\u2019achat d\u2019un bien immobilier en Espagne. Nos connaissances et notre exp\u00e9rience vous permettront d\u2019\u00e9viter les \u00e9cueils juridiques et d\u2019acc\u00e9l\u00e9rer la proc\u00e9dure d\u2019achat. <\/span><\/p>\n<h2 style=\"text-align: center;\"><\/h2>\n<p>[\/vc_column_text][\/vc_column_inner][\/vc_row_inner][vc_empty_space height=\u00a0\u00bb40px\u00a0\u00bb][\/vc_row][vc_row][vc_column][vc_column_text]<\/p>\n<p><span style=\"font-size: 18pt;\">Au-del\u00e0 du transfert immobilier, Blau Abogados y Asesores, S.L.P. vous propose des solutions dans d\u2019autres domaines d\u2019expertise. Nous sommes hautement exp\u00e9riment\u00e9s dans les domaines suivants:<\/span><\/p>\n<p>[\/vc_column_text][vc_empty_space height=\u00a0\u00bb40px\u00a0\u00bb][vc_row_inner][vc_column_inner width=\u00a0\u00bb1\/3&Prime;]<div class=\"wcp-caption-plugin\" data-height=\"responsive\" id=\"wcp-widget-564\" style=\"\">\n\t\t\t\t\t<div class=\"image-caption-box\"> \n\t        \t<div\n\t        \t\tclass=\"caption zoom-in captiontext\"\n\t        \t\tstyle=\"background-color: rgba(7,179,188,0.72);\n\t        \t\t    color: #ffffff;\"\n\t        \t>\n\t        \t\t<div style=\"display:table;height:100%;width: 100%;\">\n\t\t\t    \t\t<div class=\"centered-text\" style=\"text-align:padding: 5px;\">\n\t\t\t    \t\t\t<h2 style=\"text-align: center;\"><span style=\"color: #ffffff;\">DROIT IMMOBILIER<\/span><\/h2>\n\t\t\t    \t\t<\/div>\n\t\t    \t\t<\/div>\n\t        <\/div>\n\t        \t<img decoding=\"async\" class=\"wcp-caption-image img-make-responsive\" src=\"https:\/\/blauabogados.com\/wp-content\/uploads\/2017\/02\/blau-abogados-solicitors-in-torrevieja-spain.jpg\" title=\"Image Caption Hover Title\" alt=\"Image Caption Hover Alt\"\/>\n\t<\/div>\n\n\t    <\/div>[\/vc_column_inner][vc_column_inner width=\u00a0\u00bb1\/3&Prime;]<div class=\"wcp-caption-plugin\" data-height=\"responsive\" id=\"wcp-widget-566\" style=\"\">\n\t\t\t\t\t<div class=\"image-caption-box\"> \n\t        \t<div\n\t        \t\tclass=\"caption zoom-in captiontext\"\n\t        \t\tstyle=\"background-color: rgba(7,179,188,0.72);\n\t        \t\t    color: #ffffff;\"\n\t        \t>\n\t        \t\t<div style=\"display:table;height:100%;width: 100%;\">\n\t\t\t    \t\t<div class=\"centered-text\" style=\"text-align:padding: 5px;\">\n\t\t\t    \t\t\t<h2 style=\"text-align: center;\"><span style=\"color: #ffffff;\">DROIT DES SOCI\u00c9T\u00c9S<\/span><\/h2>\n\t\t\t    \t\t<\/div>\n\t\t    \t\t<\/div>\n\t        <\/div>\n\t        \t<img decoding=\"async\" class=\"wcp-caption-image img-make-responsive\" src=\"https:\/\/blauabogados.com\/wp-content\/uploads\/2017\/02\/blau-abogados-solicitors-in-torrevieja-spain-1.jpg\" title=\"Image Caption Hover Title\" alt=\"Image Caption Hover Alt\"\/>\n\t<\/div>\n\n\t    <\/div>[\/vc_column_inner][vc_column_inner width=\u00a0\u00bb1\/3&Prime;]<div class=\"wcp-caption-plugin\" data-height=\"responsive\" id=\"wcp-widget-568\" style=\"\">\n\t\t\t\t\t<div class=\"image-caption-box\"> \n\t        \t<div\n\t        \t\tclass=\"caption zoom-in captiontext\"\n\t        \t\tstyle=\"background-color: rgba(7,179,188,0.72);\n\t        \t\t    color: #ffffff;\"\n\t        \t>\n\t        \t\t<div style=\"display:table;height:100%;width: 100%;\">\n\t\t\t    \t\t<div class=\"centered-text\" style=\"text-align:padding: 5px;\">\n\t\t\t    \t\t\t<h2 style=\"text-align: center;\"><span style=\"color: #ffffff;\">DROIT FISCAL<\/span><\/h2>\n\t\t\t    \t\t<\/div>\n\t\t    \t\t<\/div>\n\t        <\/div>\n\t        \t<img decoding=\"async\" class=\"wcp-caption-image img-make-responsive\" src=\"https:\/\/blauabogados.com\/wp-content\/uploads\/2017\/02\/blau-abogados-solicitors-in-torrevieja-spain2.jpg\" title=\"Image Caption Hover Title\" alt=\"Image Caption Hover Alt\"\/>\n\t<\/div>\n\n\t    <\/div>[\/vc_column_inner][\/vc_row_inner][\/vc_column][\/vc_row][vc_row][vc_column][vc_row_inner][vc_column_inner width=\u00a0\u00bb1\/3&Prime;]<div class=\"wcp-caption-plugin\" data-height=\"responsive\" id=\"wcp-widget-578\" style=\"\">\n\t\t\t\t\t<div class=\"image-caption-box\"> \n\t        \t<div\n\t        \t\tclass=\"caption zoom-in captiontext\"\n\t        \t\tstyle=\"background-color: rgba(7,179,188,0.72);\n\t        \t\t    color: #ffffff;\"\n\t        \t>\n\t        \t\t<div style=\"display:table;height:100%;width: 100%;\">\n\t\t\t    \t\t<div class=\"centered-text\" style=\"text-align:padding: 5px;\">\n\t\t\t    \t\t\t<h2 style=\"text-align: center;\"><span style=\"color: #ffffff;\">DROIT DE L&rsquo;URBANISME<\/span><\/h2>\n\t\t\t    \t\t<\/div>\n\t\t    \t\t<\/div>\n\t        <\/div>\n\t        \t<img decoding=\"async\" class=\"wcp-caption-image img-make-responsive\" src=\"https:\/\/blauabogados.com\/wp-content\/uploads\/2017\/02\/blau-abogados-anwaltlicher-berater-in-torrevieja-spanien-3.jpg\" title=\"Image Caption Hover Title\" alt=\"Image Caption Hover Alt\"\/>\n\t<\/div>\n\n\t    <\/div>[\/vc_column_inner][vc_column_inner width=\u00a0\u00bb1\/3&Prime;]<div class=\"wcp-caption-plugin\" data-height=\"responsive\" id=\"wcp-widget-572\" style=\"\">\n\t\t\t\t\t<div class=\"image-caption-box\"> \n\t        \t<div\n\t        \t\tclass=\"caption zoom-in captiontext\"\n\t        \t\tstyle=\"background-color: rgba(7,179,188,0.72);\n\t        \t\t    color: #ffffff;\"\n\t        \t>\n\t        \t\t<div style=\"display:table;height:100%;width: 100%;\">\n\t\t\t    \t\t<div class=\"centered-text\" style=\"text-align:padding: 5px;\">\n\t\t\t    \t\t\t<h2 style=\"text-align: center;\"><span style=\"color: #ffffff;\">VOLONT\u00c9 ET H\u00c9RITAGE<\/span><\/h2>\n\t\t\t    \t\t<\/div>\n\t\t    \t\t<\/div>\n\t        <\/div>\n\t        \t<img decoding=\"async\" class=\"wcp-caption-image img-make-responsive\" src=\"https:\/\/blauabogados.com\/wp-content\/uploads\/2017\/02\/blau-abogados-solicitors-in-torrevieja-spain-5.jpg\" title=\"Image Caption Hover Title\" alt=\"Image Caption Hover Alt\"\/>\n\t<\/div>\n\n\t    <\/div>[\/vc_column_inner][vc_column_inner width=\u00a0\u00bb1\/3&Prime;]<div class=\"wcp-caption-plugin\" data-height=\"responsive\" id=\"wcp-widget-574\" style=\"\">\n\t\t\t\t\t<div class=\"image-caption-box\"> \n\t        \t<div\n\t        \t\tclass=\"caption zoom-in captiontext\"\n\t        \t\tstyle=\"background-color: rgba(7,179,188,0.72);\n\t        \t\t    color: #ffffff;\"\n\t        \t>\n\t        \t\t<div style=\"display:table;height:100%;width: 100%;\">\n\t\t\t    \t\t<div class=\"centered-text\" style=\"text-align:padding: 5px;\">\n\t\t\t    \t\t\t<h2 style=\"text-align: center;\"><span style=\"color: #ffffff;\">DIVORCE INTERNATIONAL<\/span><\/h2>\n\t\t\t    \t\t<\/div>\n\t\t    \t\t<\/div>\n\t        <\/div>\n\t        \t<img decoding=\"async\" class=\"wcp-caption-image img-make-responsive\" src=\"https:\/\/blauabogados.com\/wp-content\/uploads\/2017\/02\/blau-abogados-solicitors-in-torrevieja-spain6.jpg\" title=\"Image Caption Hover Title\" alt=\"Image Caption Hover Alt\"\/>\n\t<\/div>\n\n\t    <\/div>[\/vc_column_inner][\/vc_row_inner][vc_empty_space height=\u00a0\u00bb40px\u00a0\u00bb][vc_empty_space height=\u00a0\u00bb65px\u00a0\u00bb][\/vc_column][\/vc_row][vc_row full_width=\u00a0\u00bbstretch_row\u00a0\u00bb css=\u00a0\u00bb.vc_custom_1497951776793{background-image: url(http:\/\/blauabogados.com\/wp-content\/uploads\/2017\/02\/blau-abogados-solicitors-in-torrevieja-spain-7.jpg?id=581) !important;background-position: center !important;background-repeat: no-repeat !important;background-size: cover !important;}\u00a0\u00bb][vc_column][vc_empty_space height=\u00a0\u00bb100&Prime;][vc_row_inner][vc_column_inner][vc_column_text]<\/p>\n<h2 style=\"text-align: center;\"><span style=\"font-size: 30pt;\"><span style=\"color: #ffffff;\">NOTRE CABINET,<\/span> <span style=\"color: #07b3bc;\">VOTRE SOLUTION<\/span><\/span><\/h2>\n<p>[\/vc_column_text][vc_empty_space height=\u00a0\u00bb80px\u00a0\u00bb][\/vc_column_inner][\/vc_row_inner][\/vc_column][\/vc_row][vc_row full_width=\u00a0\u00bbstretch_row\u00a0\u00bb css=\u00a0\u00bb.vc_custom_1488217319292{background-color: #f4f4f4 !important;}\u00a0\u00bb][vc_column][vc_empty_space height=\u00a0\u00bb40px\u00a0\u00bb][vc_column_text]<\/p>\n<h1 style=\"text-align: center;\">Sp\u00e9cialistes en Transferts Immobiliers<\/h1>\n<p>[\/vc_column_text][vc_separator color=\u00a0\u00bbcustom\u00a0\u00bb border_width=\u00a0\u00bb6&Prime; el_width=\u00a0\u00bb10&Prime; accent_color=\u00a0\u00bb#07b3bc\u00a0\u00bb][vc_empty_space height=\u00a0\u00bb40px\u00a0\u00bb][vc_row_inner][vc_column_inner width=\u00a0\u00bb1\/2&Prime;][vc_column_text]<\/p>\n<p style=\"text-align: justify;\"><span style=\"font-weight: 400;\">Blau Abogados y Asesores, S.L.P. conseille ses clients dans toute la Costa Blanca, Costa C\u00e1lida et dans les r\u00e9gions environnantes, notamment dans la zone de Torrevieja, Murcia et Orihuela Costa.\u00a0<\/span><\/p>\n<p style=\"text-align: justify;\"><span style=\"font-weight: 400;\">Notre principale sp\u00e9cialit\u00e9 est de travailler aux c\u00f4t\u00e9s des non-r\u00e9sidents lors de l\u2019achat d\u2019un bien immobilier, une proc\u00e9dure qui peut s\u2019av\u00e9rer tr\u00e8s longue et co\u00fbteuse.<\/span><\/p>\n<p>[\/vc_column_text][\/vc_column_inner][vc_column_inner width=\u00a0\u00bb1\/2&Prime;][vc_column_text]<img decoding=\"async\" class=\"alignnone size-full wp-image-842\" src=\"http:\/\/blauabogados.com\/wp-content\/uploads\/2017\/02\/blau-solicitors-in-torrevieja-property-for-sale-torrevieja-real-estate-torrevieja-property-for-sale-in-costa-blanca-7.jpg\" alt=\"\" width=\"650\" height=\"226\" srcset=\"https:\/\/blauabogados.com\/wp-content\/uploads\/2017\/02\/blau-solicitors-in-torrevieja-property-for-sale-torrevieja-real-estate-torrevieja-property-for-sale-in-costa-blanca-7-200x70.jpg 200w, https:\/\/blauabogados.com\/wp-content\/uploads\/2017\/02\/blau-solicitors-in-torrevieja-property-for-sale-torrevieja-real-estate-torrevieja-property-for-sale-in-costa-blanca-7-300x104.jpg 300w, https:\/\/blauabogados.com\/wp-content\/uploads\/2017\/02\/blau-solicitors-in-torrevieja-property-for-sale-torrevieja-real-estate-torrevieja-property-for-sale-in-costa-blanca-7-400x139.jpg 400w, https:\/\/blauabogados.com\/wp-content\/uploads\/2017\/02\/blau-solicitors-in-torrevieja-property-for-sale-torrevieja-real-estate-torrevieja-property-for-sale-in-costa-blanca-7-600x209.jpg 600w, https:\/\/blauabogados.com\/wp-content\/uploads\/2017\/02\/blau-solicitors-in-torrevieja-property-for-sale-torrevieja-real-estate-torrevieja-property-for-sale-in-costa-blanca-7.jpg 650w\" sizes=\"(max-width: 650px) 100vw, 650px\" \/>[\/vc_column_text][\/vc_column_inner][\/vc_row_inner][vc_column_text]<\/p>\n<p><span style=\"font-size: 18pt;\">Les services de transfert immobilier de Blau Abogados y Asesores, S.L.P incluent :<\/span><\/p>\n<p>[\/vc_column_text][vc_row_inner][vc_column_inner width=\u00a0\u00bb1\/2&Prime;][vc_column_text]<\/p>\n<p><span style=\"font-size: 18pt;\">&#8211; L\u2019achat de biens immobiliers en Espagne<\/span><br \/>\n<span style=\"font-size: 18pt;\">&#8211; La vente de votre bien immobilier en Espagne<\/span><br \/>\n<span style=\"font-size: 18pt;\">&#8211; L\u2019achat de biens sur plans<\/span><\/p>\n<p>[\/vc_column_text][\/vc_column_inner][vc_column_inner width=\u00a0\u00bb1\/2&Prime;][vc_column_text]<\/p>\n<p><span style=\"font-size: 18pt;\">&#8211; Les projets de nouvelles constructions<\/span><br \/>\n<span style=\"font-size: 18pt;\">&#8211; Les locations \u00e0 long terme, ou les locations-accessions<\/span><br \/>\n<span style=\"font-size: 18pt;\">&#8211; Les saisies bancaires<\/span><\/p>\n<p>[\/vc_column_text][\/vc_column_inner][\/vc_row_inner][\/vc_column][\/vc_row][vc_row full_width=\u00a0\u00bbstretch_row\u00a0\u00bb css=\u00a0\u00bb.vc_custom_1488214032879{background-color: #07b3bc !important;}\u00a0\u00bb][vc_column][vc_empty_space height=\u00a0\u00bb30px\u00a0\u00bb][vc_row_inner][vc_column_inner width=\u00a0\u00bb2\/3&Prime;][vc_column_text]<\/p>\n<h2 style=\"text-align: center;\"><span style=\"color: #ffffff;\">Plus de d\u00e9tails sur la proc\u00e9dure de transfert<\/span><\/h2>\n<\/div><div class=\"fusion-clearfix\"><\/div><\/div><\/div><\/div><\/div>\n<\/section>","protected":false},"excerpt":{"rendered":"[vc_row][vc_column][vc_column_text] Bienvenus sur le site de Blau Solicitors Un cabinet d\u2019avocats dynamique sp\u00e9cialis\u00e9 en droit immobilier [\/vc_column_text][vc_separator color=\"custom\" border_width=\"6\" el_width=\"10\" accent_color=\"#07b3bc\"][vc_empty_space height=\"40px\"][\/vc_column][\/vc_row][vc_row][vc_column][\/vc_column][vc_row_inner][vc_column_inner width=\"1\/2\"][vc_column_text][\/vc_column_text][\/vc_column_inner][vc_column_inner width=\"1\/2\"][vc_column_text] Blau Abogados y Asesores, S.L.P. est un cabinet juridique chevronn\u00e9 et dynamique, sp\u00e9cialis\u00e9 en droit immobilier. Nous conseillons les non-r\u00e9sidents souhaitant acqu\u00e9rir un bien immobilier en Espagne. Notre \u00e9quipe d\u2019avocats exp\u00e9riment\u00e9s  [...]","protected":false},"author":2,"featured_media":0,"parent":0,"menu_order":0,"comment_status":"closed","ping_status":"closed","template":"","meta":{"_joinchat":[],"footnotes":""},"class_list":["post-839","page","type-page","status-publish","hentry"],"yoast_head":"<!-- This site is optimized with the Yoast SEO plugin v24.4 - https:\/\/yoast.com\/wordpress\/plugins\/seo\/ -->\n<title>ACCUEIL - BLAU Solicitors<\/title>\n<meta name=\"description\" content=\"Real Estate &amp; Tax Lawyers in Orihuela Costa. Reliable Solicitors and Tax Advisors in Costa Blanca experts on conveyancing\" \/>\n<meta name=\"robots\" content=\"index, follow, max-snippet:-1, max-image-preview:large, max-video-preview:-1\" \/>\n<link rel=\"canonical\" href=\"https:\/\/blauabogados.com\/?lang=fr\" \/>\n<meta property=\"og:locale\" content=\"fr_FR\" \/>\n<meta property=\"og:type\" content=\"article\" \/>\n<meta property=\"og:title\" content=\"ACCUEIL - BLAU Solicitors\" \/>\n<meta property=\"og:description\" content=\"Real Estate &amp; Tax Lawyers in Orihuela Costa. Reliable Solicitors and Tax Advisors in Costa Blanca experts on conveyancing\" \/>\n<meta property=\"og:url\" content=\"https:\/\/blauabogados.com\/?lang=fr\" \/>\n<meta property=\"og:site_name\" content=\"BLAU Solicitors\" \/>\n<meta property=\"article:modified_time\" content=\"2022-09-21T11:38:15+00:00\" \/>\n<meta property=\"og:image\" content=\"http:\/\/blauabogados.com\/wp-content\/uploads\/2020\/10\/blau-2-1.jpg\" \/>\n<meta name=\"twitter:card\" content=\"summary_large_image\" \/>\n<meta name=\"twitter:label1\" content=\"Dur\u00e9e de lecture estim\u00e9e\" \/>\n\t<meta name=\"twitter:data1\" content=\"3 minutes\" \/>\n<script type=\"application\/ld+json\" class=\"yoast-schema-graph\">{\"@context\":\"https:\/\/schema.org\",\"@graph\":[{\"@type\":\"WebPage\",\"@id\":\"https:\/\/blauabogados.com\/?lang=fr\",\"url\":\"https:\/\/blauabogados.com\/?lang=fr\",\"name\":\"ACCUEIL - BLAU Solicitors\",\"isPartOf\":{\"@id\":\"https:\/\/blauabogados.com\/#website\"},\"primaryImageOfPage\":{\"@id\":\"https:\/\/blauabogados.com\/?lang=fr#primaryimage\"},\"image\":{\"@id\":\"https:\/\/blauabogados.com\/?lang=fr#primaryimage\"},\"thumbnailUrl\":\"http:\/\/blauabogados.com\/wp-content\/uploads\/2020\/10\/Blau-abogados-lawyers-advisors-costa-blanca.jpg\",\"datePublished\":\"2020-09-25T09:42:29+00:00\",\"dateModified\":\"2022-09-21T11:38:15+00:00\",\"description\":\"Real Estate & Tax Lawyers in Orihuela Costa. Reliable Solicitors and Tax Advisors in Costa Blanca experts on conveyancing\",\"breadcrumb\":{\"@id\":\"https:\/\/blauabogados.com\/?lang=fr#breadcrumb\"},\"inLanguage\":\"fr-FR\",\"potentialAction\":[{\"@type\":\"ReadAction\",\"target\":[\"https:\/\/blauabogados.com\/?lang=fr\"]}]},{\"@type\":\"ImageObject\",\"inLanguage\":\"fr-FR\",\"@id\":\"https:\/\/blauabogados.com\/?lang=fr#primaryimage\",\"url\":\"http:\/\/blauabogados.com\/wp-content\/uploads\/2020\/10\/Blau-abogados-lawyers-advisors-costa-blanca.jpg\",\"contentUrl\":\"http:\/\/blauabogados.com\/wp-content\/uploads\/2020\/10\/Blau-abogados-lawyers-advisors-costa-blanca.jpg\"},{\"@type\":\"BreadcrumbList\",\"@id\":\"https:\/\/blauabogados.com\/?lang=fr#breadcrumb\",\"itemListElement\":[{\"@type\":\"ListItem\",\"position\":1,\"name\":\"Portada\",\"item\":\"https:\/\/blauabogados.com\/?lang=fr\"},{\"@type\":\"ListItem\",\"position\":2,\"name\":\"ACCUEIL\"}]},{\"@type\":\"WebSite\",\"@id\":\"https:\/\/blauabogados.com\/#website\",\"url\":\"https:\/\/blauabogados.com\/\",\"name\":\"BLAU Solicitors\",\"description\":\"Real Estate and Tax Lawyers in Costa Blanca\",\"publisher\":{\"@id\":\"https:\/\/blauabogados.com\/#organization\"},\"potentialAction\":[{\"@type\":\"SearchAction\",\"target\":{\"@type\":\"EntryPoint\",\"urlTemplate\":\"https:\/\/blauabogados.com\/?s={search_term_string}\"},\"query-input\":{\"@type\":\"PropertyValueSpecification\",\"valueRequired\":true,\"valueName\":\"search_term_string\"}}],\"inLanguage\":\"fr-FR\"},{\"@type\":\"Organization\",\"@id\":\"https:\/\/blauabogados.com\/#organization\",\"name\":\"Blau Abogados y Asesores\",\"url\":\"https:\/\/blauabogados.com\/\",\"logo\":{\"@type\":\"ImageObject\",\"inLanguage\":\"fr-FR\",\"@id\":\"https:\/\/blauabogados.com\/#\/schema\/logo\/image\/\",\"url\":\"https:\/\/blauabogados.com\/wp-content\/uploads\/2022\/04\/1-scaled.jpg\",\"contentUrl\":\"https:\/\/blauabogados.com\/wp-content\/uploads\/2022\/04\/1-scaled.jpg\",\"width\":2560,\"height\":1600,\"caption\":\"Blau Abogados y Asesores\"},\"image\":{\"@id\":\"https:\/\/blauabogados.com\/#\/schema\/logo\/image\/\"},\"sameAs\":[\"https:\/\/www.instagram.com\/blau_abogados\/\"]}]}<\/script>\n<!-- \/ Yoast SEO plugin. -->","yoast_head_json":{"title":"ACCUEIL - BLAU Solicitors","description":"Real Estate & Tax Lawyers in Orihuela Costa. Reliable Solicitors and Tax Advisors in Costa Blanca experts on conveyancing","robots":{"index":"index","follow":"follow","max-snippet":"max-snippet:-1","max-image-preview":"max-image-preview:large","max-video-preview":"max-video-preview:-1"},"canonical":"https:\/\/blauabogados.com\/?lang=fr","og_locale":"fr_FR","og_type":"article","og_title":"ACCUEIL - BLAU Solicitors","og_description":"Real Estate & Tax Lawyers in Orihuela Costa. Reliable Solicitors and Tax Advisors in Costa Blanca experts on conveyancing","og_url":"https:\/\/blauabogados.com\/?lang=fr","og_site_name":"BLAU Solicitors","article_modified_time":"2022-09-21T11:38:15+00:00","og_image":[{"url":"http:\/\/blauabogados.com\/wp-content\/uploads\/2020\/10\/blau-2-1.jpg","type":"","width":"","height":""}],"twitter_card":"summary_large_image","twitter_misc":{"Dur\u00e9e de lecture estim\u00e9e":"3 minutes"},"schema":{"@context":"https:\/\/schema.org","@graph":[{"@type":"WebPage","@id":"https:\/\/blauabogados.com\/?lang=fr","url":"https:\/\/blauabogados.com\/?lang=fr","name":"ACCUEIL - BLAU Solicitors","isPartOf":{"@id":"https:\/\/blauabogados.com\/#website"},"primaryImageOfPage":{"@id":"https:\/\/blauabogados.com\/?lang=fr#primaryimage"},"image":{"@id":"https:\/\/blauabogados.com\/?lang=fr#primaryimage"},"thumbnailUrl":"http:\/\/blauabogados.com\/wp-content\/uploads\/2020\/10\/Blau-abogados-lawyers-advisors-costa-blanca.jpg","datePublished":"2020-09-25T09:42:29+00:00","dateModified":"2022-09-21T11:38:15+00:00","description":"Real Estate & Tax Lawyers in Orihuela Costa. Reliable Solicitors and Tax Advisors in Costa Blanca experts on conveyancing","breadcrumb":{"@id":"https:\/\/blauabogados.com\/?lang=fr#breadcrumb"},"inLanguage":"fr-FR","potentialAction":[{"@type":"ReadAction","target":["https:\/\/blauabogados.com\/?lang=fr"]}]},{"@type":"ImageObject","inLanguage":"fr-FR","@id":"https:\/\/blauabogados.com\/?lang=fr#primaryimage","url":"http:\/\/blauabogados.com\/wp-content\/uploads\/2020\/10\/Blau-abogados-lawyers-advisors-costa-blanca.jpg","contentUrl":"http:\/\/blauabogados.com\/wp-content\/uploads\/2020\/10\/Blau-abogados-lawyers-advisors-costa-blanca.jpg"},{"@type":"BreadcrumbList","@id":"https:\/\/blauabogados.com\/?lang=fr#breadcrumb","itemListElement":[{"@type":"ListItem","position":1,"name":"Portada","item":"https:\/\/blauabogados.com\/?lang=fr"},{"@type":"ListItem","position":2,"name":"ACCUEIL"}]},{"@type":"WebSite","@id":"https:\/\/blauabogados.com\/#website","url":"https:\/\/blauabogados.com\/","name":"BLAU Solicitors","description":"Real Estate and Tax Lawyers in Costa Blanca","publisher":{"@id":"https:\/\/blauabogados.com\/#organization"},"potentialAction":[{"@type":"SearchAction","target":{"@type":"EntryPoint","urlTemplate":"https:\/\/blauabogados.com\/?s={search_term_string}"},"query-input":{"@type":"PropertyValueSpecification","valueRequired":true,"valueName":"search_term_string"}}],"inLanguage":"fr-FR"},{"@type":"Organization","@id":"https:\/\/blauabogados.com\/#organization","name":"Blau Abogados y Asesores","url":"https:\/\/blauabogados.com\/","logo":{"@type":"ImageObject","inLanguage":"fr-FR","@id":"https:\/\/blauabogados.com\/#\/schema\/logo\/image\/","url":"https:\/\/blauabogados.com\/wp-content\/uploads\/2022\/04\/1-scaled.jpg","contentUrl":"https:\/\/blauabogados.com\/wp-content\/uploads\/2022\/04\/1-scaled.jpg","width":2560,"height":1600,"caption":"Blau Abogados y Asesores"},"image":{"@id":"https:\/\/blauabogados.com\/#\/schema\/logo\/image\/"},"sameAs":["https:\/\/www.instagram.com\/blau_abogados\/"]}]}},"_links":{"self":[{"href":"https:\/\/blauabogados.com\/fr\/wp-json\/wp\/v2\/pages\/839","targetHints":{"allow":["GET"]}}],"collection":[{"href":"https:\/\/blauabogados.com\/fr\/wp-json\/wp\/v2\/pages"}],"about":[{"href":"https:\/\/blauabogados.com\/fr\/wp-json\/wp\/v2\/types\/page"}],"author":[{"embeddable":true,"href":"https:\/\/blauabogados.com\/fr\/wp-json\/wp\/v2\/users\/2"}],"replies":[{"embeddable":true,"href":"https:\/\/blauabogados.com\/fr\/wp-json\/wp\/v2\/comments?post=839"}],"version-history":[{"count":0,"href":"https:\/\/blauabogados.com\/fr\/wp-json\/wp\/v2\/pages\/839\/revisions"}],"wp:attachment":[{"href":"https:\/\/blauabogados.com\/fr\/wp-json\/wp\/v2\/media?parent=839"}],"curies":[{"name":"wp","href":"https:\/\/api.w.org\/{rel}","templated":true}]}}