{"id":2334,"date":"2023-08-02T12:58:12","date_gmt":"2023-08-02T12:58:12","guid":{"rendered":"https:\/\/blauabogados.com\/politique-daccessibilite\/"},"modified":"2023-08-07T05:50:59","modified_gmt":"2023-08-07T05:50:59","slug":"politique-daccessibilite","status":"publish","type":"page","link":"https:\/\/blauabogados.com\/fr\/politique-daccessibilite\/","title":{"rendered":"Politique d&rsquo;accessibilit\u00e9"},"content":{"rendered":"<section class=\"wpb-content-wrapper\"><p>[vc_row][vc_column][vc_column_text]<\/p>\n<div class=\"container\">\n<div class=\"container_inner default_template_holder clearfix page_container_inner\">\n<div class=\"elementor elementor-2577\" data-elementor-type=\"wp-page\" data-elementor-id=\"2577\">\n<section class=\"elementor-section elementor-top-section elementor-element elementor-element-1bb3b48 elementor-section-boxed elementor-section-height-default elementor-section-height-default parallax_section_no qode_elementor_container_no\" data-id=\"1bb3b48\" data-element_type=\"section\" data-settings=\"{&quot;_ha_eqh_enable&quot;:false}\">\n<div class=\"elementor-container elementor-column-gap-default\">\n<div class=\"elementor-column elementor-col-100 elementor-top-column elementor-element elementor-element-f7d1969\" data-id=\"f7d1969\" data-element_type=\"column\">\n<div class=\"elementor-widget-wrap elementor-element-populated\">\n<div class=\"elementor-element elementor-element-c216304 elementor-widget elementor-widget-text-editor\" data-id=\"c216304\" data-element_type=\"widget\" data-widget_type=\"text-editor.default\">\n<div class=\"elementor-widget-container\">\n<h1><span style=\"font-size: 36pt;\">D\u00e9claration d&rsquo;accessibilit\u00e9<\/span><\/h1>\n<p>&nbsp;<\/p>\n<p><strong>Politique d&rsquo;accessibilit\u00e9<\/strong><br \/>\nLa soci\u00e9t\u00e9 <a class=\"ancla\" title=\"Aller \u00e0 l'adresse et au t\u00e9l\u00e9phone\">BLAU ABOGADOS Y ASESORES SLP<\/a> s&rsquo;engage \u00e0 rendre son site Web accessible conform\u00e9ment au D\u00e9cret royal 1112\/2018 du 7 septembre relatif \u00e0 l&rsquo;accessibilit\u00e9 des sites Web et des applications mobiles du secteur public ou des projets financ\u00e9s par l&rsquo;Europe. Cette d\u00e9claration d&rsquo;accessibilit\u00e9 s&rsquo;applique au site Web https:\/\/blauabogados.com\/, \u00e0 l&rsquo;exclusion du contenu int\u00e9gr\u00e9 provenant d&rsquo;autres domaines.<\/p>\n<p><strong>\u00c9tat de conformit\u00e9<\/strong><br \/>\nCe site Web est partiellement conforme au RD 1112\/2018 en raison de non-conformit\u00e9s dans les aspects suivants.<br \/>\n<strong>Contenu non accessible<\/strong><br \/>\nLe contenu suivant n&rsquo;est pas accessible pour les raisons suivantes :<br \/>\n\u2022 Non-conformit\u00e9 :<br \/>\n\u2022 Il peut y avoir des images sans texte alternatif impl\u00e9ment\u00e9 ou correct &#8211; Exigence 9.1.1.1 Contenu non textuel UNE-EN 301549:2022<br \/>\n\u2022 Il peut y avoir des \u00e9l\u00e9ments d&rsquo;en-t\u00eate incorrectement impl\u00e9ment\u00e9s ou illogiquement ordonn\u00e9s &#8211; Exigence 9.1.3.1 Informations et relations UNE-EN 301549:2022<br \/>\n\u2022 Dans les formulaires, il peut y avoir des champs qui ne sont pas associ\u00e9s de mani\u00e8re programm\u00e9e \u00e0 leurs \u00e9tiquettes &#8211; Exigence 9.1.3.5 Identifier le but de l&rsquo;entr\u00e9e UNE-EN 301549:2022<br \/>\n\u2022 Certaines pages peuvent avoir un contraste insuffisant pour certains \u00e9l\u00e9ments &#8211; Exigence 9.1.4.3 Contraste UNE-EN 301549:2020<br \/>\n\u2022 Certains liens peuvent avoir des fonctions ou objectifs non d\u00e9finis ou ambigus &#8211; Exigence 9.2.4.4 Objectif du lien (en contexte) UNE-EN 301549:2020<br \/>\n\u2022 Certains liens peuvent ne pas avoir d&rsquo;indicateur de mise au point visible &#8211; Exigence 9.2.4.7 Mise au point visible UNE-EN 301549:2020<br \/>\n\u2022 Il peut y avoir occasionnellement des erreurs d&rsquo;\u00e9dition sur certaines pages Web.<br \/>\n\u2022 Fardeau disproportionn\u00e9 : non applicable.<br \/>\n\u2022 Le contenu n&rsquo;entre pas dans le champ d&rsquo;application de la l\u00e9gislation applicable.<br \/>\nIl peut y avoir des fichiers de documents de bureau en PDF ou dans d&rsquo;autres formats publi\u00e9s avant le 20 septembre 2018, qui ne respectent pas pleinement toutes les exigences en mati\u00e8re d&rsquo;accessibilit\u00e9.<br \/>\nIl peut y avoir du contenu tiers qui n&rsquo;est pas d\u00e9velopp\u00e9 dans cette unit\u00e9, ni sous son contr\u00f4le, tel que des fichiers de documents de bureau provenant de diff\u00e9rentes organisations qui doivent \u00eatre publi\u00e9s sur ce site.<\/p>\n<p><strong>Observations et informations de contact<\/strong><br \/>\nVous pouvez communiquer toutes les exigences en mati\u00e8re d&rsquo;accessibilit\u00e9 [article 10.2.a) du RD 1112\/2018], telles que :<br \/>\n&#8211; Signaler toute non-conformit\u00e9 possible de ce site Web.<br \/>\n&#8211; Transmettre d&rsquo;autres difficult\u00e9s d&rsquo;acc\u00e8s au contenu.<br \/>\n&#8211; Faire toute autre demande d&rsquo;information ou suggestion d&rsquo;am\u00e9lioration concernant l&rsquo;accessibilit\u00e9 du site Web via le <a href=\"https:\/\/blauabogados.com\/fr\/contact-blau-solicitors-advisors\/\">formulaire de contact<\/a> suivant ou en appelant le 965 97 98 31 de 9h \u00e0 14h du lundi au vendredi.<br \/>\nVous pouvez d\u00e9poser :<br \/>\n&#8211; Une r\u00e9clamation concernant le respect des exigences du RD 1112\/2018<br \/>\n&#8211; Une demande d&rsquo;information accessible concernant :<br \/>\n\u2022 Les contenus qui sont exclus du champ d&rsquo;application du RD 1112\/2018, conform\u00e9ment \u00e0 l&rsquo;article 3, paragraphe 4.<br \/>\n\u2022 Les contenus qui sont exempt\u00e9s du respect des exigences d&rsquo;accessibilit\u00e9 en raison d&rsquo;un fardeau disproportionn\u00e9.<br \/>\nDans la demande d&rsquo;information accessible, vous devez sp\u00e9cifier clairement les faits, les motifs et la demande pour \u00e9tablir qu&rsquo;il s&rsquo;agit d&rsquo;une demande raisonnable et l\u00e9gitime.<\/p>\n<\/div>\n<\/div>\n<\/div>\n<\/div>\n<\/div>\n<\/section>\n<\/div>\n<\/div>\n<\/div>\n<p>[\/vc_column_text][\/vc_column][\/vc_row]<\/p>\n<\/section>","protected":false},"excerpt":{"rendered":"<p>[vc_row][vc_column][vc_column_text] D\u00e9claration d&rsquo;accessibilit\u00e9 &nbsp; Politique d&rsquo;accessibilit\u00e9 La soci\u00e9t\u00e9 BLAU ABOGADOS Y ASESORES SLP s&rsquo;engage \u00e0 rendre son site Web accessible conform\u00e9ment au D\u00e9cret royal 1112\/2018 du 7 septembre relatif \u00e0 l&rsquo;accessibilit\u00e9 des sites Web et des applications mobiles du secteur public ou des projets financ\u00e9s par l&rsquo;Europe. Cette d\u00e9claration d&rsquo;accessibilit\u00e9 s&rsquo;applique au site Web https:\/\/blauabogados.com\/,  [&#8230;]<\/p>\n","protected":false},"author":9,"featured_media":0,"parent":0,"menu_order":0,"comment_status":"closed","ping_status":"closed","template":"","meta":{"_joinchat":[],"footnotes":""},"class_list":["post-2334","page","type-page","status-publish","hentry"],"yoast_head":"<!-- This site is optimized with the Yoast SEO plugin v24.4 - https:\/\/yoast.com\/wordpress\/plugins\/seo\/ -->\n<title>Politique d&#039;accessibilit\u00e9 - BLAU Solicitors<\/title>\n<meta name=\"description\" content=\"Real Estate &amp; Tax Lawyers in Orihuela Costa. Reliable Solicitors and Tax Advisors in Costa Blanca experts on conveyancing\" \/>\n<meta name=\"robots\" content=\"index, follow, max-snippet:-1, max-image-preview:large, max-video-preview:-1\" \/>\n<link rel=\"canonical\" href=\"https:\/\/blauabogados.com\/fr\/politique-daccessibilite\/\" \/>\n<meta property=\"og:locale\" content=\"fr_FR\" \/>\n<meta property=\"og:type\" content=\"article\" \/>\n<meta property=\"og:title\" content=\"Politique d&#039;accessibilit\u00e9 - BLAU Solicitors\" \/>\n<meta property=\"og:description\" content=\"Real Estate &amp; Tax Lawyers in Orihuela Costa. Reliable Solicitors and Tax Advisors in Costa Blanca experts on conveyancing\" \/>\n<meta property=\"og:url\" content=\"https:\/\/blauabogados.com\/fr\/politique-daccessibilite\/\" \/>\n<meta property=\"og:site_name\" content=\"BLAU Solicitors\" \/>\n<meta property=\"article:modified_time\" content=\"2023-08-07T05:50:59+00:00\" \/>\n<meta name=\"twitter:card\" content=\"summary_large_image\" \/>\n<meta name=\"twitter:label1\" content=\"Dur\u00e9e de lecture estim\u00e9e\" \/>\n\t<meta name=\"twitter:data1\" content=\"2 minutes\" \/>\n<script type=\"application\/ld+json\" class=\"yoast-schema-graph\">{\"@context\":\"https:\/\/schema.org\",\"@graph\":[{\"@type\":\"WebPage\",\"@id\":\"https:\/\/blauabogados.com\/fr\/politique-daccessibilite\/\",\"url\":\"https:\/\/blauabogados.com\/fr\/politique-daccessibilite\/\",\"name\":\"Politique d'accessibilit\u00e9 - BLAU Solicitors\",\"isPartOf\":{\"@id\":\"https:\/\/blauabogados.com\/#website\"},\"datePublished\":\"2023-08-02T12:58:12+00:00\",\"dateModified\":\"2023-08-07T05:50:59+00:00\",\"description\":\"Real Estate & Tax Lawyers in Orihuela Costa. Reliable Solicitors and Tax Advisors in Costa Blanca experts on conveyancing\",\"breadcrumb\":{\"@id\":\"https:\/\/blauabogados.com\/fr\/politique-daccessibilite\/#breadcrumb\"},\"inLanguage\":\"fr-FR\",\"potentialAction\":[{\"@type\":\"ReadAction\",\"target\":[\"https:\/\/blauabogados.com\/fr\/politique-daccessibilite\/\"]}]},{\"@type\":\"BreadcrumbList\",\"@id\":\"https:\/\/blauabogados.com\/fr\/politique-daccessibilite\/#breadcrumb\",\"itemListElement\":[{\"@type\":\"ListItem\",\"position\":1,\"name\":\"Portada\",\"item\":\"https:\/\/blauabogados.com\/?lang=fr\"},{\"@type\":\"ListItem\",\"position\":2,\"name\":\"Politique d&#8217;accessibilit\u00e9\"}]},{\"@type\":\"WebSite\",\"@id\":\"https:\/\/blauabogados.com\/#website\",\"url\":\"https:\/\/blauabogados.com\/\",\"name\":\"BLAU Solicitors\",\"description\":\"Real Estate and Tax Lawyers in Costa Blanca\",\"publisher\":{\"@id\":\"https:\/\/blauabogados.com\/#organization\"},\"potentialAction\":[{\"@type\":\"SearchAction\",\"target\":{\"@type\":\"EntryPoint\",\"urlTemplate\":\"https:\/\/blauabogados.com\/?s={search_term_string}\"},\"query-input\":{\"@type\":\"PropertyValueSpecification\",\"valueRequired\":true,\"valueName\":\"search_term_string\"}}],\"inLanguage\":\"fr-FR\"},{\"@type\":\"Organization\",\"@id\":\"https:\/\/blauabogados.com\/#organization\",\"name\":\"Blau Abogados y Asesores\",\"url\":\"https:\/\/blauabogados.com\/\",\"logo\":{\"@type\":\"ImageObject\",\"inLanguage\":\"fr-FR\",\"@id\":\"https:\/\/blauabogados.com\/#\/schema\/logo\/image\/\",\"url\":\"https:\/\/blauabogados.com\/wp-content\/uploads\/2022\/04\/1-scaled.jpg\",\"contentUrl\":\"https:\/\/blauabogados.com\/wp-content\/uploads\/2022\/04\/1-scaled.jpg\",\"width\":2560,\"height\":1600,\"caption\":\"Blau Abogados y Asesores\"},\"image\":{\"@id\":\"https:\/\/blauabogados.com\/#\/schema\/logo\/image\/\"},\"sameAs\":[\"https:\/\/www.instagram.com\/blau_abogados\/\"]}]}<\/script>\n<!-- \/ Yoast SEO plugin. -->","yoast_head_json":{"title":"Politique d'accessibilit\u00e9 - BLAU Solicitors","description":"Real Estate & Tax Lawyers in Orihuela Costa. Reliable Solicitors and Tax Advisors in Costa Blanca experts on conveyancing","robots":{"index":"index","follow":"follow","max-snippet":"max-snippet:-1","max-image-preview":"max-image-preview:large","max-video-preview":"max-video-preview:-1"},"canonical":"https:\/\/blauabogados.com\/fr\/politique-daccessibilite\/","og_locale":"fr_FR","og_type":"article","og_title":"Politique d'accessibilit\u00e9 - BLAU Solicitors","og_description":"Real Estate & Tax Lawyers in Orihuela Costa. Reliable Solicitors and Tax Advisors in Costa Blanca experts on conveyancing","og_url":"https:\/\/blauabogados.com\/fr\/politique-daccessibilite\/","og_site_name":"BLAU Solicitors","article_modified_time":"2023-08-07T05:50:59+00:00","twitter_card":"summary_large_image","twitter_misc":{"Dur\u00e9e de lecture estim\u00e9e":"2 minutes"},"schema":{"@context":"https:\/\/schema.org","@graph":[{"@type":"WebPage","@id":"https:\/\/blauabogados.com\/fr\/politique-daccessibilite\/","url":"https:\/\/blauabogados.com\/fr\/politique-daccessibilite\/","name":"Politique d'accessibilit\u00e9 - BLAU Solicitors","isPartOf":{"@id":"https:\/\/blauabogados.com\/#website"},"datePublished":"2023-08-02T12:58:12+00:00","dateModified":"2023-08-07T05:50:59+00:00","description":"Real Estate & Tax Lawyers in Orihuela Costa. Reliable Solicitors and Tax Advisors in Costa Blanca experts on conveyancing","breadcrumb":{"@id":"https:\/\/blauabogados.com\/fr\/politique-daccessibilite\/#breadcrumb"},"inLanguage":"fr-FR","potentialAction":[{"@type":"ReadAction","target":["https:\/\/blauabogados.com\/fr\/politique-daccessibilite\/"]}]},{"@type":"BreadcrumbList","@id":"https:\/\/blauabogados.com\/fr\/politique-daccessibilite\/#breadcrumb","itemListElement":[{"@type":"ListItem","position":1,"name":"Portada","item":"https:\/\/blauabogados.com\/?lang=fr"},{"@type":"ListItem","position":2,"name":"Politique d&#8217;accessibilit\u00e9"}]},{"@type":"WebSite","@id":"https:\/\/blauabogados.com\/#website","url":"https:\/\/blauabogados.com\/","name":"BLAU Solicitors","description":"Real Estate and Tax Lawyers in Costa Blanca","publisher":{"@id":"https:\/\/blauabogados.com\/#organization"},"potentialAction":[{"@type":"SearchAction","target":{"@type":"EntryPoint","urlTemplate":"https:\/\/blauabogados.com\/?s={search_term_string}"},"query-input":{"@type":"PropertyValueSpecification","valueRequired":true,"valueName":"search_term_string"}}],"inLanguage":"fr-FR"},{"@type":"Organization","@id":"https:\/\/blauabogados.com\/#organization","name":"Blau Abogados y Asesores","url":"https:\/\/blauabogados.com\/","logo":{"@type":"ImageObject","inLanguage":"fr-FR","@id":"https:\/\/blauabogados.com\/#\/schema\/logo\/image\/","url":"https:\/\/blauabogados.com\/wp-content\/uploads\/2022\/04\/1-scaled.jpg","contentUrl":"https:\/\/blauabogados.com\/wp-content\/uploads\/2022\/04\/1-scaled.jpg","width":2560,"height":1600,"caption":"Blau Abogados y Asesores"},"image":{"@id":"https:\/\/blauabogados.com\/#\/schema\/logo\/image\/"},"sameAs":["https:\/\/www.instagram.com\/blau_abogados\/"]}]}},"_links":{"self":[{"href":"https:\/\/blauabogados.com\/fr\/wp-json\/wp\/v2\/pages\/2334","targetHints":{"allow":["GET"]}}],"collection":[{"href":"https:\/\/blauabogados.com\/fr\/wp-json\/wp\/v2\/pages"}],"about":[{"href":"https:\/\/blauabogados.com\/fr\/wp-json\/wp\/v2\/types\/page"}],"author":[{"embeddable":true,"href":"https:\/\/blauabogados.com\/fr\/wp-json\/wp\/v2\/users\/9"}],"replies":[{"embeddable":true,"href":"https:\/\/blauabogados.com\/fr\/wp-json\/wp\/v2\/comments?post=2334"}],"version-history":[{"count":1,"href":"https:\/\/blauabogados.com\/fr\/wp-json\/wp\/v2\/pages\/2334\/revisions"}],"predecessor-version":[{"id":2355,"href":"https:\/\/blauabogados.com\/fr\/wp-json\/wp\/v2\/pages\/2334\/revisions\/2355"}],"wp:attachment":[{"href":"https:\/\/blauabogados.com\/fr\/wp-json\/wp\/v2\/media?parent=2334"}],"curies":[{"name":"wp","href":"https:\/\/api.w.org\/{rel}","templated":true}]}}