{"id":2333,"date":"2023-08-02T12:57:17","date_gmt":"2023-08-02T12:57:17","guid":{"rendered":"https:\/\/blauabogados.com\/politique-en-matiere-de-cookies\/"},"modified":"2023-08-02T12:57:17","modified_gmt":"2023-08-02T12:57:17","slug":"politique-en-matiere-de-cookies","status":"publish","type":"page","link":"https:\/\/blauabogados.com\/fr\/politique-en-matiere-de-cookies\/","title":{"rendered":"Politique en mati\u00e8re de cookies"},"content":{"rendered":"<div class=\"container\">\n<div class=\"container_inner default_template_holder clearfix page_container_inner\">\n<div class=\"elementor elementor-2577\" data-elementor-type=\"wp-page\" data-elementor-id=\"2577\">\n<section class=\"elementor-section elementor-top-section elementor-element elementor-element-1bb3b48 elementor-section-boxed elementor-section-height-default elementor-section-height-default parallax_section_no qode_elementor_container_no\" data-id=\"1bb3b48\" data-element_type=\"section\" data-settings=\"{&quot;_ha_eqh_enable&quot;:false}\">\n<div class=\"elementor-container elementor-column-gap-default\">\n<div class=\"elementor-column elementor-col-100 elementor-top-column elementor-element elementor-element-f7d1969\" data-id=\"f7d1969\" data-element_type=\"column\">\n<div class=\"elementor-widget-wrap elementor-element-populated\">\n<div class=\"elementor-element elementor-element-c216304 elementor-widget elementor-widget-text-editor\" data-id=\"c216304\" data-element_type=\"widget\" data-widget_type=\"text-editor.default\">\n<div class=\"elementor-widget-container\">\n<h1><\/h1>\n<\/p><\/div>\n<h1><\/h1>\n<\/p><\/div><\/div><\/div><\/div>\n<\/section><\/div><\/div>\n<\/div>\n<h1><\/h1>\n<div class=\"container\">\n<div class=\"container_inner default_template_holder clearfix page_container_inner\">\n<div class=\"elementor elementor-2577\" data-elementor-type=\"wp-page\" data-elementor-id=\"2577\">\n<section class=\"elementor-section elementor-top-section elementor-element elementor-element-1bb3b48 elementor-section-boxed elementor-section-height-default elementor-section-height-default parallax_section_no qode_elementor_container_no\" data-id=\"1bb3b48\" data-element_type=\"section\" data-settings=\"{&quot;_ha_eqh_enable&quot;:false}\">\n<div class=\"elementor-container elementor-column-gap-default\">\n<div class=\"elementor-column elementor-col-100 elementor-top-column elementor-element elementor-element-f7d1969\" data-id=\"f7d1969\" data-element_type=\"column\">\n<div class=\"elementor-widget-wrap elementor-element-populated\">\n<div class=\"elementor-element elementor-element-c216304 elementor-widget elementor-widget-text-editor\" data-id=\"c216304\" data-element_type=\"widget\" data-widget_type=\"text-editor.default\">\n<div class=\"elementor-widget-container\">\n<h1><span style=\"font-size: 36pt;\">Politique relative aux cookies<\/span><\/h1>\n<p>                                    &nbsp;<\/p>\n<p>                                    Le site Web utilise un analyseur de trafic qui utilise de petits fichiers d&rsquo;informations appel\u00e9s \u00ab\u00a0cookies\u00a0\u00bb, que le serveur envoie \u00e0 l&rsquo;ordinateur de l&rsquo;utilisateur acc\u00e9dant au site Web pour le bon fonctionnement et l&rsquo;affichage du site Web par l&rsquo;utilisateur, ainsi que pour recueillir des donn\u00e9es statistiques sur l&rsquo;utilisation et la navigation de notre site Web. Nous pouvons recueillir des informations sur votre ordinateur, y compris, le cas \u00e9ch\u00e9ant, votre adresse IP, votre syst\u00e8me d&rsquo;exploitation et le type de navigateur. Les cookies contiennent des informations qui sont transf\u00e9r\u00e9es sur le disque dur de votre ordinateur. &nbsp;<\/p>\n<p>                                    Les cookies nous aident \u00e9galement \u00e0 am\u00e9liorer notre site Web et \u00e0 fournir un service meilleur et plus personnalis\u00e9. En particulier, ils nous permettent de:<\/p>\n<ul>\n<li>Estimer les nombres et les mod\u00e8les d&rsquo;utilisation.<\/li>\n<li>Stockez des informations sur vos pr\u00e9f\u00e9rences et personnalisez notre site Web en fonction de vos int\u00e9r\u00eats individuels.<\/li>\n<li>Acc\u00e9l\u00e9rer vos recherches.<\/li>\n<li>Vous reconna\u00eetre lorsque vous revenez sur notre site.<\/li>\n<\/ul>\n<h3>ACCEPTATION ET\/OU REJET DE LA POLITIQUE DE COOKIES<\/h3>\n<p>                                    Ce site Web affiche des informations sur sa Politique de cookies en bas ou en haut du portail chaque fois que vous vous connectez afin que vous en soyez inform\u00e9. Vous pouvez accepter l&rsquo;installation de cookies sur votre navigateur Web par une action affirmative et positive. Vous pouvez \u00e9galement refuser l&rsquo;utilisation de cookies en choisissant de refuser leur installation et leur utilisation dans votre navigateur. Cependant, sachez que si vous le faites, vous pourriez ne pas pouvoir utiliser toutes les fonctionnalit\u00e9s de ce site Web. Ce site Web traite des informations vous concernant via Google. \u00c0 cet effet, il est inform\u00e9 que Google Inc. est consid\u00e9r\u00e9e comme un \u00ab\u00a0port d&rsquo;attache s\u00fbr\u00a0\u00bb en ce qui concerne les r\u00e9glementations de protection des donn\u00e9es personnelles. L&rsquo;utilisateur doit donner son consentement pr\u00e9alable, sauf indication contraire, \u00e0 l&rsquo;utilisation de \u00ab\u00a0cookies\u00a0\u00bb et autorise \u00e9galement le suivi de son adresse IP pendant la navigation sur le site Web. Sauf si vous avez configur\u00e9 les param\u00e8tres de votre navigateur Web pour refuser les cookies, notre syst\u00e8me \u00e9mettra des cookies lorsque vous vous connectez \u00e0 notre site. Conform\u00e9ment aux directives europ\u00e9ennes en mati\u00e8re de r\u00e9glementations de protection des donn\u00e9es pouvant \u00eatre affect\u00e9es par l&rsquo;utilisation de cookies, diff\u00e9rents navigateurs Internet disposent d&rsquo;outils de configuration permettant \u00e0 l&rsquo;utilisateur, le cas \u00e9ch\u00e9ant, de d\u00e9sactiver et\/ou de supprimer ces cookies ou d&rsquo;activer le mode de navigation priv\u00e9e dans leur navigateur. Vous pouvez autoriser, bloquer ou supprimer les cookies install\u00e9s sur votre ordinateur en configurant les options du navigateur install\u00e9 sur votre ordinateur: Chrome: https:\/\/support.google.com\/chrome\/answer\/95647?hl=fr Explorer: http:\/\/windows.microsoft.com\/fr-FR\/windows7\/How-to-manage-cookies-in-Internet-Explorer-9 Firefox: https:\/\/support.mozilla.org\/fr\/kb\/enable-and-disable-cookies-website-preferences Safari: https:\/\/support.apple.com\/kb\/PH5042?locale=fr_FR<\/p>\n<h3>QUELS COOKIES UTILISONS-NOUS ET \u00c0 QUELLES FINS?<\/h3>\n<p>                                    Voici une explication plus d\u00e9taill\u00e9e de chaque type de cookie, de sa temporalit\u00e9, de sa propri\u00e9t\u00e9, de sa finalit\u00e9 et de ses domaines: Google Analytics est un service d&rsquo;analyse Web fourni par Google, Inc., une soci\u00e9t\u00e9 du Delaware ayant son si\u00e8ge social principal au 1600 Amphitheater Parkway, Mountain View (Californie), CA94043, \u00c9tats-Unis (\u00ab\u00a0Google\u00a0\u00bb): Google Analytics utilise les cookies suivants: _ga, _gat, _gid et d&rsquo;autres cookies possibles \u00e0 charger par le service de surveillance des visites de Google.<\/p>\n<p>                                    <strong>Sert \u00e0:<\/strong><\/p>\n<ul>\n<li>Estimer les nombres et les mod\u00e8les d&rsquo;utilisation.<\/li>\n<li>Stockez des informations sur vos pr\u00e9f\u00e9rences et personnalisez notre site Web en fonction de vos int\u00e9r\u00eats individuels.<\/li>\n<li>Acc\u00e9l\u00e9rer vos recherches.<\/li>\n<li>Vous reconna\u00eetre lorsque vous revenez sur notre site.<\/li>\n<li>G\u00e9n\u00e9rer un identifiant utilisateur unique, utilis\u00e9 pour compter combien de fois un utilisateur visite le site, ainsi que la date de la premi\u00e8re et de la derni\u00e8re fois qu&rsquo;ils ont visit\u00e9 le site Web.<\/li>\n<li>Enregistrer la date et l&rsquo;heure d&rsquo;acc\u00e8s \u00e0 l&rsquo;une des pages du site.<\/li>\n<li>V\u00e9rifier la n\u00e9cessit\u00e9 de maintenir ouverte la session d&rsquo;un utilisateur ou d&rsquo;en cr\u00e9er une nouvelle.<\/li>\n<li>Identifier la session de l&rsquo;utilisateur, pour recueillir la localisation g\u00e9ographique approximative de l&rsquo;ordinateur acc\u00e9dant au site \u00e0 des fins statistiques. Ils peuvent \u00eatre temporaires ou permanents.<\/li>\n<\/ul><\/div><\/div><\/div><\/div><\/div>\n<\/section><\/div><\/div>\n<\/div>\n","protected":false},"excerpt":{"rendered":"<p>Politique relative aux cookies &nbsp; Le site Web utilise un analyseur de trafic qui utilise de petits fichiers d&rsquo;informations appel\u00e9s \u00ab\u00a0cookies\u00a0\u00bb, que le serveur envoie \u00e0 l&rsquo;ordinateur de l&rsquo;utilisateur acc\u00e9dant au site Web pour le bon fonctionnement et l&rsquo;affichage du site Web par l&rsquo;utilisateur, ainsi que pour recueillir des donn\u00e9es statistiques sur l&rsquo;utilisation et la  [&#8230;]<\/p>\n","protected":false},"author":9,"featured_media":0,"parent":0,"menu_order":0,"comment_status":"closed","ping_status":"closed","template":"","meta":{"_joinchat":[],"footnotes":""},"class_list":["post-2333","page","type-page","status-publish","hentry"],"yoast_head":"<!-- This site is optimized with the Yoast SEO plugin v24.4 - https:\/\/yoast.com\/wordpress\/plugins\/seo\/ -->\n<title>Politique en mati\u00e8re de cookies - BLAU Solicitors<\/title>\n<meta name=\"description\" content=\"Real Estate &amp; Tax Lawyers in Orihuela Costa. Reliable Solicitors and Tax Advisors in Costa Blanca experts on conveyancing\" \/>\n<meta name=\"robots\" content=\"index, follow, max-snippet:-1, max-image-preview:large, max-video-preview:-1\" \/>\n<link rel=\"canonical\" href=\"https:\/\/blauabogados.com\/politique-en-matiere-de-cookies\/\" \/>\n<meta property=\"og:locale\" content=\"fr_FR\" \/>\n<meta property=\"og:type\" content=\"article\" \/>\n<meta property=\"og:title\" content=\"Politique en mati\u00e8re de cookies - BLAU Solicitors\" \/>\n<meta property=\"og:description\" content=\"Real Estate &amp; Tax Lawyers in Orihuela Costa. Reliable Solicitors and Tax Advisors in Costa Blanca experts on conveyancing\" \/>\n<meta property=\"og:url\" content=\"https:\/\/blauabogados.com\/politique-en-matiere-de-cookies\/\" \/>\n<meta property=\"og:site_name\" content=\"BLAU Solicitors\" \/>\n<meta name=\"twitter:card\" content=\"summary_large_image\" \/>\n<meta name=\"twitter:label1\" content=\"Dur\u00e9e de lecture estim\u00e9e\" \/>\n\t<meta name=\"twitter:data1\" content=\"4 minutes\" \/>\n<script type=\"application\/ld+json\" class=\"yoast-schema-graph\">{\"@context\":\"https:\/\/schema.org\",\"@graph\":[{\"@type\":\"WebPage\",\"@id\":\"https:\/\/blauabogados.com\/politique-en-matiere-de-cookies\/\",\"url\":\"https:\/\/blauabogados.com\/politique-en-matiere-de-cookies\/\",\"name\":\"Politique en mati\u00e8re de cookies - BLAU Solicitors\",\"isPartOf\":{\"@id\":\"https:\/\/blauabogados.com\/#website\"},\"datePublished\":\"2023-08-02T12:57:17+00:00\",\"description\":\"Real Estate & Tax Lawyers in Orihuela Costa. Reliable Solicitors and Tax Advisors in Costa Blanca experts on conveyancing\",\"breadcrumb\":{\"@id\":\"https:\/\/blauabogados.com\/politique-en-matiere-de-cookies\/#breadcrumb\"},\"inLanguage\":\"fr-FR\",\"potentialAction\":[{\"@type\":\"ReadAction\",\"target\":[\"https:\/\/blauabogados.com\/politique-en-matiere-de-cookies\/\"]}]},{\"@type\":\"BreadcrumbList\",\"@id\":\"https:\/\/blauabogados.com\/politique-en-matiere-de-cookies\/#breadcrumb\",\"itemListElement\":[{\"@type\":\"ListItem\",\"position\":1,\"name\":\"Portada\",\"item\":\"https:\/\/blauabogados.com\/?lang=fr\"},{\"@type\":\"ListItem\",\"position\":2,\"name\":\"Politique en mati\u00e8re de cookies\"}]},{\"@type\":\"WebSite\",\"@id\":\"https:\/\/blauabogados.com\/#website\",\"url\":\"https:\/\/blauabogados.com\/\",\"name\":\"BLAU Solicitors\",\"description\":\"Real Estate and Tax Lawyers in Costa Blanca\",\"publisher\":{\"@id\":\"https:\/\/blauabogados.com\/#organization\"},\"potentialAction\":[{\"@type\":\"SearchAction\",\"target\":{\"@type\":\"EntryPoint\",\"urlTemplate\":\"https:\/\/blauabogados.com\/?s={search_term_string}\"},\"query-input\":{\"@type\":\"PropertyValueSpecification\",\"valueRequired\":true,\"valueName\":\"search_term_string\"}}],\"inLanguage\":\"fr-FR\"},{\"@type\":\"Organization\",\"@id\":\"https:\/\/blauabogados.com\/#organization\",\"name\":\"Blau Abogados y Asesores\",\"url\":\"https:\/\/blauabogados.com\/\",\"logo\":{\"@type\":\"ImageObject\",\"inLanguage\":\"fr-FR\",\"@id\":\"https:\/\/blauabogados.com\/#\/schema\/logo\/image\/\",\"url\":\"https:\/\/blauabogados.com\/wp-content\/uploads\/2022\/04\/1-scaled.jpg\",\"contentUrl\":\"https:\/\/blauabogados.com\/wp-content\/uploads\/2022\/04\/1-scaled.jpg\",\"width\":2560,\"height\":1600,\"caption\":\"Blau Abogados y Asesores\"},\"image\":{\"@id\":\"https:\/\/blauabogados.com\/#\/schema\/logo\/image\/\"},\"sameAs\":[\"https:\/\/www.instagram.com\/blau_abogados\/\"]}]}<\/script>\n<!-- \/ Yoast SEO plugin. -->","yoast_head_json":{"title":"Politique en mati\u00e8re de cookies - BLAU Solicitors","description":"Real Estate & Tax Lawyers in Orihuela Costa. Reliable Solicitors and Tax Advisors in Costa Blanca experts on conveyancing","robots":{"index":"index","follow":"follow","max-snippet":"max-snippet:-1","max-image-preview":"max-image-preview:large","max-video-preview":"max-video-preview:-1"},"canonical":"https:\/\/blauabogados.com\/politique-en-matiere-de-cookies\/","og_locale":"fr_FR","og_type":"article","og_title":"Politique en mati\u00e8re de cookies - BLAU Solicitors","og_description":"Real Estate & Tax Lawyers in Orihuela Costa. Reliable Solicitors and Tax Advisors in Costa Blanca experts on conveyancing","og_url":"https:\/\/blauabogados.com\/politique-en-matiere-de-cookies\/","og_site_name":"BLAU Solicitors","twitter_card":"summary_large_image","twitter_misc":{"Dur\u00e9e de lecture estim\u00e9e":"4 minutes"},"schema":{"@context":"https:\/\/schema.org","@graph":[{"@type":"WebPage","@id":"https:\/\/blauabogados.com\/politique-en-matiere-de-cookies\/","url":"https:\/\/blauabogados.com\/politique-en-matiere-de-cookies\/","name":"Politique en mati\u00e8re de cookies - BLAU Solicitors","isPartOf":{"@id":"https:\/\/blauabogados.com\/#website"},"datePublished":"2023-08-02T12:57:17+00:00","description":"Real Estate & Tax Lawyers in Orihuela Costa. Reliable Solicitors and Tax Advisors in Costa Blanca experts on conveyancing","breadcrumb":{"@id":"https:\/\/blauabogados.com\/politique-en-matiere-de-cookies\/#breadcrumb"},"inLanguage":"fr-FR","potentialAction":[{"@type":"ReadAction","target":["https:\/\/blauabogados.com\/politique-en-matiere-de-cookies\/"]}]},{"@type":"BreadcrumbList","@id":"https:\/\/blauabogados.com\/politique-en-matiere-de-cookies\/#breadcrumb","itemListElement":[{"@type":"ListItem","position":1,"name":"Portada","item":"https:\/\/blauabogados.com\/?lang=fr"},{"@type":"ListItem","position":2,"name":"Politique en mati\u00e8re de cookies"}]},{"@type":"WebSite","@id":"https:\/\/blauabogados.com\/#website","url":"https:\/\/blauabogados.com\/","name":"BLAU Solicitors","description":"Real Estate and Tax Lawyers in Costa Blanca","publisher":{"@id":"https:\/\/blauabogados.com\/#organization"},"potentialAction":[{"@type":"SearchAction","target":{"@type":"EntryPoint","urlTemplate":"https:\/\/blauabogados.com\/?s={search_term_string}"},"query-input":{"@type":"PropertyValueSpecification","valueRequired":true,"valueName":"search_term_string"}}],"inLanguage":"fr-FR"},{"@type":"Organization","@id":"https:\/\/blauabogados.com\/#organization","name":"Blau Abogados y Asesores","url":"https:\/\/blauabogados.com\/","logo":{"@type":"ImageObject","inLanguage":"fr-FR","@id":"https:\/\/blauabogados.com\/#\/schema\/logo\/image\/","url":"https:\/\/blauabogados.com\/wp-content\/uploads\/2022\/04\/1-scaled.jpg","contentUrl":"https:\/\/blauabogados.com\/wp-content\/uploads\/2022\/04\/1-scaled.jpg","width":2560,"height":1600,"caption":"Blau Abogados y Asesores"},"image":{"@id":"https:\/\/blauabogados.com\/#\/schema\/logo\/image\/"},"sameAs":["https:\/\/www.instagram.com\/blau_abogados\/"]}]}},"_links":{"self":[{"href":"https:\/\/blauabogados.com\/fr\/wp-json\/wp\/v2\/pages\/2333","targetHints":{"allow":["GET"]}}],"collection":[{"href":"https:\/\/blauabogados.com\/fr\/wp-json\/wp\/v2\/pages"}],"about":[{"href":"https:\/\/blauabogados.com\/fr\/wp-json\/wp\/v2\/types\/page"}],"author":[{"embeddable":true,"href":"https:\/\/blauabogados.com\/fr\/wp-json\/wp\/v2\/users\/9"}],"replies":[{"embeddable":true,"href":"https:\/\/blauabogados.com\/fr\/wp-json\/wp\/v2\/comments?post=2333"}],"version-history":[{"count":0,"href":"https:\/\/blauabogados.com\/fr\/wp-json\/wp\/v2\/pages\/2333\/revisions"}],"wp:attachment":[{"href":"https:\/\/blauabogados.com\/fr\/wp-json\/wp\/v2\/media?parent=2333"}],"curies":[{"name":"wp","href":"https:\/\/api.w.org\/{rel}","templated":true}]}}