{"id":2332,"date":"2023-08-02T12:55:25","date_gmt":"2023-08-02T12:55:25","guid":{"rendered":"https:\/\/blauabogados.com\/avis-legal\/"},"modified":"2023-08-02T12:55:25","modified_gmt":"2023-08-02T12:55:25","slug":"avis-legal","status":"publish","type":"page","link":"https:\/\/blauabogados.com\/fr\/avis-legal\/","title":{"rendered":"Avis l\u00e9gal"},"content":{"rendered":"<div class=\"container\">\n<div class=\"container_inner default_template_holder clearfix page_container_inner\">\n<div class=\"elementor elementor-2577\" data-elementor-type=\"wp-page\" data-elementor-id=\"2577\">\n<section class=\"elementor-section elementor-top-section elementor-element elementor-element-1bb3b48 elementor-section-boxed elementor-section-height-default elementor-section-height-default parallax_section_no qode_elementor_container_no\" data-id=\"1bb3b48\" data-element_type=\"section\" data-settings=\"{&quot;_ha_eqh_enable&quot;:false}\">\n<div class=\"elementor-container elementor-column-gap-default\">\n<div class=\"elementor-column elementor-col-100 elementor-top-column elementor-element elementor-element-f7d1969\" data-id=\"f7d1969\" data-element_type=\"column\">\n<div class=\"elementor-widget-wrap elementor-element-populated\">\n<div class=\"elementor-element elementor-element-c216304 elementor-widget elementor-widget-text-editor\" data-id=\"c216304\" data-element_type=\"widget\" data-widget_type=\"text-editor.default\">\n<div class=\"elementor-widget-container\">\n<h1><span style=\"font-size: 36pt;\">Mention L\u00e9gale<\/span><\/h1>\n<p>INTRODUCTION:<br \/>\nLe pr\u00e9sent document vise \u00e0 \u00e9tablir et \u00e0 r\u00e9glementer les r\u00e8gles d&rsquo;utilisation de ce site Web, y compris toutes les pages et le contenu appartenant \u00e0 <a class=\"ancla\" title=\"Aller \u00e0 l'adresse et au num\u00e9ro de t\u00e9l\u00e9phone\">BLAU ABOGADOS Y ASESORES SLP<\/a>, accessible par le biais du domaine https:\/\/blauabogados.com\/. En acc\u00e9dant et en utilisant le site Web, vous devenez un utilisateur de celui-ci et acceptez toutes les conditions incluses dans cette mention l\u00e9gale. Les utilisateurs sont invit\u00e9s \u00e0 lire attentivement cette mention l\u00e9gale chaque fois qu&rsquo;ils envisagent d&rsquo;utiliser notre site Web, car celui-ci et ses conditions d&rsquo;utilisation peuvent faire l&rsquo;objet de modifications.<\/p>\n<p>DONN\u00c9ES D&rsquo;IDENTIFICATION :<\/p>\n<ul>\n<li>Raison sociale : <a class=\"ancla\" title=\"Aller \u00e0 l'adresse et au num\u00e9ro de t\u00e9l\u00e9phone\">BLAU ABOGADOS Y ASESORES SLP<\/a><\/li>\n<li>Num\u00e9ro d&rsquo;identification fiscale (CIF) : B54988720<\/li>\n<li>Adresse : PASEO DE LA LIBERTAD, 2 &#8211; PISO 2 E, CP 03181 TORREVIEJA, Alicante<\/li>\n<li>T\u00e9l\u00e9phone : 965718795<\/li>\n<li>Email : info@blauabogados.com<\/li>\n<li>Nom de domaine : https:\/\/blauabogados.com\/<\/li>\n<\/ul>\n<p>UTILISATEURS :<br \/>\nL&rsquo;acc\u00e8s et l&rsquo;utilisation de ce site Web conf\u00e8rent le statut d&rsquo;UTILISATEUR, qui accepte, d\u00e8s cet acc\u00e8s et cette utilisation, les conditions g\u00e9n\u00e9rales et les termes qui y sont refl\u00e9t\u00e9s. Ces conditions s&rsquo;appliqueront ind\u00e9pendamment de toute condition sp\u00e9cifique qui pourrait \u00eatre obligatoire.<\/p>\n<p>UTILISATION DU PORTAIL :<\/p>\n<p>Le site Web permet d&rsquo;acc\u00e9der \u00e0 diverses informations sur notre soci\u00e9t\u00e9, des sections de contact, des liens vers des r\u00e9seaux sociaux et d&rsquo;autres contenus appartenant \u00e0 <a class=\"ancla\" title=\"Aller \u00e0 l'adresse et au num\u00e9ro de t\u00e9l\u00e9phone\">BLAU ABOGADOS Y ASESORES SLP<\/a> ou \u00e0 ses conc\u00e9dants de licence auxquels les utilisateurs peuvent acc\u00e9der. Les utilisateurs sont responsables de l&rsquo;utilisation du site Web, y compris de toute inscription n\u00e9cessaire pour acc\u00e9der \u00e0 certains services ou contenus ou pour r\u00e9pondre aux demandes dans les sections de contact, etc. Lors de cette inscription, les utilisateurs doivent fournir des informations v\u00e9ridiques et licites.<\/p>\n<p>PROPRI\u00c9T\u00c9 INTELLECTUELLE ET INDUSTRIELLE :<\/p>\n<p><a class=\"ancla\" title=\"Aller \u00e0 l'adresse et au num\u00e9ro de t\u00e9l\u00e9phone\">BLAU ABOGADOS Y ASESORES SLP<\/a>, en tant que titulaire ou licenci\u00e9, est propri\u00e9taire de tous les droits de propri\u00e9t\u00e9 intellectuelle et industrielle de son site Web et de son contenu (y compris, mais sans s&rsquo;y limiter, images, sons, audio, vid\u00e9o, logiciels ou textes ; marques ou logos, combinaisons de couleurs, structure et conception, s\u00e9lection des mat\u00e9riaux utilis\u00e9s, programmes informatiques n\u00e9cessaires \u00e0 son fonctionnement, acc\u00e8s et utilisation, etc.). Tous droits r\u00e9serv\u00e9s. Toute reproduction, distribution ou communication publique, y compris sa mise \u00e0 disposition, de tout ou partie du contenu de ce site Web \u00e0 des fins commerciales et par tout moyen technique est express\u00e9ment interdite sans l&rsquo;autorisation de <a class=\"ancla\" title=\"Aller \u00e0 l'adresse et au num\u00e9ro de t\u00e9l\u00e9phone\">BLAU ABOGADOS Y ASESORES SLP<\/a>. L&rsquo;acc\u00e8s, la navigation ou l&rsquo;utilisation du site Web ou de son contenu n&rsquo;accorde \u00e0 l&rsquo;utilisateur aucun droit sur les signes distinctifs qui y sont inclus. Les utilisateurs doivent respecter les droits de propri\u00e9t\u00e9 intellectuelle et industrielle d\u00e9tenus par <a class=\"ancla\" title=\"Aller \u00e0 l'adresse et au num\u00e9ro de t\u00e9l\u00e9phone\">BLAU ABOGADOS Y ASESORES SLP<\/a>. Si les utilisateurs envoient des informations de quelque nature que ce soit \u00e0 <a class=\"ancla\" title=\"Aller \u00e0 l'adresse et au num\u00e9ro de t\u00e9l\u00e9phone\">BLAU ABOGADOS Y ASESORES SLP<\/a> par le biais des canaux activ\u00e9s sur notre site Web, ils d\u00e9clarent, garantissent et acceptent qu&rsquo;ils ont le droit de le faire librement, que les informations ne portent atteinte \u00e0 aucun droit de propri\u00e9t\u00e9 intellectuelle, industrielle ou autre de tiers, et que les informations ne sont pas confidentielles ou nuisibles pour des tiers.<\/p>\n<p>EXON\u00c9RATION DE RESPONSABILIT\u00c9 ET LIMITATION DE RESPONSABILIT\u00c9 :<\/p>\n<p><a class=\"ancla\" title=\"Aller \u00e0 l'adresse et au num\u00e9ro de t\u00e9l\u00e9phone\">BLAU ABOGADOS Y ASESORES SLP<\/a> ne sera en aucun cas responsable des dommages de quelque nature que ce soit pouvant \u00eatre caus\u00e9s, y compris, mais sans s&rsquo;y limiter, les erreurs ou omissions dans le contenu, l&rsquo;indisponibilit\u00e9 du site Web, ou la transmission de virus ou de programmes malveillants ou nuisibles dans le contenu, malgr\u00e9 toutes les mesures technologiques n\u00e9cessaires prises pour emp\u00eacher cela. Le contenu, les informations et les conseils exprim\u00e9s sur ce site Web sont purement indicatifs. <a class=\"ancla\" title=\"Aller \u00e0 l'adresse et au num\u00e9ro de t\u00e9l\u00e9phone\">BLAU ABOGADOS Y ASESORES SLP<\/a> n&rsquo;assume aucune responsabilit\u00e9 quant \u00e0 l&rsquo;efficacit\u00e9 ou \u00e0 l&rsquo;exactitude de ces informations et est exempt\u00e9e de toute responsabilit\u00e9 envers les utilisateurs qui les utilisent.<\/p>\n<p>Le contenu et les commentaires fournis par des tiers peuvent \u00eatre publi\u00e9s sur ce site Web. <a class=\"ancla\" title=\"Aller \u00e0 l'adresse et au num\u00e9ro de t\u00e9l\u00e9phone\">BLAU ABOGADOS Y ASESORES SLP<\/a> ne garantit pas la v\u00e9racit\u00e9 et l&rsquo;exactitude de ces contenus et commentaires et est exempte de toute responsabilit\u00e9 envers les utilisateurs qui les utilisent. <a class=\"ancla\" title=\"Aller \u00e0 l'adresse et au num\u00e9ro de t\u00e9l\u00e9phone\">BLAU ABOGADOS Y ASESORES SLP<\/a> se r\u00e9serve le droit de modifier le contenu du site Web sans pr\u00e9avis et sans aucune limitation. La soci\u00e9t\u00e9 d\u00e9cline \u00e9galement toute responsabilit\u00e9 pour les dommages qui pourraient \u00eatre caus\u00e9s par l&rsquo;indisponibilit\u00e9 ou la continuit\u00e9 de ce site Web et des services qui y sont offerts. Nous ne pouvons garantir l&rsquo;absence de virus ou d&rsquo;autres \u00e9l\u00e9ments sur le site Web susceptibles d&rsquo;alt\u00e9rer le syst\u00e8me informatique de l&rsquo;utilisateur. <a class=\"ancla\" title=\"Aller \u00e0 l'adresse et au num\u00e9ro de t\u00e9l\u00e9phone\">BLAU ABOGADOS Y ASESORES SLP<\/a> d\u00e9cline toute responsabilit\u00e9 pour les services et les informations fournis sur d&rsquo;autres sites Web li\u00e9s \u00e0 celui-ci, car elle ne contr\u00f4le ni ne supervise les sites Web de tiers. Nous conseillons aux utilisateurs d&rsquo;agir avec prudence et de v\u00e9rifier les conditions juridiques qui peuvent \u00eatre affich\u00e9es sur ces sites Web. Les utilisateurs qui soumettent tout type d&rsquo;information doivent s&rsquo;assurer qu&rsquo;elle est v\u00e9ridique et ne viole pas les droits de tiers ou la l\u00e9gislation en vigueur. Si vous estimez que tout contenu ou information sur ce site Web viole un droit l\u00e9gitime ou la l\u00e9gislation en vigueur, nous vous serions reconnaissants de nous contacter par les moyens appropri\u00e9s, soit par courriel \u00e0 info@blauabogados.com, soit en appelant le 965718795, afin que nous puissions prendre les mesures appropri\u00e9es.<\/p>\n<p>MODIFICATIONS :<\/p>\n<p><a class=\"ancla\" title=\"Aller \u00e0 l'adresse et au num\u00e9ro de t\u00e9l\u00e9phone\">BLAU ABOGADOS Y ASESORES SLP<\/a> se r\u00e9serve le droit d&rsquo;apporter les modifications qu&rsquo;elle juge appropri\u00e9es \u00e0 son site Web, y compris de modifier, de supprimer ou d&rsquo;ajouter des contenus et des services qui y sont propos\u00e9s, ainsi que la mani\u00e8re dont ils sont pr\u00e9sent\u00e9s ou situ\u00e9s sur le site Web.<\/p>\n<p>LIENS :<\/p>\n<p>Si des liens ou des hyperliens vers d&rsquo;autres sites Internet sont activ\u00e9s sous le nom de domaine, <a class=\"ancla\" title=\"Aller \u00e0 l'adresse et au num\u00e9ro de t\u00e9l\u00e9phone\">BLAU ABOGADOS Y ASESORES SLP<\/a> n&rsquo;exercera aucun contr\u00f4le sur ces sites et contenus. <a class=\"ancla\" title=\"Aller \u00e0 l'adresse et au num\u00e9ro de t\u00e9l\u00e9phone\">BLAU ABOGADOS Y ASESORES SLP<\/a> ne sera pas responsable du contenu de tout lien appartenant \u00e0 un site Web tiers, ni ne garantira la disponibilit\u00e9 technique, la qualit\u00e9, la fiabilit\u00e9, l&rsquo;exactitude, l&rsquo;exhaustivit\u00e9, la v\u00e9racit\u00e9, la validit\u00e9 ou la constitutionnalit\u00e9 de tout mat\u00e9riel ou information contenu dans un tel hyperlien ou tout autre site Internet. De m\u00eame, l&rsquo;inclusion de telles connexions externes n&rsquo;implique aucun type d&rsquo;association, de fusion ou de participation avec les entit\u00e9s connect\u00e9es.<\/p>\n<p>Les utilisateurs reconnaissent et acceptent que <a class=\"ancla\" title=\"Aller \u00e0 l'adresse et au num\u00e9ro de t\u00e9l\u00e9phone\">BLAU ABOGADOS Y ASESORES SLP<\/a> ne sera pas responsable des pertes ou dommages qu&rsquo;ils pourraient subir en raison de la disponibilit\u00e9 de ces sites Web ou ressources externes, ou en raison de la cr\u00e9dibilit\u00e9 qu&rsquo;ils accordent \u00e0 l&rsquo;exhaustivit\u00e9, \u00e0 l&rsquo;exactitude ou \u00e0 l&rsquo;existence de tout type de publicit\u00e9, de produits ou d&rsquo;autres mat\u00e9riaux offerts par le biais de ces sites Web ou ressources.<\/p>\n<p>DROIT D&rsquo;EXCLUSION :<\/p>\n<p><a class=\"ancla\" title=\"Aller \u00e0 l'adresse et au num\u00e9ro de t\u00e9l\u00e9phone\">BLAU ABOGADOS Y ASESORES SLP<\/a> se r\u00e9serve le droit de refuser ou de retirer l&rsquo;acc\u00e8s au site Web ou aux services offerts sans pr\u00e9avis, \u00e0 sa demande ou \u00e0 celle de tiers, aux utilisateurs qui ne respectent pas les pr\u00e9sentes conditions g\u00e9n\u00e9rales d&rsquo;utilisation.<\/p>\n<p>G\u00c9N\u00c9RALIT\u00c9S :<\/p>\n<p><a class=\"ancla\" title=\"Aller \u00e0 l'adresse et au num\u00e9ro de t\u00e9l\u00e9phone\">BLAU ABOGADOS Y ASESORES SLP<\/a> poursuivra le non-respect de ces conditions et toute utilisation abusive de son site Web en exer\u00e7ant toutes les actions civiles et p\u00e9nales qui pourraient correspondre en droit.<\/p>\n<p>LOI APPLICABLE ET JURIDICTION :<\/p>\n<p>La relation entre <a class=\"ancla\" title=\"Aller \u00e0 l'adresse et au num\u00e9ro de t\u00e9l\u00e9phone\">BLAU ABOGADOS Y ASESORES SLP<\/a> et l&rsquo;utilisateur sera r\u00e9gie par la r\u00e9glementation espagnole en vigueur. Tout litige entre la partie responsable du site Web et l&rsquo;utilisateur sera soumis aux tribunaux et aux tribunaux de la ville d&rsquo;Alicante, dans la mesure o\u00f9 la r\u00e9glementation en vigueur permet aux parties de se soumettre \u00e0 une juridiction sp\u00e9cifique.<\/p>\n<p>PLATEFORME EUROP\u00c9ENNE DE R\u00c8GLEMENT EN LIGNE DES LITIGES :<\/p>\n<p>Nous vous informons que pour tout probl\u00e8me d\u00e9coulant du service ou du produit vendu, vous pouvez utiliser la plateforme europ\u00e9enne de r\u00e8glement en ligne des litiges, disponible \u00e0 l&rsquo;adresse suivante : https:\/\/ec.europa.eu\/consumers\/odr\/main\/index.cfm?event=main.home.show&amp;lng=ES.<\/p>\n<\/div>\n<\/div>\n<\/div>\n<\/div>\n<\/div>\n<\/section>\n<\/div>\n<\/div>\n<\/div>\n<div class=\"elementor elementor-2619 elementor-location-footer\" data-elementor-type=\"footer\" data-elementor-id=\"2619\"><\/div>\n","protected":false},"excerpt":{"rendered":"<p>Mention L\u00e9gale INTRODUCTION: Le pr\u00e9sent document vise \u00e0 \u00e9tablir et \u00e0 r\u00e9glementer les r\u00e8gles d&rsquo;utilisation de ce site Web, y compris toutes les pages et le contenu appartenant \u00e0 BLAU ABOGADOS Y ASESORES SLP, accessible par le biais du domaine https:\/\/blauabogados.com\/. En acc\u00e9dant et en utilisant le site Web, vous devenez un utilisateur de celui-ci  [&#8230;]<\/p>\n","protected":false},"author":9,"featured_media":0,"parent":0,"menu_order":0,"comment_status":"closed","ping_status":"closed","template":"","meta":{"_joinchat":[],"footnotes":""},"class_list":["post-2332","page","type-page","status-publish","hentry"],"yoast_head":"<!-- This site is optimized with the Yoast SEO plugin v24.4 - https:\/\/yoast.com\/wordpress\/plugins\/seo\/ -->\n<title>Avis l\u00e9gal - BLAU Solicitors<\/title>\n<meta name=\"description\" content=\"Real Estate &amp; Tax Lawyers in Orihuela Costa. Reliable Solicitors and Tax Advisors in Costa Blanca experts on conveyancing\" \/>\n<meta name=\"robots\" content=\"index, follow, max-snippet:-1, max-image-preview:large, max-video-preview:-1\" \/>\n<link rel=\"canonical\" href=\"https:\/\/blauabogados.com\/avis-legal\/\" \/>\n<meta property=\"og:locale\" content=\"fr_FR\" \/>\n<meta property=\"og:type\" content=\"article\" \/>\n<meta property=\"og:title\" content=\"Avis l\u00e9gal - BLAU Solicitors\" \/>\n<meta property=\"og:description\" content=\"Real Estate &amp; Tax Lawyers in Orihuela Costa. Reliable Solicitors and Tax Advisors in Costa Blanca experts on conveyancing\" \/>\n<meta property=\"og:url\" content=\"https:\/\/blauabogados.com\/avis-legal\/\" \/>\n<meta property=\"og:site_name\" content=\"BLAU Solicitors\" \/>\n<meta name=\"twitter:card\" content=\"summary_large_image\" \/>\n<meta name=\"twitter:label1\" content=\"Dur\u00e9e de lecture estim\u00e9e\" \/>\n\t<meta name=\"twitter:data1\" content=\"7 minutes\" \/>\n<script type=\"application\/ld+json\" class=\"yoast-schema-graph\">{\"@context\":\"https:\/\/schema.org\",\"@graph\":[{\"@type\":\"WebPage\",\"@id\":\"https:\/\/blauabogados.com\/avis-legal\/\",\"url\":\"https:\/\/blauabogados.com\/avis-legal\/\",\"name\":\"Avis l\u00e9gal - BLAU Solicitors\",\"isPartOf\":{\"@id\":\"https:\/\/blauabogados.com\/#website\"},\"datePublished\":\"2023-08-02T12:55:25+00:00\",\"description\":\"Real Estate & Tax Lawyers in Orihuela Costa. Reliable Solicitors and Tax Advisors in Costa Blanca experts on conveyancing\",\"breadcrumb\":{\"@id\":\"https:\/\/blauabogados.com\/avis-legal\/#breadcrumb\"},\"inLanguage\":\"fr-FR\",\"potentialAction\":[{\"@type\":\"ReadAction\",\"target\":[\"https:\/\/blauabogados.com\/avis-legal\/\"]}]},{\"@type\":\"BreadcrumbList\",\"@id\":\"https:\/\/blauabogados.com\/avis-legal\/#breadcrumb\",\"itemListElement\":[{\"@type\":\"ListItem\",\"position\":1,\"name\":\"Portada\",\"item\":\"https:\/\/blauabogados.com\/?lang=fr\"},{\"@type\":\"ListItem\",\"position\":2,\"name\":\"Avis l\u00e9gal\"}]},{\"@type\":\"WebSite\",\"@id\":\"https:\/\/blauabogados.com\/#website\",\"url\":\"https:\/\/blauabogados.com\/\",\"name\":\"BLAU Solicitors\",\"description\":\"Real Estate and Tax Lawyers in Costa Blanca\",\"publisher\":{\"@id\":\"https:\/\/blauabogados.com\/#organization\"},\"potentialAction\":[{\"@type\":\"SearchAction\",\"target\":{\"@type\":\"EntryPoint\",\"urlTemplate\":\"https:\/\/blauabogados.com\/?s={search_term_string}\"},\"query-input\":{\"@type\":\"PropertyValueSpecification\",\"valueRequired\":true,\"valueName\":\"search_term_string\"}}],\"inLanguage\":\"fr-FR\"},{\"@type\":\"Organization\",\"@id\":\"https:\/\/blauabogados.com\/#organization\",\"name\":\"Blau Abogados y Asesores\",\"url\":\"https:\/\/blauabogados.com\/\",\"logo\":{\"@type\":\"ImageObject\",\"inLanguage\":\"fr-FR\",\"@id\":\"https:\/\/blauabogados.com\/#\/schema\/logo\/image\/\",\"url\":\"https:\/\/blauabogados.com\/wp-content\/uploads\/2022\/04\/1-scaled.jpg\",\"contentUrl\":\"https:\/\/blauabogados.com\/wp-content\/uploads\/2022\/04\/1-scaled.jpg\",\"width\":2560,\"height\":1600,\"caption\":\"Blau Abogados y Asesores\"},\"image\":{\"@id\":\"https:\/\/blauabogados.com\/#\/schema\/logo\/image\/\"},\"sameAs\":[\"https:\/\/www.instagram.com\/blau_abogados\/\"]}]}<\/script>\n<!-- \/ Yoast SEO plugin. -->","yoast_head_json":{"title":"Avis l\u00e9gal - BLAU Solicitors","description":"Real Estate & Tax Lawyers in Orihuela Costa. Reliable Solicitors and Tax Advisors in Costa Blanca experts on conveyancing","robots":{"index":"index","follow":"follow","max-snippet":"max-snippet:-1","max-image-preview":"max-image-preview:large","max-video-preview":"max-video-preview:-1"},"canonical":"https:\/\/blauabogados.com\/avis-legal\/","og_locale":"fr_FR","og_type":"article","og_title":"Avis l\u00e9gal - BLAU Solicitors","og_description":"Real Estate & Tax Lawyers in Orihuela Costa. Reliable Solicitors and Tax Advisors in Costa Blanca experts on conveyancing","og_url":"https:\/\/blauabogados.com\/avis-legal\/","og_site_name":"BLAU Solicitors","twitter_card":"summary_large_image","twitter_misc":{"Dur\u00e9e de lecture estim\u00e9e":"7 minutes"},"schema":{"@context":"https:\/\/schema.org","@graph":[{"@type":"WebPage","@id":"https:\/\/blauabogados.com\/avis-legal\/","url":"https:\/\/blauabogados.com\/avis-legal\/","name":"Avis l\u00e9gal - BLAU Solicitors","isPartOf":{"@id":"https:\/\/blauabogados.com\/#website"},"datePublished":"2023-08-02T12:55:25+00:00","description":"Real Estate & Tax Lawyers in Orihuela Costa. Reliable Solicitors and Tax Advisors in Costa Blanca experts on conveyancing","breadcrumb":{"@id":"https:\/\/blauabogados.com\/avis-legal\/#breadcrumb"},"inLanguage":"fr-FR","potentialAction":[{"@type":"ReadAction","target":["https:\/\/blauabogados.com\/avis-legal\/"]}]},{"@type":"BreadcrumbList","@id":"https:\/\/blauabogados.com\/avis-legal\/#breadcrumb","itemListElement":[{"@type":"ListItem","position":1,"name":"Portada","item":"https:\/\/blauabogados.com\/?lang=fr"},{"@type":"ListItem","position":2,"name":"Avis l\u00e9gal"}]},{"@type":"WebSite","@id":"https:\/\/blauabogados.com\/#website","url":"https:\/\/blauabogados.com\/","name":"BLAU Solicitors","description":"Real Estate and Tax Lawyers in Costa Blanca","publisher":{"@id":"https:\/\/blauabogados.com\/#organization"},"potentialAction":[{"@type":"SearchAction","target":{"@type":"EntryPoint","urlTemplate":"https:\/\/blauabogados.com\/?s={search_term_string}"},"query-input":{"@type":"PropertyValueSpecification","valueRequired":true,"valueName":"search_term_string"}}],"inLanguage":"fr-FR"},{"@type":"Organization","@id":"https:\/\/blauabogados.com\/#organization","name":"Blau Abogados y Asesores","url":"https:\/\/blauabogados.com\/","logo":{"@type":"ImageObject","inLanguage":"fr-FR","@id":"https:\/\/blauabogados.com\/#\/schema\/logo\/image\/","url":"https:\/\/blauabogados.com\/wp-content\/uploads\/2022\/04\/1-scaled.jpg","contentUrl":"https:\/\/blauabogados.com\/wp-content\/uploads\/2022\/04\/1-scaled.jpg","width":2560,"height":1600,"caption":"Blau Abogados y Asesores"},"image":{"@id":"https:\/\/blauabogados.com\/#\/schema\/logo\/image\/"},"sameAs":["https:\/\/www.instagram.com\/blau_abogados\/"]}]}},"_links":{"self":[{"href":"https:\/\/blauabogados.com\/fr\/wp-json\/wp\/v2\/pages\/2332","targetHints":{"allow":["GET"]}}],"collection":[{"href":"https:\/\/blauabogados.com\/fr\/wp-json\/wp\/v2\/pages"}],"about":[{"href":"https:\/\/blauabogados.com\/fr\/wp-json\/wp\/v2\/types\/page"}],"author":[{"embeddable":true,"href":"https:\/\/blauabogados.com\/fr\/wp-json\/wp\/v2\/users\/9"}],"replies":[{"embeddable":true,"href":"https:\/\/blauabogados.com\/fr\/wp-json\/wp\/v2\/comments?post=2332"}],"version-history":[{"count":0,"href":"https:\/\/blauabogados.com\/fr\/wp-json\/wp\/v2\/pages\/2332\/revisions"}],"wp:attachment":[{"href":"https:\/\/blauabogados.com\/fr\/wp-json\/wp\/v2\/media?parent=2332"}],"curies":[{"name":"wp","href":"https:\/\/api.w.org\/{rel}","templated":true}]}}