{"id":2331,"date":"2023-08-02T12:53:40","date_gmt":"2023-08-02T12:53:40","guid":{"rendered":"https:\/\/blauabogados.com\/politique-de-confidentialite\/"},"modified":"2023-08-02T12:53:40","modified_gmt":"2023-08-02T12:53:40","slug":"politique-de-confidentialite","status":"publish","type":"page","link":"https:\/\/blauabogados.com\/fr\/politique-de-confidentialite\/","title":{"rendered":"Politique de confidentialit\u00e9"},"content":{"rendered":"<div class=\"container\">\n<div class=\"container_inner default_template_holder clearfix page_container_inner\">\n<div class=\"elementor elementor-2577\" data-elementor-type=\"wp-page\" data-elementor-id=\"2577\">\n<section class=\"elementor-section elementor-top-section elementor-element elementor-element-1bb3b48 elementor-section-boxed elementor-section-height-default elementor-section-height-default parallax_section_no qode_elementor_container_no\" data-id=\"1bb3b48\" data-element_type=\"section\" data-settings=\"{&quot;_ha_eqh_enable&quot;:false}\">\n<div class=\"elementor-container elementor-column-gap-default\">\n<div class=\"elementor-column elementor-col-100 elementor-top-column elementor-element elementor-element-f7d1969\" data-id=\"f7d1969\" data-element_type=\"column\">\n<div class=\"elementor-widget-wrap elementor-element-populated\">\n<div class=\"elementor-element elementor-element-c216304 elementor-widget elementor-widget-text-editor\" data-id=\"c216304\" data-element_type=\"widget\" data-widget_type=\"text-editor.default\">\n<div class=\"elementor-widget-container\">\n<h1><\/h1>\n<\/p><\/div>\n<h1><\/h1>\n<\/p><\/div><\/div><\/div><\/div>\n<\/section><\/div><\/div>\n<\/div>\n<h1><\/h1>\n<div class=\"container\">\n<div class=\"container_inner default_template_holder clearfix page_container_inner\">\n<div class=\"elementor elementor-2577\" data-elementor-type=\"wp-page\" data-elementor-id=\"2577\">\n<section class=\"elementor-section elementor-top-section elementor-element elementor-element-1bb3b48 elementor-section-boxed elementor-section-height-default elementor-section-height-default parallax_section_no qode_elementor_container_no\" data-id=\"1bb3b48\" data-element_type=\"section\" data-settings=\"{&quot;_ha_eqh_enable&quot;:false}\">\n<div class=\"elementor-container elementor-column-gap-default\">\n<div class=\"elementor-column elementor-col-100 elementor-top-column elementor-element elementor-element-f7d1969\" data-id=\"f7d1969\" data-element_type=\"column\">\n<div class=\"elementor-widget-wrap elementor-element-populated\">\n<div class=\"elementor-element elementor-element-c216304 elementor-widget elementor-widget-text-editor\" data-id=\"c216304\" data-element_type=\"widget\" data-widget_type=\"text-editor.default\">\n<div class=\"elementor-widget-container\">\n                                    <\/br><\/br><\/br><\/p>\n<h1><span style=\"font-size: 36pt;\">Politique de confidentialit\u00e9<\/span><\/h1>\n<h1><\/h1>\n<p>                                    Probl\u00e8mes communs pour toutes les activit\u00e9s de traitement de donn\u00e9es :<\/p>\n<p>                                    <strong>Qui est responsable du traitement de vos donn\u00e9es ?<\/strong><\/p>\n<ul>\n<li>Nom de l&rsquo;entreprise : <a class=\"ancla\" title=\"Aller \u00e0 l'adresse et au t\u00e9l\u00e9phone\">BLAU ABOGADOS Y ASESORES SLP<\/a><\/li>\n<li>Num\u00e9ro d&rsquo;identification fiscale (NIF) : B54988720<\/li>\n<li>Adresse : PASEO DE LA LIBERTAD, 2 &#8211; PISO 2 E, CP 03181 TORREVIEJA, Alicante<\/li>\n<li>T\u00e9l\u00e9phone : 965718795<\/li>\n<li>E-mail : info@blauabogados.com<\/li>\n<\/ul>\n<p>                                    <strong>Quels sont vos droits lorsque vous nous fournissez vos donn\u00e9es ?<\/strong><\/p>\n<p>                                    Toute personne a le droit d&rsquo;obtenir la confirmation que des donn\u00e9es personnelles la concernant sont en cours de traitement ou non. \u00c0 cet \u00e9gard, vous avez le droit de demander :<br \/>\n                                    <strong>Acc\u00e8s :<\/strong> La personne qui nous fournit ses donn\u00e9es aura le droit d&rsquo;obtenir du responsable du traitement la confirmation que ses donn\u00e9es sont en cours de traitement, ainsi que des informations d\u00e9taill\u00e9es sur certains aspects du traitement en cours.<br \/>\n                                    <strong>Rectification :<\/strong> La personne qui nous fournit ses donn\u00e9es aura le droit d&rsquo;obtenir la rectification des donn\u00e9es personnelles inexactes la concernant ou de faire compl\u00e9ter des donn\u00e9es incompl\u00e8tes.<br \/>\n                                    <strong>Effacement :<\/strong> La personne qui nous fournit ses donn\u00e9es aura le droit de demander l&rsquo;effacement de ses donn\u00e9es personnelles ; dans tous les cas, l&rsquo;effacement sera soumis aux limites \u00e9tablies par la r\u00e9glementation en vigueur.<br \/>\n                                    <strong>Limitation du traitement :<\/strong> La personne qui nous fournit ses donn\u00e9es aura le droit de demander la limitation du traitement de ses donn\u00e9es personnelles.<br \/>\n                                    <strong>Opposition au traitement :<\/strong> Dans certaines circonstances, et pour des raisons li\u00e9es \u00e0 sa situation particuli\u00e8re, la personne qui nous fournit ses donn\u00e9es peut s&rsquo;opposer \u00e0 leur traitement. L&rsquo;entit\u00e9 cessera de les traiter, sauf pour des motifs l\u00e9gitimes et imp\u00e9rieux, ou pour l&rsquo;exercice ou la d\u00e9fense de r\u00e9clamations \u00e9ventuelles.<br \/>\n                                    <strong>Droit \u00e0 la portabilit\u00e9 des donn\u00e9es :<\/strong> La personne qui nous fournit ses donn\u00e9es aura le droit de recevoir les donn\u00e9es personnelles la concernant, qu&rsquo;elle a fournies au responsable du traitement, dans un format structur\u00e9, couramment utilis\u00e9 et lisible par machine, ainsi que de transmettre ces donn\u00e9es \u00e0 un autre responsable du traitement.<\/p>\n<p>                                    Vous pouvez exercer ces droits en contactant le responsable du traitement. \u00c0 cet effet, vous pouvez utiliser les coordonn\u00e9es fournies au d\u00e9but de ce document. Si vous souhaitez des informations suppl\u00e9mentaires concernant l&rsquo;exercice de vos droits, vous pouvez \u00e9galement contacter l&rsquo;Agence espagnole de protection des donn\u00e9es (AEPD). De m\u00eame, nous vous informons que, si vous le jugez appropri\u00e9, vous avez le droit de retirer votre consentement pour des finalit\u00e9s sp\u00e9cifiques \u00e0 tout moment, sans que cela n&rsquo;affecte la lic\u00e9it\u00e9 du traitement fond\u00e9 sur votre consentement ant\u00e9rieur.<\/p>\n<p>                                    Si vous estimez que vos droits n&rsquo;ont pas \u00e9t\u00e9 d\u00fbment pris en compte, vous pouvez d\u00e9poser une plainte aupr\u00e8s de l&rsquo;Agence espagnole de protection des donn\u00e9es (C\/ Jorge Juan, 6 &#8211; 28001 Madrid ou sur www.agpd.es).<\/p>\n<p>                                    Probl\u00e8mes sp\u00e9cifiques pour chaque activit\u00e9 de traitement :<\/p>\n<h3>TRAITEMENT DES INCIDENTS DE S\u00c9CURIT\u00c9<\/h3>\n<p>                                    <strong>Quel est l&rsquo;objectif du traitement de vos donn\u00e9es personnelles ?<\/strong><br \/>\n                                    G\u00e9rer et signaler les incidents de s\u00e9curit\u00e9.<\/p>\n<p>                                    <strong>Combien de temps traiterons-nous vos donn\u00e9es ?<\/strong><br \/>\n                                    Elles seront conserv\u00e9es pendant le temps n\u00e9cessaire \u00e0 la r\u00e9alisation de l&rsquo;objectif pour lequel elles ont \u00e9t\u00e9 collect\u00e9es et \u00e0 la d\u00e9termination des \u00e9ventuelles responsabilit\u00e9s pouvant d\u00e9couler de cet objectif et du traitement des donn\u00e9es. Une fois ce d\u00e9lai \u00e9coul\u00e9, elles seront annul\u00e9es\/supprim\u00e9es d&rsquo;office.<\/p>\n<p>                                    <strong>Pourquoi traitons-nous vos donn\u00e9es ?<\/strong><br \/>\n                                    Obligation l\u00e9gale.<\/p>\n<p>                                    <strong>\u00c0 qui vos donn\u00e9es seront-elles communiqu\u00e9es ?<\/strong><br \/>\n                                    Administration fiscale, autres organismes de l&rsquo;administration publique.<\/p>\n<h3>TRAITEMENT DU MARKETING DE PRODUITS<\/h3>\n<p>                                    <strong>Quel est l&rsquo;objectif du traitement de vos donn\u00e9es personnelles ?<\/strong><br \/>\n                                    Fournir la distribution ou la commercialisation de nos produits, gestion fiscale et comptable pour se conformer aux obligations l\u00e9gales.<\/p>\n<p>                                    <strong>Combien de temps traiterons-nous vos donn\u00e9es ?<\/strong><br \/>\n                                    Elles seront conserv\u00e9es pendant le temps n\u00e9cessaire \u00e0 la r\u00e9alisation de l&rsquo;objectif pour lequel elles ont \u00e9t\u00e9 collect\u00e9es et \u00e0 la d\u00e9termination des \u00e9ventuelles responsabilit\u00e9s pouvant d\u00e9couler de cet objectif et du traitement des donn\u00e9es. Une fois ce d\u00e9lai \u00e9coul\u00e9, elles seront annul\u00e9es\/supprim\u00e9es d&rsquo;office.<\/p>\n<p>                                    <strong>Pourquoi traitons-nous vos donn\u00e9es ?<\/strong><br \/>\n                                    Ex\u00e9cution d&rsquo;un contrat.<\/p>\n<p>                                    <strong>\u00c0 qui vos donn\u00e9es seront-elles communiqu\u00e9es ?<\/strong><br \/>\n                                    Administration fiscale, organisations ou personnes directement li\u00e9es au responsable du traitement.<\/p>\n<h3>TRAITEMENT DES CONTACTS<\/h3>\n<p>                                    <strong>Quel est l&rsquo;objectif du traitement de vos donn\u00e9es personnelles ?<\/strong><br \/>\n                                    G\u00e9rer et r\u00e9pondre aux demandes d&rsquo;informations et de devis, ainsi que maintenir le contact \u00e0 des fins professionnelles ou commerciales avec des personnes physiques, y compris celles repr\u00e9sentant des personnes morales, avec lesquelles l&rsquo;entit\u00e9 entretient une relation.<\/p>\n<p>                                    <strong>Combien de temps traiterons-nous vos donn\u00e9es ?<\/strong><br \/>\n                                    Elles seront conserv\u00e9es pendant le temps n\u00e9cessaire \u00e0 la r\u00e9alisation de l&rsquo;objectif pour lequel elles ont \u00e9t\u00e9 collect\u00e9es et \u00e0 la d\u00e9termination des \u00e9ventuelles responsabilit\u00e9s pouvant d\u00e9couler de cet objectif et du traitement des donn\u00e9es. Une fois ce d\u00e9lai \u00e9coul\u00e9, elles seront annul\u00e9es\/supprim\u00e9es d&rsquo;office.<\/p>\n<p>                                    <strong>Pourquoi traitons-nous vos donn\u00e9es ?<\/strong><br \/>\n                                    Int\u00e9r\u00eat l\u00e9gitime.<\/p>\n<p>                                    <strong>\u00c0 qui vos donn\u00e9es seront-elles communiqu\u00e9es ?<\/strong><br \/>\n                                    Aucune donn\u00e9e n&rsquo;est transf\u00e9r\u00e9e \u00e0 des tiers, sauf obligations l\u00e9gales.<\/p>\n<h3>TRAITEMENT DE L&rsquo;EXERCICE DES DROITS<\/h3>\n<p>                                    <strong>Quel est l&rsquo;objectif du traitement de vos donn\u00e9es personnelles ?<\/strong><br \/>\n                                    G\u00e9rer l&rsquo;exercice des droits pr\u00e9vus par la l\u00e9gislation sur la protection des donn\u00e9es et des formulaires de plainte.<\/p>\n<p>                                    <strong>Combien de temps traiterons-nous vos donn\u00e9es ?<\/strong><br \/>\n                                    Elles seront conserv\u00e9es pendant le temps n\u00e9cessaire \u00e0 la r\u00e9solution des r\u00e9clamations.<\/p>\n<p>                                    <strong>Pourquoi traitons-nous vos donn\u00e9es ?<\/strong><br \/>\n                                    Obligation l\u00e9gale.<\/p>\n<p>                                    <strong>\u00c0 qui vos donn\u00e9es seront-elles communiqu\u00e9es ?<\/strong><br \/>\n                                    Autres organismes de l&rsquo;administration publique.<\/p>\n<h3>TRAITEMENT DES FOURNISSEURS<\/h3>\n<p>                                    <strong>Quel est l&rsquo;objectif du traitement de vos donn\u00e9es personnelles ?<\/strong><br \/>\n                                    G\u00e9rer la relation commerciale avec les fournisseurs.<\/p>\n<p>                                    <strong>Combien de temps traiterons-nous vos donn\u00e9es ?<\/strong><br \/>\n                                    Elles seront conserv\u00e9es pendant le temps n\u00e9cessaire \u00e0 la r\u00e9alisation de l&rsquo;objectif pour lequel elles ont \u00e9t\u00e9 collect\u00e9es et \u00e0 la d\u00e9termination des \u00e9ventuelles responsabilit\u00e9s pouvant d\u00e9couler de cet objectif et du traitement des donn\u00e9es. Une fois ce d\u00e9lai \u00e9coul\u00e9, elles seront annul\u00e9es\/supprim\u00e9es d&rsquo;office.<\/p>\n<p>                                    <strong>Pourquoi traitons-nous vos donn\u00e9es ?<\/strong><br \/>\n                                    Ex\u00e9cution d&rsquo;un contrat.<\/p>\n<p>                                    <strong>\u00c0 qui vos donn\u00e9es seront-elles communiqu\u00e9es ?<\/strong><br \/>\n                                    Administration fiscale, banques, caisses d&rsquo;\u00e9pargne et caisses rurales.<\/p>\n<h3>TRAITEMENT DES RESSOURCES HUMAINES<\/h3>\n<p>                                    <strong>Quel est l&rsquo;objectif du traitement de vos donn\u00e9es personnelles ?<\/strong><br \/>\n                                    G\u00e9rer le personnel de l&rsquo;entit\u00e9, y compris la pr\u00e9vention des risques professionnels et le contr\u00f4le du temps.<\/p>\n<p>                                    <strong>Combien de temps traiterons-nous vos donn\u00e9es ?<\/strong><br \/>\n                                    Elles seront conserv\u00e9es pendant le temps n\u00e9cessaire \u00e0 la r\u00e9alisation de l&rsquo;objectif pour lequel elles ont \u00e9t\u00e9 collect\u00e9es et \u00e0 la d\u00e9termination des \u00e9ventuelles responsabilit\u00e9s pouvant d\u00e9couler de cet objectif et du traitement des donn\u00e9es. Une fois ce d\u00e9lai \u00e9coul\u00e9, elles seront annul\u00e9es\/supprim\u00e9es d&rsquo;office.<\/p>\n<p>                                    <strong>Pourquoi traitons-nous vos donn\u00e9es ?<\/strong><br \/>\n                                    Ex\u00e9cution d&rsquo;un contrat, int\u00e9r\u00eat l\u00e9gitime, obligation l\u00e9gale.<\/p>\n<p>                                    <strong>\u00c0 qui vos donn\u00e9es seront-elles communiqu\u00e9es ?<\/strong><br \/>\n                                    Administration fiscale, banques, caisses d&rsquo;\u00e9pargne et caisses rurales, organismes de s\u00e9curit\u00e9 sociale, organisations ou personnes directement li\u00e9es au responsable du traitement, autres organismes de l&rsquo;administration publique.<\/p>\n<h3>TRAITEMENT DE LA S\u00c9LECTION DU PERSONNEL<\/h3>\n<p>                                    <strong>Quel est l&rsquo;objectif du traitement de vos donn\u00e9es personnelles ?<\/strong><br \/>\n                                    G\u00e9rer la relation avec les candidats \u00e0 un emploi au sein de l&rsquo;entit\u00e9.<\/p>\n<p>                                    <strong>Combien de temps traiterons-nous vos donn\u00e9es ?<\/strong><br \/>\n                                    Elles seront conserv\u00e9es pendant le temps n\u00e9cessaire \u00e0 la r\u00e9alisation de l&rsquo;objectif pour lequel elles ont \u00e9t\u00e9 collect\u00e9es et \u00e0 la d\u00e9termination des \u00e9ventuelles responsabilit\u00e9s pouvant d\u00e9couler de cet objectif et du traitement des donn\u00e9es. Une fois ce d\u00e9lai \u00e9coul\u00e9, elles seront annul\u00e9es\/supprim\u00e9es d&rsquo;office.<\/p>\n<p>                                    <strong>Pourquoi traitons-nous vos donn\u00e9es ?<\/strong><br \/>\n                                    Consentement et signature de la personne.<\/p>\n<p>                                    <strong>\u00c0 qui vos donn\u00e9es seront-elles communiqu\u00e9es ?<\/strong><br \/>\n                                    Aucune donn\u00e9e n&rsquo;est transf\u00e9r\u00e9e \u00e0 des tiers, sauf obligations l\u00e9gales.<\/p><\/div><\/div><\/div><\/div><\/div>\n<\/section><\/div><\/div>\n<\/div>\n","protected":false},"excerpt":{"rendered":"<p>Politique de confidentialit\u00e9 Probl\u00e8mes communs pour toutes les activit\u00e9s de traitement de donn\u00e9es : Qui est responsable du traitement de vos donn\u00e9es ? Nom de l&rsquo;entreprise : BLAU ABOGADOS Y ASESORES SLP Num\u00e9ro d&rsquo;identification fiscale (NIF) : B54988720 Adresse : PASEO DE LA LIBERTAD, 2 &#8211; PISO 2 E, CP 03181 TORREVIEJA, Alicante T\u00e9l\u00e9phone :  [&#8230;]<\/p>\n","protected":false},"author":9,"featured_media":0,"parent":0,"menu_order":0,"comment_status":"closed","ping_status":"closed","template":"","meta":{"_joinchat":[],"footnotes":""},"class_list":["post-2331","page","type-page","status-publish","hentry"],"yoast_head":"<!-- This site is optimized with the Yoast SEO plugin v24.4 - https:\/\/yoast.com\/wordpress\/plugins\/seo\/ -->\n<title>Politique de confidentialit\u00e9 - BLAU Solicitors<\/title>\n<meta name=\"description\" content=\"Real Estate &amp; Tax Lawyers in Orihuela Costa. Reliable Solicitors and Tax Advisors in Costa Blanca experts on conveyancing\" \/>\n<meta name=\"robots\" content=\"index, follow, max-snippet:-1, max-image-preview:large, max-video-preview:-1\" \/>\n<link rel=\"canonical\" href=\"https:\/\/blauabogados.com\/politique-de-confidentialite\/\" \/>\n<meta property=\"og:locale\" content=\"fr_FR\" \/>\n<meta property=\"og:type\" content=\"article\" \/>\n<meta property=\"og:title\" content=\"Politique de confidentialit\u00e9 - BLAU Solicitors\" \/>\n<meta property=\"og:description\" content=\"Real Estate &amp; Tax Lawyers in Orihuela Costa. Reliable Solicitors and Tax Advisors in Costa Blanca experts on conveyancing\" \/>\n<meta property=\"og:url\" content=\"https:\/\/blauabogados.com\/politique-de-confidentialite\/\" \/>\n<meta property=\"og:site_name\" content=\"BLAU Solicitors\" \/>\n<meta name=\"twitter:card\" content=\"summary_large_image\" \/>\n<meta name=\"twitter:label1\" content=\"Dur\u00e9e de lecture estim\u00e9e\" \/>\n\t<meta name=\"twitter:data1\" content=\"7 minutes\" \/>\n<script type=\"application\/ld+json\" class=\"yoast-schema-graph\">{\"@context\":\"https:\/\/schema.org\",\"@graph\":[{\"@type\":\"WebPage\",\"@id\":\"https:\/\/blauabogados.com\/politique-de-confidentialite\/\",\"url\":\"https:\/\/blauabogados.com\/politique-de-confidentialite\/\",\"name\":\"Politique de confidentialit\u00e9 - BLAU Solicitors\",\"isPartOf\":{\"@id\":\"https:\/\/blauabogados.com\/#website\"},\"datePublished\":\"2023-08-02T12:53:40+00:00\",\"description\":\"Real Estate & Tax Lawyers in Orihuela Costa. Reliable Solicitors and Tax Advisors in Costa Blanca experts on conveyancing\",\"breadcrumb\":{\"@id\":\"https:\/\/blauabogados.com\/politique-de-confidentialite\/#breadcrumb\"},\"inLanguage\":\"fr-FR\",\"potentialAction\":[{\"@type\":\"ReadAction\",\"target\":[\"https:\/\/blauabogados.com\/politique-de-confidentialite\/\"]}]},{\"@type\":\"BreadcrumbList\",\"@id\":\"https:\/\/blauabogados.com\/politique-de-confidentialite\/#breadcrumb\",\"itemListElement\":[{\"@type\":\"ListItem\",\"position\":1,\"name\":\"Portada\",\"item\":\"https:\/\/blauabogados.com\/?lang=fr\"},{\"@type\":\"ListItem\",\"position\":2,\"name\":\"Politique de confidentialit\u00e9\"}]},{\"@type\":\"WebSite\",\"@id\":\"https:\/\/blauabogados.com\/#website\",\"url\":\"https:\/\/blauabogados.com\/\",\"name\":\"BLAU Solicitors\",\"description\":\"Real Estate and Tax Lawyers in Costa Blanca\",\"publisher\":{\"@id\":\"https:\/\/blauabogados.com\/#organization\"},\"potentialAction\":[{\"@type\":\"SearchAction\",\"target\":{\"@type\":\"EntryPoint\",\"urlTemplate\":\"https:\/\/blauabogados.com\/?s={search_term_string}\"},\"query-input\":{\"@type\":\"PropertyValueSpecification\",\"valueRequired\":true,\"valueName\":\"search_term_string\"}}],\"inLanguage\":\"fr-FR\"},{\"@type\":\"Organization\",\"@id\":\"https:\/\/blauabogados.com\/#organization\",\"name\":\"Blau Abogados y Asesores\",\"url\":\"https:\/\/blauabogados.com\/\",\"logo\":{\"@type\":\"ImageObject\",\"inLanguage\":\"fr-FR\",\"@id\":\"https:\/\/blauabogados.com\/#\/schema\/logo\/image\/\",\"url\":\"https:\/\/blauabogados.com\/wp-content\/uploads\/2022\/04\/1-scaled.jpg\",\"contentUrl\":\"https:\/\/blauabogados.com\/wp-content\/uploads\/2022\/04\/1-scaled.jpg\",\"width\":2560,\"height\":1600,\"caption\":\"Blau Abogados y Asesores\"},\"image\":{\"@id\":\"https:\/\/blauabogados.com\/#\/schema\/logo\/image\/\"},\"sameAs\":[\"https:\/\/www.instagram.com\/blau_abogados\/\"]}]}<\/script>\n<!-- \/ Yoast SEO plugin. -->","yoast_head_json":{"title":"Politique de confidentialit\u00e9 - BLAU Solicitors","description":"Real Estate & Tax Lawyers in Orihuela Costa. Reliable Solicitors and Tax Advisors in Costa Blanca experts on conveyancing","robots":{"index":"index","follow":"follow","max-snippet":"max-snippet:-1","max-image-preview":"max-image-preview:large","max-video-preview":"max-video-preview:-1"},"canonical":"https:\/\/blauabogados.com\/politique-de-confidentialite\/","og_locale":"fr_FR","og_type":"article","og_title":"Politique de confidentialit\u00e9 - BLAU Solicitors","og_description":"Real Estate & Tax Lawyers in Orihuela Costa. Reliable Solicitors and Tax Advisors in Costa Blanca experts on conveyancing","og_url":"https:\/\/blauabogados.com\/politique-de-confidentialite\/","og_site_name":"BLAU Solicitors","twitter_card":"summary_large_image","twitter_misc":{"Dur\u00e9e de lecture estim\u00e9e":"7 minutes"},"schema":{"@context":"https:\/\/schema.org","@graph":[{"@type":"WebPage","@id":"https:\/\/blauabogados.com\/politique-de-confidentialite\/","url":"https:\/\/blauabogados.com\/politique-de-confidentialite\/","name":"Politique de confidentialit\u00e9 - BLAU Solicitors","isPartOf":{"@id":"https:\/\/blauabogados.com\/#website"},"datePublished":"2023-08-02T12:53:40+00:00","description":"Real Estate & Tax Lawyers in Orihuela Costa. Reliable Solicitors and Tax Advisors in Costa Blanca experts on conveyancing","breadcrumb":{"@id":"https:\/\/blauabogados.com\/politique-de-confidentialite\/#breadcrumb"},"inLanguage":"fr-FR","potentialAction":[{"@type":"ReadAction","target":["https:\/\/blauabogados.com\/politique-de-confidentialite\/"]}]},{"@type":"BreadcrumbList","@id":"https:\/\/blauabogados.com\/politique-de-confidentialite\/#breadcrumb","itemListElement":[{"@type":"ListItem","position":1,"name":"Portada","item":"https:\/\/blauabogados.com\/?lang=fr"},{"@type":"ListItem","position":2,"name":"Politique de confidentialit\u00e9"}]},{"@type":"WebSite","@id":"https:\/\/blauabogados.com\/#website","url":"https:\/\/blauabogados.com\/","name":"BLAU Solicitors","description":"Real Estate and Tax Lawyers in Costa Blanca","publisher":{"@id":"https:\/\/blauabogados.com\/#organization"},"potentialAction":[{"@type":"SearchAction","target":{"@type":"EntryPoint","urlTemplate":"https:\/\/blauabogados.com\/?s={search_term_string}"},"query-input":{"@type":"PropertyValueSpecification","valueRequired":true,"valueName":"search_term_string"}}],"inLanguage":"fr-FR"},{"@type":"Organization","@id":"https:\/\/blauabogados.com\/#organization","name":"Blau Abogados y Asesores","url":"https:\/\/blauabogados.com\/","logo":{"@type":"ImageObject","inLanguage":"fr-FR","@id":"https:\/\/blauabogados.com\/#\/schema\/logo\/image\/","url":"https:\/\/blauabogados.com\/wp-content\/uploads\/2022\/04\/1-scaled.jpg","contentUrl":"https:\/\/blauabogados.com\/wp-content\/uploads\/2022\/04\/1-scaled.jpg","width":2560,"height":1600,"caption":"Blau Abogados y Asesores"},"image":{"@id":"https:\/\/blauabogados.com\/#\/schema\/logo\/image\/"},"sameAs":["https:\/\/www.instagram.com\/blau_abogados\/"]}]}},"_links":{"self":[{"href":"https:\/\/blauabogados.com\/fr\/wp-json\/wp\/v2\/pages\/2331","targetHints":{"allow":["GET"]}}],"collection":[{"href":"https:\/\/blauabogados.com\/fr\/wp-json\/wp\/v2\/pages"}],"about":[{"href":"https:\/\/blauabogados.com\/fr\/wp-json\/wp\/v2\/types\/page"}],"author":[{"embeddable":true,"href":"https:\/\/blauabogados.com\/fr\/wp-json\/wp\/v2\/users\/9"}],"replies":[{"embeddable":true,"href":"https:\/\/blauabogados.com\/fr\/wp-json\/wp\/v2\/comments?post=2331"}],"version-history":[{"count":0,"href":"https:\/\/blauabogados.com\/fr\/wp-json\/wp\/v2\/pages\/2331\/revisions"}],"wp:attachment":[{"href":"https:\/\/blauabogados.com\/fr\/wp-json\/wp\/v2\/media?parent=2331"}],"curies":[{"name":"wp","href":"https:\/\/api.w.org\/{rel}","templated":true}]}}