{"id":716,"date":"2020-04-22T10:16:18","date_gmt":"2020-04-22T10:16:18","guid":{"rendered":"http:\/\/blauabogados.com\/?page_id=716"},"modified":"2023-11-09T14:20:36","modified_gmt":"2023-11-09T13:20:36","slug":"sucesiones-y-herencias-asesoramiento-internacional","status":"publish","type":"page","link":"https:\/\/blauabogados.com\/es\/sucesiones-y-herencias-asesoramiento-internacional\/","title":{"rendered":"Sucesiones y Herencias"},"content":{"rendered":"<section class=\"wpb-content-wrapper\"><p>[vc_row full_width=\u00bbstretch_row\u00bb][vc_column][vc_empty_space height=\u00bb110px\u00bb][\/vc_column][\/vc_row][vc_row full_width=\u00bbstretch_row\u00bb][vc_column][vc_empty_space height=\u00bb30px\u00bb][vc_column_text]<\/p>\n<h2 style=\"text-align: center;\">Derecho sucesorio y tramitaci\u00f3n de herencias<\/h2>\n<p>[\/vc_column_text][vc_empty_space height=\u00bb30px\u00bb][\/vc_column][\/vc_row][vc_row][vc_column width=\u00bb1\/2&#8243;][vc_column_text]Gestionamos procedimientos sucesorios tanto de <strong>nacionales como de extranjeros con bienes en Espa\u00f1a,<\/strong> abarcando todas las fases:<\/p>\n<p><span style=\"color: #00b2ca;\"><strong>Diagn\u00f3stico inicial:<\/strong><\/span> que incluye el conocimiento de la estructura familiar y patrimonial del interesado, as\u00ed como sus deseos.<\/p>\n<p><span style=\"color: #00b2ca;\"><strong>Estrategia sucesoria patrimonial:<\/strong><\/span> En esta fase nos aseguramos que la <strong>organizaci\u00f3n patrimonial es legal y fiscalmente \u00f3ptima,<\/strong> y que los deseos del testador cumplen con la legalidad en materia sucesoria.<\/p>\n<p><strong><span style=\"color: #00b2ca;\">Elaboracion del testamento:<\/span><\/strong> Coordinaci\u00f3n con el Notario para que el testamento plasme la <strong>voluntad fiel del testador<\/strong> de acuerdo con la planificaci\u00f3n sucesoria previamente elaborada.<\/p>\n<p><span style=\"color: #00b2ca;\"><strong>Sucesi\u00f3n y herencia:<\/strong><\/span> Una vez producido el fallecimiento asesoraremos a los herededos, hayamos intervenido o no en las fases previas, sobre el procedimiento sucesorio, apertura del testamento, opciones para la <strong>partici\u00f3n y aceptaci\u00f3n de la herencia, liquidaci\u00f3n de impuestos, costes&#8230;<\/strong>[\/vc_column_text][\/vc_column][vc_column width=\u00bb1\/2&#8243;][vc_column_text]<img decoding=\"async\" class=\"alignnone size-full wp-image-745\" src=\"http:\/\/blauabogados.com\/wp-content\/uploads\/2020\/04\/blau-abogados-derecho5.jpg\" alt=\"\" width=\"626\" height=\"417\" srcset=\"https:\/\/blauabogados.com\/wp-content\/uploads\/2020\/04\/blau-abogados-derecho5-200x133.jpg 200w, https:\/\/blauabogados.com\/wp-content\/uploads\/2020\/04\/blau-abogados-derecho5-300x200.jpg 300w, https:\/\/blauabogados.com\/wp-content\/uploads\/2020\/04\/blau-abogados-derecho5-400x266.jpg 400w, https:\/\/blauabogados.com\/wp-content\/uploads\/2020\/04\/blau-abogados-derecho5-600x400.jpg 600w, https:\/\/blauabogados.com\/wp-content\/uploads\/2020\/04\/blau-abogados-derecho5.jpg 626w\" sizes=\"(max-width: 626px) 100vw, 626px\" \/>[\/vc_column_text][\/vc_column][\/vc_row][vc_row full_width=\u00bbstretch_row\u00bb][vc_column][vc_empty_space height=\u00bb110px\u00bb][\/vc_column][\/vc_row][vc_row full_width=\u00bbstretch_row\u00bb css=\u00bb.vc_custom_1488214032879{background-color: #07b3bc !important;}\u00bb][vc_column][vc_empty_space height=\u00bb30px\u00bb][vc_row_inner][vc_column_inner][vc_column_text]<\/p>\n<h2 style=\"text-align: center;\"><span style=\"color: #000000; font-size: 24pt;\">\u00bfQUIERES UN ESTUDIO GRATUITO DE TU HERENCIA?<\/span><\/h2>\n<p>[\/vc_column_text][vc_btn title=\u00bbSI, QUIERO CONTACTAR SIN COMPROMISO\u00bb style=\u00bboutline-custom\u00bb outline_custom_color=\u00bb#ffffff\u00bb outline_custom_hover_background=\u00bb#1a181a\u00bb outline_custom_hover_text=\u00bb#ffffff\u00bb align=\u00bbcenter\u00bb i_align=\u00bbright\u00bb i_type=\u00bbentypo\u00bb i_icon_entypo=\u00bbentypo-icon entypo-icon-right-open-big\u00bb add_icon=\u00bbtrue\u00bb link=\u00bburl:https%3A%2F%2Fblauabogados.com%2Fcontacto%2F|title:CONTACTO\u00bb][\/vc_column_inner][\/vc_row_inner][vc_empty_space height=\u00bb20px\u00bb][\/vc_column][\/vc_row]<\/p>\n<\/section>","protected":false},"excerpt":{"rendered":"<p>[vc_row full_width=\u00bbstretch_row\u00bb][vc_column][vc_empty_space height=\u00bb110px\u00bb][\/vc_column][\/vc_row][vc_row full_width=\u00bbstretch_row\u00bb][vc_column][vc_empty_space height=\u00bb30px\u00bb][vc_column_text] Derecho sucesorio y tramitaci\u00f3n de herencias [\/vc_column_text][vc_empty_space height=\u00bb30px\u00bb][\/vc_column][\/vc_row][vc_row][vc_column width=\u00bb1\/2&#8243;][vc_column_text]Gestionamos procedimientos sucesorios tanto de nacionales como de extranjeros con bienes en Espa\u00f1a, abarcando todas las fases: Diagn\u00f3stico inicial: que incluye el conocimiento de la estructura familiar y patrimonial del interesado, as\u00ed como sus deseos. Estrategia sucesoria patrimonial: En esta fase nos  [&#8230;]<\/p>\n","protected":false},"author":2,"featured_media":0,"parent":0,"menu_order":0,"comment_status":"closed","ping_status":"closed","template":"","meta":{"_joinchat":[],"footnotes":""},"class_list":["post-716","page","type-page","status-publish","hentry"],"yoast_head":"<!-- This site is optimized with the Yoast SEO plugin v24.4 - https:\/\/yoast.com\/wordpress\/plugins\/seo\/ -->\n<title>Sucesiones y Herencias - BLAU Solicitors<\/title>\n<meta name=\"description\" content=\"Real Estate &amp; Tax Lawyers in Orihuela Costa. Reliable Solicitors and Tax Advisors in Costa Blanca experts on conveyancing\" \/>\n<meta name=\"robots\" content=\"index, follow, max-snippet:-1, max-image-preview:large, max-video-preview:-1\" \/>\n<link rel=\"canonical\" href=\"https:\/\/blauabogados.com\/es\/sucesiones-y-herencias-asesoramiento-internacional\/\" \/>\n<meta property=\"og:locale\" content=\"es_ES\" \/>\n<meta property=\"og:type\" content=\"article\" \/>\n<meta property=\"og:title\" content=\"Sucesiones y Herencias - BLAU Solicitors\" \/>\n<meta property=\"og:description\" content=\"Real Estate &amp; Tax Lawyers in Orihuela Costa. Reliable Solicitors and Tax Advisors in Costa Blanca experts on conveyancing\" \/>\n<meta property=\"og:url\" content=\"https:\/\/blauabogados.com\/es\/sucesiones-y-herencias-asesoramiento-internacional\/\" \/>\n<meta property=\"og:site_name\" content=\"BLAU Solicitors\" \/>\n<meta property=\"article:modified_time\" content=\"2023-11-09T13:20:36+00:00\" \/>\n<meta property=\"og:image\" content=\"http:\/\/blauabogados.com\/wp-content\/uploads\/2020\/04\/blau-abogados-derecho5.jpg\" \/>\n<meta name=\"twitter:card\" content=\"summary_large_image\" \/>\n<meta name=\"twitter:label1\" content=\"Tiempo de lectura\" \/>\n\t<meta name=\"twitter:data1\" content=\"2 minutos\" \/>\n<script type=\"application\/ld+json\" class=\"yoast-schema-graph\">{\"@context\":\"https:\/\/schema.org\",\"@graph\":[{\"@type\":\"WebPage\",\"@id\":\"https:\/\/blauabogados.com\/es\/sucesiones-y-herencias-asesoramiento-internacional\/\",\"url\":\"https:\/\/blauabogados.com\/es\/sucesiones-y-herencias-asesoramiento-internacional\/\",\"name\":\"Sucesiones y Herencias - BLAU Solicitors\",\"isPartOf\":{\"@id\":\"https:\/\/blauabogados.com\/#website\"},\"primaryImageOfPage\":{\"@id\":\"https:\/\/blauabogados.com\/es\/sucesiones-y-herencias-asesoramiento-internacional\/#primaryimage\"},\"image\":{\"@id\":\"https:\/\/blauabogados.com\/es\/sucesiones-y-herencias-asesoramiento-internacional\/#primaryimage\"},\"thumbnailUrl\":\"http:\/\/blauabogados.com\/wp-content\/uploads\/2020\/04\/blau-abogados-derecho5.jpg\",\"datePublished\":\"2020-04-22T10:16:18+00:00\",\"dateModified\":\"2023-11-09T13:20:36+00:00\",\"description\":\"Real Estate & Tax Lawyers in Orihuela Costa. Reliable Solicitors and Tax Advisors in Costa Blanca experts on conveyancing\",\"breadcrumb\":{\"@id\":\"https:\/\/blauabogados.com\/es\/sucesiones-y-herencias-asesoramiento-internacional\/#breadcrumb\"},\"inLanguage\":\"es\",\"potentialAction\":[{\"@type\":\"ReadAction\",\"target\":[\"https:\/\/blauabogados.com\/es\/sucesiones-y-herencias-asesoramiento-internacional\/\"]}]},{\"@type\":\"ImageObject\",\"inLanguage\":\"es\",\"@id\":\"https:\/\/blauabogados.com\/es\/sucesiones-y-herencias-asesoramiento-internacional\/#primaryimage\",\"url\":\"http:\/\/blauabogados.com\/wp-content\/uploads\/2020\/04\/blau-abogados-derecho5.jpg\",\"contentUrl\":\"http:\/\/blauabogados.com\/wp-content\/uploads\/2020\/04\/blau-abogados-derecho5.jpg\"},{\"@type\":\"BreadcrumbList\",\"@id\":\"https:\/\/blauabogados.com\/es\/sucesiones-y-herencias-asesoramiento-internacional\/#breadcrumb\",\"itemListElement\":[{\"@type\":\"ListItem\",\"position\":1,\"name\":\"Portada\",\"item\":\"https:\/\/blauabogados.com\/?lang=es\"},{\"@type\":\"ListItem\",\"position\":2,\"name\":\"Sucesiones y Herencias\"}]},{\"@type\":\"WebSite\",\"@id\":\"https:\/\/blauabogados.com\/#website\",\"url\":\"https:\/\/blauabogados.com\/\",\"name\":\"BLAU Solicitors\",\"description\":\"Real Estate and Tax Lawyers in Costa Blanca\",\"publisher\":{\"@id\":\"https:\/\/blauabogados.com\/#organization\"},\"potentialAction\":[{\"@type\":\"SearchAction\",\"target\":{\"@type\":\"EntryPoint\",\"urlTemplate\":\"https:\/\/blauabogados.com\/?s={search_term_string}\"},\"query-input\":{\"@type\":\"PropertyValueSpecification\",\"valueRequired\":true,\"valueName\":\"search_term_string\"}}],\"inLanguage\":\"es\"},{\"@type\":\"Organization\",\"@id\":\"https:\/\/blauabogados.com\/#organization\",\"name\":\"Blau Abogados y Asesores\",\"url\":\"https:\/\/blauabogados.com\/\",\"logo\":{\"@type\":\"ImageObject\",\"inLanguage\":\"es\",\"@id\":\"https:\/\/blauabogados.com\/#\/schema\/logo\/image\/\",\"url\":\"https:\/\/blauabogados.com\/wp-content\/uploads\/2022\/04\/1-scaled.jpg\",\"contentUrl\":\"https:\/\/blauabogados.com\/wp-content\/uploads\/2022\/04\/1-scaled.jpg\",\"width\":2560,\"height\":1600,\"caption\":\"Blau Abogados y Asesores\"},\"image\":{\"@id\":\"https:\/\/blauabogados.com\/#\/schema\/logo\/image\/\"},\"sameAs\":[\"https:\/\/www.instagram.com\/blau_abogados\/\"]}]}<\/script>\n<!-- \/ Yoast SEO plugin. -->","yoast_head_json":{"title":"Sucesiones y Herencias - BLAU Solicitors","description":"Real Estate & Tax Lawyers in Orihuela Costa. Reliable Solicitors and Tax Advisors in Costa Blanca experts on conveyancing","robots":{"index":"index","follow":"follow","max-snippet":"max-snippet:-1","max-image-preview":"max-image-preview:large","max-video-preview":"max-video-preview:-1"},"canonical":"https:\/\/blauabogados.com\/es\/sucesiones-y-herencias-asesoramiento-internacional\/","og_locale":"es_ES","og_type":"article","og_title":"Sucesiones y Herencias - BLAU Solicitors","og_description":"Real Estate & Tax Lawyers in Orihuela Costa. Reliable Solicitors and Tax Advisors in Costa Blanca experts on conveyancing","og_url":"https:\/\/blauabogados.com\/es\/sucesiones-y-herencias-asesoramiento-internacional\/","og_site_name":"BLAU Solicitors","article_modified_time":"2023-11-09T13:20:36+00:00","og_image":[{"url":"http:\/\/blauabogados.com\/wp-content\/uploads\/2020\/04\/blau-abogados-derecho5.jpg","type":"","width":"","height":""}],"twitter_card":"summary_large_image","twitter_misc":{"Tiempo de lectura":"2 minutos"},"schema":{"@context":"https:\/\/schema.org","@graph":[{"@type":"WebPage","@id":"https:\/\/blauabogados.com\/es\/sucesiones-y-herencias-asesoramiento-internacional\/","url":"https:\/\/blauabogados.com\/es\/sucesiones-y-herencias-asesoramiento-internacional\/","name":"Sucesiones y Herencias - BLAU Solicitors","isPartOf":{"@id":"https:\/\/blauabogados.com\/#website"},"primaryImageOfPage":{"@id":"https:\/\/blauabogados.com\/es\/sucesiones-y-herencias-asesoramiento-internacional\/#primaryimage"},"image":{"@id":"https:\/\/blauabogados.com\/es\/sucesiones-y-herencias-asesoramiento-internacional\/#primaryimage"},"thumbnailUrl":"http:\/\/blauabogados.com\/wp-content\/uploads\/2020\/04\/blau-abogados-derecho5.jpg","datePublished":"2020-04-22T10:16:18+00:00","dateModified":"2023-11-09T13:20:36+00:00","description":"Real Estate & Tax Lawyers in Orihuela Costa. Reliable Solicitors and Tax Advisors in Costa Blanca experts on conveyancing","breadcrumb":{"@id":"https:\/\/blauabogados.com\/es\/sucesiones-y-herencias-asesoramiento-internacional\/#breadcrumb"},"inLanguage":"es","potentialAction":[{"@type":"ReadAction","target":["https:\/\/blauabogados.com\/es\/sucesiones-y-herencias-asesoramiento-internacional\/"]}]},{"@type":"ImageObject","inLanguage":"es","@id":"https:\/\/blauabogados.com\/es\/sucesiones-y-herencias-asesoramiento-internacional\/#primaryimage","url":"http:\/\/blauabogados.com\/wp-content\/uploads\/2020\/04\/blau-abogados-derecho5.jpg","contentUrl":"http:\/\/blauabogados.com\/wp-content\/uploads\/2020\/04\/blau-abogados-derecho5.jpg"},{"@type":"BreadcrumbList","@id":"https:\/\/blauabogados.com\/es\/sucesiones-y-herencias-asesoramiento-internacional\/#breadcrumb","itemListElement":[{"@type":"ListItem","position":1,"name":"Portada","item":"https:\/\/blauabogados.com\/?lang=es"},{"@type":"ListItem","position":2,"name":"Sucesiones y Herencias"}]},{"@type":"WebSite","@id":"https:\/\/blauabogados.com\/#website","url":"https:\/\/blauabogados.com\/","name":"BLAU Solicitors","description":"Real Estate and Tax Lawyers in Costa Blanca","publisher":{"@id":"https:\/\/blauabogados.com\/#organization"},"potentialAction":[{"@type":"SearchAction","target":{"@type":"EntryPoint","urlTemplate":"https:\/\/blauabogados.com\/?s={search_term_string}"},"query-input":{"@type":"PropertyValueSpecification","valueRequired":true,"valueName":"search_term_string"}}],"inLanguage":"es"},{"@type":"Organization","@id":"https:\/\/blauabogados.com\/#organization","name":"Blau Abogados y Asesores","url":"https:\/\/blauabogados.com\/","logo":{"@type":"ImageObject","inLanguage":"es","@id":"https:\/\/blauabogados.com\/#\/schema\/logo\/image\/","url":"https:\/\/blauabogados.com\/wp-content\/uploads\/2022\/04\/1-scaled.jpg","contentUrl":"https:\/\/blauabogados.com\/wp-content\/uploads\/2022\/04\/1-scaled.jpg","width":2560,"height":1600,"caption":"Blau Abogados y Asesores"},"image":{"@id":"https:\/\/blauabogados.com\/#\/schema\/logo\/image\/"},"sameAs":["https:\/\/www.instagram.com\/blau_abogados\/"]}]}},"_links":{"self":[{"href":"https:\/\/blauabogados.com\/es\/wp-json\/wp\/v2\/pages\/716","targetHints":{"allow":["GET"]}}],"collection":[{"href":"https:\/\/blauabogados.com\/es\/wp-json\/wp\/v2\/pages"}],"about":[{"href":"https:\/\/blauabogados.com\/es\/wp-json\/wp\/v2\/types\/page"}],"author":[{"embeddable":true,"href":"https:\/\/blauabogados.com\/es\/wp-json\/wp\/v2\/users\/2"}],"replies":[{"embeddable":true,"href":"https:\/\/blauabogados.com\/es\/wp-json\/wp\/v2\/comments?post=716"}],"version-history":[{"count":1,"href":"https:\/\/blauabogados.com\/es\/wp-json\/wp\/v2\/pages\/716\/revisions"}],"predecessor-version":[{"id":2618,"href":"https:\/\/blauabogados.com\/es\/wp-json\/wp\/v2\/pages\/716\/revisions\/2618"}],"wp:attachment":[{"href":"https:\/\/blauabogados.com\/es\/wp-json\/wp\/v2\/media?parent=716"}],"curies":[{"name":"wp","href":"https:\/\/api.w.org\/{rel}","templated":true}]}}