{"id":715,"date":"2020-04-22T10:14:23","date_gmt":"2020-04-22T10:14:23","guid":{"rendered":"http:\/\/blauabogados.com\/?page_id=715"},"modified":"2023-11-09T14:23:02","modified_gmt":"2023-11-09T13:23:02","slug":"derecho-civil","status":"publish","type":"page","link":"https:\/\/blauabogados.com\/es\/derecho-civil\/","title":{"rendered":"Derecho Civil"},"content":{"rendered":"<section class=\"wpb-content-wrapper\"><p>[vc_row][vc_column][vc_column_text]<div class=\"fusion-fullwidth fullwidth-box fusion-builder-row-1 nonhundred-percent-fullwidth non-hundred-percent-height-scrolling\" style=\"--awb-border-radius-top-left:0px;--awb-border-radius-top-right:0px;--awb-border-radius-bottom-right:0px;--awb-border-radius-bottom-left:0px;--awb-flex-wrap:wrap;\" ><\/div><div class=\"fusion-builder-row fusion-row\"><\/div><div class=\"fusion-layout-column fusion_builder_column fusion-builder-column-0 fusion_builder_column_1_1 1_1 fusion-one-full fusion-column-first fusion-column-last\" style=\"--awb-bg-size:cover;--awb-margin-bottom:0px;width:100%;\"><div class=\"fusion-column-wrapper fusion-flex-column-wrapper-legacy\"><div class=\"fusion-clearfix\"><\/div><\/div><\/div><div class=\"fusion-text fusion-text-1\"><\/div>[\/vc_column_text][\/vc_column][\/vc_row][vc_row full_width=\u00bbstretch_row\u00bb css=\u00bb.vc_custom_1672238892314{background-color: #ffffff !important;}\u00bb][vc_column][\/vc_column][\/vc_row][vc_row full_width=\u00bbstretch_row\u00bb css=\u00bb.vc_custom_1672238884574{background-color: #ffffff !important;}\u00bb][vc_column][vc_empty_space height=\u00bb30px\u00bb][vc_column_text]<\/p>\n<h2 style=\"text-align: center;\"><span style=\"color: #000000;\">Derecho Civil<\/span><\/h2>\n<p>[\/vc_column_text][vc_empty_space height=\u00bb30px\u00bb][\/vc_column][\/vc_row][vc_row full_width=\u00bbstretch_row\u00bb css=\u00bb.vc_custom_1672241728355{background-color: #ffffff !important;}\u00bb][vc_column width=\u00bb1\/2&#8243;][vc_column_text]Representamos a nuestros clientes con dedicaci\u00f3n y profesionalidad, resolviendo los posibles conflictos derivados de las <span style=\"color: #00b2ca;\"><strong>relaciones entre particulares<\/strong> <\/span>y empresas en la <strong><span style=\"color: #00b2ca;\">v\u00eda civil.<\/span><\/strong><\/p>\n<p>En el \u00e1mbito civil y siempre que sea posible optamos por la <strong>mediaci\u00f3n<\/strong> desde una perspectiva conciliadora, negociando las soluciones que mejor se adaptan a los intereses de nuestros clientes.<\/p>\n<p>Cuando la conciliaci\u00f3n y la mediaci\u00f3n entre las partes no proporciona el resultado esperado, aconsejamos acudir a la <strong>v\u00eda judicial<\/strong>, donde asumimos la defensa letrada de nuestros clientes proporcionando unos <strong>servicios jur\u00eddicos de alta calidad,<\/strong> trabajando el procedimiento con mucho esfuerzo para obtener siempre el mejor resultado.<\/p>\n<ul>\n<li>Reclamaciones a seguros<\/li>\n<li>Desahucios<\/li>\n<li>Contratos de Mediaci\u00f3n<\/li>\n<li>Reclamaciones de deudas<\/li>\n<li>Gastos Hipotecarios<\/li>\n<\/ul>\n<p>[\/vc_column_text][\/vc_column][vc_column width=\u00bb1\/2&#8243;][vc_column_text]<img decoding=\"async\" class=\"alignnone size-full wp-image-740\" src=\"http:\/\/blauabogados.com\/wp-content\/uploads\/2020\/04\/blau-abogados-derecho4.jpg\" alt=\"\" width=\"626\" height=\"417\" srcset=\"https:\/\/blauabogados.com\/wp-content\/uploads\/2020\/04\/blau-abogados-derecho4-200x133.jpg 200w, https:\/\/blauabogados.com\/wp-content\/uploads\/2020\/04\/blau-abogados-derecho4-300x200.jpg 300w, https:\/\/blauabogados.com\/wp-content\/uploads\/2020\/04\/blau-abogados-derecho4-400x266.jpg 400w, https:\/\/blauabogados.com\/wp-content\/uploads\/2020\/04\/blau-abogados-derecho4-600x400.jpg 600w, https:\/\/blauabogados.com\/wp-content\/uploads\/2020\/04\/blau-abogados-derecho4.jpg 626w\" sizes=\"(max-width: 626px) 100vw, 626px\" \/>[\/vc_column_text][\/vc_column][\/vc_row][vc_row full_width=\u00bbstretch_row\u00bb css=\u00bb.vc_custom_1672241803180{background-color: #00bb2CA !important;}\u00bb][vc_column][vc_empty_space height=\u00bb30px\u00bb][vc_row_inner][vc_column_inner][vc_column_text]<\/p>\n<h2 style=\"text-align: center;\"><span style=\"color: #ffffff; font-size: 24pt;\">QUEREMOS AYUDARTE<\/span><\/h2>\n<p style=\"text-align: center;\"><span style=\"color: #ffffff;\">Solicita informaci\u00f3n, primera consulta gratuita<\/span><\/p>\n<p>[\/vc_column_text][vc_btn title=\u00bbNECESITO ASESORAMIENTO\u00bb style=\u00bboutline-custom\u00bb outline_custom_color=\u00bb#ffffff\u00bb outline_custom_hover_background=\u00bb#1a181a\u00bb outline_custom_hover_text=\u00bb#ffffff\u00bb align=\u00bbcenter\u00bb i_align=\u00bbright\u00bb i_type=\u00bbentypo\u00bb i_icon_entypo=\u00bbentypo-icon entypo-icon-right-open-big\u00bb add_icon=\u00bbtrue\u00bb link=\u00bburl:https%3A%2F%2Fblauabogados.com%2Fcontacto%2F|title:CONTACTO\u00bb][\/vc_column_inner][\/vc_row_inner][\/vc_column][\/vc_row]<\/p>\n<\/section>","protected":false},"excerpt":{"rendered":"<p>[vc_row][vc_column][vc_column_text][\/vc_column_text][\/vc_column][\/vc_row][vc_row full_width=\u00bbstretch_row\u00bb css=\u00bb.vc_custom_1672238892314{background-color: #ffffff !important;}\u00bb][vc_column][\/vc_column][\/vc_row][vc_row full_width=\u00bbstretch_row\u00bb css=\u00bb.vc_custom_1672238884574{background-color: #ffffff !important;}\u00bb][vc_column][vc_empty_space height=\u00bb30px\u00bb][vc_column_text] Derecho Civil [\/vc_column_text][vc_empty_space height=\u00bb30px\u00bb][\/vc_column][\/vc_row][vc_row full_width=\u00bbstretch_row\u00bb css=\u00bb.vc_custom_1672241728355{background-color: #ffffff !important;}\u00bb][vc_column width=\u00bb1\/2&#8243;][vc_column_text]Representamos a nuestros clientes con dedicaci\u00f3n y profesionalidad, resolviendo los posibles conflictos derivados de las relaciones entre particulares y empresas en la v\u00eda civil. En el \u00e1mbito civil y siempre que sea posible optamos por la mediaci\u00f3n  [&#8230;]<\/p>\n","protected":false},"author":2,"featured_media":0,"parent":0,"menu_order":0,"comment_status":"closed","ping_status":"closed","template":"","meta":{"_joinchat":[],"footnotes":""},"class_list":["post-715","page","type-page","status-publish","hentry"],"yoast_head":"<!-- This site is optimized with the Yoast SEO plugin v24.4 - https:\/\/yoast.com\/wordpress\/plugins\/seo\/ -->\n<title>Derecho Civil - BLAU Solicitors<\/title>\n<meta name=\"description\" content=\"Real Estate &amp; Tax Lawyers in Orihuela Costa. Reliable Solicitors and Tax Advisors in Costa Blanca experts on conveyancing\" \/>\n<meta name=\"robots\" content=\"index, follow, max-snippet:-1, max-image-preview:large, max-video-preview:-1\" \/>\n<link rel=\"canonical\" href=\"https:\/\/blauabogados.com\/es\/derecho-civil\/\" \/>\n<meta property=\"og:locale\" content=\"es_ES\" \/>\n<meta property=\"og:type\" content=\"article\" \/>\n<meta property=\"og:title\" content=\"Derecho Civil - BLAU Solicitors\" \/>\n<meta property=\"og:description\" content=\"Real Estate &amp; Tax Lawyers in Orihuela Costa. Reliable Solicitors and Tax Advisors in Costa Blanca experts on conveyancing\" \/>\n<meta property=\"og:url\" content=\"https:\/\/blauabogados.com\/es\/derecho-civil\/\" \/>\n<meta property=\"og:site_name\" content=\"BLAU Solicitors\" \/>\n<meta property=\"article:modified_time\" content=\"2023-11-09T13:23:02+00:00\" \/>\n<meta property=\"og:image\" content=\"http:\/\/blauabogados.com\/wp-content\/uploads\/2020\/04\/blau-abogados-derecho4.jpg\" \/>\n<meta name=\"twitter:card\" content=\"summary_large_image\" \/>\n<meta name=\"twitter:label1\" content=\"Tiempo de lectura\" \/>\n\t<meta name=\"twitter:data1\" content=\"2 minutos\" \/>\n<script type=\"application\/ld+json\" class=\"yoast-schema-graph\">{\"@context\":\"https:\/\/schema.org\",\"@graph\":[{\"@type\":\"WebPage\",\"@id\":\"https:\/\/blauabogados.com\/es\/derecho-civil\/\",\"url\":\"https:\/\/blauabogados.com\/es\/derecho-civil\/\",\"name\":\"Derecho Civil - BLAU Solicitors\",\"isPartOf\":{\"@id\":\"https:\/\/blauabogados.com\/#website\"},\"primaryImageOfPage\":{\"@id\":\"https:\/\/blauabogados.com\/es\/derecho-civil\/#primaryimage\"},\"image\":{\"@id\":\"https:\/\/blauabogados.com\/es\/derecho-civil\/#primaryimage\"},\"thumbnailUrl\":\"http:\/\/blauabogados.com\/wp-content\/uploads\/2020\/04\/blau-abogados-derecho4.jpg\",\"datePublished\":\"2020-04-22T10:14:23+00:00\",\"dateModified\":\"2023-11-09T13:23:02+00:00\",\"description\":\"Real Estate & Tax Lawyers in Orihuela Costa. Reliable Solicitors and Tax Advisors in Costa Blanca experts on conveyancing\",\"breadcrumb\":{\"@id\":\"https:\/\/blauabogados.com\/es\/derecho-civil\/#breadcrumb\"},\"inLanguage\":\"es\",\"potentialAction\":[{\"@type\":\"ReadAction\",\"target\":[\"https:\/\/blauabogados.com\/es\/derecho-civil\/\"]}]},{\"@type\":\"ImageObject\",\"inLanguage\":\"es\",\"@id\":\"https:\/\/blauabogados.com\/es\/derecho-civil\/#primaryimage\",\"url\":\"http:\/\/blauabogados.com\/wp-content\/uploads\/2020\/04\/blau-abogados-derecho4.jpg\",\"contentUrl\":\"http:\/\/blauabogados.com\/wp-content\/uploads\/2020\/04\/blau-abogados-derecho4.jpg\"},{\"@type\":\"BreadcrumbList\",\"@id\":\"https:\/\/blauabogados.com\/es\/derecho-civil\/#breadcrumb\",\"itemListElement\":[{\"@type\":\"ListItem\",\"position\":1,\"name\":\"Portada\",\"item\":\"https:\/\/blauabogados.com\/?lang=es\"},{\"@type\":\"ListItem\",\"position\":2,\"name\":\"Derecho Civil\"}]},{\"@type\":\"WebSite\",\"@id\":\"https:\/\/blauabogados.com\/#website\",\"url\":\"https:\/\/blauabogados.com\/\",\"name\":\"BLAU Solicitors\",\"description\":\"Real Estate and Tax Lawyers in Costa Blanca\",\"publisher\":{\"@id\":\"https:\/\/blauabogados.com\/#organization\"},\"potentialAction\":[{\"@type\":\"SearchAction\",\"target\":{\"@type\":\"EntryPoint\",\"urlTemplate\":\"https:\/\/blauabogados.com\/?s={search_term_string}\"},\"query-input\":{\"@type\":\"PropertyValueSpecification\",\"valueRequired\":true,\"valueName\":\"search_term_string\"}}],\"inLanguage\":\"es\"},{\"@type\":\"Organization\",\"@id\":\"https:\/\/blauabogados.com\/#organization\",\"name\":\"Blau Abogados y Asesores\",\"url\":\"https:\/\/blauabogados.com\/\",\"logo\":{\"@type\":\"ImageObject\",\"inLanguage\":\"es\",\"@id\":\"https:\/\/blauabogados.com\/#\/schema\/logo\/image\/\",\"url\":\"https:\/\/blauabogados.com\/wp-content\/uploads\/2022\/04\/1-scaled.jpg\",\"contentUrl\":\"https:\/\/blauabogados.com\/wp-content\/uploads\/2022\/04\/1-scaled.jpg\",\"width\":2560,\"height\":1600,\"caption\":\"Blau Abogados y Asesores\"},\"image\":{\"@id\":\"https:\/\/blauabogados.com\/#\/schema\/logo\/image\/\"},\"sameAs\":[\"https:\/\/www.instagram.com\/blau_abogados\/\"]}]}<\/script>\n<!-- \/ Yoast SEO plugin. -->","yoast_head_json":{"title":"Derecho Civil - BLAU Solicitors","description":"Real Estate & Tax Lawyers in Orihuela Costa. Reliable Solicitors and Tax Advisors in Costa Blanca experts on conveyancing","robots":{"index":"index","follow":"follow","max-snippet":"max-snippet:-1","max-image-preview":"max-image-preview:large","max-video-preview":"max-video-preview:-1"},"canonical":"https:\/\/blauabogados.com\/es\/derecho-civil\/","og_locale":"es_ES","og_type":"article","og_title":"Derecho Civil - BLAU Solicitors","og_description":"Real Estate & Tax Lawyers in Orihuela Costa. Reliable Solicitors and Tax Advisors in Costa Blanca experts on conveyancing","og_url":"https:\/\/blauabogados.com\/es\/derecho-civil\/","og_site_name":"BLAU Solicitors","article_modified_time":"2023-11-09T13:23:02+00:00","og_image":[{"url":"http:\/\/blauabogados.com\/wp-content\/uploads\/2020\/04\/blau-abogados-derecho4.jpg","type":"","width":"","height":""}],"twitter_card":"summary_large_image","twitter_misc":{"Tiempo de lectura":"2 minutos"},"schema":{"@context":"https:\/\/schema.org","@graph":[{"@type":"WebPage","@id":"https:\/\/blauabogados.com\/es\/derecho-civil\/","url":"https:\/\/blauabogados.com\/es\/derecho-civil\/","name":"Derecho Civil - BLAU Solicitors","isPartOf":{"@id":"https:\/\/blauabogados.com\/#website"},"primaryImageOfPage":{"@id":"https:\/\/blauabogados.com\/es\/derecho-civil\/#primaryimage"},"image":{"@id":"https:\/\/blauabogados.com\/es\/derecho-civil\/#primaryimage"},"thumbnailUrl":"http:\/\/blauabogados.com\/wp-content\/uploads\/2020\/04\/blau-abogados-derecho4.jpg","datePublished":"2020-04-22T10:14:23+00:00","dateModified":"2023-11-09T13:23:02+00:00","description":"Real Estate & Tax Lawyers in Orihuela Costa. Reliable Solicitors and Tax Advisors in Costa Blanca experts on conveyancing","breadcrumb":{"@id":"https:\/\/blauabogados.com\/es\/derecho-civil\/#breadcrumb"},"inLanguage":"es","potentialAction":[{"@type":"ReadAction","target":["https:\/\/blauabogados.com\/es\/derecho-civil\/"]}]},{"@type":"ImageObject","inLanguage":"es","@id":"https:\/\/blauabogados.com\/es\/derecho-civil\/#primaryimage","url":"http:\/\/blauabogados.com\/wp-content\/uploads\/2020\/04\/blau-abogados-derecho4.jpg","contentUrl":"http:\/\/blauabogados.com\/wp-content\/uploads\/2020\/04\/blau-abogados-derecho4.jpg"},{"@type":"BreadcrumbList","@id":"https:\/\/blauabogados.com\/es\/derecho-civil\/#breadcrumb","itemListElement":[{"@type":"ListItem","position":1,"name":"Portada","item":"https:\/\/blauabogados.com\/?lang=es"},{"@type":"ListItem","position":2,"name":"Derecho Civil"}]},{"@type":"WebSite","@id":"https:\/\/blauabogados.com\/#website","url":"https:\/\/blauabogados.com\/","name":"BLAU Solicitors","description":"Real Estate and Tax Lawyers in Costa Blanca","publisher":{"@id":"https:\/\/blauabogados.com\/#organization"},"potentialAction":[{"@type":"SearchAction","target":{"@type":"EntryPoint","urlTemplate":"https:\/\/blauabogados.com\/?s={search_term_string}"},"query-input":{"@type":"PropertyValueSpecification","valueRequired":true,"valueName":"search_term_string"}}],"inLanguage":"es"},{"@type":"Organization","@id":"https:\/\/blauabogados.com\/#organization","name":"Blau Abogados y Asesores","url":"https:\/\/blauabogados.com\/","logo":{"@type":"ImageObject","inLanguage":"es","@id":"https:\/\/blauabogados.com\/#\/schema\/logo\/image\/","url":"https:\/\/blauabogados.com\/wp-content\/uploads\/2022\/04\/1-scaled.jpg","contentUrl":"https:\/\/blauabogados.com\/wp-content\/uploads\/2022\/04\/1-scaled.jpg","width":2560,"height":1600,"caption":"Blau Abogados y Asesores"},"image":{"@id":"https:\/\/blauabogados.com\/#\/schema\/logo\/image\/"},"sameAs":["https:\/\/www.instagram.com\/blau_abogados\/"]}]}},"_links":{"self":[{"href":"https:\/\/blauabogados.com\/es\/wp-json\/wp\/v2\/pages\/715","targetHints":{"allow":["GET"]}}],"collection":[{"href":"https:\/\/blauabogados.com\/es\/wp-json\/wp\/v2\/pages"}],"about":[{"href":"https:\/\/blauabogados.com\/es\/wp-json\/wp\/v2\/types\/page"}],"author":[{"embeddable":true,"href":"https:\/\/blauabogados.com\/es\/wp-json\/wp\/v2\/users\/2"}],"replies":[{"embeddable":true,"href":"https:\/\/blauabogados.com\/es\/wp-json\/wp\/v2\/comments?post=715"}],"version-history":[{"count":1,"href":"https:\/\/blauabogados.com\/es\/wp-json\/wp\/v2\/pages\/715\/revisions"}],"predecessor-version":[{"id":2621,"href":"https:\/\/blauabogados.com\/es\/wp-json\/wp\/v2\/pages\/715\/revisions\/2621"}],"wp:attachment":[{"href":"https:\/\/blauabogados.com\/es\/wp-json\/wp\/v2\/media?parent=715"}],"curies":[{"name":"wp","href":"https:\/\/api.w.org\/{rel}","templated":true}]}}