{"id":713,"date":"2020-04-22T10:10:26","date_gmt":"2020-04-22T10:10:26","guid":{"rendered":"http:\/\/blauabogados.com\/?page_id=713"},"modified":"2023-11-09T14:22:15","modified_gmt":"2023-11-09T13:22:15","slug":"derecho-y-contratacion-mercantil","status":"publish","type":"page","link":"https:\/\/blauabogados.com\/es\/derecho-y-contratacion-mercantil\/","title":{"rendered":"Mercantil y Concursal"},"content":{"rendered":"<section class=\"wpb-content-wrapper\"><p>[vc_row full_width=\u00bbstretch_row\u00bb][vc_column][vc_empty_space height=\u00bb110px\u00bb][\/vc_column][\/vc_row][vc_row full_width=\u00bbstretch_row\u00bb][vc_column][vc_empty_space height=\u00bb30px\u00bb][vc_column_text]<\/p>\n<h2 style=\"text-align: center;\">Derecho y Contrataci\u00f3n Mercantil<\/h2>\n<p>[\/vc_column_text][vc_empty_space height=\u00bb30px\u00bb][\/vc_column][\/vc_row][vc_row][vc_column width=\u00bb1\/2&#8243;][vc_column_text]Proporcionamos <strong>seguridad<\/strong> a empresas y aut\u00f3nomos tanto en materia <span style=\"color: #00b2ca;\"><strong>societaria y contractual<\/strong><\/span> como en el d\u00eda a d\u00edas de sus r<strong>elaciones con proveedores, colaboradores y clientes,<\/strong> incluyendo no s\u00f3lo las revisiones y redacciones contractuales con clientes y socios sino tambi\u00e9n las <strong>reclamaciones de deudas<\/strong> con los posibles morosos y la <strong>defensa judicial<\/strong> en los procedimientos <strong>comerciales y mercantiles<\/strong> en los que se puedan ver involucrados.<\/p>\n<p>Contamos adem\u00e1s con varios profesionales habilitados como <strong><span style=\"color: #00b2ca;\">Administradores Concursales<\/span>,<\/strong> lo cual nos ha permitido especializarnos en crisis de negocio e incertidumbre empresarial.<\/p>\n<p>Siempre abarcamos nuestra labor como abogados desde una perspectiva optimista intentamos rescatar los negocios, ayudando en las<strong> negociaciones<\/strong> necesarias y realizando los <strong>planes de viabilidad<\/strong> oportunos, acudiendo en su caso al <strong>concurso de acreedores, concurso express y liquidaciones<\/strong> mercantiles.[\/vc_column_text][\/vc_column][vc_column width=\u00bb1\/2&#8243;][vc_column_text]<img decoding=\"async\" class=\"size-full wp-image-732\" src=\"http:\/\/blauabogados.com\/wp-content\/uploads\/2020\/04\/blau-abogados-derecho2.jpg\" alt=\"\" width=\"626\" height=\"417\" srcset=\"https:\/\/blauabogados.com\/wp-content\/uploads\/2020\/04\/blau-abogados-derecho2-200x133.jpg 200w, https:\/\/blauabogados.com\/wp-content\/uploads\/2020\/04\/blau-abogados-derecho2-300x200.jpg 300w, https:\/\/blauabogados.com\/wp-content\/uploads\/2020\/04\/blau-abogados-derecho2-400x266.jpg 400w, https:\/\/blauabogados.com\/wp-content\/uploads\/2020\/04\/blau-abogados-derecho2-600x400.jpg 600w, https:\/\/blauabogados.com\/wp-content\/uploads\/2020\/04\/blau-abogados-derecho2.jpg 626w\" sizes=\"(max-width: 626px) 100vw, 626px\" \/>[\/vc_column_text][\/vc_column][\/vc_row][vc_row full_width=\u00bbstretch_row\u00bb][vc_column][vc_empty_space height=\u00bb110px\u00bb][\/vc_column][\/vc_row][vc_row full_width=\u00bbstretch_row\u00bb css=\u00bb.vc_custom_1488214032879{background-color: #07b3bc !important;}\u00bb][vc_column][vc_empty_space height=\u00bb30px\u00bb][vc_row_inner][vc_column_inner][vc_column_text]<\/p>\n<h2 style=\"text-align: center;\"><span style=\"color: #ffffff; font-size: 24pt;\">SOLICITA PRESUPUESTO<\/span><\/h2>\n<p>[\/vc_column_text][vc_btn title=\u00bbCONTACTAR\u00bb style=\u00bboutline-custom\u00bb outline_custom_color=\u00bb#ffffff\u00bb outline_custom_hover_background=\u00bb#1a181a\u00bb outline_custom_hover_text=\u00bb#ffffff\u00bb align=\u00bbcenter\u00bb i_align=\u00bbright\u00bb i_type=\u00bbentypo\u00bb i_icon_entypo=\u00bbentypo-icon entypo-icon-right-open-big\u00bb add_icon=\u00bbtrue\u00bb link=\u00bburl:https%3A%2F%2Fblauabogados.com%2Fcontacto%2F|title:CONTACTO\u00bb][\/vc_column_inner][\/vc_row_inner][vc_empty_space height=\u00bb20px\u00bb][\/vc_column][\/vc_row]<\/p>\n<\/section>","protected":false},"excerpt":{"rendered":"<p>[vc_row full_width=\u00bbstretch_row\u00bb][vc_column][vc_empty_space height=\u00bb110px\u00bb][\/vc_column][\/vc_row][vc_row full_width=\u00bbstretch_row\u00bb][vc_column][vc_empty_space height=\u00bb30px\u00bb][vc_column_text] Derecho y Contrataci\u00f3n Mercantil [\/vc_column_text][vc_empty_space height=\u00bb30px\u00bb][\/vc_column][\/vc_row][vc_row][vc_column width=\u00bb1\/2&#8243;][vc_column_text]Proporcionamos seguridad a empresas y aut\u00f3nomos tanto en materia societaria y contractual como en el d\u00eda a d\u00edas de sus relaciones con proveedores, colaboradores y clientes, incluyendo no s\u00f3lo las revisiones y redacciones contractuales con clientes y socios sino tambi\u00e9n las reclamaciones de deudas  [&#8230;]<\/p>\n","protected":false},"author":2,"featured_media":0,"parent":0,"menu_order":0,"comment_status":"closed","ping_status":"closed","template":"","meta":{"_joinchat":[],"footnotes":""},"class_list":["post-713","page","type-page","status-publish","hentry"],"yoast_head":"<!-- This site is optimized with the Yoast SEO plugin v24.4 - https:\/\/yoast.com\/wordpress\/plugins\/seo\/ -->\n<title>Mercantil y Concursal - BLAU Solicitors<\/title>\n<meta name=\"description\" content=\"Real Estate &amp; Tax Lawyers in Orihuela Costa. Reliable Solicitors and Tax Advisors in Costa Blanca experts on conveyancing\" \/>\n<meta name=\"robots\" content=\"index, follow, max-snippet:-1, max-image-preview:large, max-video-preview:-1\" \/>\n<link rel=\"canonical\" href=\"https:\/\/blauabogados.com\/es\/derecho-y-contratacion-mercantil\/\" \/>\n<meta property=\"og:locale\" content=\"es_ES\" \/>\n<meta property=\"og:type\" content=\"article\" \/>\n<meta property=\"og:title\" content=\"Mercantil y Concursal - BLAU Solicitors\" \/>\n<meta property=\"og:description\" content=\"Real Estate &amp; Tax Lawyers in Orihuela Costa. Reliable Solicitors and Tax Advisors in Costa Blanca experts on conveyancing\" \/>\n<meta property=\"og:url\" content=\"https:\/\/blauabogados.com\/es\/derecho-y-contratacion-mercantil\/\" \/>\n<meta property=\"og:site_name\" content=\"BLAU Solicitors\" \/>\n<meta property=\"article:modified_time\" content=\"2023-11-09T13:22:15+00:00\" \/>\n<meta property=\"og:image\" content=\"http:\/\/blauabogados.com\/wp-content\/uploads\/2020\/04\/blau-abogados-derecho2.jpg\" \/>\n<meta name=\"twitter:card\" content=\"summary_large_image\" \/>\n<meta name=\"twitter:label1\" content=\"Tiempo de lectura\" \/>\n\t<meta name=\"twitter:data1\" content=\"1 minuto\" \/>\n<script type=\"application\/ld+json\" class=\"yoast-schema-graph\">{\"@context\":\"https:\/\/schema.org\",\"@graph\":[{\"@type\":\"WebPage\",\"@id\":\"https:\/\/blauabogados.com\/es\/derecho-y-contratacion-mercantil\/\",\"url\":\"https:\/\/blauabogados.com\/es\/derecho-y-contratacion-mercantil\/\",\"name\":\"Mercantil y Concursal - BLAU Solicitors\",\"isPartOf\":{\"@id\":\"https:\/\/blauabogados.com\/#website\"},\"primaryImageOfPage\":{\"@id\":\"https:\/\/blauabogados.com\/es\/derecho-y-contratacion-mercantil\/#primaryimage\"},\"image\":{\"@id\":\"https:\/\/blauabogados.com\/es\/derecho-y-contratacion-mercantil\/#primaryimage\"},\"thumbnailUrl\":\"http:\/\/blauabogados.com\/wp-content\/uploads\/2020\/04\/blau-abogados-derecho2.jpg\",\"datePublished\":\"2020-04-22T10:10:26+00:00\",\"dateModified\":\"2023-11-09T13:22:15+00:00\",\"description\":\"Real Estate & Tax Lawyers in Orihuela Costa. Reliable Solicitors and Tax Advisors in Costa Blanca experts on conveyancing\",\"breadcrumb\":{\"@id\":\"https:\/\/blauabogados.com\/es\/derecho-y-contratacion-mercantil\/#breadcrumb\"},\"inLanguage\":\"es\",\"potentialAction\":[{\"@type\":\"ReadAction\",\"target\":[\"https:\/\/blauabogados.com\/es\/derecho-y-contratacion-mercantil\/\"]}]},{\"@type\":\"ImageObject\",\"inLanguage\":\"es\",\"@id\":\"https:\/\/blauabogados.com\/es\/derecho-y-contratacion-mercantil\/#primaryimage\",\"url\":\"http:\/\/blauabogados.com\/wp-content\/uploads\/2020\/04\/blau-abogados-derecho2.jpg\",\"contentUrl\":\"http:\/\/blauabogados.com\/wp-content\/uploads\/2020\/04\/blau-abogados-derecho2.jpg\"},{\"@type\":\"BreadcrumbList\",\"@id\":\"https:\/\/blauabogados.com\/es\/derecho-y-contratacion-mercantil\/#breadcrumb\",\"itemListElement\":[{\"@type\":\"ListItem\",\"position\":1,\"name\":\"Portada\",\"item\":\"https:\/\/blauabogados.com\/?lang=es\"},{\"@type\":\"ListItem\",\"position\":2,\"name\":\"Mercantil y Concursal\"}]},{\"@type\":\"WebSite\",\"@id\":\"https:\/\/blauabogados.com\/#website\",\"url\":\"https:\/\/blauabogados.com\/\",\"name\":\"BLAU Solicitors\",\"description\":\"Real Estate and Tax Lawyers in Costa Blanca\",\"publisher\":{\"@id\":\"https:\/\/blauabogados.com\/#organization\"},\"potentialAction\":[{\"@type\":\"SearchAction\",\"target\":{\"@type\":\"EntryPoint\",\"urlTemplate\":\"https:\/\/blauabogados.com\/?s={search_term_string}\"},\"query-input\":{\"@type\":\"PropertyValueSpecification\",\"valueRequired\":true,\"valueName\":\"search_term_string\"}}],\"inLanguage\":\"es\"},{\"@type\":\"Organization\",\"@id\":\"https:\/\/blauabogados.com\/#organization\",\"name\":\"Blau Abogados y Asesores\",\"url\":\"https:\/\/blauabogados.com\/\",\"logo\":{\"@type\":\"ImageObject\",\"inLanguage\":\"es\",\"@id\":\"https:\/\/blauabogados.com\/#\/schema\/logo\/image\/\",\"url\":\"https:\/\/blauabogados.com\/wp-content\/uploads\/2022\/04\/1-scaled.jpg\",\"contentUrl\":\"https:\/\/blauabogados.com\/wp-content\/uploads\/2022\/04\/1-scaled.jpg\",\"width\":2560,\"height\":1600,\"caption\":\"Blau Abogados y Asesores\"},\"image\":{\"@id\":\"https:\/\/blauabogados.com\/#\/schema\/logo\/image\/\"},\"sameAs\":[\"https:\/\/www.instagram.com\/blau_abogados\/\"]}]}<\/script>\n<!-- \/ Yoast SEO plugin. -->","yoast_head_json":{"title":"Mercantil y Concursal - BLAU Solicitors","description":"Real Estate & Tax Lawyers in Orihuela Costa. Reliable Solicitors and Tax Advisors in Costa Blanca experts on conveyancing","robots":{"index":"index","follow":"follow","max-snippet":"max-snippet:-1","max-image-preview":"max-image-preview:large","max-video-preview":"max-video-preview:-1"},"canonical":"https:\/\/blauabogados.com\/es\/derecho-y-contratacion-mercantil\/","og_locale":"es_ES","og_type":"article","og_title":"Mercantil y Concursal - BLAU Solicitors","og_description":"Real Estate & Tax Lawyers in Orihuela Costa. Reliable Solicitors and Tax Advisors in Costa Blanca experts on conveyancing","og_url":"https:\/\/blauabogados.com\/es\/derecho-y-contratacion-mercantil\/","og_site_name":"BLAU Solicitors","article_modified_time":"2023-11-09T13:22:15+00:00","og_image":[{"url":"http:\/\/blauabogados.com\/wp-content\/uploads\/2020\/04\/blau-abogados-derecho2.jpg","type":"","width":"","height":""}],"twitter_card":"summary_large_image","twitter_misc":{"Tiempo de lectura":"1 minuto"},"schema":{"@context":"https:\/\/schema.org","@graph":[{"@type":"WebPage","@id":"https:\/\/blauabogados.com\/es\/derecho-y-contratacion-mercantil\/","url":"https:\/\/blauabogados.com\/es\/derecho-y-contratacion-mercantil\/","name":"Mercantil y Concursal - BLAU Solicitors","isPartOf":{"@id":"https:\/\/blauabogados.com\/#website"},"primaryImageOfPage":{"@id":"https:\/\/blauabogados.com\/es\/derecho-y-contratacion-mercantil\/#primaryimage"},"image":{"@id":"https:\/\/blauabogados.com\/es\/derecho-y-contratacion-mercantil\/#primaryimage"},"thumbnailUrl":"http:\/\/blauabogados.com\/wp-content\/uploads\/2020\/04\/blau-abogados-derecho2.jpg","datePublished":"2020-04-22T10:10:26+00:00","dateModified":"2023-11-09T13:22:15+00:00","description":"Real Estate & Tax Lawyers in Orihuela Costa. Reliable Solicitors and Tax Advisors in Costa Blanca experts on conveyancing","breadcrumb":{"@id":"https:\/\/blauabogados.com\/es\/derecho-y-contratacion-mercantil\/#breadcrumb"},"inLanguage":"es","potentialAction":[{"@type":"ReadAction","target":["https:\/\/blauabogados.com\/es\/derecho-y-contratacion-mercantil\/"]}]},{"@type":"ImageObject","inLanguage":"es","@id":"https:\/\/blauabogados.com\/es\/derecho-y-contratacion-mercantil\/#primaryimage","url":"http:\/\/blauabogados.com\/wp-content\/uploads\/2020\/04\/blau-abogados-derecho2.jpg","contentUrl":"http:\/\/blauabogados.com\/wp-content\/uploads\/2020\/04\/blau-abogados-derecho2.jpg"},{"@type":"BreadcrumbList","@id":"https:\/\/blauabogados.com\/es\/derecho-y-contratacion-mercantil\/#breadcrumb","itemListElement":[{"@type":"ListItem","position":1,"name":"Portada","item":"https:\/\/blauabogados.com\/?lang=es"},{"@type":"ListItem","position":2,"name":"Mercantil y Concursal"}]},{"@type":"WebSite","@id":"https:\/\/blauabogados.com\/#website","url":"https:\/\/blauabogados.com\/","name":"BLAU Solicitors","description":"Real Estate and Tax Lawyers in Costa Blanca","publisher":{"@id":"https:\/\/blauabogados.com\/#organization"},"potentialAction":[{"@type":"SearchAction","target":{"@type":"EntryPoint","urlTemplate":"https:\/\/blauabogados.com\/?s={search_term_string}"},"query-input":{"@type":"PropertyValueSpecification","valueRequired":true,"valueName":"search_term_string"}}],"inLanguage":"es"},{"@type":"Organization","@id":"https:\/\/blauabogados.com\/#organization","name":"Blau Abogados y Asesores","url":"https:\/\/blauabogados.com\/","logo":{"@type":"ImageObject","inLanguage":"es","@id":"https:\/\/blauabogados.com\/#\/schema\/logo\/image\/","url":"https:\/\/blauabogados.com\/wp-content\/uploads\/2022\/04\/1-scaled.jpg","contentUrl":"https:\/\/blauabogados.com\/wp-content\/uploads\/2022\/04\/1-scaled.jpg","width":2560,"height":1600,"caption":"Blau Abogados y Asesores"},"image":{"@id":"https:\/\/blauabogados.com\/#\/schema\/logo\/image\/"},"sameAs":["https:\/\/www.instagram.com\/blau_abogados\/"]}]}},"_links":{"self":[{"href":"https:\/\/blauabogados.com\/es\/wp-json\/wp\/v2\/pages\/713","targetHints":{"allow":["GET"]}}],"collection":[{"href":"https:\/\/blauabogados.com\/es\/wp-json\/wp\/v2\/pages"}],"about":[{"href":"https:\/\/blauabogados.com\/es\/wp-json\/wp\/v2\/types\/page"}],"author":[{"embeddable":true,"href":"https:\/\/blauabogados.com\/es\/wp-json\/wp\/v2\/users\/2"}],"replies":[{"embeddable":true,"href":"https:\/\/blauabogados.com\/es\/wp-json\/wp\/v2\/comments?post=713"}],"version-history":[{"count":1,"href":"https:\/\/blauabogados.com\/es\/wp-json\/wp\/v2\/pages\/713\/revisions"}],"predecessor-version":[{"id":2620,"href":"https:\/\/blauabogados.com\/es\/wp-json\/wp\/v2\/pages\/713\/revisions\/2620"}],"wp:attachment":[{"href":"https:\/\/blauabogados.com\/es\/wp-json\/wp\/v2\/media?parent=713"}],"curies":[{"name":"wp","href":"https:\/\/api.w.org\/{rel}","templated":true}]}}