{"id":712,"date":"2020-04-22T10:09:27","date_gmt":"2020-04-22T10:09:27","guid":{"rendered":"http:\/\/blauabogados.com\/?page_id=712"},"modified":"2023-11-09T14:19:49","modified_gmt":"2023-11-09T13:19:49","slug":"urbanismo-y-medio-ambiente","status":"publish","type":"page","link":"https:\/\/blauabogados.com\/es\/urbanismo-y-medio-ambiente\/","title":{"rendered":"Urbanismo y Medio Ambiente"},"content":{"rendered":"<section class=\"wpb-content-wrapper\"><p>[vc_row full_width=\u00bbstretch_row\u00bb][vc_column][vc_empty_space height=\u00bb110px\u00bb][\/vc_column][\/vc_row][vc_row full_width=\u00bbstretch_row\u00bb][vc_column][vc_empty_space height=\u00bb30px\u00bb][vc_column_text]<\/p>\n<h2 style=\"text-align: center;\">Urbanismo y Medio Ambiente<\/h2>\n<p>[\/vc_column_text][vc_empty_space height=\u00bb30px\u00bb][\/vc_column][\/vc_row][vc_row][vc_column width=\u00bb1\/2&#8243;][vc_column_text]Representamos a empresas y profesionales en procedimientos relacionados con la <span style=\"color: #00b2ca;\"><strong>ordenaci\u00f3n del territorio, el urbanismo y medio ambiente.<\/strong><\/span><\/p>\n<p>Gestionamos y dirigimos desde la vertiente legal m\u00faltiples <strong>procedimientos urban\u00edsticos, constructivos y medioambientales<\/strong> en coordinaci\u00f3n con arquitectos, t\u00e9cnicos, ingenieros de confianza con quienes formamos equipo asistiendo legalmente todo el proceso y propocionando seguridad jur\u00eddica.<\/p>\n<p>Desde la obtenci\u00f3n de l<strong>icencias, convenios, AAI<\/strong> &#8216;s (autorizaci\u00f3n ambiental integrada) <strong>ATE<\/strong> (actuaciones territoriales estrat\u00e9gicas), expedientes relacionados con <strong>proyectos estrat\u00e9gicos y de inversi\u00f3n sostenible<\/strong> (infraestructura verde, instalaciones fotovoltaicas)&#8230;y todo ello sin olvidar la importancia de la defensa letrada y defensa del administrado en los <strong>conflictos con administraciones p\u00fablicas<\/strong> en estas materias, y otras m\u00e1s tradicionales relacionadas con el urbanismo y la ordenaci\u00f3n del territorio tales como las <strong>expropiaciones.<\/strong>[\/vc_column_text][\/vc_column][vc_column width=\u00bb1\/2&#8243;][vc_column_text]<img decoding=\"async\" class=\"alignnone size-full wp-image-728\" src=\"http:\/\/blauabogados.com\/wp-content\/uploads\/2020\/04\/blau.jpg\" alt=\"\" width=\"626\" height=\"417\" srcset=\"https:\/\/blauabogados.com\/wp-content\/uploads\/2020\/04\/blau-200x133.jpg 200w, https:\/\/blauabogados.com\/wp-content\/uploads\/2020\/04\/blau-300x200.jpg 300w, https:\/\/blauabogados.com\/wp-content\/uploads\/2020\/04\/blau-400x266.jpg 400w, https:\/\/blauabogados.com\/wp-content\/uploads\/2020\/04\/blau-600x400.jpg 600w, https:\/\/blauabogados.com\/wp-content\/uploads\/2020\/04\/blau.jpg 626w\" sizes=\"(max-width: 626px) 100vw, 626px\" \/>[\/vc_column_text][\/vc_column][\/vc_row][vc_row full_width=\u00bbstretch_row\u00bb][vc_column][vc_empty_space height=\u00bb110px\u00bb][\/vc_column][\/vc_row][vc_row full_width=\u00bbstretch_row\u00bb css=\u00bb.vc_custom_1488214032879{background-color: #07b3bc !important;}\u00bb][vc_column][vc_empty_space height=\u00bb30px\u00bb][vc_row_inner][vc_column_inner][vc_column_text]<\/p>\n<h2 style=\"text-align: center;\"><span style=\"color: #ffffff; font-size: 24pt;\">SOLICITA PRESUPUESTO<\/span><\/h2>\n<p>[\/vc_column_text][vc_btn title=\u00bbCONTACTAR\u00bb style=\u00bboutline-custom\u00bb outline_custom_color=\u00bb#ffffff\u00bb outline_custom_hover_background=\u00bb#1a181a\u00bb outline_custom_hover_text=\u00bb#ffffff\u00bb align=\u00bbcenter\u00bb i_align=\u00bbright\u00bb i_type=\u00bbentypo\u00bb i_icon_entypo=\u00bbentypo-icon entypo-icon-right-open-big\u00bb add_icon=\u00bbtrue\u00bb link=\u00bburl:https%3A%2F%2Fblauabogados.com%2Fcontacto%2F|title:CONTACTO\u00bb][\/vc_column_inner][\/vc_row_inner][vc_empty_space height=\u00bb20px\u00bb][\/vc_column][\/vc_row]<\/p>\n<\/section>","protected":false},"excerpt":{"rendered":"<p>[vc_row full_width=\u00bbstretch_row\u00bb][vc_column][vc_empty_space height=\u00bb110px\u00bb][\/vc_column][\/vc_row][vc_row full_width=\u00bbstretch_row\u00bb][vc_column][vc_empty_space height=\u00bb30px\u00bb][vc_column_text] Urbanismo y Medio Ambiente [\/vc_column_text][vc_empty_space height=\u00bb30px\u00bb][\/vc_column][\/vc_row][vc_row][vc_column width=\u00bb1\/2&#8243;][vc_column_text]Representamos a empresas y profesionales en procedimientos relacionados con la ordenaci\u00f3n del territorio, el urbanismo y medio ambiente. Gestionamos y dirigimos desde la vertiente legal m\u00faltiples procedimientos urban\u00edsticos, constructivos y medioambientales en coordinaci\u00f3n con arquitectos, t\u00e9cnicos, ingenieros de confianza con quienes formamos equipo asistiendo  [&#8230;]<\/p>\n","protected":false},"author":2,"featured_media":0,"parent":0,"menu_order":0,"comment_status":"closed","ping_status":"closed","template":"","meta":{"_joinchat":[],"footnotes":""},"class_list":["post-712","page","type-page","status-publish","hentry"],"yoast_head":"<!-- This site is optimized with the Yoast SEO plugin v24.4 - https:\/\/yoast.com\/wordpress\/plugins\/seo\/ -->\n<title>Urbanismo y Medio Ambiente - BLAU Solicitors<\/title>\n<meta name=\"description\" content=\"Real Estate &amp; Tax Lawyers in Orihuela Costa. Reliable Solicitors and Tax Advisors in Costa Blanca experts on conveyancing\" \/>\n<meta name=\"robots\" content=\"index, follow, max-snippet:-1, max-image-preview:large, max-video-preview:-1\" \/>\n<link rel=\"canonical\" href=\"https:\/\/blauabogados.com\/es\/urbanismo-y-medio-ambiente\/\" \/>\n<meta property=\"og:locale\" content=\"es_ES\" \/>\n<meta property=\"og:type\" content=\"article\" \/>\n<meta property=\"og:title\" content=\"Urbanismo y Medio Ambiente - BLAU Solicitors\" \/>\n<meta property=\"og:description\" content=\"Real Estate &amp; Tax Lawyers in Orihuela Costa. Reliable Solicitors and Tax Advisors in Costa Blanca experts on conveyancing\" \/>\n<meta property=\"og:url\" content=\"https:\/\/blauabogados.com\/es\/urbanismo-y-medio-ambiente\/\" \/>\n<meta property=\"og:site_name\" content=\"BLAU Solicitors\" \/>\n<meta property=\"article:modified_time\" content=\"2023-11-09T13:19:49+00:00\" \/>\n<meta property=\"og:image\" content=\"http:\/\/blauabogados.com\/wp-content\/uploads\/2020\/04\/blau.jpg\" \/>\n<meta name=\"twitter:card\" content=\"summary_large_image\" \/>\n<meta name=\"twitter:label1\" content=\"Tiempo de lectura\" \/>\n\t<meta name=\"twitter:data1\" content=\"1 minuto\" \/>\n<script type=\"application\/ld+json\" class=\"yoast-schema-graph\">{\"@context\":\"https:\/\/schema.org\",\"@graph\":[{\"@type\":\"WebPage\",\"@id\":\"https:\/\/blauabogados.com\/es\/urbanismo-y-medio-ambiente\/\",\"url\":\"https:\/\/blauabogados.com\/es\/urbanismo-y-medio-ambiente\/\",\"name\":\"Urbanismo y Medio Ambiente - BLAU Solicitors\",\"isPartOf\":{\"@id\":\"https:\/\/blauabogados.com\/#website\"},\"primaryImageOfPage\":{\"@id\":\"https:\/\/blauabogados.com\/es\/urbanismo-y-medio-ambiente\/#primaryimage\"},\"image\":{\"@id\":\"https:\/\/blauabogados.com\/es\/urbanismo-y-medio-ambiente\/#primaryimage\"},\"thumbnailUrl\":\"http:\/\/blauabogados.com\/wp-content\/uploads\/2020\/04\/blau.jpg\",\"datePublished\":\"2020-04-22T10:09:27+00:00\",\"dateModified\":\"2023-11-09T13:19:49+00:00\",\"description\":\"Real Estate & Tax Lawyers in Orihuela Costa. Reliable Solicitors and Tax Advisors in Costa Blanca experts on conveyancing\",\"breadcrumb\":{\"@id\":\"https:\/\/blauabogados.com\/es\/urbanismo-y-medio-ambiente\/#breadcrumb\"},\"inLanguage\":\"es\",\"potentialAction\":[{\"@type\":\"ReadAction\",\"target\":[\"https:\/\/blauabogados.com\/es\/urbanismo-y-medio-ambiente\/\"]}]},{\"@type\":\"ImageObject\",\"inLanguage\":\"es\",\"@id\":\"https:\/\/blauabogados.com\/es\/urbanismo-y-medio-ambiente\/#primaryimage\",\"url\":\"http:\/\/blauabogados.com\/wp-content\/uploads\/2020\/04\/blau.jpg\",\"contentUrl\":\"http:\/\/blauabogados.com\/wp-content\/uploads\/2020\/04\/blau.jpg\"},{\"@type\":\"BreadcrumbList\",\"@id\":\"https:\/\/blauabogados.com\/es\/urbanismo-y-medio-ambiente\/#breadcrumb\",\"itemListElement\":[{\"@type\":\"ListItem\",\"position\":1,\"name\":\"Portada\",\"item\":\"https:\/\/blauabogados.com\/?lang=es\"},{\"@type\":\"ListItem\",\"position\":2,\"name\":\"Urbanismo y Medio Ambiente\"}]},{\"@type\":\"WebSite\",\"@id\":\"https:\/\/blauabogados.com\/#website\",\"url\":\"https:\/\/blauabogados.com\/\",\"name\":\"BLAU Solicitors\",\"description\":\"Real Estate and Tax Lawyers in Costa Blanca\",\"publisher\":{\"@id\":\"https:\/\/blauabogados.com\/#organization\"},\"potentialAction\":[{\"@type\":\"SearchAction\",\"target\":{\"@type\":\"EntryPoint\",\"urlTemplate\":\"https:\/\/blauabogados.com\/?s={search_term_string}\"},\"query-input\":{\"@type\":\"PropertyValueSpecification\",\"valueRequired\":true,\"valueName\":\"search_term_string\"}}],\"inLanguage\":\"es\"},{\"@type\":\"Organization\",\"@id\":\"https:\/\/blauabogados.com\/#organization\",\"name\":\"Blau Abogados y Asesores\",\"url\":\"https:\/\/blauabogados.com\/\",\"logo\":{\"@type\":\"ImageObject\",\"inLanguage\":\"es\",\"@id\":\"https:\/\/blauabogados.com\/#\/schema\/logo\/image\/\",\"url\":\"https:\/\/blauabogados.com\/wp-content\/uploads\/2022\/04\/1-scaled.jpg\",\"contentUrl\":\"https:\/\/blauabogados.com\/wp-content\/uploads\/2022\/04\/1-scaled.jpg\",\"width\":2560,\"height\":1600,\"caption\":\"Blau Abogados y Asesores\"},\"image\":{\"@id\":\"https:\/\/blauabogados.com\/#\/schema\/logo\/image\/\"},\"sameAs\":[\"https:\/\/www.instagram.com\/blau_abogados\/\"]}]}<\/script>\n<!-- \/ Yoast SEO plugin. -->","yoast_head_json":{"title":"Urbanismo y Medio Ambiente - BLAU Solicitors","description":"Real Estate & Tax Lawyers in Orihuela Costa. Reliable Solicitors and Tax Advisors in Costa Blanca experts on conveyancing","robots":{"index":"index","follow":"follow","max-snippet":"max-snippet:-1","max-image-preview":"max-image-preview:large","max-video-preview":"max-video-preview:-1"},"canonical":"https:\/\/blauabogados.com\/es\/urbanismo-y-medio-ambiente\/","og_locale":"es_ES","og_type":"article","og_title":"Urbanismo y Medio Ambiente - BLAU Solicitors","og_description":"Real Estate & Tax Lawyers in Orihuela Costa. Reliable Solicitors and Tax Advisors in Costa Blanca experts on conveyancing","og_url":"https:\/\/blauabogados.com\/es\/urbanismo-y-medio-ambiente\/","og_site_name":"BLAU Solicitors","article_modified_time":"2023-11-09T13:19:49+00:00","og_image":[{"url":"http:\/\/blauabogados.com\/wp-content\/uploads\/2020\/04\/blau.jpg","type":"","width":"","height":""}],"twitter_card":"summary_large_image","twitter_misc":{"Tiempo de lectura":"1 minuto"},"schema":{"@context":"https:\/\/schema.org","@graph":[{"@type":"WebPage","@id":"https:\/\/blauabogados.com\/es\/urbanismo-y-medio-ambiente\/","url":"https:\/\/blauabogados.com\/es\/urbanismo-y-medio-ambiente\/","name":"Urbanismo y Medio Ambiente - BLAU Solicitors","isPartOf":{"@id":"https:\/\/blauabogados.com\/#website"},"primaryImageOfPage":{"@id":"https:\/\/blauabogados.com\/es\/urbanismo-y-medio-ambiente\/#primaryimage"},"image":{"@id":"https:\/\/blauabogados.com\/es\/urbanismo-y-medio-ambiente\/#primaryimage"},"thumbnailUrl":"http:\/\/blauabogados.com\/wp-content\/uploads\/2020\/04\/blau.jpg","datePublished":"2020-04-22T10:09:27+00:00","dateModified":"2023-11-09T13:19:49+00:00","description":"Real Estate & Tax Lawyers in Orihuela Costa. Reliable Solicitors and Tax Advisors in Costa Blanca experts on conveyancing","breadcrumb":{"@id":"https:\/\/blauabogados.com\/es\/urbanismo-y-medio-ambiente\/#breadcrumb"},"inLanguage":"es","potentialAction":[{"@type":"ReadAction","target":["https:\/\/blauabogados.com\/es\/urbanismo-y-medio-ambiente\/"]}]},{"@type":"ImageObject","inLanguage":"es","@id":"https:\/\/blauabogados.com\/es\/urbanismo-y-medio-ambiente\/#primaryimage","url":"http:\/\/blauabogados.com\/wp-content\/uploads\/2020\/04\/blau.jpg","contentUrl":"http:\/\/blauabogados.com\/wp-content\/uploads\/2020\/04\/blau.jpg"},{"@type":"BreadcrumbList","@id":"https:\/\/blauabogados.com\/es\/urbanismo-y-medio-ambiente\/#breadcrumb","itemListElement":[{"@type":"ListItem","position":1,"name":"Portada","item":"https:\/\/blauabogados.com\/?lang=es"},{"@type":"ListItem","position":2,"name":"Urbanismo y Medio Ambiente"}]},{"@type":"WebSite","@id":"https:\/\/blauabogados.com\/#website","url":"https:\/\/blauabogados.com\/","name":"BLAU Solicitors","description":"Real Estate and Tax Lawyers in Costa Blanca","publisher":{"@id":"https:\/\/blauabogados.com\/#organization"},"potentialAction":[{"@type":"SearchAction","target":{"@type":"EntryPoint","urlTemplate":"https:\/\/blauabogados.com\/?s={search_term_string}"},"query-input":{"@type":"PropertyValueSpecification","valueRequired":true,"valueName":"search_term_string"}}],"inLanguage":"es"},{"@type":"Organization","@id":"https:\/\/blauabogados.com\/#organization","name":"Blau Abogados y Asesores","url":"https:\/\/blauabogados.com\/","logo":{"@type":"ImageObject","inLanguage":"es","@id":"https:\/\/blauabogados.com\/#\/schema\/logo\/image\/","url":"https:\/\/blauabogados.com\/wp-content\/uploads\/2022\/04\/1-scaled.jpg","contentUrl":"https:\/\/blauabogados.com\/wp-content\/uploads\/2022\/04\/1-scaled.jpg","width":2560,"height":1600,"caption":"Blau Abogados y Asesores"},"image":{"@id":"https:\/\/blauabogados.com\/#\/schema\/logo\/image\/"},"sameAs":["https:\/\/www.instagram.com\/blau_abogados\/"]}]}},"_links":{"self":[{"href":"https:\/\/blauabogados.com\/es\/wp-json\/wp\/v2\/pages\/712","targetHints":{"allow":["GET"]}}],"collection":[{"href":"https:\/\/blauabogados.com\/es\/wp-json\/wp\/v2\/pages"}],"about":[{"href":"https:\/\/blauabogados.com\/es\/wp-json\/wp\/v2\/types\/page"}],"author":[{"embeddable":true,"href":"https:\/\/blauabogados.com\/es\/wp-json\/wp\/v2\/users\/2"}],"replies":[{"embeddable":true,"href":"https:\/\/blauabogados.com\/es\/wp-json\/wp\/v2\/comments?post=712"}],"version-history":[{"count":1,"href":"https:\/\/blauabogados.com\/es\/wp-json\/wp\/v2\/pages\/712\/revisions"}],"predecessor-version":[{"id":2617,"href":"https:\/\/blauabogados.com\/es\/wp-json\/wp\/v2\/pages\/712\/revisions\/2617"}],"wp:attachment":[{"href":"https:\/\/blauabogados.com\/es\/wp-json\/wp\/v2\/media?parent=712"}],"curies":[{"name":"wp","href":"https:\/\/api.w.org\/{rel}","templated":true}]}}