{"id":668,"date":"2017-02-27T09:53:08","date_gmt":"2017-02-27T09:53:08","guid":{"rendered":"http:\/\/blauabogados.com\/home\/"},"modified":"2023-02-22T20:29:02","modified_gmt":"2023-02-22T20:29:02","slug":"home","status":"publish","type":"page","link":"https:\/\/blauabogados.com\/es\/","title":{"rendered":"DESPACHO"},"content":{"rendered":"<section class=\"wpb-content-wrapper\"><p>[vc_row][vc_column][vc_column_text]<\/p>\n<h1 style=\"text-align: center;\">Bienvenidos a <strong><span style=\"color: #00b2ca;\">BLAU<\/span> Abogados<\/strong><\/h1>\n<p>[\/vc_column_text][vc_separator color=\u00bbcustom\u00bb border_width=\u00bb6&#8243; el_width=\u00bb10&#8243; accent_color=\u00bb#07b3bc\u00bb][vc_empty_space height=\u00bb40px\u00bb][\/vc_column][\/vc_row][vc_row][vc_column][vc_column_text]<\/p>\n<p style=\"text-align: justify;\">Somos un <span style=\"color: #00b2ca;\"><strong>equipo<\/strong><\/span> de abogados de <span style=\"color: #00b2ca;\">nueva generaci\u00f3n<\/span> j\u00f3venes y din\u00e1micos, nos comunicamos <strong>de tu a tu <\/strong>y siempre\u00a0informamos a nuestros clientes de forma <strong>clara y comprensible.<\/strong><\/p>\n<p style=\"text-align: justify;\">Para nosotros es importante que sint\u00e1is <strong>la confianza<\/strong>\u00a0 de tener un <strong>abogado siempre a vuestra disposici\u00f3n<\/strong> y totalmente <strong>implicado<\/strong> con vuestro asunto. Que experiment\u00e9is <strong>la seguridad <\/strong>de poder responder ante cualquier situaci\u00f3n: \u00ab<strong><em>lo consulto con mi abogado<\/em><\/strong>\u00ab.<\/p>\n<p style=\"text-align: justify;\">Ofrecemos soluciones <strong>\u00e1giles, asequibles y directas<\/strong> para que la parte legal y fiscal nunca m\u00e1s sea un obt\u00e1culo a la hora de tomar una decisi\u00f3n.<\/p>\n<p style=\"text-align: justify;\">\u00bfY si las cosas se complican y la \u00fanica soluci\u00f3n es la v\u00eda judicial? Pues nos ponemos la toga y \u00a1tendr\u00e9is a <strong>los mejores abogados <\/strong>en sala!<\/p>\n<p style=\"text-align: justify;\">En Blau os atender\u00e1 un <strong>equipo cercano, amable y muy comprometido.\u00a0<\/strong><\/p>\n<p>[\/vc_column_text][vc_empty_space height=\u00bb40px\u00bb][vc_row_inner][vc_column_inner width=\u00bb1\/3&#8243;][vc_column_text]<img decoding=\"async\" class=\"alignnone wp-image-1966 size-full aligncenter\" src=\"https:\/\/blauabogados.com\/wp-content\/uploads\/2023\/02\/34.jpg\" alt=\"Derecho Inmobiliario\" width=\"700\" height=\"300\" srcset=\"https:\/\/blauabogados.com\/wp-content\/uploads\/2023\/02\/34-200x86.jpg 200w, https:\/\/blauabogados.com\/wp-content\/uploads\/2023\/02\/34-300x129.jpg 300w, https:\/\/blauabogados.com\/wp-content\/uploads\/2023\/02\/34-400x171.jpg 400w, https:\/\/blauabogados.com\/wp-content\/uploads\/2023\/02\/34-600x257.jpg 600w, https:\/\/blauabogados.com\/wp-content\/uploads\/2023\/02\/34.jpg 700w\" sizes=\"(max-width: 700px) 100vw, 700px\" \/><\/p>\n<div class=\"wpb_text_column wpb_content_element \">\n<div class=\"wpb_wrapper\">\n<h3 class=\"fusion-responsive-typography-calculated\" style=\"text-align: center;\" data-fontsize=\"35\" data-lineheight=\"35px\"><span style=\"color: #333333;\">Derecho Inmobiliario y de la Edificaci\u00f3n<\/span><\/h3>\n<\/div>\n<\/div>\n<p>[\/vc_column_text][\/vc_column_inner][vc_column_inner width=\u00bb1\/3&#8243;][vc_column_text]<\/p>\n<div class=\"wpb_text_column wpb_content_element \">\n<div class=\"wpb_wrapper\">\n<p><img decoding=\"async\" class=\"wp-image-1938 size-full aligncenter\" src=\"https:\/\/blauabogados.com\/wp-content\/uploads\/2023\/02\/27.jpg\" alt=\"Derecho mercantil abogados\" width=\"700\" height=\"300\" srcset=\"https:\/\/blauabogados.com\/wp-content\/uploads\/2023\/02\/27-200x86.jpg 200w, https:\/\/blauabogados.com\/wp-content\/uploads\/2023\/02\/27-300x129.jpg 300w, https:\/\/blauabogados.com\/wp-content\/uploads\/2023\/02\/27-400x171.jpg 400w, https:\/\/blauabogados.com\/wp-content\/uploads\/2023\/02\/27-600x257.jpg 600w, https:\/\/blauabogados.com\/wp-content\/uploads\/2023\/02\/27.jpg 700w\" sizes=\"(max-width: 700px) 100vw, 700px\" \/><\/p>\n<h3 class=\"fusion-responsive-typography-calculated\" style=\"text-align: center;\" data-fontsize=\"35\" data-lineheight=\"35px\"><span style=\"color: #333333;\">Derecho y Contrataci\u00f3n Mercantil<\/span><\/h3>\n<\/div>\n<\/div>\n<p>[\/vc_column_text][\/vc_column_inner][vc_column_inner width=\u00bb1\/3&#8243;][vc_column_text]<img decoding=\"async\" class=\"alignnone wp-image-1958 size-full aligncenter\" src=\"https:\/\/blauabogados.com\/wp-content\/uploads\/2023\/02\/32.jpg\" alt=\"Abogados Contratacion civil\" width=\"700\" height=\"300\" srcset=\"https:\/\/blauabogados.com\/wp-content\/uploads\/2023\/02\/32-200x86.jpg 200w, https:\/\/blauabogados.com\/wp-content\/uploads\/2023\/02\/32-300x129.jpg 300w, https:\/\/blauabogados.com\/wp-content\/uploads\/2023\/02\/32-400x171.jpg 400w, https:\/\/blauabogados.com\/wp-content\/uploads\/2023\/02\/32-600x257.jpg 600w, https:\/\/blauabogados.com\/wp-content\/uploads\/2023\/02\/32.jpg 700w\" sizes=\"(max-width: 700px) 100vw, 700px\" \/><\/p>\n<div class=\"wpb_text_column wpb_content_element \">\n<div class=\"wpb_wrapper\">\n<h3 class=\"fusion-responsive-typography-calculated\" style=\"text-align: center;\" data-fontsize=\"35\" data-lineheight=\"35px\"><span style=\"color: #333333;\">Derecho Civil<\/span><\/h3>\n<\/div>\n<\/div>\n<p>[\/vc_column_text][\/vc_column_inner][\/vc_row_inner][\/vc_column][\/vc_row][vc_row][vc_column][vc_empty_space height=\u00bb40px\u00bb][vc_row_inner][vc_column_inner width=\u00bb1\/3&#8243;][vc_column_text]<img decoding=\"async\" class=\"alignnone wp-image-1942 size-full aligncenter\" src=\"https:\/\/blauabogados.com\/wp-content\/uploads\/2023\/02\/28.jpg\" alt=\"Derecho Urbanistico y medio ambiente\" width=\"700\" height=\"300\" srcset=\"https:\/\/blauabogados.com\/wp-content\/uploads\/2023\/02\/28-200x86.jpg 200w, https:\/\/blauabogados.com\/wp-content\/uploads\/2023\/02\/28-300x129.jpg 300w, https:\/\/blauabogados.com\/wp-content\/uploads\/2023\/02\/28-400x171.jpg 400w, https:\/\/blauabogados.com\/wp-content\/uploads\/2023\/02\/28-600x257.jpg 600w, https:\/\/blauabogados.com\/wp-content\/uploads\/2023\/02\/28.jpg 700w\" sizes=\"(max-width: 700px) 100vw, 700px\" \/><\/p>\n<div class=\"wpb_text_column wpb_content_element \">\n<div class=\"wpb_wrapper\">\n<h3 class=\"fusion-responsive-typography-calculated\" style=\"text-align: center;\" data-fontsize=\"35\" data-lineheight=\"35px\"><span style=\"color: #333333;\">Urbanismo y Medio Ambiente<\/span><\/h3>\n<\/div>\n<\/div>\n<p>[\/vc_column_text][\/vc_column_inner][vc_column_inner width=\u00bb1\/3&#8243;][vc_column_text]<img decoding=\"async\" class=\"alignnone wp-image-1946 size-full aligncenter\" src=\"https:\/\/blauabogados.com\/wp-content\/uploads\/2023\/02\/29.jpg\" alt=\"Derecho sucesorio\" width=\"700\" height=\"300\" srcset=\"https:\/\/blauabogados.com\/wp-content\/uploads\/2023\/02\/29-200x86.jpg 200w, https:\/\/blauabogados.com\/wp-content\/uploads\/2023\/02\/29-300x129.jpg 300w, https:\/\/blauabogados.com\/wp-content\/uploads\/2023\/02\/29-400x171.jpg 400w, https:\/\/blauabogados.com\/wp-content\/uploads\/2023\/02\/29-600x257.jpg 600w, https:\/\/blauabogados.com\/wp-content\/uploads\/2023\/02\/29.jpg 700w\" sizes=\"(max-width: 700px) 100vw, 700px\" \/><\/p>\n<div class=\"wpb_text_column wpb_content_element \">\n<div class=\"wpb_wrapper\">\n<h3 class=\"fusion-responsive-typography-calculated\" style=\"text-align: center;\" data-fontsize=\"35\" data-lineheight=\"35px\"><span style=\"color: #333333;\">Sucesiones y Herencias<\/span><\/h3>\n<\/div>\n<\/div>\n<p>[\/vc_column_text][\/vc_column_inner][vc_column_inner width=\u00bb1\/3&#8243;][vc_column_text]<img decoding=\"async\" class=\"alignnone wp-image-1970 size-full aligncenter\" src=\"https:\/\/blauabogados.com\/wp-content\/uploads\/2023\/02\/35.jpg\" alt=\"Derecho Administrativo\" width=\"700\" height=\"300\" srcset=\"https:\/\/blauabogados.com\/wp-content\/uploads\/2023\/02\/35-200x86.jpg 200w, https:\/\/blauabogados.com\/wp-content\/uploads\/2023\/02\/35-300x129.jpg 300w, https:\/\/blauabogados.com\/wp-content\/uploads\/2023\/02\/35-400x171.jpg 400w, https:\/\/blauabogados.com\/wp-content\/uploads\/2023\/02\/35-600x257.jpg 600w, https:\/\/blauabogados.com\/wp-content\/uploads\/2023\/02\/35.jpg 700w\" sizes=\"(max-width: 700px) 100vw, 700px\" \/><\/p>\n<div class=\"wpb_text_column wpb_content_element \">\n<div class=\"wpb_wrapper\">\n<h3 class=\"fusion-responsive-typography-calculated\" style=\"text-align: center;\" data-fontsize=\"35\" data-lineheight=\"35px\"><span style=\"color: #333333;\">Derecho Administrativo<\/span><\/h3>\n<\/div>\n<\/div>\n<p>[\/vc_column_text][\/vc_column_inner][\/vc_row_inner][vc_empty_space height=\u00bb40px\u00bb][vc_empty_space height=\u00bb65px\u00bb][\/vc_column][\/vc_row][vc_row full_width=\u00bbstretch_row\u00bb css=\u00bb.vc_custom_1497951776793{background-image: url(http:\/\/blauabogados.com\/wp-content\/uploads\/2017\/02\/blau-abogados-solicitors-in-torrevieja-spain-7.jpg?id=581) !important;background-position: center !important;background-repeat: no-repeat !important;background-size: cover !important;}\u00bb][vc_column][vc_empty_space height=\u00bb100&#8243;][vc_row_inner][vc_column_inner][vc_column_text]<\/p>\n<h2 style=\"text-align: center;\"><span style=\"font-size: 28pt;\"><span style=\"color: #ffffff;\">NUESTRO OBJETIVO,<\/span> <span style=\"color: #07b3bc;\">TU TRANQUILIDAD<\/span><\/span><\/h2>\n<p>[\/vc_column_text][vc_empty_space height=\u00bb80px\u00bb][\/vc_column_inner][\/vc_row_inner][\/vc_column][\/vc_row][vc_row][vc_column][vc_empty_space height=\u00bb65px\u00bb][\/vc_column][vc_row_inner][vc_column_inner width=\u00bb1\/2&#8243;][vc_column_text]<img decoding=\"async\" class=\"alignnone wp-image-1160 size-large\" src=\"https:\/\/blauabogados.com\/wp-content\/uploads\/2020\/10\/slide-2-copia-1024x576.jpg\" alt=\"\" width=\"1024\" height=\"576\" srcset=\"https:\/\/blauabogados.com\/wp-content\/uploads\/2020\/10\/slide-2-copia-300x169.jpg 300w, https:\/\/blauabogados.com\/wp-content\/uploads\/2020\/10\/slide-2-copia-768x432.jpg 768w, https:\/\/blauabogados.com\/wp-content\/uploads\/2020\/10\/slide-2-copia-1024x576.jpg 1024w, https:\/\/blauabogados.com\/wp-content\/uploads\/2020\/10\/slide-2-copia-1536x864.jpg 1536w, https:\/\/blauabogados.com\/wp-content\/uploads\/2020\/10\/slide-2-copia.jpg 1920w\" sizes=\"(max-width: 1024px) 100vw, 1024px\" \/>[\/vc_column_text][\/vc_column_inner][vc_column_inner width=\u00bb1\/2&#8243;][vc_column_text]<\/p>\n<p style=\"text-align: justify;\">Nuestra <strong><span style=\"color: #00b2ca;\">oficina principal <\/span><\/strong><span style=\"color: #00b2ca;\">est\u00e1 ubicada en <\/span><strong><span style=\"color: #00b2ca;\">La Zenia<\/span>, Orihuela Costa, <\/strong>desde d\u00f3nde prestamos servicios a particulares y empresarios de la Vega Baja.<\/p>\n<p>Contamos igualmente con oficinas de atenci\u00f3n al p\u00fablico en <strong>Torrevieja<\/strong> (Alicante), <strong>La Uni\u00f3n<\/strong> (Murcia) y <strong>Benicassim<\/strong> (Castell\u00f3n).<\/p>\n<p style=\"text-align: justify;\"><span style=\"color: #000000;\">En <\/span><span style=\"color: #00b2ca;\">Blau Abogados,<\/span> tambi\u00e9n prestamos <strong>servicios a distancia<\/strong>, si bien, actualmente la mayor\u00eda de nuestros clientes han optado por un <strong>sistema mixto. <\/strong><\/p>\n<p style=\"text-align: justify;\">Y,<strong> \u00bfque significa esto?<\/strong><\/p>\n<p style=\"text-align: justify;\">Pues sencillamente que en nuestro d\u00eda d\u00eda la mayor parte del trabajo se desarrolla online y en remoto, mediante el uso de las nuevas tecnolog\u00edas, pero siempre en un radio de <strong>distancia prudencial a nuestras oficinas<\/strong> y nuestros partidos judiciales m\u00e1s habituales (Comunidad Valenciana y Regi\u00f3n de Murcia), de esta forma podemos ofrecer un <strong>asesoramiento asequible<\/strong> evitando cargos y costes en desplazamientos o subcontrataciones a la hora de acudir a los <strong>Juzgados, Notarias<\/strong> y otros <strong>tr\u00e1mites legales (inevitablemente) presenciales.<\/strong><\/p>\n<h2 style=\"text-align: center;\"><\/h2>\n<p>[\/vc_column_text][\/vc_column_inner][\/vc_row_inner][vc_empty_space height=\u00bb40px\u00bb][\/vc_row][vc_row full_width=\u00bbstretch_row\u00bb css=\u00bb.vc_custom_1488214032879{background-color: #07b3bc !important;}\u00bb][vc_column][vc_empty_space height=\u00bb30px\u00bb][vc_row_inner][vc_column_inner width=\u00bb2\/3&#8243;][vc_column_text]<\/p>\n<h2 style=\"text-align: center;\"><span style=\"color: #ffffff;\">\u00bfNECESITAS UN ABOGADO O ASESOR?<\/span><\/h2>\n<p>[\/vc_column_text][\/vc_column_inner][vc_column_inner width=\u00bb1\/3&#8243;][vc_btn title=\u00bbQUIERO SABER MAS\u00bb style=\u00bboutline-custom\u00bb outline_custom_color=\u00bb#ffffff\u00bb outline_custom_hover_background=\u00bb#1a181a\u00bb outline_custom_hover_text=\u00bb#ffffff\u00bb align=\u00bbcenter\u00bb i_align=\u00bbright\u00bb i_type=\u00bbentypo\u00bb i_icon_entypo=\u00bbentypo-icon entypo-icon-right-open-big\u00bb add_icon=\u00bbtrue\u00bb link=\u00bburl:https%3A%2F%2Fblauabogados.com%2F%3Fpage_id%3D651%26lang%3Des|title:CONTACTO|target:_blank\u00bb][\/vc_column_inner][\/vc_row_inner][vc_empty_space height=\u00bb20px\u00bb][\/vc_column][\/vc_row][vc_column][\/vc_column]<\/p>\n<\/section>","protected":false},"excerpt":{"rendered":"<p>[vc_row][vc_column][vc_column_text] Bienvenidos a BLAU Abogados [\/vc_column_text][vc_separator color=\u00bbcustom\u00bb border_width=\u00bb6&#8243; el_width=\u00bb10&#8243; accent_color=\u00bb#07b3bc\u00bb][vc_empty_space height=\u00bb40px\u00bb][\/vc_column][\/vc_row][vc_row][vc_column][vc_column_text] Somos un equipo de abogados de nueva generaci\u00f3n j\u00f3venes y din\u00e1micos, nos comunicamos de tu a tu y siempre\u00a0informamos a nuestros clientes de forma clara y comprensible. Para nosotros es importante que sint\u00e1is la confianza\u00a0 de tener un abogado siempre a vuestra disposici\u00f3n y  [&#8230;]<\/p>\n","protected":false},"author":2,"featured_media":0,"parent":0,"menu_order":0,"comment_status":"closed","ping_status":"closed","template":"","meta":{"_joinchat":[],"footnotes":""},"class_list":["post-668","page","type-page","status-publish","hentry"],"yoast_head":"<!-- This site is optimized with the Yoast SEO plugin v24.4 - https:\/\/yoast.com\/wordpress\/plugins\/seo\/ -->\n<title>Blau Abogados - Expanding Law Firm in mediterranean coast<\/title>\n<meta name=\"description\" content=\"Abogados de nueva generaci\u00f3n - Ofrecemos servicios legales y de asesoria asequibles y de m\u00e1xima calidad. MULTILINGUAL LEGAL &amp; TAX ADVICE\" \/>\n<meta name=\"robots\" content=\"index, follow, max-snippet:-1, max-image-preview:large, max-video-preview:-1\" \/>\n<link rel=\"canonical\" href=\"https:\/\/blauabogados.com\/?lang=es\" \/>\n<meta property=\"og:locale\" content=\"es_ES\" \/>\n<meta property=\"og:type\" content=\"article\" \/>\n<meta property=\"og:title\" content=\"Blau Abogados - Expanding Law Firm in mediterranean coast\" \/>\n<meta property=\"og:description\" content=\"Abogados de nueva generaci\u00f3n - Ofrecemos servicios legales y de asesoria asequibles y de m\u00e1xima calidad. MULTILINGUAL LEGAL &amp; TAX ADVICE\" \/>\n<meta property=\"og:url\" content=\"https:\/\/blauabogados.com\/?lang=es\" \/>\n<meta property=\"og:site_name\" content=\"BLAU Solicitors\" \/>\n<meta property=\"article:modified_time\" content=\"2023-02-22T20:29:02+00:00\" \/>\n<meta property=\"og:image\" content=\"https:\/\/blauabogados.com\/wp-content\/uploads\/2023\/02\/34.jpg\" \/>\n<meta name=\"twitter:card\" content=\"summary_large_image\" \/>\n<meta name=\"twitter:label1\" content=\"Tiempo de lectura\" \/>\n\t<meta name=\"twitter:data1\" content=\"4 minutos\" \/>\n<script type=\"application\/ld+json\" class=\"yoast-schema-graph\">{\"@context\":\"https:\/\/schema.org\",\"@graph\":[{\"@type\":\"WebPage\",\"@id\":\"https:\/\/blauabogados.com\/?lang=es\",\"url\":\"https:\/\/blauabogados.com\/?lang=es\",\"name\":\"Blau Abogados - Expanding Law Firm in mediterranean coast\",\"isPartOf\":{\"@id\":\"https:\/\/blauabogados.com\/#website\"},\"primaryImageOfPage\":{\"@id\":\"https:\/\/blauabogados.com\/?lang=es#primaryimage\"},\"image\":{\"@id\":\"https:\/\/blauabogados.com\/?lang=es#primaryimage\"},\"thumbnailUrl\":\"https:\/\/blauabogados.com\/wp-content\/uploads\/2023\/02\/34.jpg\",\"datePublished\":\"2017-02-27T09:53:08+00:00\",\"dateModified\":\"2023-02-22T20:29:02+00:00\",\"description\":\"Abogados de nueva generaci\u00f3n - Ofrecemos servicios legales y de asesoria asequibles y de m\u00e1xima calidad. MULTILINGUAL LEGAL & TAX ADVICE\",\"breadcrumb\":{\"@id\":\"https:\/\/blauabogados.com\/?lang=es#breadcrumb\"},\"inLanguage\":\"es\",\"potentialAction\":[{\"@type\":\"ReadAction\",\"target\":[\"https:\/\/blauabogados.com\/?lang=es\"]}]},{\"@type\":\"ImageObject\",\"inLanguage\":\"es\",\"@id\":\"https:\/\/blauabogados.com\/?lang=es#primaryimage\",\"url\":\"https:\/\/blauabogados.com\/wp-content\/uploads\/2023\/02\/34.jpg\",\"contentUrl\":\"https:\/\/blauabogados.com\/wp-content\/uploads\/2023\/02\/34.jpg\"},{\"@type\":\"BreadcrumbList\",\"@id\":\"https:\/\/blauabogados.com\/?lang=es#breadcrumb\",\"itemListElement\":[{\"@type\":\"ListItem\",\"position\":1,\"name\":\"Portada\",\"item\":\"https:\/\/blauabogados.com\/?lang=es\"},{\"@type\":\"ListItem\",\"position\":2,\"name\":\"DESPACHO\"}]},{\"@type\":\"WebSite\",\"@id\":\"https:\/\/blauabogados.com\/#website\",\"url\":\"https:\/\/blauabogados.com\/\",\"name\":\"BLAU Solicitors\",\"description\":\"Real Estate and Tax Lawyers in Costa Blanca\",\"publisher\":{\"@id\":\"https:\/\/blauabogados.com\/#organization\"},\"potentialAction\":[{\"@type\":\"SearchAction\",\"target\":{\"@type\":\"EntryPoint\",\"urlTemplate\":\"https:\/\/blauabogados.com\/?s={search_term_string}\"},\"query-input\":{\"@type\":\"PropertyValueSpecification\",\"valueRequired\":true,\"valueName\":\"search_term_string\"}}],\"inLanguage\":\"es\"},{\"@type\":\"Organization\",\"@id\":\"https:\/\/blauabogados.com\/#organization\",\"name\":\"Blau Abogados y Asesores\",\"url\":\"https:\/\/blauabogados.com\/\",\"logo\":{\"@type\":\"ImageObject\",\"inLanguage\":\"es\",\"@id\":\"https:\/\/blauabogados.com\/#\/schema\/logo\/image\/\",\"url\":\"https:\/\/blauabogados.com\/wp-content\/uploads\/2022\/04\/1-scaled.jpg\",\"contentUrl\":\"https:\/\/blauabogados.com\/wp-content\/uploads\/2022\/04\/1-scaled.jpg\",\"width\":2560,\"height\":1600,\"caption\":\"Blau Abogados y Asesores\"},\"image\":{\"@id\":\"https:\/\/blauabogados.com\/#\/schema\/logo\/image\/\"},\"sameAs\":[\"https:\/\/www.instagram.com\/blau_abogados\/\"]}]}<\/script>\n<!-- \/ Yoast SEO plugin. -->","yoast_head_json":{"title":"Blau Abogados - Expanding Law Firm in mediterranean coast","description":"Abogados de nueva generaci\u00f3n - Ofrecemos servicios legales y de asesoria asequibles y de m\u00e1xima calidad. MULTILINGUAL LEGAL & TAX ADVICE","robots":{"index":"index","follow":"follow","max-snippet":"max-snippet:-1","max-image-preview":"max-image-preview:large","max-video-preview":"max-video-preview:-1"},"canonical":"https:\/\/blauabogados.com\/?lang=es","og_locale":"es_ES","og_type":"article","og_title":"Blau Abogados - Expanding Law Firm in mediterranean coast","og_description":"Abogados de nueva generaci\u00f3n - Ofrecemos servicios legales y de asesoria asequibles y de m\u00e1xima calidad. MULTILINGUAL LEGAL & TAX ADVICE","og_url":"https:\/\/blauabogados.com\/?lang=es","og_site_name":"BLAU Solicitors","article_modified_time":"2023-02-22T20:29:02+00:00","og_image":[{"url":"https:\/\/blauabogados.com\/wp-content\/uploads\/2023\/02\/34.jpg","type":"","width":"","height":""}],"twitter_card":"summary_large_image","twitter_misc":{"Tiempo de lectura":"4 minutos"},"schema":{"@context":"https:\/\/schema.org","@graph":[{"@type":"WebPage","@id":"https:\/\/blauabogados.com\/?lang=es","url":"https:\/\/blauabogados.com\/?lang=es","name":"Blau Abogados - Expanding Law Firm in mediterranean coast","isPartOf":{"@id":"https:\/\/blauabogados.com\/#website"},"primaryImageOfPage":{"@id":"https:\/\/blauabogados.com\/?lang=es#primaryimage"},"image":{"@id":"https:\/\/blauabogados.com\/?lang=es#primaryimage"},"thumbnailUrl":"https:\/\/blauabogados.com\/wp-content\/uploads\/2023\/02\/34.jpg","datePublished":"2017-02-27T09:53:08+00:00","dateModified":"2023-02-22T20:29:02+00:00","description":"Abogados de nueva generaci\u00f3n - Ofrecemos servicios legales y de asesoria asequibles y de m\u00e1xima calidad. MULTILINGUAL LEGAL & TAX ADVICE","breadcrumb":{"@id":"https:\/\/blauabogados.com\/?lang=es#breadcrumb"},"inLanguage":"es","potentialAction":[{"@type":"ReadAction","target":["https:\/\/blauabogados.com\/?lang=es"]}]},{"@type":"ImageObject","inLanguage":"es","@id":"https:\/\/blauabogados.com\/?lang=es#primaryimage","url":"https:\/\/blauabogados.com\/wp-content\/uploads\/2023\/02\/34.jpg","contentUrl":"https:\/\/blauabogados.com\/wp-content\/uploads\/2023\/02\/34.jpg"},{"@type":"BreadcrumbList","@id":"https:\/\/blauabogados.com\/?lang=es#breadcrumb","itemListElement":[{"@type":"ListItem","position":1,"name":"Portada","item":"https:\/\/blauabogados.com\/?lang=es"},{"@type":"ListItem","position":2,"name":"DESPACHO"}]},{"@type":"WebSite","@id":"https:\/\/blauabogados.com\/#website","url":"https:\/\/blauabogados.com\/","name":"BLAU Solicitors","description":"Real Estate and Tax Lawyers in Costa Blanca","publisher":{"@id":"https:\/\/blauabogados.com\/#organization"},"potentialAction":[{"@type":"SearchAction","target":{"@type":"EntryPoint","urlTemplate":"https:\/\/blauabogados.com\/?s={search_term_string}"},"query-input":{"@type":"PropertyValueSpecification","valueRequired":true,"valueName":"search_term_string"}}],"inLanguage":"es"},{"@type":"Organization","@id":"https:\/\/blauabogados.com\/#organization","name":"Blau Abogados y Asesores","url":"https:\/\/blauabogados.com\/","logo":{"@type":"ImageObject","inLanguage":"es","@id":"https:\/\/blauabogados.com\/#\/schema\/logo\/image\/","url":"https:\/\/blauabogados.com\/wp-content\/uploads\/2022\/04\/1-scaled.jpg","contentUrl":"https:\/\/blauabogados.com\/wp-content\/uploads\/2022\/04\/1-scaled.jpg","width":2560,"height":1600,"caption":"Blau Abogados y Asesores"},"image":{"@id":"https:\/\/blauabogados.com\/#\/schema\/logo\/image\/"},"sameAs":["https:\/\/www.instagram.com\/blau_abogados\/"]}]}},"_links":{"self":[{"href":"https:\/\/blauabogados.com\/es\/wp-json\/wp\/v2\/pages\/668","targetHints":{"allow":["GET"]}}],"collection":[{"href":"https:\/\/blauabogados.com\/es\/wp-json\/wp\/v2\/pages"}],"about":[{"href":"https:\/\/blauabogados.com\/es\/wp-json\/wp\/v2\/types\/page"}],"author":[{"embeddable":true,"href":"https:\/\/blauabogados.com\/es\/wp-json\/wp\/v2\/users\/2"}],"replies":[{"embeddable":true,"href":"https:\/\/blauabogados.com\/es\/wp-json\/wp\/v2\/comments?post=668"}],"version-history":[{"count":0,"href":"https:\/\/blauabogados.com\/es\/wp-json\/wp\/v2\/pages\/668\/revisions"}],"wp:attachment":[{"href":"https:\/\/blauabogados.com\/es\/wp-json\/wp\/v2\/media?parent=668"}],"curies":[{"name":"wp","href":"https:\/\/api.w.org\/{rel}","templated":true}]}}