{"id":2201,"date":"2023-07-14T12:49:28","date_gmt":"2023-07-14T12:49:28","guid":{"rendered":"https:\/\/blauabogados.com\/?page_id=2201"},"modified":"2023-07-14T12:54:05","modified_gmt":"2023-07-14T12:54:05","slug":"politica-de-privacidad","status":"publish","type":"page","link":"https:\/\/blauabogados.com\/es\/politica-de-privacidad\/","title":{"rendered":"Pol\u00edtica de privacidad"},"content":{"rendered":"<div class=\"container\">\n<div class=\"container_inner default_template_holder clearfix page_container_inner\">\n<div class=\"elementor elementor-2577\" data-elementor-type=\"wp-page\" data-elementor-id=\"2577\">\n<section class=\"elementor-section elementor-top-section elementor-element elementor-element-1bb3b48 elementor-section-boxed elementor-section-height-default elementor-section-height-default parallax_section_no qode_elementor_container_no\" data-id=\"1bb3b48\" data-element_type=\"section\" data-settings=\"{&quot;_ha_eqh_enable&quot;:false}\">\n<div class=\"elementor-container elementor-column-gap-default\">\n<div class=\"elementor-column elementor-col-100 elementor-top-column elementor-element elementor-element-f7d1969\" data-id=\"f7d1969\" data-element_type=\"column\">\n<div class=\"elementor-widget-wrap elementor-element-populated\">\n<div class=\"elementor-element elementor-element-c216304 elementor-widget elementor-widget-text-editor\" data-id=\"c216304\" data-element_type=\"widget\" data-widget_type=\"text-editor.default\">\n<div class=\"elementor-widget-container\">\n<h1><\/h1>\n<\/div>\n<h1><\/h1>\n<\/div>\n<\/div>\n<\/div>\n<\/div>\n<\/section>\n<\/div>\n<\/div>\n<\/div>\n<h1><\/h1>\n<div class=\"container\">\n<div class=\"container_inner default_template_holder clearfix page_container_inner\">\n<div class=\"elementor elementor-2577\" data-elementor-type=\"wp-page\" data-elementor-id=\"2577\">\n<section class=\"elementor-section elementor-top-section elementor-element elementor-element-1bb3b48 elementor-section-boxed elementor-section-height-default elementor-section-height-default parallax_section_no qode_elementor_container_no\" data-id=\"1bb3b48\" data-element_type=\"section\" data-settings=\"{&quot;_ha_eqh_enable&quot;:false}\">\n<div class=\"elementor-container elementor-column-gap-default\">\n<div class=\"elementor-column elementor-col-100 elementor-top-column elementor-element elementor-element-f7d1969\" data-id=\"f7d1969\" data-element_type=\"column\">\n<div class=\"elementor-widget-wrap elementor-element-populated\">\n<div class=\"elementor-element elementor-element-c216304 elementor-widget elementor-widget-text-editor\" data-id=\"c216304\" data-element_type=\"widget\" data-widget_type=\"text-editor.default\">\n<div class=\"elementor-widget-container\">\n<\/br><\/br><\/br><\/p>\n<h1><span style=\"font-size: 36pt;\">Pol\u00edtica de privacidad<\/span><\/h1>\n<h1><\/h1>\n<p>Cuestiones comunes para todas las actividades de tratamiento:<span class=\"Apple-converted-space\">\u00a0<\/span><\/p>\n<p><strong>\u00bfQui\u00e9n se responsabiliza del tratamiento de tus datos?<\/strong><\/p>\n<ul>\n<li>Raz\u00f3n social:\u00a0<a class=\"ancla\" title=\"Ir a Direcci\u00f3n y Tel\u00e9fono\">BLAU ABOGADOS Y ASESORES SLP<\/a><\/li>\n<li>CIF: B54988720<\/li>\n<li>Domicilio: PASEO DE LA LIBERTAD, 2 \u2013 PISO 2 E, CP 03181 TORREVIEJA, Alicante<\/li>\n<li>Tel\u00e9fono: 965718795<\/li>\n<li>Correo electr\u00f3nico: info@blauabogados.com<\/li>\n<\/ul>\n<p><strong>\u00bfCu\u00e1les son tus derechos cuando nos facilitas tus datos?<span class=\"Apple-converted-space\">\u00a0<\/span><\/strong><\/p>\n<p>Cualquier persona tiene derecho a obtener confirmaci\u00f3n sobre si estamos tratando datos personales que les conciernen o no. En este sentido, tienes derecho a solicitar:<span class=\"Apple-converted-space\">\u00a0<\/span><\/p>\n<p><strong>Acceso:<\/strong>\u00a0La persona que nos facilita sus datos tendr\u00e1 derecho a obtener del responsable del tratamiento confirmaci\u00f3n de si se est\u00e1n tratando o no los datos que le concierne, as\u00ed como informaci\u00f3n detallada acerca de determinados aspectos del tratamiento que se est\u00e9 llevando a cabo.<span class=\"Apple-converted-space\">\u00a0<\/span><\/p>\n<p><strong>Rectificaci\u00f3n:<\/strong>\u00a0La persona que nos facilita sus datos tendr\u00e1 derecho a obtener la rectificaci\u00f3n de los datos personales inexactos que le conciernen o a que se completen aquellos que fueran incompletos.<span class=\"Apple-converted-space\">\u00a0<\/span><\/p>\n<p><strong>Supresi\u00f3n:<\/strong>\u00a0La persona que nos facilita sus datos tendr\u00e1 derecho a solicitar la supresi\u00f3n de sus datos personales; en todo caso la supresi\u00f3n estar\u00e1 sujeta a los l\u00edmites establecidos en la norma reguladora.<span class=\"Apple-converted-space\">\u00a0<\/span><\/p>\n<p><strong>Limitaci\u00f3n de su tratamiento:<\/strong>\u00a0La persona que nos facilita sus datos tendr\u00e1 derecho a solicitar la limitaci\u00f3n del tratamiento de sus datos de car\u00e1cter personal.<span class=\"Apple-converted-space\">\u00a0<\/span><\/p>\n<p><strong>Oposici\u00f3n al tratamiento:<\/strong>\u00a0En determinadas circunstancias, y por motivos relacionados con su situaci\u00f3n particular, las personas que nos facilitan sus datos podr\u00e1n oponerse al tratamiento de los mismos. La entidad dejar\u00e1 de tratarlos, salvo por motivos leg\u00edtimos, imperiosos, o el ejercicio o la defensa de posibles reclamaciones.<span class=\"Apple-converted-space\">\u00a0<\/span><\/p>\n<p><strong>Derecho a la portabilidad de sus datos:<\/strong>\u00a0La persona que nos facilita sus datos tendr\u00e1 derecho a recibir los datos personales que le incumban, aquellos que haya facilitado a la persona responsable del tratamiento, en un formato estructurado, de uso com\u00fan y de lectura mec\u00e1nica, as\u00ed como a transmitirlos a cualquiera otra persona que pueda ser responsable del tratamiento.<span class=\"Apple-converted-space\">\u00a0<\/span><\/p>\n<p>Puede ejercer los referidos derechos dirigi\u00e9ndose a la persona responsable. Para ello, puede utilizar<span class=\"Apple-converted-space\">\u00a0<\/span><\/p>\n<p>los datos de contacto facilitados al inicio del presente documento. Si desea obtener informaci\u00f3n adicional respecto al ejercicio de sus derechos, tambi\u00e9n puede dirigirse a la Agencia Espa\u00f1ola de Protecci\u00f3n de Datos (AEPD). Asimismo, le informamos que, y si lo cree oportuno, tiene el derecho a retirar en cualquier momento el consentimiento otorgado para alguna finalidad espec\u00edfica, sin que ello afecte a la licitud del tratamiento, basado en el consentimiento previo a su retirada.<span class=\"Apple-converted-space\">\u00a0<\/span><\/p>\n<p>En el caso de que entienda que no se han atendido adecuadamente sus derechos, puede presentar una reclamaci\u00f3n ante la Agencia Espa\u00f1ola de Protecci\u00f3n de Datos (C\/ Jorge Juan, 6 \u2013 28001 Madrid o en www.agpd.es).<br \/>\nCuestiones espec\u00edficas para cada actividad de tratamiento:<span class=\"Apple-converted-space\">\u00a0<\/span><\/p>\n<h3><\/h3>\n<h3>TRATAMIENTO DE BRECHAS DE SEGURIDAD<\/h3>\n<p><strong>\u00bfCon qu\u00e9 finalidad tratamos tus datos personales?<\/strong><\/p>\n<p>La gesti\u00f3n y notificaci\u00f3n de brechas de seguridad<span class=\"Apple-converted-space\">\u00a0<\/span><\/p>\n<p><strong>\u00bfDurante cu\u00e1nto tiempo trataremos sus datos?<span class=\"Apple-converted-space\">\u00a0<\/span><\/strong><\/p>\n<p>Se conservar\u00e1n durante el tiempo necesario para cumplir con la finalidad para la que se recabaron y para determinar las posibles responsabilidades que se pudieran derivar de dicha finalidad y del tratamiento de los datos. Una vez pasado dicho tiempo ser\u00e1n cancelados \/ suprimidos de oficio.<span class=\"Apple-converted-space\">\u00a0<\/span><\/p>\n<p><strong>\u00bfPor qu\u00e9 tratamos tus datos?<\/strong><span class=\"Apple-converted-space\">\u00a0<\/span><\/p>\n<p>Obligaci\u00f3n legal.<span class=\"Apple-converted-space\">\u00a0<\/span><\/p>\n<p><strong>\u00bfA qu\u00e9 personas se comunicar\u00e1n tus datos?<span class=\"Apple-converted-space\">\u00a0<\/span><\/strong><\/p>\n<p>Administraci\u00f3n tributaria, Otros \u00f3rganos de la administraci\u00f3n p\u00fablica.<\/p>\n<h3><\/h3>\n<h3>TRATAMIENTO DE COMERCIALIZACI\u00d3N DE PRODUCTOS<\/h3>\n<p><strong>\u00bfCon qu\u00e9 finalidad tratamos tus datos personales?<\/strong><\/p>\n<p>Prestaci\u00f3n propia de la distribuci\u00f3n o comercializaci\u00f3n de nuestros productos, Gesti\u00f3n fiscal y contable con la finalidad de cumplir con obligaciones legales<span class=\"Apple-converted-space\">\u00a0<\/span><\/p>\n<p><strong>\u00bfDurante cu\u00e1nto tiempo trataremos sus datos?<span class=\"Apple-converted-space\">\u00a0<\/span><\/strong><\/p>\n<p>Se conservar\u00e1n durante el tiempo necesario para cumplir con la finalidad para la que se recabaron y para determinar las posibles responsabilidades que se pudieran derivar de dicha finalidad y del tratamiento de los datos. Una vez pasado dicho tiempo ser\u00e1n cancelados \/ suprimidos de oficio.<span class=\"Apple-converted-space\">\u00a0<\/span><\/p>\n<p><strong>\u00bfPor qu\u00e9 tratamos tus datos?<span class=\"Apple-converted-space\">\u00a0<\/span><\/strong><\/p>\n<p>Ejecuci\u00f3n de un contrato.<span class=\"Apple-converted-space\">\u00a0<\/span><\/p>\n<p><strong>\u00bfA qu\u00e9 personas se comunicar\u00e1n tus datos?<span class=\"Apple-converted-space\">\u00a0<\/span><\/strong><\/p>\n<p>Administraci\u00f3n tributaria, Organizaciones o personas directamente relacionadas con el responsable.<\/p>\n<p>&nbsp;<\/p>\n<h3>TRATAMIENTO DE CONTACTOS<\/h3>\n<p><strong>\u00bfCon qu\u00e9 finalidad tratamos tus datos personales?<span class=\"Apple-converted-space\">\u00a0<\/span><\/strong><\/p>\n<p>Gestionar y dar respuesta a solicitudes de informaci\u00f3n y presupuesto, as\u00ed como mantener contacto con fines profesionales o empresariales con las personas f\u00edsicas, incluidas las que representan a personas jur\u00eddicas, con las que la entidad mantiene relaci\u00f3n.<span class=\"Apple-converted-space\">\u00a0<\/span><\/p>\n<p><strong>\u00bfDurante cu\u00e1nto tiempo trataremos sus datos?<span class=\"Apple-converted-space\">\u00a0<\/span><\/strong><\/p>\n<p>Se conservar\u00e1n durante el tiempo necesario para cumplir con la finalidad para la que se recabaron y para determinar las posibles responsabilidades que se pudieran derivar de dicha finalidad y del tratamiento de los datos. Una vez pasado dicho tiempo ser\u00e1n cancelados \/ suprimidos de oficio.<span class=\"Apple-converted-space\">\u00a0<\/span><\/p>\n<p><strong>\u00bfPor qu\u00e9 tratamos tus datos?<span class=\"Apple-converted-space\">\u00a0<\/span><\/strong><\/p>\n<p>Inter\u00e9s leg\u00edtimo.<span class=\"Apple-converted-space\">\u00a0<\/span><\/p>\n<p><strong>\u00bfA qu\u00e9 personas se comunicar\u00e1n tus datos?<span class=\"Apple-converted-space\">\u00a0<\/span><\/strong><\/p>\n<p>No se ceden datos a terceros, salvo obligaciones legales.<\/p>\n<h3><\/h3>\n<h3>TRATAMIENTO DE EJERCICIO DE LOS DERECHOS<\/h3>\n<p><strong>\u00bfCon qu\u00e9 finalidad tratamos tus datos personales?<\/strong><\/p>\n<p>Gesti\u00f3n del ejercicio de los derechos contemplados en la legislaci\u00f3n de protecci\u00f3n de datos y de las hojas de reclamaciones<span class=\"Apple-converted-space\">\u00a0<\/span><\/p>\n<p><strong>\u00bfDurante cu\u00e1nto tiempo trataremos sus datos?<span class=\"Apple-converted-space\">\u00a0<\/span><\/strong><\/p>\n<p>Se conservar\u00e1n durante el tiempo necesario para resolver las reclamaciones.<span class=\"Apple-converted-space\">\u00a0<\/span><\/p>\n<p><strong>\u00bfPor qu\u00e9 tratamos tus datos?<span class=\"Apple-converted-space\">\u00a0<\/span><\/strong><\/p>\n<p>Obligaci\u00f3n legal.<span class=\"Apple-converted-space\">\u00a0<\/span><\/p>\n<p><strong>\u00bfA qu\u00e9 personas se comunicar\u00e1n tus datos?<span class=\"Apple-converted-space\">\u00a0<\/span><\/strong><\/p>\n<p>Otros \u00f3rganos de la administraci\u00f3n p\u00fablica.<\/p>\n<p>&nbsp;<\/p>\n<h3>TRATAMIENTO DE PROVEEDORES<\/h3>\n<p><strong>\u00bfCon qu\u00e9 finalidad tratamos tus datos personales?<\/strong><\/p>\n<p>Gesti\u00f3n de la relaci\u00f3n comercial con proveedores.<span class=\"Apple-converted-space\">\u00a0<\/span><\/p>\n<p><strong>\u00bfDurante cu\u00e1nto tiempo trataremos sus datos?<span class=\"Apple-converted-space\">\u00a0<\/span><\/strong><\/p>\n<p>Se conservar\u00e1n durante el tiempo necesario para cumplir con la finalidad para la que se recabaron y para determinar las posibles responsabilidades que se pudieran derivar de dicha finalidad y del tratamiento de los datos. Una vez pasado dicho tiempo ser\u00e1n cancelados \/ suprimidos de oficio.<span class=\"Apple-converted-space\">\u00a0<\/span><\/p>\n<p><strong>\u00bfPor qu\u00e9 tratamos tus datos?<span class=\"Apple-converted-space\">\u00a0<\/span><\/strong><\/p>\n<p>Ejecuci\u00f3n de un contrato.<span class=\"Apple-converted-space\">\u00a0<\/span><\/p>\n<p><strong>\u00bfA qu\u00e9 personas se comunicar\u00e1n tus datos?<\/strong><span class=\"Apple-converted-space\">\u00a0<\/span><\/p>\n<p>Administraci\u00f3n tributaria, Bancos, cajas de ahorro y cajas rurales.<\/p>\n<h3><\/h3>\n<h3>TRATAMIENTO DE RECURSOS HUMANOS<\/h3>\n<p><strong>\u00bfCon qu\u00e9 finalidad tratamos tus datos personales?<\/strong><\/p>\n<p>Gesti\u00f3n del personal laboral de la entidad, incluida la prevenci\u00f3n de riesgos laborales y el control horario<span class=\"Apple-converted-space\">\u00a0<\/span><\/p>\n<p><strong>\u00bfDurante cu\u00e1nto tiempo trataremos sus datos?<span class=\"Apple-converted-space\">\u00a0<\/span><\/strong><\/p>\n<p>Se conservar\u00e1n durante el tiempo necesario para cumplir con la finalidad para la que se recabaron y para determinar las posibles responsabilidades que se pudieran derivar de dicha finalidad y del tratamiento de los datos. Una vez pasado dicho tiempo ser\u00e1n cancelados \/ suprimidos de oficio.<span class=\"Apple-converted-space\">\u00a0<\/span><\/p>\n<p><strong>\u00bfPor qu\u00e9 tratamos tus datos?<\/strong><span class=\"Apple-converted-space\">\u00a0<\/span><\/p>\n<p>Ejecuci\u00f3n de un contrato, Inter\u00e9s leg\u00edtimo, Obligaci\u00f3n legal.<span class=\"Apple-converted-space\">\u00a0<\/span><\/p>\n<p><strong>\u00bfA qu\u00e9 personas se comunicar\u00e1n tus datos?<\/strong><span class=\"Apple-converted-space\">\u00a0<\/span><\/p>\n<p>Administraci\u00f3n tributaria, Bancos, cajas de ahorro y cajas rurales, Organismos de la seguridad social, Organizaciones o personas directamente relacionadas con el responsable, Otros \u00f3rganos de la administraci\u00f3n p\u00fablica.<span class=\"Apple-converted-space\">\u00a0<\/span><\/p>\n<h3><\/h3>\n<h3>TRATAMIENTO DE SELECCI\u00d3N DE PERSONAL<\/h3>\n<p><strong>\u00bfCon qu\u00e9 finalidad tratamos tus datos personales?<\/strong><\/p>\n<p>Gesti\u00f3n de la relaci\u00f3n con los candidatos a un empleo en la entidad<span class=\"Apple-converted-space\">\u00a0<\/span><\/p>\n<p><strong>\u00bfDurante cu\u00e1nto tiempo trataremos sus datos?<span class=\"Apple-converted-space\">\u00a0<\/span><\/strong><\/p>\n<p>Se conservar\u00e1n durante el tiempo necesario para cumplir con la finalidad para la que se recabaron y para determinar las posibles responsabilidades que se pudieran derivar de dicha finalidad y del tratamiento de los datos. Una vez pasado dicho tiempo ser\u00e1n cancelados \/ suprimidos de oficio.<span class=\"Apple-converted-space\">\u00a0<\/span><\/p>\n<p><strong>\u00bfPor qu\u00e9 tratamos tus datos?<span class=\"Apple-converted-space\">\u00a0<\/span><\/strong><\/p>\n<p>Consentimiento y firma de la persona.<span class=\"Apple-converted-space\">\u00a0<\/span><\/p>\n<p><strong>\u00bfA qu\u00e9 personas se comunicar\u00e1n tus datos?<span class=\"Apple-converted-space\">\u00a0<\/span><\/strong><\/p>\n<p>No se ceden datos a terceros, salvo obligaciones legales.<span class=\"Apple-converted-space\">\u00a0<\/span><\/p>\n<\/div>\n<\/div>\n<\/div>\n<\/div>\n<\/div>\n<\/section>\n<\/div>\n<\/div>\n<\/div>\n","protected":false},"excerpt":{"rendered":"<p>Pol\u00edtica de privacidad Cuestiones comunes para todas las actividades de tratamiento:\u00a0 \u00bfQui\u00e9n se responsabiliza del tratamiento de tus datos? Raz\u00f3n social:\u00a0BLAU ABOGADOS Y ASESORES SLP CIF: B54988720 Domicilio: PASEO DE LA LIBERTAD, 2 \u2013 PISO 2 E, CP 03181 TORREVIEJA, Alicante Tel\u00e9fono: 965718795 Correo electr\u00f3nico: info@blauabogados.com \u00bfCu\u00e1les son tus derechos cuando nos facilitas tus datos?\u00a0  [&#8230;]<\/p>\n","protected":false},"author":9,"featured_media":0,"parent":0,"menu_order":0,"comment_status":"closed","ping_status":"closed","template":"","meta":{"_joinchat":[],"footnotes":""},"class_list":["post-2201","page","type-page","status-publish","hentry"],"yoast_head":"<!-- This site is optimized with the Yoast SEO plugin v24.4 - https:\/\/yoast.com\/wordpress\/plugins\/seo\/ -->\n<title>Pol\u00edtica de privacidad - BLAU Solicitors<\/title>\n<meta name=\"description\" content=\"Real Estate &amp; Tax Lawyers in Orihuela Costa. Reliable Solicitors and Tax Advisors in Costa Blanca experts on conveyancing\" \/>\n<meta name=\"robots\" content=\"index, follow, max-snippet:-1, max-image-preview:large, max-video-preview:-1\" \/>\n<link rel=\"canonical\" href=\"https:\/\/blauabogados.com\/es\/politica-de-privacidad\/\" \/>\n<meta property=\"og:locale\" content=\"es_ES\" \/>\n<meta property=\"og:type\" content=\"article\" \/>\n<meta property=\"og:title\" content=\"Pol\u00edtica de privacidad - BLAU Solicitors\" \/>\n<meta property=\"og:description\" content=\"Real Estate &amp; Tax Lawyers in Orihuela Costa. Reliable Solicitors and Tax Advisors in Costa Blanca experts on conveyancing\" \/>\n<meta property=\"og:url\" content=\"https:\/\/blauabogados.com\/es\/politica-de-privacidad\/\" \/>\n<meta property=\"og:site_name\" content=\"BLAU Solicitors\" \/>\n<meta property=\"article:modified_time\" content=\"2023-07-14T12:54:05+00:00\" \/>\n<meta name=\"twitter:card\" content=\"summary_large_image\" \/>\n<meta name=\"twitter:label1\" content=\"Tiempo de lectura\" \/>\n\t<meta name=\"twitter:data1\" content=\"6 minutos\" \/>\n<script type=\"application\/ld+json\" class=\"yoast-schema-graph\">{\"@context\":\"https:\/\/schema.org\",\"@graph\":[{\"@type\":\"WebPage\",\"@id\":\"https:\/\/blauabogados.com\/es\/politica-de-privacidad\/\",\"url\":\"https:\/\/blauabogados.com\/es\/politica-de-privacidad\/\",\"name\":\"Pol\u00edtica de privacidad - BLAU Solicitors\",\"isPartOf\":{\"@id\":\"https:\/\/blauabogados.com\/#website\"},\"datePublished\":\"2023-07-14T12:49:28+00:00\",\"dateModified\":\"2023-07-14T12:54:05+00:00\",\"description\":\"Real Estate & Tax Lawyers in Orihuela Costa. Reliable Solicitors and Tax Advisors in Costa Blanca experts on conveyancing\",\"breadcrumb\":{\"@id\":\"https:\/\/blauabogados.com\/es\/politica-de-privacidad\/#breadcrumb\"},\"inLanguage\":\"es\",\"potentialAction\":[{\"@type\":\"ReadAction\",\"target\":[\"https:\/\/blauabogados.com\/es\/politica-de-privacidad\/\"]}]},{\"@type\":\"BreadcrumbList\",\"@id\":\"https:\/\/blauabogados.com\/es\/politica-de-privacidad\/#breadcrumb\",\"itemListElement\":[{\"@type\":\"ListItem\",\"position\":1,\"name\":\"Portada\",\"item\":\"https:\/\/blauabogados.com\/?lang=es\"},{\"@type\":\"ListItem\",\"position\":2,\"name\":\"Pol\u00edtica de privacidad\"}]},{\"@type\":\"WebSite\",\"@id\":\"https:\/\/blauabogados.com\/#website\",\"url\":\"https:\/\/blauabogados.com\/\",\"name\":\"BLAU Solicitors\",\"description\":\"Real Estate and Tax Lawyers in Costa Blanca\",\"publisher\":{\"@id\":\"https:\/\/blauabogados.com\/#organization\"},\"potentialAction\":[{\"@type\":\"SearchAction\",\"target\":{\"@type\":\"EntryPoint\",\"urlTemplate\":\"https:\/\/blauabogados.com\/?s={search_term_string}\"},\"query-input\":{\"@type\":\"PropertyValueSpecification\",\"valueRequired\":true,\"valueName\":\"search_term_string\"}}],\"inLanguage\":\"es\"},{\"@type\":\"Organization\",\"@id\":\"https:\/\/blauabogados.com\/#organization\",\"name\":\"Blau Abogados y Asesores\",\"url\":\"https:\/\/blauabogados.com\/\",\"logo\":{\"@type\":\"ImageObject\",\"inLanguage\":\"es\",\"@id\":\"https:\/\/blauabogados.com\/#\/schema\/logo\/image\/\",\"url\":\"https:\/\/blauabogados.com\/wp-content\/uploads\/2022\/04\/1-scaled.jpg\",\"contentUrl\":\"https:\/\/blauabogados.com\/wp-content\/uploads\/2022\/04\/1-scaled.jpg\",\"width\":2560,\"height\":1600,\"caption\":\"Blau Abogados y Asesores\"},\"image\":{\"@id\":\"https:\/\/blauabogados.com\/#\/schema\/logo\/image\/\"},\"sameAs\":[\"https:\/\/www.instagram.com\/blau_abogados\/\"]}]}<\/script>\n<!-- \/ Yoast SEO plugin. -->","yoast_head_json":{"title":"Pol\u00edtica de privacidad - BLAU Solicitors","description":"Real Estate & Tax Lawyers in Orihuela Costa. Reliable Solicitors and Tax Advisors in Costa Blanca experts on conveyancing","robots":{"index":"index","follow":"follow","max-snippet":"max-snippet:-1","max-image-preview":"max-image-preview:large","max-video-preview":"max-video-preview:-1"},"canonical":"https:\/\/blauabogados.com\/es\/politica-de-privacidad\/","og_locale":"es_ES","og_type":"article","og_title":"Pol\u00edtica de privacidad - BLAU Solicitors","og_description":"Real Estate & Tax Lawyers in Orihuela Costa. Reliable Solicitors and Tax Advisors in Costa Blanca experts on conveyancing","og_url":"https:\/\/blauabogados.com\/es\/politica-de-privacidad\/","og_site_name":"BLAU Solicitors","article_modified_time":"2023-07-14T12:54:05+00:00","twitter_card":"summary_large_image","twitter_misc":{"Tiempo de lectura":"6 minutos"},"schema":{"@context":"https:\/\/schema.org","@graph":[{"@type":"WebPage","@id":"https:\/\/blauabogados.com\/es\/politica-de-privacidad\/","url":"https:\/\/blauabogados.com\/es\/politica-de-privacidad\/","name":"Pol\u00edtica de privacidad - BLAU Solicitors","isPartOf":{"@id":"https:\/\/blauabogados.com\/#website"},"datePublished":"2023-07-14T12:49:28+00:00","dateModified":"2023-07-14T12:54:05+00:00","description":"Real Estate & Tax Lawyers in Orihuela Costa. Reliable Solicitors and Tax Advisors in Costa Blanca experts on conveyancing","breadcrumb":{"@id":"https:\/\/blauabogados.com\/es\/politica-de-privacidad\/#breadcrumb"},"inLanguage":"es","potentialAction":[{"@type":"ReadAction","target":["https:\/\/blauabogados.com\/es\/politica-de-privacidad\/"]}]},{"@type":"BreadcrumbList","@id":"https:\/\/blauabogados.com\/es\/politica-de-privacidad\/#breadcrumb","itemListElement":[{"@type":"ListItem","position":1,"name":"Portada","item":"https:\/\/blauabogados.com\/?lang=es"},{"@type":"ListItem","position":2,"name":"Pol\u00edtica de privacidad"}]},{"@type":"WebSite","@id":"https:\/\/blauabogados.com\/#website","url":"https:\/\/blauabogados.com\/","name":"BLAU Solicitors","description":"Real Estate and Tax Lawyers in Costa Blanca","publisher":{"@id":"https:\/\/blauabogados.com\/#organization"},"potentialAction":[{"@type":"SearchAction","target":{"@type":"EntryPoint","urlTemplate":"https:\/\/blauabogados.com\/?s={search_term_string}"},"query-input":{"@type":"PropertyValueSpecification","valueRequired":true,"valueName":"search_term_string"}}],"inLanguage":"es"},{"@type":"Organization","@id":"https:\/\/blauabogados.com\/#organization","name":"Blau Abogados y Asesores","url":"https:\/\/blauabogados.com\/","logo":{"@type":"ImageObject","inLanguage":"es","@id":"https:\/\/blauabogados.com\/#\/schema\/logo\/image\/","url":"https:\/\/blauabogados.com\/wp-content\/uploads\/2022\/04\/1-scaled.jpg","contentUrl":"https:\/\/blauabogados.com\/wp-content\/uploads\/2022\/04\/1-scaled.jpg","width":2560,"height":1600,"caption":"Blau Abogados y Asesores"},"image":{"@id":"https:\/\/blauabogados.com\/#\/schema\/logo\/image\/"},"sameAs":["https:\/\/www.instagram.com\/blau_abogados\/"]}]}},"_links":{"self":[{"href":"https:\/\/blauabogados.com\/es\/wp-json\/wp\/v2\/pages\/2201","targetHints":{"allow":["GET"]}}],"collection":[{"href":"https:\/\/blauabogados.com\/es\/wp-json\/wp\/v2\/pages"}],"about":[{"href":"https:\/\/blauabogados.com\/es\/wp-json\/wp\/v2\/types\/page"}],"author":[{"embeddable":true,"href":"https:\/\/blauabogados.com\/es\/wp-json\/wp\/v2\/users\/9"}],"replies":[{"embeddable":true,"href":"https:\/\/blauabogados.com\/es\/wp-json\/wp\/v2\/comments?post=2201"}],"version-history":[{"count":3,"href":"https:\/\/blauabogados.com\/es\/wp-json\/wp\/v2\/pages\/2201\/revisions"}],"predecessor-version":[{"id":2208,"href":"https:\/\/blauabogados.com\/es\/wp-json\/wp\/v2\/pages\/2201\/revisions\/2208"}],"wp:attachment":[{"href":"https:\/\/blauabogados.com\/es\/wp-json\/wp\/v2\/media?parent=2201"}],"curies":[{"name":"wp","href":"https:\/\/api.w.org\/{rel}","templated":true}]}}