{"id":500,"date":"2017-02-27T09:53:50","date_gmt":"2017-02-27T09:53:50","guid":{"rendered":"http:\/\/blauabogados.com\/about-us\/"},"modified":"2026-01-19T10:34:14","modified_gmt":"2026-01-19T09:34:14","slug":"uber-uns","status":"publish","type":"page","link":"https:\/\/blauabogados.com\/de\/uber-uns\/","title":{"rendered":"\u00dcBER UNS"},"content":{"rendered":"<section class=\"wpb-content-wrapper\"><p>[vc_row][vc_column][vc_empty_space height=&#8220;150px&#8220;][vc_column_text]<\/p>\n<h1 style=\"text-align: center;\">Spezialisten im<strong> Immobilienrechts-Experten<\/strong><\/h1>\n<h1 style=\"text-align: center;\">\u00dcber unsere Anwaltskanzlei<\/h1>\n<p>[\/vc_column_text][vc_separator color=&#8220;custom&#8220; border_width=&#8220;6&#8243; el_width=&#8220;10&#8243; accent_color=&#8220;#07b3bc&#8220;][vc_empty_space height=&#8220;40px&#8220;][\/vc_column][\/vc_row][vc_row][vc_column][vc_row_inner][vc_column_inner width=&#8220;1\/2&#8243;][vc_column_text]<img decoding=\"async\" class=\"aligncenter wp-image-1178 size-full\" src=\"http:\/\/blauabogados.com\/wp-content\/uploads\/2020\/10\/accelerer le processus d acheminement\" alt=\"\" width=\"600\" height=\"400\" \/>[\/vc_column_text][\/vc_column_inner][vc_column_inner width=&#8220;1\/2&#8243;][vc_column_text]<\/p>\n<p style=\"text-align: justify;\"><strong>Blau Abogados y Asesores, S.L.P.<\/strong> ist eine junge und dynamische Spanische Rechtsanwaltskanzlei mit Hauptsitz in Torrevieja (Alicante). Ihre Spezialisierung liegt im Privat-, Immobilien-, Steuer-, Gesellschafts- und Internationalen Recht.<\/p>\n<p style=\"text-align: justify;\">Wir bieten rechtliche und steuerliche Beratung an In- und Ausl\u00e4nder, an residenten und nichtresidenten Eiwohner.<\/p>\n<p style=\"text-align: justify;\">Dank unserer breiten Erfahrung im Immobiliensektor m\u00f6chten wir uns zu einer \u00e4usserst vertrauensw\u00fcrdigen Referenzfirma entwickeln, welche Einzelpersonen und Firmen beim Erwerb von Immobilien an der Costa Blanca und Costa Calida optimal beraten kann.<\/p>\n<p style=\"text-align: justify;\"><img decoding=\"async\" class=\"size-full wp-image-865 alignnone\" src=\"https:\/\/blauabogados.com\/wp-content\/uploads\/2017\/02\/blau-solicitors-property-law-01.jpg\" alt=\"\" width=\"212\" height=\"105\" srcset=\"https:\/\/blauabogados.com\/wp-content\/uploads\/2017\/02\/blau-solicitors-property-law-01-200x99.jpg 200w, https:\/\/blauabogados.com\/wp-content\/uploads\/2017\/02\/blau-solicitors-property-law-01.jpg 212w\" sizes=\"(max-width: 212px) 100vw, 212px\" \/><\/p>\n<p>[\/vc_column_text][\/vc_column_inner][\/vc_row_inner][vc_empty_space height=&#8220;40px&#8220;][\/vc_column][\/vc_row][vc_row full_width=&#8220;stretch_row&#8220; css=&#8220;.vc_custom_1488303101735{background-color: #efefef !important;}&#8220;][vc_column][vc_column_text]<\/p>\n<h1 style=\"text-align: center;\">Spezialisten im<strong> Immobiliensektor<\/strong><\/h1>\n<p>[\/vc_column_text][vc_separator color=&#8220;custom&#8220; border_width=&#8220;6&#8243; el_width=&#8220;10&#8243; accent_color=&#8220;#07b3bc&#8220;][vc_empty_space height=&#8220;30px&#8220;][vc_row_inner][vc_column_inner width=&#8220;1\/2&#8243;][vc_column_text]<\/p>\n<p style=\"text-align: justify;\">Jedermann weiss, dass der Kauf einer Liegenschaft in Spanien f\u00fcr Nichtresidente zu Kopfzerbrechen und leidvollen Problemen f\u00fchren kann.<\/p>\n<p style=\"text-align: justify;\">Darum bietet Blau Abogados y Asesores, S.L.P. rechtliche und steuerliche Beratung an In- und Ausl\u00e4nder, an residente und nichtresidente Einwohner in der Costa Blanca und Costa Calida sowie auch Umgebung. Mit Standorte in Torrevieja, La Union (Murcia), und Orihuela Costa.<\/p>\n<p>[\/vc_column_text][\/vc_column_inner][vc_column_inner width=&#8220;1\/2&#8243;][\/vc_column_inner][\/vc_row_inner][vc_empty_space height=&#8220;40px&#8220;][\/vc_column][\/vc_row][vc_row full_width=&#8220;stretch_row&#8220; css=&#8220;.vc_custom_1488373515890{background-image: url(http:\/\/blauabogados.com\/wp-content\/uploads\/2017\/02\/blau-solicitors-2.jpg?id=244) !important;background-position: center !important;background-repeat: no-repeat !important;background-size: cover !important;}&#8220;][vc_column][vc_empty_space height=&#8220;100px&#8220;][vc_row_inner][vc_column_inner][vc_column_text]<\/p>\n<h2 style=\"text-align: center;\"><span style=\"color: #ffffff; font-size: 30pt;\">UNSERE RECHTSFIRMA,<span style=\"color: #07b3bc;\">IHRE BESTE L\u00d6SUNG<\/span><\/span><\/h2>\n<p>[\/vc_column_text][vc_empty_space height=&#8220;80px&#8220;][\/vc_column_inner][\/vc_row_inner][\/vc_column][\/vc_row][vc_row full_width=&#8220;stretch_row&#8220; css=&#8220;.vc_custom_1488217319292{background-color: #f4f4f4 !important;}&#8220;][vc_column][vc_empty_space height=&#8220;40px&#8220;][vc_column_text]<\/p>\n<h2 style=\"text-align: center;\">Unsere<strong> Anw\u00e4lte<\/strong><\/h2>\n<h1 style=\"text-align: center;\"><\/h1>\n<p>[\/vc_column_text][vc_separator color=&#8220;custom&#8220; border_width=&#8220;6&#8243; el_width=&#8220;10&#8243; accent_color=&#8220;#07b3bc&#8220;][vc_empty_space height=&#8220;40px&#8220;][vc_row_inner][vc_column_inner width=&#8220;1\/2&#8243;][\/vc_column_inner][vc_column_inner width=&#8220;1\/2&#8243;][\/vc_column_inner][\/vc_row_inner][\/vc_column][\/vc_row][vc_row css=&#8220;.vc_custom_1488375093766{background-color: #f4f4f4 !important;}&#8220;][vc_column][vc_empty_space height=&#8220;40px&#8220;][vc_separator color=&#8220;custom&#8220; border_width=&#8220;6&#8243; el_width=&#8220;10&#8243; accent_color=&#8220;#07b3bc&#8220;][vc_empty_space height=&#8220;20px&#8220;][vc_empty_space height=&#8220;40px&#8220;][\/vc_column][\/vc_row][vc_row full_width=&#8220;stretch_row&#8220; css=&#8220;.vc_custom_1488214032879{background-color: #07b3bc !important;}&#8220;][vc_column][vc_empty_space height=&#8220;30px&#8220;][vc_row_inner][vc_column_inner][vc_column_text]<\/p>\n<h2 style=\"text-align: center;\" data-fontsize=\"35\" data-lineheight=\"35\"><span style=\"color: #ffffff; font-size: 30pt;\">EIN KOSTENLOSES ANGEBOT<\/span><\/h2>\n<p>[\/vc_column_text][vc_btn title=&#8220;REINKOMMEN&#8220; style=&#8220;outline-custom&#8220; outline_custom_color=&#8220;#ffffff&#8220; outline_custom_hover_background=&#8220;#1a181a&#8220; outline_custom_hover_text=&#8220;#ffffff&#8220; align=&#8220;center&#8220; i_align=&#8220;right&#8220; i_type=&#8220;entypo&#8220; i_icon_entypo=&#8220;entypo-icon entypo-icon-right-open-big&#8220; add_icon=&#8220;true&#8220; link=&#8220;url:https%3A%2F%2Fblauabogados.com%2F%3Fpage_id%3D503%26lang%3Dde|title:CONTACT&#8220;][\/vc_column_inner][\/vc_row_inner][vc_empty_space height=&#8220;20px&#8220;][\/vc_column][\/vc_row]<\/p>\n<\/section>","protected":false},"excerpt":{"rendered":"<p>[vc_row][vc_column][vc_empty_space height=&#8220;150px&#8220;][vc_column_text] Spezialisten im Immobilienrechts-Experten \u00dcber unsere Anwaltskanzlei [\/vc_column_text][vc_separator color=&#8220;custom&#8220; border_width=&#8220;6&#8243; el_width=&#8220;10&#8243; accent_color=&#8220;#07b3bc&#8220;][vc_empty_space height=&#8220;40px&#8220;][\/vc_column][\/vc_row][vc_row][vc_column][vc_row_inner][vc_column_inner width=&#8220;1\/2&#8243;][vc_column_text][\/vc_column_text][\/vc_column_inner][vc_column_inner width=&#8220;1\/2&#8243;][vc_column_text] Blau Abogados y Asesores, S.L.P. ist eine junge und dynamische Spanische Rechtsanwaltskanzlei mit Hauptsitz in Torrevieja (Alicante). Ihre Spezialisierung liegt im Privat-, Immobilien-, Steuer-, Gesellschafts- und Internationalen Recht. Wir bieten rechtliche und steuerliche Beratung an In- und Ausl\u00e4nder, an  [&#8230;]<\/p>\n","protected":false},"author":2,"featured_media":0,"parent":0,"menu_order":0,"comment_status":"closed","ping_status":"closed","template":"","meta":{"_joinchat":[],"footnotes":""},"class_list":["post-500","page","type-page","status-publish","hentry"],"yoast_head":"<!-- This site is optimized with the Yoast SEO plugin v24.4 - https:\/\/yoast.com\/wordpress\/plugins\/seo\/ -->\n<title>\u00dcBER UNS - BLAU Solicitors<\/title>\n<meta name=\"description\" content=\"Real Estate &amp; Tax Lawyers in Orihuela Costa. Reliable Solicitors and Tax Advisors in Costa Blanca experts on conveyancing\" \/>\n<meta name=\"robots\" content=\"index, follow, max-snippet:-1, max-image-preview:large, max-video-preview:-1\" \/>\n<link rel=\"canonical\" href=\"https:\/\/blauabogados.com\/de\/uber-uns\/\" \/>\n<meta property=\"og:locale\" content=\"de_DE\" \/>\n<meta property=\"og:type\" content=\"article\" \/>\n<meta property=\"og:title\" content=\"\u00dcBER UNS - BLAU Solicitors\" \/>\n<meta property=\"og:description\" content=\"Real Estate &amp; Tax Lawyers in Orihuela Costa. Reliable Solicitors and Tax Advisors in Costa Blanca experts on conveyancing\" \/>\n<meta property=\"og:url\" content=\"https:\/\/blauabogados.com\/de\/uber-uns\/\" \/>\n<meta property=\"og:site_name\" content=\"BLAU Solicitors\" \/>\n<meta property=\"article:modified_time\" content=\"2026-01-19T09:34:14+00:00\" \/>\n<meta property=\"og:image\" content=\"https:\/\/blauabogados.com\/wp-content\/uploads\/2017\/02\/blau-solicitors-property-law-01.jpg\" \/>\n<meta name=\"twitter:card\" content=\"summary_large_image\" \/>\n<meta name=\"twitter:label1\" content=\"Gesch\u00e4tzte Lesezeit\" \/>\n\t<meta name=\"twitter:data1\" content=\"7\u00a0Minuten\" \/>\n<script type=\"application\/ld+json\" class=\"yoast-schema-graph\">{\"@context\":\"https:\/\/schema.org\",\"@graph\":[{\"@type\":\"WebPage\",\"@id\":\"https:\/\/blauabogados.com\/de\/uber-uns\/\",\"url\":\"https:\/\/blauabogados.com\/de\/uber-uns\/\",\"name\":\"\u00dcBER UNS - BLAU Solicitors\",\"isPartOf\":{\"@id\":\"https:\/\/blauabogados.com\/#website\"},\"primaryImageOfPage\":{\"@id\":\"https:\/\/blauabogados.com\/de\/uber-uns\/#primaryimage\"},\"image\":{\"@id\":\"https:\/\/blauabogados.com\/de\/uber-uns\/#primaryimage\"},\"thumbnailUrl\":\"https:\/\/blauabogados.com\/wp-content\/uploads\/2017\/02\/blau-solicitors-property-law-01.jpg\",\"datePublished\":\"2017-02-27T09:53:50+00:00\",\"dateModified\":\"2026-01-19T09:34:14+00:00\",\"description\":\"Real Estate & Tax Lawyers in Orihuela Costa. Reliable Solicitors and Tax Advisors in Costa Blanca experts on conveyancing\",\"breadcrumb\":{\"@id\":\"https:\/\/blauabogados.com\/de\/uber-uns\/#breadcrumb\"},\"inLanguage\":\"de\",\"potentialAction\":[{\"@type\":\"ReadAction\",\"target\":[\"https:\/\/blauabogados.com\/de\/uber-uns\/\"]}]},{\"@type\":\"ImageObject\",\"inLanguage\":\"de\",\"@id\":\"https:\/\/blauabogados.com\/de\/uber-uns\/#primaryimage\",\"url\":\"https:\/\/blauabogados.com\/wp-content\/uploads\/2017\/02\/blau-solicitors-property-law-01.jpg\",\"contentUrl\":\"https:\/\/blauabogados.com\/wp-content\/uploads\/2017\/02\/blau-solicitors-property-law-01.jpg\"},{\"@type\":\"BreadcrumbList\",\"@id\":\"https:\/\/blauabogados.com\/de\/uber-uns\/#breadcrumb\",\"itemListElement\":[{\"@type\":\"ListItem\",\"position\":1,\"name\":\"Portada\",\"item\":\"https:\/\/blauabogados.com\/?lang=de\"},{\"@type\":\"ListItem\",\"position\":2,\"name\":\"\u00dcBER UNS\"}]},{\"@type\":\"WebSite\",\"@id\":\"https:\/\/blauabogados.com\/#website\",\"url\":\"https:\/\/blauabogados.com\/\",\"name\":\"BLAU Solicitors\",\"description\":\"Real Estate and Tax Lawyers in Costa Blanca\",\"publisher\":{\"@id\":\"https:\/\/blauabogados.com\/#organization\"},\"potentialAction\":[{\"@type\":\"SearchAction\",\"target\":{\"@type\":\"EntryPoint\",\"urlTemplate\":\"https:\/\/blauabogados.com\/?s={search_term_string}\"},\"query-input\":{\"@type\":\"PropertyValueSpecification\",\"valueRequired\":true,\"valueName\":\"search_term_string\"}}],\"inLanguage\":\"de\"},{\"@type\":\"Organization\",\"@id\":\"https:\/\/blauabogados.com\/#organization\",\"name\":\"Blau Abogados y Asesores\",\"url\":\"https:\/\/blauabogados.com\/\",\"logo\":{\"@type\":\"ImageObject\",\"inLanguage\":\"de\",\"@id\":\"https:\/\/blauabogados.com\/#\/schema\/logo\/image\/\",\"url\":\"https:\/\/blauabogados.com\/wp-content\/uploads\/2022\/04\/1-scaled.jpg\",\"contentUrl\":\"https:\/\/blauabogados.com\/wp-content\/uploads\/2022\/04\/1-scaled.jpg\",\"width\":2560,\"height\":1600,\"caption\":\"Blau Abogados y Asesores\"},\"image\":{\"@id\":\"https:\/\/blauabogados.com\/#\/schema\/logo\/image\/\"},\"sameAs\":[\"https:\/\/www.instagram.com\/blau_abogados\/\"]}]}<\/script>\n<!-- \/ Yoast SEO plugin. -->","yoast_head_json":{"title":"\u00dcBER UNS - BLAU Solicitors","description":"Real Estate & Tax Lawyers in Orihuela Costa. Reliable Solicitors and Tax Advisors in Costa Blanca experts on conveyancing","robots":{"index":"index","follow":"follow","max-snippet":"max-snippet:-1","max-image-preview":"max-image-preview:large","max-video-preview":"max-video-preview:-1"},"canonical":"https:\/\/blauabogados.com\/de\/uber-uns\/","og_locale":"de_DE","og_type":"article","og_title":"\u00dcBER UNS - BLAU Solicitors","og_description":"Real Estate & Tax Lawyers in Orihuela Costa. Reliable Solicitors and Tax Advisors in Costa Blanca experts on conveyancing","og_url":"https:\/\/blauabogados.com\/de\/uber-uns\/","og_site_name":"BLAU Solicitors","article_modified_time":"2026-01-19T09:34:14+00:00","og_image":[{"url":"https:\/\/blauabogados.com\/wp-content\/uploads\/2017\/02\/blau-solicitors-property-law-01.jpg","type":"","width":"","height":""}],"twitter_card":"summary_large_image","twitter_misc":{"Gesch\u00e4tzte Lesezeit":"7\u00a0Minuten"},"schema":{"@context":"https:\/\/schema.org","@graph":[{"@type":"WebPage","@id":"https:\/\/blauabogados.com\/de\/uber-uns\/","url":"https:\/\/blauabogados.com\/de\/uber-uns\/","name":"\u00dcBER UNS - BLAU Solicitors","isPartOf":{"@id":"https:\/\/blauabogados.com\/#website"},"primaryImageOfPage":{"@id":"https:\/\/blauabogados.com\/de\/uber-uns\/#primaryimage"},"image":{"@id":"https:\/\/blauabogados.com\/de\/uber-uns\/#primaryimage"},"thumbnailUrl":"https:\/\/blauabogados.com\/wp-content\/uploads\/2017\/02\/blau-solicitors-property-law-01.jpg","datePublished":"2017-02-27T09:53:50+00:00","dateModified":"2026-01-19T09:34:14+00:00","description":"Real Estate & Tax Lawyers in Orihuela Costa. Reliable Solicitors and Tax Advisors in Costa Blanca experts on conveyancing","breadcrumb":{"@id":"https:\/\/blauabogados.com\/de\/uber-uns\/#breadcrumb"},"inLanguage":"de","potentialAction":[{"@type":"ReadAction","target":["https:\/\/blauabogados.com\/de\/uber-uns\/"]}]},{"@type":"ImageObject","inLanguage":"de","@id":"https:\/\/blauabogados.com\/de\/uber-uns\/#primaryimage","url":"https:\/\/blauabogados.com\/wp-content\/uploads\/2017\/02\/blau-solicitors-property-law-01.jpg","contentUrl":"https:\/\/blauabogados.com\/wp-content\/uploads\/2017\/02\/blau-solicitors-property-law-01.jpg"},{"@type":"BreadcrumbList","@id":"https:\/\/blauabogados.com\/de\/uber-uns\/#breadcrumb","itemListElement":[{"@type":"ListItem","position":1,"name":"Portada","item":"https:\/\/blauabogados.com\/?lang=de"},{"@type":"ListItem","position":2,"name":"\u00dcBER UNS"}]},{"@type":"WebSite","@id":"https:\/\/blauabogados.com\/#website","url":"https:\/\/blauabogados.com\/","name":"BLAU Solicitors","description":"Real Estate and Tax Lawyers in Costa Blanca","publisher":{"@id":"https:\/\/blauabogados.com\/#organization"},"potentialAction":[{"@type":"SearchAction","target":{"@type":"EntryPoint","urlTemplate":"https:\/\/blauabogados.com\/?s={search_term_string}"},"query-input":{"@type":"PropertyValueSpecification","valueRequired":true,"valueName":"search_term_string"}}],"inLanguage":"de"},{"@type":"Organization","@id":"https:\/\/blauabogados.com\/#organization","name":"Blau Abogados y Asesores","url":"https:\/\/blauabogados.com\/","logo":{"@type":"ImageObject","inLanguage":"de","@id":"https:\/\/blauabogados.com\/#\/schema\/logo\/image\/","url":"https:\/\/blauabogados.com\/wp-content\/uploads\/2022\/04\/1-scaled.jpg","contentUrl":"https:\/\/blauabogados.com\/wp-content\/uploads\/2022\/04\/1-scaled.jpg","width":2560,"height":1600,"caption":"Blau Abogados y Asesores"},"image":{"@id":"https:\/\/blauabogados.com\/#\/schema\/logo\/image\/"},"sameAs":["https:\/\/www.instagram.com\/blau_abogados\/"]}]}},"_links":{"self":[{"href":"https:\/\/blauabogados.com\/de\/wp-json\/wp\/v2\/pages\/500","targetHints":{"allow":["GET"]}}],"collection":[{"href":"https:\/\/blauabogados.com\/de\/wp-json\/wp\/v2\/pages"}],"about":[{"href":"https:\/\/blauabogados.com\/de\/wp-json\/wp\/v2\/types\/page"}],"author":[{"embeddable":true,"href":"https:\/\/blauabogados.com\/de\/wp-json\/wp\/v2\/users\/2"}],"replies":[{"embeddable":true,"href":"https:\/\/blauabogados.com\/de\/wp-json\/wp\/v2\/comments?post=500"}],"version-history":[{"count":2,"href":"https:\/\/blauabogados.com\/de\/wp-json\/wp\/v2\/pages\/500\/revisions"}],"predecessor-version":[{"id":3029,"href":"https:\/\/blauabogados.com\/de\/wp-json\/wp\/v2\/pages\/500\/revisions\/3029"}],"wp:attachment":[{"href":"https:\/\/blauabogados.com\/de\/wp-json\/wp\/v2\/media?parent=500"}],"curies":[{"name":"wp","href":"https:\/\/api.w.org\/{rel}","templated":true}]}}