{"id":498,"date":"2017-02-27T09:53:37","date_gmt":"2017-02-27T09:53:37","guid":{"rendered":"http:\/\/blauabogados.com\/practice-areas\/"},"modified":"2023-01-26T17:41:45","modified_gmt":"2023-01-26T17:41:45","slug":"rechtsbereiche","status":"publish","type":"page","link":"https:\/\/blauabogados.com\/de\/rechtsbereiche\/","title":{"rendered":"RECHTSBEREICHE"},"content":{"rendered":"<section class=\"wpb-content-wrapper\"><p>[vc_row][vc_column][vc_empty_space height=&#8220;150px&#8220;][vc_column_text]<\/p>\n<h1 style=\"text-align: center;\">Blau Abogados <strong>Rechtsbereiche<\/strong><\/h1>\n<h2 style=\"text-align: center;\"><span style=\"font-size: 18pt;\"><strong>Blau Abogados y Asesores,<\/strong> S.L.P. sind in <strong><em>diversen Bereichen spezialisiert<\/em><\/strong><\/span><\/h2>\n<p>[\/vc_column_text][vc_separator color=&#8220;custom&#8220; border_width=&#8220;6&#8243; el_width=&#8220;10&#8243; accent_color=&#8220;#07b3bc&#8220;][vc_empty_space height=&#8220;40px&#8220;][\/vc_column][\/vc_row][vc_row][vc_column][vc_row_inner][vc_column_inner width=&#8220;1\/2&#8243;][vc_column_text]<img decoding=\"async\" class=\"size-full wp-image-589 aligncenter\" src=\"http:\/\/blauabogados.com\/wp-content\/uploads\/2017\/02\/blau abogados anw\u00e4lte rechtsanw\u00e4lte in torrevieja spanien 9.jpg\" alt=\"\" width=\"750\" height=\"220\" srcset=\"https:\/\/blauabogados.com\/wp-content\/uploads\/2017\/02\/blau%20abogados%20anw\u00e4lte%20rechtsanw\u00e4lte%20in%20torrevieja%20spanien%209-200x59.jpg 200w, https:\/\/blauabogados.com\/wp-content\/uploads\/2017\/02\/blau%20abogados%20anw\u00e4lte%20rechtsanw\u00e4lte%20in%20torrevieja%20spanien%209-300x88.jpg 300w, https:\/\/blauabogados.com\/wp-content\/uploads\/2017\/02\/blau%20abogados%20anw\u00e4lte%20rechtsanw\u00e4lte%20in%20torrevieja%20spanien%209-400x117.jpg 400w, https:\/\/blauabogados.com\/wp-content\/uploads\/2017\/02\/blau%20abogados%20anw\u00e4lte%20rechtsanw\u00e4lte%20in%20torrevieja%20spanien%209-600x176.jpg 600w, https:\/\/blauabogados.com\/wp-content\/uploads\/2017\/02\/blau%20abogados%20anw\u00e4lte%20rechtsanw\u00e4lte%20in%20torrevieja%20spanien%209.jpg 750w\" sizes=\"(max-width: 750px) 100vw, 750px\" \/>[\/vc_column_text][vc_column_text]<\/p>\n<h2 style=\"text-align: center;\"><span style=\"color: #07b3bc;\">Immobilienrecht<\/span><\/h2>\n<p style=\"text-align: justify;\">Aus vielerlei Gr\u00fcnden sind Investitionen in Immobilien sehr beliebt. Ausl\u00e4nder und Anleger, die in Spanien etwas kaufen wollen, sollten die Gesetzgebung kennen, oder jemanden beauftragen, der diese Gesetze kennt. Innerhalb der letzten Jahre hat sich der Immobilienmarkt sehr stark ver\u00e4ndert. Unsere Anw\u00e4lte bei Blau Abogados y Asociados S.L.P. stellen umfassende Eigentumsdienstleistungspakete zur Verf\u00fcgung.<\/p>\n<p>[\/vc_column_text][\/vc_column_inner][vc_column_inner width=&#8220;1\/2&#8243;][vc_column_text]<img decoding=\"async\" class=\"size-full wp-image-591 aligncenter\" src=\"http:\/\/blauabogados.com\/wp-content\/uploads\/2017\/02\/blau abogados anw\u00e4lte rechtsanw\u00e4lte in torrevieja spanien 10.jpg\" alt=\"\" width=\"750\" height=\"220\" srcset=\"https:\/\/blauabogados.com\/wp-content\/uploads\/2017\/02\/blau%20abogados%20anw\u00e4lte%20rechtsanw\u00e4lte%20in%20torrevieja%20spanien%2010-200x59.jpg 200w, https:\/\/blauabogados.com\/wp-content\/uploads\/2017\/02\/blau%20abogados%20anw\u00e4lte%20rechtsanw\u00e4lte%20in%20torrevieja%20spanien%2010-300x88.jpg 300w, https:\/\/blauabogados.com\/wp-content\/uploads\/2017\/02\/blau%20abogados%20anw\u00e4lte%20rechtsanw\u00e4lte%20in%20torrevieja%20spanien%2010-400x117.jpg 400w, https:\/\/blauabogados.com\/wp-content\/uploads\/2017\/02\/blau%20abogados%20anw\u00e4lte%20rechtsanw\u00e4lte%20in%20torrevieja%20spanien%2010-600x176.jpg 600w, https:\/\/blauabogados.com\/wp-content\/uploads\/2017\/02\/blau%20abogados%20anw\u00e4lte%20rechtsanw\u00e4lte%20in%20torrevieja%20spanien%2010.jpg 750w\" sizes=\"(max-width: 750px) 100vw, 750px\" \/>[\/vc_column_text][vc_column_text]<\/p>\n<h2 style=\"text-align: center;\"><span style=\"color: #07b3bc;\">Unternehmensrecht<\/span><\/h2>\n<p style=\"text-align: justify;\">Unsere Anw\u00e4lte beraten Sie auch in verschiedenen Branchen des Wirtschafts- und Unternehmensrecht, so z.B. Arbeitsrecht, Datenschutzrecht, Internationales Wirtschaftsrecht, Beratung bei Bankgesch\u00e4ften, bei Insolvenzen, bei Familienunternehmen, beim Erstellen von Protokollen und im Bereich Compliance. Wir k\u00f6nnen Sie auch untert\u00fctzen bei der Ansiedelung von Tochtergesellschaften in Spanien.<\/p>\n<p>[\/vc_column_text][\/vc_column_inner][\/vc_row_inner][vc_empty_space height=&#8220;40px&#8220;][\/vc_column][\/vc_row][vc_row full_width=&#8220;stretch_row&#8220; css=&#8220;.vc_custom_1488368789943{background-color: #efefef !important;}&#8220;][vc_column][vc_row_inner][vc_column_inner width=&#8220;1\/2&#8243;][vc_column_text]<img decoding=\"async\" class=\"size-full wp-image-593 aligncenter\" src=\"http:\/\/blauabogados.com\/wp-content\/uploads\/2017\/02\/blau abogados anw\u00e4lte rechtsanw\u00e4lte in torrevieja spanien 11.jpg\" alt=\"\" width=\"750\" height=\"220\" srcset=\"https:\/\/blauabogados.com\/wp-content\/uploads\/2017\/02\/blau%20abogados%20anw\u00e4lte%20rechtsanw\u00e4lte%20in%20torrevieja%20spanien%2011-200x59.jpg 200w, https:\/\/blauabogados.com\/wp-content\/uploads\/2017\/02\/blau%20abogados%20anw\u00e4lte%20rechtsanw\u00e4lte%20in%20torrevieja%20spanien%2011-300x88.jpg 300w, https:\/\/blauabogados.com\/wp-content\/uploads\/2017\/02\/blau%20abogados%20anw\u00e4lte%20rechtsanw\u00e4lte%20in%20torrevieja%20spanien%2011-400x117.jpg 400w, https:\/\/blauabogados.com\/wp-content\/uploads\/2017\/02\/blau%20abogados%20anw\u00e4lte%20rechtsanw\u00e4lte%20in%20torrevieja%20spanien%2011-600x176.jpg 600w, https:\/\/blauabogados.com\/wp-content\/uploads\/2017\/02\/blau%20abogados%20anw\u00e4lte%20rechtsanw\u00e4lte%20in%20torrevieja%20spanien%2011.jpg 750w\" sizes=\"(max-width: 750px) 100vw, 750px\" \/>[\/vc_column_text][vc_column_text css_animation=&#8220;none&#8220;]<\/p>\n<h2 style=\"text-align: center;\"><span style=\"color: #07b3bc;\">Steuerrecht<\/span><\/h2>\n<p style=\"text-align: justify;\">Innerhalb der letzten Jahre hat sich Spanien zu einem sehr interessanten Steuerort f\u00fcr Ausl\u00e4nder entwickelt.<\/p>\n<p style=\"text-align: justify;\">Auf Wunsch der Kunden \u00fcbernehmen wir die Funktion des Steuerrepr\u00e4sentanten, beraten diese bei Steuerfragen, bezahlen im Auftrage der Kunden die Steuern, beantragen Steuerr\u00fcckverg\u00fctungen, initiieren bei Bedarf Rekurse bei den Steuer\u00e4mtern etc.<\/p>\n<p style=\"text-align: justify;\">Wir kennen uns aus beim Doppelbesteuerungsrecht, beim Erbschafts-, Schenkungs- und Steuerstrafecht und beraten die Nichtresidenten bei allen Steuerfragen.<\/p>\n<p>[\/vc_column_text][\/vc_column_inner][vc_column_inner width=&#8220;1\/2&#8243;][vc_column_text]<img decoding=\"async\" class=\"size-full wp-image-595 aligncenter\" src=\"http:\/\/blauabogados.com\/wp-content\/uploads\/2017\/02\/blau abogados anw\u00e4lte rechtsanw\u00e4lte in torrevieja spanien 12.jpg\" alt=\"\" width=\"750\" height=\"220\" srcset=\"https:\/\/blauabogados.com\/wp-content\/uploads\/2017\/02\/blau%20abogados%20anw\u00e4lte%20rechtsanw\u00e4lte%20in%20torrevieja%20spanien%2012-200x59.jpg 200w, https:\/\/blauabogados.com\/wp-content\/uploads\/2017\/02\/blau%20abogados%20anw\u00e4lte%20rechtsanw\u00e4lte%20in%20torrevieja%20spanien%2012-300x88.jpg 300w, https:\/\/blauabogados.com\/wp-content\/uploads\/2017\/02\/blau%20abogados%20anw\u00e4lte%20rechtsanw\u00e4lte%20in%20torrevieja%20spanien%2012-400x117.jpg 400w, https:\/\/blauabogados.com\/wp-content\/uploads\/2017\/02\/blau%20abogados%20anw\u00e4lte%20rechtsanw\u00e4lte%20in%20torrevieja%20spanien%2012-600x176.jpg 600w, https:\/\/blauabogados.com\/wp-content\/uploads\/2017\/02\/blau%20abogados%20anw\u00e4lte%20rechtsanw\u00e4lte%20in%20torrevieja%20spanien%2012.jpg 750w\" sizes=\"(max-width: 750px) 100vw, 750px\" \/>[\/vc_column_text][vc_column_text]<\/p>\n<h2 style=\"text-align: center;\"><span style=\"color: #07b3bc;\">Baurecht<\/span><\/h2>\n<p style=\"text-align: justify;\">Administratives Recht (Verwaltungsrecht), Beratungen und juristische Vertretung vor Beh\u00f6rden,<br \/>\nBeratung und oder Vertretung der Kunden bei Stockwerkeigent\u00fcmergemeinschaften, Versammlungen, beim Bauordnungsrecht, bei Enteignungen und administrativen Bussen seitens der Beh\u00f6rden etc.<\/p>\n<p>[\/vc_column_text][\/vc_column_inner][\/vc_row_inner][vc_empty_space height=&#8220;40px&#8220;][\/vc_column][\/vc_row][vc_row][vc_column][vc_row_inner][vc_column_inner width=&#8220;1\/2&#8243;][vc_column_text]<img decoding=\"async\" class=\"alignnone size-full wp-image-597\" src=\"http:\/\/blauabogados.com\/wp-content\/uploads\/2017\/02\/blau abogados anw\u00e4lte rechtsanw\u00e4lte in torrevieja spanien 13.jpg\" alt=\"\" width=\"750\" height=\"220\" srcset=\"https:\/\/blauabogados.com\/wp-content\/uploads\/2017\/02\/blau%20abogados%20anw\u00e4lte%20rechtsanw\u00e4lte%20in%20torrevieja%20spanien%2013-200x59.jpg 200w, https:\/\/blauabogados.com\/wp-content\/uploads\/2017\/02\/blau%20abogados%20anw\u00e4lte%20rechtsanw\u00e4lte%20in%20torrevieja%20spanien%2013-300x88.jpg 300w, https:\/\/blauabogados.com\/wp-content\/uploads\/2017\/02\/blau%20abogados%20anw\u00e4lte%20rechtsanw\u00e4lte%20in%20torrevieja%20spanien%2013-400x117.jpg 400w, https:\/\/blauabogados.com\/wp-content\/uploads\/2017\/02\/blau%20abogados%20anw\u00e4lte%20rechtsanw\u00e4lte%20in%20torrevieja%20spanien%2013-600x176.jpg 600w, https:\/\/blauabogados.com\/wp-content\/uploads\/2017\/02\/blau%20abogados%20anw\u00e4lte%20rechtsanw\u00e4lte%20in%20torrevieja%20spanien%2013.jpg 750w\" sizes=\"(max-width: 750px) 100vw, 750px\" \/>[\/vc_column_text][vc_column_text css_animation=&#8220;none&#8220;]<\/p>\n<h2 style=\"text-align: center;\"><span style=\"color: #07b3bc;\">Nachfolgeplanung und Erbrecht<\/span><\/h2>\n<p style=\"text-align: justify;\">Vorbereitung von Testamenten, Erbvertr\u00e4gen, Verm\u00e4chtnissen und sonstigen Verf\u00fcgungen betreffend des letzten Willens. \u00dcberpr\u00fcfung und allenfalls Anpassung von Testamenten, Beratung im spanischen und deutschen Erbrecht sowie bei Schenkungssteuerfragen und bei der Unternehmensnachfolge.<\/p>\n<p>[\/vc_column_text][\/vc_column_inner][vc_column_inner width=&#8220;1\/2&#8243;][vc_column_text]<img decoding=\"async\" class=\"size-full wp-image-599 aligncenter\" src=\"http:\/\/blauabogados.com\/wp-content\/uploads\/2017\/02\/blau abogados anw\u00e4lte rechtsanw\u00e4lte in torrevieja spanien 14.jpg\" alt=\"\" width=\"750\" height=\"220\" srcset=\"https:\/\/blauabogados.com\/wp-content\/uploads\/2017\/02\/blau%20abogados%20anw\u00e4lte%20rechtsanw\u00e4lte%20in%20torrevieja%20spanien%2014-200x59.jpg 200w, https:\/\/blauabogados.com\/wp-content\/uploads\/2017\/02\/blau%20abogados%20anw\u00e4lte%20rechtsanw\u00e4lte%20in%20torrevieja%20spanien%2014-300x88.jpg 300w, https:\/\/blauabogados.com\/wp-content\/uploads\/2017\/02\/blau%20abogados%20anw\u00e4lte%20rechtsanw\u00e4lte%20in%20torrevieja%20spanien%2014-400x117.jpg 400w, https:\/\/blauabogados.com\/wp-content\/uploads\/2017\/02\/blau%20abogados%20anw\u00e4lte%20rechtsanw\u00e4lte%20in%20torrevieja%20spanien%2014-600x176.jpg 600w, https:\/\/blauabogados.com\/wp-content\/uploads\/2017\/02\/blau%20abogados%20anw\u00e4lte%20rechtsanw\u00e4lte%20in%20torrevieja%20spanien%2014.jpg 750w\" sizes=\"(max-width: 750px) 100vw, 750px\" \/>[\/vc_column_text][vc_column_text]<\/p>\n<h2 style=\"text-align: center;\"><span style=\"color: #07b3bc;\">Internationale Privatrecht<\/span><\/h2>\n<p style=\"text-align: justify;\">Das Internationale Privatrecht (IPR -Gesetz) nennt man im Rechtswesen die Gesamtheit der Rechtss\u00e4tze des nationalen Rechts, die festlegen, welche von mehreren m\u00f6glichen internationalen Privatrechtsordnungen in einem Kollisionsfall angewandt wird. Ein Kollisionsfall liegt vor, wenn ein Sachverhalt eine Auslandsber\u00fchrung aufweist. In diesen Kollisionsf\u00e4llen beantwortet das internationale Recht die Frage, ob inl\u00e4ndisches Recht oder ausl\u00e4ndisches Recht anwendbar ist oder gegebenenfalls welches ausl\u00e4ndische Recht innerhalb mehrerer kollidierender ausl\u00e4ndischer Rechte anwendbar ist. (Ehe-, Transport-, Wirtschaftsrecht\u2026)<\/p>\n<p>[\/vc_column_text][\/vc_column_inner][\/vc_row_inner][vc_empty_space height=&#8220;40px&#8220;][\/vc_column][\/vc_row][vc_row full_width=&#8220;stretch_row&#8220; css=&#8220;.vc_custom_1488214032879{background-color: #07b3bc !important;}&#8220;][vc_column][vc_empty_space height=&#8220;30px&#8220;][vc_row_inner][vc_column_inner][vc_column_text]<\/p>\n<h2 style=\"text-align: center;\"><span style=\"color: #ffffff; font-size: 36pt;\">EIN KOSTENLOSES ANGEBOT<\/span><\/h2>\n<p>[\/vc_column_text][vc_btn title=&#8220;REINKOMMEN&#8220; style=&#8220;outline-custom&#8220; outline_custom_color=&#8220;#ffffff&#8220; outline_custom_hover_background=&#8220;#1a181a&#8220; outline_custom_hover_text=&#8220;#ffffff&#8220; align=&#8220;center&#8220; i_align=&#8220;right&#8220; i_type=&#8220;entypo&#8220; i_icon_entypo=&#8220;entypo-icon entypo-icon-right-open-big&#8220; add_icon=&#8220;true&#8220; link=&#8220;url:https%3A%2F%2Fblauabogados.com%2F%3Fpage_id%3D503%26lang%3Dde|title:CONTACT&#8220;][\/vc_column_inner][\/vc_row_inner][vc_empty_space height=&#8220;20px&#8220;][\/vc_column][\/vc_row]<\/p>\n<\/section>","protected":false},"excerpt":{"rendered":"<p>[vc_row][vc_column][vc_empty_space height=&#8220;150px&#8220;][vc_column_text] Blau Abogados Rechtsbereiche Blau Abogados y Asesores, S.L.P. sind in diversen Bereichen spezialisiert [\/vc_column_text][vc_separator color=&#8220;custom&#8220; border_width=&#8220;6&#8243; el_width=&#8220;10&#8243; accent_color=&#8220;#07b3bc&#8220;][vc_empty_space height=&#8220;40px&#8220;][\/vc_column][\/vc_row][vc_row][vc_column][vc_row_inner][vc_column_inner width=&#8220;1\/2&#8243;][vc_column_text][\/vc_column_text][vc_column_text] Immobilienrecht Aus vielerlei Gr\u00fcnden sind Investitionen in Immobilien sehr beliebt. Ausl\u00e4nder und Anleger, die in Spanien etwas kaufen wollen, sollten die Gesetzgebung kennen, oder jemanden beauftragen, der diese Gesetze kennt. Innerhalb der letzten  [&#8230;]<\/p>\n","protected":false},"author":2,"featured_media":0,"parent":0,"menu_order":0,"comment_status":"closed","ping_status":"closed","template":"","meta":{"_joinchat":[],"footnotes":""},"class_list":["post-498","page","type-page","status-publish","hentry"],"yoast_head":"<!-- This site is optimized with the Yoast SEO plugin v24.4 - https:\/\/yoast.com\/wordpress\/plugins\/seo\/ -->\n<title>RECHTSBEREICHE - BLAU Solicitors<\/title>\n<meta name=\"description\" content=\"Real Estate &amp; Tax Lawyers in Orihuela Costa. Reliable Solicitors and Tax Advisors in Costa Blanca experts on conveyancing\" \/>\n<meta name=\"robots\" content=\"index, follow, max-snippet:-1, max-image-preview:large, max-video-preview:-1\" \/>\n<link rel=\"canonical\" href=\"https:\/\/blauabogados.com\/rechtsbereiche\/?lang=de\" \/>\n<meta property=\"og:locale\" content=\"de_DE\" \/>\n<meta property=\"og:type\" content=\"article\" \/>\n<meta property=\"og:title\" content=\"RECHTSBEREICHE - BLAU Solicitors\" \/>\n<meta property=\"og:description\" content=\"Real Estate &amp; Tax Lawyers in Orihuela Costa. Reliable Solicitors and Tax Advisors in Costa Blanca experts on conveyancing\" \/>\n<meta property=\"og:url\" content=\"https:\/\/blauabogados.com\/rechtsbereiche\/?lang=de\" \/>\n<meta property=\"og:site_name\" content=\"BLAU Solicitors\" \/>\n<meta property=\"article:modified_time\" content=\"2023-01-26T17:41:45+00:00\" \/>\n<meta property=\"og:image\" content=\"http:\/\/blauabogados.com\/wp-content\/uploads\/2017\/02\/blau-abogados-solicitors-in-torrevieja-spain9.jpg\" \/>\n<meta name=\"twitter:card\" content=\"summary_large_image\" \/>\n<meta name=\"twitter:label1\" content=\"Gesch\u00e4tzte Lesezeit\" \/>\n\t<meta name=\"twitter:data1\" content=\"3\u00a0Minuten\" \/>\n<script type=\"application\/ld+json\" class=\"yoast-schema-graph\">{\"@context\":\"https:\/\/schema.org\",\"@graph\":[{\"@type\":\"WebPage\",\"@id\":\"https:\/\/blauabogados.com\/rechtsbereiche\/?lang=de\",\"url\":\"https:\/\/blauabogados.com\/rechtsbereiche\/?lang=de\",\"name\":\"RECHTSBEREICHE - BLAU Solicitors\",\"isPartOf\":{\"@id\":\"https:\/\/blauabogados.com\/#website\"},\"datePublished\":\"2017-02-27T09:53:37+00:00\",\"dateModified\":\"2023-01-26T17:41:45+00:00\",\"description\":\"Real Estate & Tax Lawyers in Orihuela Costa. Reliable Solicitors and Tax Advisors in Costa Blanca experts on conveyancing\",\"breadcrumb\":{\"@id\":\"https:\/\/blauabogados.com\/rechtsbereiche\/?lang=de#breadcrumb\"},\"inLanguage\":\"de\",\"potentialAction\":[{\"@type\":\"ReadAction\",\"target\":[\"https:\/\/blauabogados.com\/rechtsbereiche\/?lang=de\"]}]},{\"@type\":\"BreadcrumbList\",\"@id\":\"https:\/\/blauabogados.com\/rechtsbereiche\/?lang=de#breadcrumb\",\"itemListElement\":[{\"@type\":\"ListItem\",\"position\":1,\"name\":\"Portada\",\"item\":\"https:\/\/blauabogados.com\/?lang=de\"},{\"@type\":\"ListItem\",\"position\":2,\"name\":\"RECHTSBEREICHE\"}]},{\"@type\":\"WebSite\",\"@id\":\"https:\/\/blauabogados.com\/#website\",\"url\":\"https:\/\/blauabogados.com\/\",\"name\":\"BLAU Solicitors\",\"description\":\"Real Estate and Tax Lawyers in Costa Blanca\",\"publisher\":{\"@id\":\"https:\/\/blauabogados.com\/#organization\"},\"potentialAction\":[{\"@type\":\"SearchAction\",\"target\":{\"@type\":\"EntryPoint\",\"urlTemplate\":\"https:\/\/blauabogados.com\/?s={search_term_string}\"},\"query-input\":{\"@type\":\"PropertyValueSpecification\",\"valueRequired\":true,\"valueName\":\"search_term_string\"}}],\"inLanguage\":\"de\"},{\"@type\":\"Organization\",\"@id\":\"https:\/\/blauabogados.com\/#organization\",\"name\":\"Blau Abogados y Asesores\",\"url\":\"https:\/\/blauabogados.com\/\",\"logo\":{\"@type\":\"ImageObject\",\"inLanguage\":\"de\",\"@id\":\"https:\/\/blauabogados.com\/#\/schema\/logo\/image\/\",\"url\":\"https:\/\/blauabogados.com\/wp-content\/uploads\/2022\/04\/1-scaled.jpg\",\"contentUrl\":\"https:\/\/blauabogados.com\/wp-content\/uploads\/2022\/04\/1-scaled.jpg\",\"width\":2560,\"height\":1600,\"caption\":\"Blau Abogados y Asesores\"},\"image\":{\"@id\":\"https:\/\/blauabogados.com\/#\/schema\/logo\/image\/\"},\"sameAs\":[\"https:\/\/www.instagram.com\/blau_abogados\/\"]}]}<\/script>\n<!-- \/ Yoast SEO plugin. -->","yoast_head_json":{"title":"RECHTSBEREICHE - BLAU Solicitors","description":"Real Estate & Tax Lawyers in Orihuela Costa. Reliable Solicitors and Tax Advisors in Costa Blanca experts on conveyancing","robots":{"index":"index","follow":"follow","max-snippet":"max-snippet:-1","max-image-preview":"max-image-preview:large","max-video-preview":"max-video-preview:-1"},"canonical":"https:\/\/blauabogados.com\/rechtsbereiche\/?lang=de","og_locale":"de_DE","og_type":"article","og_title":"RECHTSBEREICHE - BLAU Solicitors","og_description":"Real Estate & Tax Lawyers in Orihuela Costa. Reliable Solicitors and Tax Advisors in Costa Blanca experts on conveyancing","og_url":"https:\/\/blauabogados.com\/rechtsbereiche\/?lang=de","og_site_name":"BLAU Solicitors","article_modified_time":"2023-01-26T17:41:45+00:00","og_image":[{"url":"http:\/\/blauabogados.com\/wp-content\/uploads\/2017\/02\/blau-abogados-solicitors-in-torrevieja-spain9.jpg","type":"","width":"","height":""}],"twitter_card":"summary_large_image","twitter_misc":{"Gesch\u00e4tzte Lesezeit":"3\u00a0Minuten"},"schema":{"@context":"https:\/\/schema.org","@graph":[{"@type":"WebPage","@id":"https:\/\/blauabogados.com\/rechtsbereiche\/?lang=de","url":"https:\/\/blauabogados.com\/rechtsbereiche\/?lang=de","name":"RECHTSBEREICHE - BLAU Solicitors","isPartOf":{"@id":"https:\/\/blauabogados.com\/#website"},"datePublished":"2017-02-27T09:53:37+00:00","dateModified":"2023-01-26T17:41:45+00:00","description":"Real Estate & Tax Lawyers in Orihuela Costa. Reliable Solicitors and Tax Advisors in Costa Blanca experts on conveyancing","breadcrumb":{"@id":"https:\/\/blauabogados.com\/rechtsbereiche\/?lang=de#breadcrumb"},"inLanguage":"de","potentialAction":[{"@type":"ReadAction","target":["https:\/\/blauabogados.com\/rechtsbereiche\/?lang=de"]}]},{"@type":"BreadcrumbList","@id":"https:\/\/blauabogados.com\/rechtsbereiche\/?lang=de#breadcrumb","itemListElement":[{"@type":"ListItem","position":1,"name":"Portada","item":"https:\/\/blauabogados.com\/?lang=de"},{"@type":"ListItem","position":2,"name":"RECHTSBEREICHE"}]},{"@type":"WebSite","@id":"https:\/\/blauabogados.com\/#website","url":"https:\/\/blauabogados.com\/","name":"BLAU Solicitors","description":"Real Estate and Tax Lawyers in Costa Blanca","publisher":{"@id":"https:\/\/blauabogados.com\/#organization"},"potentialAction":[{"@type":"SearchAction","target":{"@type":"EntryPoint","urlTemplate":"https:\/\/blauabogados.com\/?s={search_term_string}"},"query-input":{"@type":"PropertyValueSpecification","valueRequired":true,"valueName":"search_term_string"}}],"inLanguage":"de"},{"@type":"Organization","@id":"https:\/\/blauabogados.com\/#organization","name":"Blau Abogados y Asesores","url":"https:\/\/blauabogados.com\/","logo":{"@type":"ImageObject","inLanguage":"de","@id":"https:\/\/blauabogados.com\/#\/schema\/logo\/image\/","url":"https:\/\/blauabogados.com\/wp-content\/uploads\/2022\/04\/1-scaled.jpg","contentUrl":"https:\/\/blauabogados.com\/wp-content\/uploads\/2022\/04\/1-scaled.jpg","width":2560,"height":1600,"caption":"Blau Abogados y Asesores"},"image":{"@id":"https:\/\/blauabogados.com\/#\/schema\/logo\/image\/"},"sameAs":["https:\/\/www.instagram.com\/blau_abogados\/"]}]}},"_links":{"self":[{"href":"https:\/\/blauabogados.com\/de\/wp-json\/wp\/v2\/pages\/498","targetHints":{"allow":["GET"]}}],"collection":[{"href":"https:\/\/blauabogados.com\/de\/wp-json\/wp\/v2\/pages"}],"about":[{"href":"https:\/\/blauabogados.com\/de\/wp-json\/wp\/v2\/types\/page"}],"author":[{"embeddable":true,"href":"https:\/\/blauabogados.com\/de\/wp-json\/wp\/v2\/users\/2"}],"replies":[{"embeddable":true,"href":"https:\/\/blauabogados.com\/de\/wp-json\/wp\/v2\/comments?post=498"}],"version-history":[{"count":0,"href":"https:\/\/blauabogados.com\/de\/wp-json\/wp\/v2\/pages\/498\/revisions"}],"wp:attachment":[{"href":"https:\/\/blauabogados.com\/de\/wp-json\/wp\/v2\/media?parent=498"}],"curies":[{"name":"wp","href":"https:\/\/api.w.org\/{rel}","templated":true}]}}