{"id":495,"date":"2017-02-27T09:53:26","date_gmt":"2017-02-27T09:53:26","guid":{"rendered":"http:\/\/blauabogados.com\/conveyance\/"},"modified":"2023-01-26T17:35:58","modified_gmt":"2023-01-26T17:35:58","slug":"immobilienrecht","status":"publish","type":"page","link":"https:\/\/blauabogados.com\/de\/immobilienrecht\/","title":{"rendered":"INMOBILIENRECHT"},"content":{"rendered":"<section class=\"wpb-content-wrapper\"><p>[vc_row][vc_column][vc_empty_space height=&#8220;140px&#8220;][vc_column_text]<\/p>\n<h1 style=\"text-align: center;\">BLAU<strong>\u00a0Solicitors<\/strong><\/h1>\n<h2 style=\"text-align: center;\">Spezialisierung in Immobilienrecht<\/h2>\n<p>[\/vc_column_text][vc_separator color=&#8220;custom&#8220; border_width=&#8220;6&#8243; el_width=&#8220;10&#8243; accent_color=&#8220;#07b3bc&#8220;][vc_empty_space height=&#8220;40px&#8220;][\/vc_column][\/vc_row][vc_row][vc_column][vc_row_inner][vc_column_inner width=&#8220;1\/2&#8243;][vc_column_text]<img decoding=\"async\" class=\"alignnone size-full wp-image-585\" src=\"http:\/\/blauabogados.com\/wp-content\/uploads\/2017\/02\/blau-abogados-anw\u00e4lte-in-torrevieja-spain8.jpg\" alt=\"\" width=\"620\" height=\"360\" srcset=\"https:\/\/blauabogados.com\/wp-content\/uploads\/2017\/02\/blau-abogados-anw\u00e4lte-in-torrevieja-spain8-200x116.jpg 200w, https:\/\/blauabogados.com\/wp-content\/uploads\/2017\/02\/blau-abogados-anw\u00e4lte-in-torrevieja-spain8-300x174.jpg 300w, https:\/\/blauabogados.com\/wp-content\/uploads\/2017\/02\/blau-abogados-anw\u00e4lte-in-torrevieja-spain8-400x232.jpg 400w, https:\/\/blauabogados.com\/wp-content\/uploads\/2017\/02\/blau-abogados-anw\u00e4lte-in-torrevieja-spain8-600x348.jpg 600w, https:\/\/blauabogados.com\/wp-content\/uploads\/2017\/02\/blau-abogados-anw\u00e4lte-in-torrevieja-spain8.jpg 620w\" sizes=\"(max-width: 620px) 100vw, 620px\" \/>[\/vc_column_text][\/vc_column_inner][vc_column_inner width=&#8220;1\/2&#8243;][vc_column_text]<\/p>\n<p style=\"text-align: justify;\">Dank der breiten Erfahrung von <strong>Blau Abogados y Asesores, S.L.P.<\/strong> m\u00f6chten wir uns zu einer \u00e4usserst vertrauensw\u00fcrdigen Referenzfirma entwickeln.<\/p>\n<p style=\"text-align: justify;\">Jedermann Weiss, dass der Kauf einer Liegenschaft in Spanien f\u00fcr Nichtresidente zu Kopfzerbrechen und leidvollen Problemen f\u00fchren kann.<\/p>\n<p style=\"text-align: justify;\">Wir begleiten Sie sehr gerne beim gesamten Kauf- und Verkaufprozess.<\/p>\n<h2 style=\"text-align: justify;\"><span style=\"font-size: 18pt;\">\u00a0<\/span><\/h2>\n<p>[\/vc_column_text][\/vc_column_inner][\/vc_row_inner][vc_empty_space height=&#8220;40px&#8220;][vc_column_text]<\/p>\n<h2><span style=\"font-size: 16pt;\">Bei Blau Abogados y Asesores S.L.P. umfasst das <strong>Immobilien\u00fcbertragungs-Packet folgende Dienstleistungen:<\/strong><\/span><\/h2>\n<p>[\/vc_column_text][vc_row_inner][vc_column_inner width=&#8220;1\/2&#8243;][vc_column_text]<\/p>\n<h2><span style=\"font-size: 18pt;\"><strong><span style=\"color: #07b3bc;\">&#8211;<\/span><\/strong> Kauf und Verkauf von Liegenschaften in Spanien<\/span><\/h2>\n<h2><span style=\"font-size: 18pt;\"><strong><span style=\"color: #07b3bc;\">&#8211;<\/span> <\/strong> Baupl\u00e4ne, Raumplanung <\/span><\/h2>\n<h2><span style=\"font-size: 18pt;\"><strong><span style=\"color: #07b3bc;\">&#8211;<\/span> <\/strong> Neubauten <\/span><\/h2>\n<h2><\/h2>\n<p>[\/vc_column_text][\/vc_column_inner][vc_column_inner width=&#8220;1\/2&#8243;][vc_column_text]<\/p>\n<h2><span style=\"font-size: 18pt;\"><strong><span style=\"color: #07b3bc;\">&#8211;<\/span> <\/strong>Langzeitvermietung und Vermietung mit Kaufrecht <\/span><\/h2>\n<h2><span style=\"font-size: 18pt;\"><strong><span style=\"color: #07b3bc;\">&#8211;<\/span><\/strong> Zwangsversteigerungen <\/span><\/h2>\n<h2><span style=\"font-size: 18pt;\"><strong><span style=\"color: #07b3bc;\">&#8211;<\/span><\/strong> Andere<br \/>\n<\/span><\/h2>\n<h2><\/h2>\n<p>[\/vc_column_text][\/vc_column_inner][\/vc_row_inner][vc_empty_space height=&#8220;80px&#8220;][\/vc_column][\/vc_row][vc_row full_width=&#8220;stretch_row&#8220; css=&#8220;.vc_custom_1495705184132{background-color: #f2f2f2 !important;}&#8220;][vc_column][vc_empty_space height=&#8220;20px&#8220;][vc_column_text]<\/p>\n<h2 style=\"text-align: center;\"><span style=\"font-size: 18pt;\"><span style=\"color: #07b3bc;\">Wir begleiten den Kunden w\u00e4hrend<\/span> dem ganzen Kaufprozess, angefangen bei den Vertragsverhandlungen, bei der <span style=\"color: #07b3bc;\">Revision des Vertrages<\/span>, bei der Vorbereitung und Pr\u00fcfung aller Dokumente, beim Notartermin.<\/span><\/h2>\n<p style=\"text-align: center;\"><span style=\"font-size: 12pt;\">Wir stellen sicher, dass der Grundbucheintrag erfolgt, die Steuern bezahlt werden und der Eigent\u00fcmerwechsel bei Strom, Wasser etc. erfolgt.<\/span><\/p>\n<p>[\/vc_column_text][vc_empty_space height=&#8220;40px&#8220;][vc_column_text]<img decoding=\"async\" class=\"size-full wp-image-514 aligncenter\" src=\"https:\/\/blauabogados.com\/wp-content\/uploads\/2017\/02\/grafico-blau-abogados-before-after-along-aleman.png\" alt=\"\" width=\"1257\" height=\"94\" srcset=\"https:\/\/blauabogados.com\/wp-content\/uploads\/2017\/02\/grafico-blau-abogados-before-after-along-aleman-200x15.png 200w, https:\/\/blauabogados.com\/wp-content\/uploads\/2017\/02\/grafico-blau-abogados-before-after-along-aleman-300x22.png 300w, https:\/\/blauabogados.com\/wp-content\/uploads\/2017\/02\/grafico-blau-abogados-before-after-along-aleman-400x30.png 400w, https:\/\/blauabogados.com\/wp-content\/uploads\/2017\/02\/grafico-blau-abogados-before-after-along-aleman-600x45.png 600w, https:\/\/blauabogados.com\/wp-content\/uploads\/2017\/02\/grafico-blau-abogados-before-after-along-aleman-768x57.png 768w, https:\/\/blauabogados.com\/wp-content\/uploads\/2017\/02\/grafico-blau-abogados-before-after-along-aleman-800x60.png 800w, https:\/\/blauabogados.com\/wp-content\/uploads\/2017\/02\/grafico-blau-abogados-before-after-along-aleman-1024x77.png 1024w, https:\/\/blauabogados.com\/wp-content\/uploads\/2017\/02\/grafico-blau-abogados-before-after-along-aleman-1200x90.png 1200w, https:\/\/blauabogados.com\/wp-content\/uploads\/2017\/02\/grafico-blau-abogados-before-after-along-aleman.png 1257w\" sizes=\"(max-width: 1257px) 100vw, 1257px\" \/>[\/vc_column_text][vc_empty_space height=&#8220;60px&#8220;][vc_empty_space height=&#8220;60px&#8220;][\/vc_column][\/vc_row][vc_row full_width=&#8220;stretch_row&#8220; css=&#8220;.vc_custom_1488372724869{background-image: url(http:\/\/blauabogados.com\/wp-content\/uploads\/2017\/02\/blau-solicitors.jpg?id=227) !important;background-position: center !important;background-repeat: no-repeat !important;background-size: cover !important;}&#8220;][vc_column][vc_empty_space height=&#8220;100px&#8220;][vc_row_inner][vc_column_inner][vc_column_text]<\/p>\n<h2 style=\"text-align: center;\"><span style=\"font-size: 30pt;\"><span style=\"color: #07b3bc;\">RECHTLICH UND BERUFLICH<\/span> <span style=\"color: #ffffff;\">L\u00d6SUNGEN<\/span><\/span><\/h2>\n<p>[\/vc_column_text][vc_empty_space height=&#8220;80px&#8220;][\/vc_column_inner][\/vc_row_inner][\/vc_column][\/vc_row][vc_row full_width=&#8220;stretch_row&#8220; css=&#8220;.vc_custom_1488217319292{background-color: #f4f4f4 !important;}&#8220;][vc_column][vc_empty_space height=&#8220;60px&#8220;][vc_column_text]<\/p>\n<h2 style=\"text-align: center;\">Kaufen und Verkauf einer Immobilien<\/h2>\n<p>[\/vc_column_text][vc_separator color=&#8220;custom&#8220; border_width=&#8220;6&#8243; el_width=&#8220;10&#8243; accent_color=&#8220;#07b3bc&#8220;][vc_empty_space height=&#8220;40px&#8220;][vc_row_inner][vc_column_inner][vc_column_text]<\/p>\n<h2 style=\"text-align: justify;\">\u00a0<strong><span style=\"color: #07b3bc;\">1.<\/span> Vorher<\/strong><\/h2>\n<p style=\"text-align: justify;\"><strong><span style=\"color: #07b3bc;\">&#8211;<\/span><\/strong>\u00a0Beratung und Betreuung vor dem Kauf bzw. Verkauf<\/p>\n<p style=\"text-align: justify;\"><span style=\"color: #07b3bc;\"><strong>&#8211;<\/strong> <\/span> Erstellung, Pr\u00fcfung und Abschluss von Maklervertr\u00e4gen und\/ oder Immobilien\u00fcbertragungsvertr\u00e4gen.<\/p>\n<p style=\"text-align: justify;\"><span style=\"color: #07b3bc;\"><strong>&#8211;<\/strong><\/span> Konfliktbereinigungen zwischen Maklern und Kunden.<\/p>\n<p><span style=\"color: #07b3bc;\"><strong>&#8211;<\/strong><\/span> Vertretung in aussergerichtlichen und gerichtlichen Streitigkeiten bei Geltendmachen und Abwehr von Anspr\u00fcchen.<\/p>\n<p><span style=\"color: #07b3bc;\"><strong>&#8211;<\/strong><\/span> Wir helfen auch bei der Beantragung der Spanischen Steuernummer (NIE, CIF), bei der Kontoer\u00f6ffnung, \u00dcbersetzungen\u2026[\/vc_column_text][vc_column_text][\/vc_column_text][\/vc_column_inner][\/vc_row_inner][vc_empty_space][\/vc_column][\/vc_row][vc_row full_width=&#8220;stretch_row&#8220; css=&#8220;.vc_custom_1488286072642{background-color: #eaeaea !important;}&#8220;][vc_column][vc_row_inner][vc_column_inner][vc_column_text]<\/p>\n<h2 style=\"text-align: justify;\"><strong><span style=\"color: #07b3bc;\">2.<\/span> W\u00e4hrend der Immobilientransaktion<\/strong><\/h2>\n<p style=\"text-align: justify;\"><strong><span style=\"color: #07b3bc;\">&#8211;\u00a0<\/span><\/strong> Unser Ziel ist es, unsere Kunden beim Kauf und Verkauf optimal zu begleiten und Ihnen ein Maximum an gesetzlichen Sicherheiten zu bieten.<\/p>\n<p style=\"text-align: justify;\"><span style=\"color: #07b3bc;\"><strong>&#8211;\u00a0<\/strong><\/span> Wir offerieren einen kompleten Unterst\u00fctzungsservice an, inklusive \u00dcbersetzungen.<\/p>\n<p>[\/vc_column_text][\/vc_column_inner][\/vc_row_inner][\/vc_column][\/vc_row][vc_row][vc_column][vc_row_inner][vc_column_inner][vc_column_text]<\/p>\n<h2 style=\"text-align: justify;\"><strong><span style=\"color: #07b3bc;\">3.<\/span> <\/strong>Support <strong>Nach dem Kauf oder Verkauf der Immobilie<\/strong><\/h2>\n<p style=\"text-align: justify;\"><strong><span style=\"color: #07b3bc;\">&#8211;\u00a0<\/span><\/strong> Wir veranlassen die Registrierung der Immobilientransaktion im Grundbuch und beim Steueramt.<\/p>\n<p style=\"text-align: justify;\"><span style=\"color: #07b3bc;\"><strong>&#8211;\u00a0<\/strong><\/span> Wir bieten rechtliche und steuerliche Beratung an In- und Ausl\u00e4nder, an residente und nichtresidente Einwohner.<\/p>\n<p style=\"text-align: justify;\"><strong><span style=\"color: #07b3bc;\">&#8211;<\/span>\u00a0<\/strong> Wir erstellen alle Steuerformulare und pr\u00e4sentieren diese beim Steueramt.<\/p>\n<p>[\/vc_column_text][\/vc_column_inner][\/vc_row_inner][\/vc_column][\/vc_row][vc_row][vc_column][\/vc_column][\/vc_row][vc_row][vc_column][vc_empty_space height=&#8220;40px&#8220;][vc_column_text]<\/p>\n<h1 style=\"text-align: center;\">Die <strong>Zeugnisse,\u00a0<\/strong>unsere Garantie<\/h1>\n<h1 style=\"text-align: center;\"><\/h1>\n<p>[\/vc_column_text][vc_separator color=&#8220;custom&#8220; border_width=&#8220;6&#8243; el_width=&#8220;10&#8243; accent_color=&#8220;#07b3bc&#8220;][vc_empty_space height=&#8220;40px&#8220;][\/vc_column][\/vc_row][vc_row][vc_column][vc_column_text][testimonial-free color=&#8220;#07b3bc&#8220; nav=&#8220;true&#8220; pagination=&#8220;true&#8220;][\/vc_column_text][\/vc_column][\/vc_row][vc_row full_width=&#8220;stretch_row&#8220; css=&#8220;.vc_custom_1488214032879{background-color: #07b3bc !important;}&#8220;][vc_column][vc_empty_space height=&#8220;30px&#8220;][vc_row_inner][vc_column_inner][vc_column_text]<\/p>\n<h2 style=\"text-align: center;\"><span style=\"color: #ffffff; font-size: 36pt;\">EIN KOSTENLOSES ANGEBOT<\/span><\/h2>\n<p>[\/vc_column_text][vc_btn title=&#8220;REINKOMMEN&#8220; style=&#8220;outline-custom&#8220; outline_custom_color=&#8220;#ffffff&#8220; outline_custom_hover_background=&#8220;#1a181a&#8220; outline_custom_hover_text=&#8220;#ffffff&#8220; align=&#8220;center&#8220; i_align=&#8220;right&#8220; i_type=&#8220;entypo&#8220; i_icon_entypo=&#8220;entypo-icon entypo-icon-right-open-big&#8220; add_icon=&#8220;true&#8220; link=&#8220;url:https%3A%2F%2Fblauabogados.com%2F%3Fpage_id%3D503%26lang%3Dde|title:CONTACT&#8220;][\/vc_column_inner][\/vc_row_inner][vc_empty_space height=&#8220;20px&#8220;][\/vc_column][\/vc_row]<\/p>\n<\/section>","protected":false},"excerpt":{"rendered":"<p>[vc_row][vc_column][vc_empty_space height=&#8220;140px&#8220;][vc_column_text] BLAU\u00a0Solicitors Spezialisierung in Immobilienrecht [\/vc_column_text][vc_separator color=&#8220;custom&#8220; border_width=&#8220;6&#8243; el_width=&#8220;10&#8243; accent_color=&#8220;#07b3bc&#8220;][vc_empty_space height=&#8220;40px&#8220;][\/vc_column][\/vc_row][vc_row][vc_column][vc_row_inner][vc_column_inner width=&#8220;1\/2&#8243;][vc_column_text][\/vc_column_text][\/vc_column_inner][vc_column_inner width=&#8220;1\/2&#8243;][vc_column_text] Dank der breiten Erfahrung von Blau Abogados y Asesores, S.L.P. m\u00f6chten wir uns zu einer \u00e4usserst vertrauensw\u00fcrdigen Referenzfirma entwickeln. Jedermann Weiss, dass der Kauf einer Liegenschaft in Spanien f\u00fcr Nichtresidente zu Kopfzerbrechen und leidvollen Problemen f\u00fchren kann. Wir begleiten Sie sehr  [&#8230;]<\/p>\n","protected":false},"author":2,"featured_media":0,"parent":0,"menu_order":0,"comment_status":"closed","ping_status":"closed","template":"","meta":{"_joinchat":[],"footnotes":""},"class_list":["post-495","page","type-page","status-publish","hentry"],"yoast_head":"<!-- This site is optimized with the Yoast SEO plugin v24.4 - https:\/\/yoast.com\/wordpress\/plugins\/seo\/ -->\n<title>INMOBILIENRECHT - BLAU Solicitors<\/title>\n<meta name=\"description\" content=\"Real Estate &amp; Tax Lawyers in Orihuela Costa. Reliable Solicitors and Tax Advisors in Costa Blanca experts on conveyancing\" \/>\n<meta name=\"robots\" content=\"index, follow, max-snippet:-1, max-image-preview:large, max-video-preview:-1\" \/>\n<link rel=\"canonical\" href=\"https:\/\/blauabogados.com\/immobilienrecht\/?lang=de\" \/>\n<meta property=\"og:locale\" content=\"de_DE\" \/>\n<meta property=\"og:type\" content=\"article\" \/>\n<meta property=\"og:title\" content=\"INMOBILIENRECHT - BLAU Solicitors\" \/>\n<meta property=\"og:description\" content=\"Real Estate &amp; Tax Lawyers in Orihuela Costa. Reliable Solicitors and Tax Advisors in Costa Blanca experts on conveyancing\" \/>\n<meta property=\"og:url\" content=\"https:\/\/blauabogados.com\/immobilienrecht\/?lang=de\" \/>\n<meta property=\"og:site_name\" content=\"BLAU Solicitors\" \/>\n<meta property=\"article:modified_time\" content=\"2023-01-26T17:35:58+00:00\" \/>\n<meta property=\"og:image\" content=\"http:\/\/blauabogados.com\/wp-content\/uploads\/2017\/02\/blau-abogados-solicitors-in-torrevieja-spain8.jpg\" \/>\n<meta name=\"twitter:card\" content=\"summary_large_image\" \/>\n<meta name=\"twitter:label1\" content=\"Gesch\u00e4tzte Lesezeit\" \/>\n\t<meta name=\"twitter:data1\" content=\"3\u00a0Minuten\" \/>\n<script type=\"application\/ld+json\" class=\"yoast-schema-graph\">{\"@context\":\"https:\/\/schema.org\",\"@graph\":[{\"@type\":\"WebPage\",\"@id\":\"https:\/\/blauabogados.com\/immobilienrecht\/?lang=de\",\"url\":\"https:\/\/blauabogados.com\/immobilienrecht\/?lang=de\",\"name\":\"INMOBILIENRECHT - BLAU Solicitors\",\"isPartOf\":{\"@id\":\"https:\/\/blauabogados.com\/#website\"},\"primaryImageOfPage\":{\"@id\":\"https:\/\/blauabogados.com\/immobilienrecht\/?lang=de#primaryimage\"},\"image\":{\"@id\":\"https:\/\/blauabogados.com\/immobilienrecht\/?lang=de#primaryimage\"},\"thumbnailUrl\":\"https:\/\/blauabogados.com\/wp-content\/uploads\/2017\/02\/grafico-blau-abogados-before-after-along-aleman.png\",\"datePublished\":\"2017-02-27T09:53:26+00:00\",\"dateModified\":\"2023-01-26T17:35:58+00:00\",\"description\":\"Real Estate & Tax Lawyers in Orihuela Costa. Reliable Solicitors and Tax Advisors in Costa Blanca experts on conveyancing\",\"breadcrumb\":{\"@id\":\"https:\/\/blauabogados.com\/immobilienrecht\/?lang=de#breadcrumb\"},\"inLanguage\":\"de\",\"potentialAction\":[{\"@type\":\"ReadAction\",\"target\":[\"https:\/\/blauabogados.com\/immobilienrecht\/?lang=de\"]}]},{\"@type\":\"ImageObject\",\"inLanguage\":\"de\",\"@id\":\"https:\/\/blauabogados.com\/immobilienrecht\/?lang=de#primaryimage\",\"url\":\"https:\/\/blauabogados.com\/wp-content\/uploads\/2017\/02\/grafico-blau-abogados-before-after-along-aleman.png\",\"contentUrl\":\"https:\/\/blauabogados.com\/wp-content\/uploads\/2017\/02\/grafico-blau-abogados-before-after-along-aleman.png\"},{\"@type\":\"BreadcrumbList\",\"@id\":\"https:\/\/blauabogados.com\/immobilienrecht\/?lang=de#breadcrumb\",\"itemListElement\":[{\"@type\":\"ListItem\",\"position\":1,\"name\":\"Portada\",\"item\":\"https:\/\/blauabogados.com\/?lang=de\"},{\"@type\":\"ListItem\",\"position\":2,\"name\":\"INMOBILIENRECHT\"}]},{\"@type\":\"WebSite\",\"@id\":\"https:\/\/blauabogados.com\/#website\",\"url\":\"https:\/\/blauabogados.com\/\",\"name\":\"BLAU Solicitors\",\"description\":\"Real Estate and Tax Lawyers in Costa Blanca\",\"publisher\":{\"@id\":\"https:\/\/blauabogados.com\/#organization\"},\"potentialAction\":[{\"@type\":\"SearchAction\",\"target\":{\"@type\":\"EntryPoint\",\"urlTemplate\":\"https:\/\/blauabogados.com\/?s={search_term_string}\"},\"query-input\":{\"@type\":\"PropertyValueSpecification\",\"valueRequired\":true,\"valueName\":\"search_term_string\"}}],\"inLanguage\":\"de\"},{\"@type\":\"Organization\",\"@id\":\"https:\/\/blauabogados.com\/#organization\",\"name\":\"Blau Abogados y Asesores\",\"url\":\"https:\/\/blauabogados.com\/\",\"logo\":{\"@type\":\"ImageObject\",\"inLanguage\":\"de\",\"@id\":\"https:\/\/blauabogados.com\/#\/schema\/logo\/image\/\",\"url\":\"https:\/\/blauabogados.com\/wp-content\/uploads\/2022\/04\/1-scaled.jpg\",\"contentUrl\":\"https:\/\/blauabogados.com\/wp-content\/uploads\/2022\/04\/1-scaled.jpg\",\"width\":2560,\"height\":1600,\"caption\":\"Blau Abogados y Asesores\"},\"image\":{\"@id\":\"https:\/\/blauabogados.com\/#\/schema\/logo\/image\/\"},\"sameAs\":[\"https:\/\/www.instagram.com\/blau_abogados\/\"]}]}<\/script>\n<!-- \/ Yoast SEO plugin. -->","yoast_head_json":{"title":"INMOBILIENRECHT - BLAU Solicitors","description":"Real Estate & Tax Lawyers in Orihuela Costa. Reliable Solicitors and Tax Advisors in Costa Blanca experts on conveyancing","robots":{"index":"index","follow":"follow","max-snippet":"max-snippet:-1","max-image-preview":"max-image-preview:large","max-video-preview":"max-video-preview:-1"},"canonical":"https:\/\/blauabogados.com\/immobilienrecht\/?lang=de","og_locale":"de_DE","og_type":"article","og_title":"INMOBILIENRECHT - BLAU Solicitors","og_description":"Real Estate & Tax Lawyers in Orihuela Costa. Reliable Solicitors and Tax Advisors in Costa Blanca experts on conveyancing","og_url":"https:\/\/blauabogados.com\/immobilienrecht\/?lang=de","og_site_name":"BLAU Solicitors","article_modified_time":"2023-01-26T17:35:58+00:00","og_image":[{"url":"http:\/\/blauabogados.com\/wp-content\/uploads\/2017\/02\/blau-abogados-solicitors-in-torrevieja-spain8.jpg","type":"","width":"","height":""}],"twitter_card":"summary_large_image","twitter_misc":{"Gesch\u00e4tzte Lesezeit":"3\u00a0Minuten"},"schema":{"@context":"https:\/\/schema.org","@graph":[{"@type":"WebPage","@id":"https:\/\/blauabogados.com\/immobilienrecht\/?lang=de","url":"https:\/\/blauabogados.com\/immobilienrecht\/?lang=de","name":"INMOBILIENRECHT - BLAU Solicitors","isPartOf":{"@id":"https:\/\/blauabogados.com\/#website"},"primaryImageOfPage":{"@id":"https:\/\/blauabogados.com\/immobilienrecht\/?lang=de#primaryimage"},"image":{"@id":"https:\/\/blauabogados.com\/immobilienrecht\/?lang=de#primaryimage"},"thumbnailUrl":"https:\/\/blauabogados.com\/wp-content\/uploads\/2017\/02\/grafico-blau-abogados-before-after-along-aleman.png","datePublished":"2017-02-27T09:53:26+00:00","dateModified":"2023-01-26T17:35:58+00:00","description":"Real Estate & Tax Lawyers in Orihuela Costa. Reliable Solicitors and Tax Advisors in Costa Blanca experts on conveyancing","breadcrumb":{"@id":"https:\/\/blauabogados.com\/immobilienrecht\/?lang=de#breadcrumb"},"inLanguage":"de","potentialAction":[{"@type":"ReadAction","target":["https:\/\/blauabogados.com\/immobilienrecht\/?lang=de"]}]},{"@type":"ImageObject","inLanguage":"de","@id":"https:\/\/blauabogados.com\/immobilienrecht\/?lang=de#primaryimage","url":"https:\/\/blauabogados.com\/wp-content\/uploads\/2017\/02\/grafico-blau-abogados-before-after-along-aleman.png","contentUrl":"https:\/\/blauabogados.com\/wp-content\/uploads\/2017\/02\/grafico-blau-abogados-before-after-along-aleman.png"},{"@type":"BreadcrumbList","@id":"https:\/\/blauabogados.com\/immobilienrecht\/?lang=de#breadcrumb","itemListElement":[{"@type":"ListItem","position":1,"name":"Portada","item":"https:\/\/blauabogados.com\/?lang=de"},{"@type":"ListItem","position":2,"name":"INMOBILIENRECHT"}]},{"@type":"WebSite","@id":"https:\/\/blauabogados.com\/#website","url":"https:\/\/blauabogados.com\/","name":"BLAU Solicitors","description":"Real Estate and Tax Lawyers in Costa Blanca","publisher":{"@id":"https:\/\/blauabogados.com\/#organization"},"potentialAction":[{"@type":"SearchAction","target":{"@type":"EntryPoint","urlTemplate":"https:\/\/blauabogados.com\/?s={search_term_string}"},"query-input":{"@type":"PropertyValueSpecification","valueRequired":true,"valueName":"search_term_string"}}],"inLanguage":"de"},{"@type":"Organization","@id":"https:\/\/blauabogados.com\/#organization","name":"Blau Abogados y Asesores","url":"https:\/\/blauabogados.com\/","logo":{"@type":"ImageObject","inLanguage":"de","@id":"https:\/\/blauabogados.com\/#\/schema\/logo\/image\/","url":"https:\/\/blauabogados.com\/wp-content\/uploads\/2022\/04\/1-scaled.jpg","contentUrl":"https:\/\/blauabogados.com\/wp-content\/uploads\/2022\/04\/1-scaled.jpg","width":2560,"height":1600,"caption":"Blau Abogados y Asesores"},"image":{"@id":"https:\/\/blauabogados.com\/#\/schema\/logo\/image\/"},"sameAs":["https:\/\/www.instagram.com\/blau_abogados\/"]}]}},"_links":{"self":[{"href":"https:\/\/blauabogados.com\/de\/wp-json\/wp\/v2\/pages\/495","targetHints":{"allow":["GET"]}}],"collection":[{"href":"https:\/\/blauabogados.com\/de\/wp-json\/wp\/v2\/pages"}],"about":[{"href":"https:\/\/blauabogados.com\/de\/wp-json\/wp\/v2\/types\/page"}],"author":[{"embeddable":true,"href":"https:\/\/blauabogados.com\/de\/wp-json\/wp\/v2\/users\/2"}],"replies":[{"embeddable":true,"href":"https:\/\/blauabogados.com\/de\/wp-json\/wp\/v2\/comments?post=495"}],"version-history":[{"count":0,"href":"https:\/\/blauabogados.com\/de\/wp-json\/wp\/v2\/pages\/495\/revisions"}],"wp:attachment":[{"href":"https:\/\/blauabogados.com\/de\/wp-json\/wp\/v2\/media?parent=495"}],"curies":[{"name":"wp","href":"https:\/\/api.w.org\/{rel}","templated":true}]}}