{"id":493,"date":"2017-02-27T09:53:08","date_gmt":"2017-02-27T09:53:08","guid":{"rendered":"http:\/\/blauabogados.com\/home\/"},"modified":"2020-10-13T10:25:45","modified_gmt":"2020-10-13T10:25:45","slug":"home","status":"publish","type":"page","link":"https:\/\/blauabogados.com\/de\/","title":{"rendered":"HOME"},"content":{"rendered":"<section class=\"wpb-content-wrapper\"><p>[vc_row][vc_column][vc_column_text]<\/p>\n<h1 style=\"text-align: center;\">Willkommen bei Blau Abogados<\/h1>\n<h2 style=\"text-align: center;\">Eine Dynamische Rechtsanwaltskanzlei<\/h2>\n<p>[\/vc_column_text][vc_separator color=&#8220;custom&#8220; border_width=&#8220;6&#8243; el_width=&#8220;10&#8243; accent_color=&#8220;#07b3bc&#8220;][vc_empty_space height=&#8220;40px&#8220;][\/vc_column][\/vc_row][vc_row][vc_column][\/vc_column][vc_row_inner][vc_column_inner width=&#8220;1\/2&#8243;][vc_column_text]<img decoding=\"async\" class=\"alignnone wp-image-1202 size-full\" src=\"http:\/\/blauabogados.com\/wp-content\/uploads\/2020\/10\/Blau-abogados-lawyers-advisors-costa-blanca.jpg\" alt=\"\" width=\"600\" height=\"400\" srcset=\"https:\/\/blauabogados.com\/wp-content\/uploads\/2020\/10\/Blau-abogados-lawyers-advisors-costa-blanca-200x133.jpg 200w, https:\/\/blauabogados.com\/wp-content\/uploads\/2020\/10\/Blau-abogados-lawyers-advisors-costa-blanca-300x200.jpg 300w, https:\/\/blauabogados.com\/wp-content\/uploads\/2020\/10\/Blau-abogados-lawyers-advisors-costa-blanca-400x267.jpg 400w, https:\/\/blauabogados.com\/wp-content\/uploads\/2020\/10\/Blau-abogados-lawyers-advisors-costa-blanca.jpg 600w\" sizes=\"(max-width: 600px) 100vw, 600px\" \/>[\/vc_column_text][\/vc_column_inner][vc_column_inner width=&#8220;1\/2&#8243;][vc_column_text]<\/p>\n<p style=\"text-align: justify;\"><strong>Blau Abogados y Asesores, S.L.P.<\/strong> ist eine junge und dynamische Spanische Rechtsanwaltskanzlei mit Hauptsitz in Torrevieja (Alicante). Ihre Spezialisierung liegt im Privat-, Immobilien-, Steuer-, Gesellschafts- und Internationalen Recht.<\/p>\n<p style=\"text-align: justify;\">Wir bieten rechtliche und steuerliche Beratung an In- und Ausl\u00e4nder, an residenten und nichtresidenten Eiwohner.<\/p>\n<p style=\"text-align: justify;\">Dank unserer breiten Erfahrung im Immobiliensektor m\u00f6chten wir uns zu einer \u00e4usserst vertrauensw\u00fcrdigen Referenzfirma entwickeln, welche Einzelpersonen sowie Firmen beim Erwerb von Immobilien an der Costa Blanca optimal beraten kann.<\/p>\n<p style=\"text-align: justify;\"><img decoding=\"async\" class=\"size-full wp-image-865 aligncenter\" src=\"https:\/\/blauabogados.com\/wp-content\/uploads\/2017\/02\/blau-solicitors-property-law-01.jpg\" alt=\"\" width=\"212\" height=\"105\" srcset=\"https:\/\/blauabogados.com\/wp-content\/uploads\/2017\/02\/blau-solicitors-property-law-01-200x99.jpg 200w, https:\/\/blauabogados.com\/wp-content\/uploads\/2017\/02\/blau-solicitors-property-law-01.jpg 212w\" sizes=\"(max-width: 212px) 100vw, 212px\" \/><\/p>\n<h2 style=\"text-align: center;\"><\/h2>\n<p>[\/vc_column_text][\/vc_column_inner][\/vc_row_inner][vc_empty_space height=&#8220;40px&#8220;][\/vc_row][vc_row][vc_column][vc_column_text]<\/p>\n<h2><span style=\"font-size: 20pt;\">Blau Abogados y Asesores, S.L.P. hat sich auch in folgenden <strong>Rechtsbereichen spezialisiert:<\/strong><\/span><\/h2>\n<p>[\/vc_column_text][vc_empty_space height=&#8220;40px&#8220;][vc_row_inner][vc_column_inner width=&#8220;1\/3&#8243;]<div class=\"wcp-caption-plugin\" data-height=\"responsive\" id=\"wcp-widget-565\" style=\"\">\n\t\t\t\t\t<div class=\"image-caption-box\"> \n\t        \t<div\n\t        \t\tclass=\"caption zoom-in captiontext\"\n\t        \t\tstyle=\"background-color: rgba(7,179,188,0.72);\n\t        \t\t    color: #ffffff;\"\n\t        \t>\n\t        \t\t<div style=\"display:table;height:100%;width: 100%;\">\n\t\t\t    \t\t<div class=\"centered-text\" style=\"text-align:padding: 5px;\">\n\t\t\t    \t\t\t<h2 style=\"text-align: center;\"><span style=\"color: #ffffff;\">IMMOBILIENRECHT<\/span><\/h2>\n\t\t\t    \t\t<\/div>\n\t\t    \t\t<\/div>\n\t        <\/div>\n\t        \t<img decoding=\"async\" class=\"wcp-caption-image img-make-responsive\" src=\"https:\/\/blauabogados.com\/wp-content\/uploads\/2017\/02\/blau-abogados-solicitors-in-torrevieja-spain.jpg\" title=\"Image Caption Hover Title\" alt=\"Image Caption Hover Alt\"\/>\n\t<\/div>\n\n\t    <\/div>[\/vc_column_inner][vc_column_inner width=&#8220;1\/3&#8243;]<div class=\"wcp-caption-plugin\" data-height=\"responsive\" id=\"wcp-widget-567\" style=\"\">\n\t\t\t\t\t<div class=\"image-caption-box\"> \n\t        \t<div\n\t        \t\tclass=\"caption zoom-in captiontext\"\n\t        \t\tstyle=\"background-color: rgba(7,179,188,0.72);\n\t        \t\t    color: #ffffff;\"\n\t        \t>\n\t        \t\t<div style=\"display:table;height:100%;width: 100%;\">\n\t\t\t    \t\t<div class=\"centered-text\" style=\"text-align:padding: 5px;\">\n\t\t\t    \t\t\t<h2 style=\"text-align: center;\"><span style=\"color: #ffffff;\">HANDELS- UND MARKENRECHT<\/span><\/h2>\n\t\t\t    \t\t<\/div>\n\t\t    \t\t<\/div>\n\t        <\/div>\n\t        \t<img decoding=\"async\" class=\"wcp-caption-image img-make-responsive\" src=\"https:\/\/blauabogados.com\/wp-content\/uploads\/2017\/02\/blau-abogados-solicitors-in-torrevieja-spain-1.jpg\" title=\"Image Caption Hover Title\" alt=\"Image Caption Hover Alt\"\/>\n\t<\/div>\n\n\t    <\/div>[\/vc_column_inner][vc_column_inner width=&#8220;1\/3&#8243;]<div class=\"wcp-caption-plugin\" data-height=\"responsive\" id=\"wcp-widget-569\" style=\"\">\n\t\t\t\t\t<div class=\"image-caption-box\"> \n\t        \t<div\n\t        \t\tclass=\"caption zoom-in captiontext\"\n\t        \t\tstyle=\"background-color: rgba(7,179,188,0.72);\n\t        \t\t    color: #ffffff;\"\n\t        \t>\n\t        \t\t<div style=\"display:table;height:100%;width: 100%;\">\n\t\t\t    \t\t<div class=\"centered-text\" style=\"text-align:padding: 5px;\">\n\t\t\t    \t\t\t<h2 style=\"text-align: center;\"><span style=\"color: #ffffff;\">STEUERRECHT<\/span><\/h2>\n\t\t\t    \t\t<\/div>\n\t\t    \t\t<\/div>\n\t        <\/div>\n\t        \t<img decoding=\"async\" class=\"wcp-caption-image img-make-responsive\" src=\"https:\/\/blauabogados.com\/wp-content\/uploads\/2017\/02\/blau-abogados-solicitors-in-torrevieja-spain2.jpg\" title=\"Image Caption Hover Title\" alt=\"Image Caption Hover Alt\"\/>\n\t<\/div>\n\n\t    <\/div>[\/vc_column_inner][\/vc_row_inner][\/vc_column][\/vc_row][vc_row][vc_column][vc_row_inner][vc_column_inner width=&#8220;1\/3&#8243;]<div class=\"wcp-caption-plugin\" data-height=\"responsive\" id=\"wcp-widget-577\" style=\"\">\n\t\t\t\t\t<div class=\"image-caption-box\"> \n\t        \t<div\n\t        \t\tclass=\"caption zoom-in captiontext\"\n\t        \t\tstyle=\"background-color: rgba(7,179,188,0.72);\n\t        \t\t    color: #ffffff;\"\n\t        \t>\n\t        \t\t<div style=\"display:table;height:100%;width: 100%;\">\n\t\t\t    \t\t<div class=\"centered-text\" style=\"text-align:padding: 5px;\">\n\t\t\t    \t\t\t<h2 style=\"text-align: center;\"><span style=\"color: #ffffff;\">BAURECHT<\/span><\/h2>\n\t\t\t    \t\t<\/div>\n\t\t    \t\t<\/div>\n\t        <\/div>\n\t        \t<img decoding=\"async\" class=\"wcp-caption-image img-make-responsive\" src=\"https:\/\/blauabogados.com\/wp-content\/uploads\/2017\/02\/blau-abogados-anwaltlicher-berater-in-torrevieja-spanien-3.jpg\" title=\"Image Caption Hover Title\" alt=\"Image Caption Hover Alt\"\/>\n\t<\/div>\n\n\t    <\/div>[\/vc_column_inner][vc_column_inner width=&#8220;1\/3&#8243;]<div class=\"wcp-caption-plugin\" data-height=\"responsive\" id=\"wcp-widget-573\" style=\"\">\n\t\t\t\t\t<div class=\"image-caption-box\"> \n\t        \t<div\n\t        \t\tclass=\"caption zoom-in captiontext\"\n\t        \t\tstyle=\"background-color: rgba(7,179,188,0.72);\n\t        \t\t    color: #ffffff;\"\n\t        \t>\n\t        \t\t<div style=\"display:table;height:100%;width: 100%;\">\n\t\t\t    \t\t<div class=\"centered-text\" style=\"text-align:padding: 5px;\">\n\t\t\t    \t\t\t<h2 style=\"text-align: center;\"><span style=\"color: #ffffff; font-size: 18pt;\">ERB- UND SCHENKUNGSRECHT<\/span><\/h2>\n\t\t\t    \t\t<\/div>\n\t\t    \t\t<\/div>\n\t        <\/div>\n\t        \t<img decoding=\"async\" class=\"wcp-caption-image img-make-responsive\" src=\"https:\/\/blauabogados.com\/wp-content\/uploads\/2017\/02\/blau-abogados-solicitors-in-torrevieja-spain-5.jpg\" title=\"Image Caption Hover Title\" alt=\"Image Caption Hover Alt\"\/>\n\t<\/div>\n\n\t    <\/div>[\/vc_column_inner][vc_column_inner width=&#8220;1\/3&#8243;]<div class=\"wcp-caption-plugin\" data-height=\"responsive\" id=\"wcp-widget-575\" style=\"\">\n\t\t\t\t\t<div class=\"image-caption-box\"> \n\t        \t<div\n\t        \t\tclass=\"caption zoom-in captiontext\"\n\t        \t\tstyle=\"background-color: rgba(7,179,188,0.72);\n\t        \t\t    color: #ffffff;\"\n\t        \t>\n\t        \t\t<div style=\"display:table;height:100%;width: 100%;\">\n\t\t\t    \t\t<div class=\"centered-text\" style=\"text-align:padding: 5px;\">\n\t\t\t    \t\t\t<h2 style=\"text-align: center;\"><span style=\"color: #ffffff;\">INTERNATIONALES PRIVATRECHT<\/span><\/h2>\n\t\t\t    \t\t<\/div>\n\t\t    \t\t<\/div>\n\t        <\/div>\n\t        \t<img decoding=\"async\" class=\"wcp-caption-image img-make-responsive\" src=\"https:\/\/blauabogados.com\/wp-content\/uploads\/2017\/02\/blau-abogados-solicitors-in-torrevieja-spain6.jpg\" title=\"Image Caption Hover Title\" alt=\"Image Caption Hover Alt\"\/>\n\t<\/div>\n\n\t    <\/div>[\/vc_column_inner][\/vc_row_inner][vc_empty_space height=&#8220;40px&#8220;][vc_empty_space height=&#8220;65px&#8220;][\/vc_column][\/vc_row][vc_row full_width=&#8220;stretch_row&#8220; css=&#8220;.vc_custom_1497951814568{background-image: url(http:\/\/blauabogados.com\/wp-content\/uploads\/2017\/02\/blau-abogados-solicitors-in-torrevieja-spain-7.jpg?id=582) !important;background-position: center !important;background-repeat: no-repeat !important;background-size: cover !important;}&#8220;][vc_column][vc_empty_space height=&#8220;100&#8243;][vc_row_inner][vc_column_inner][vc_column_text]<\/p>\n<h2 style=\"text-align: center;\"><span style=\"font-size: 30pt;\"><span style=\"color: #ffffff;\">UNSERE RECHTSFIRMA,<\/span> <span style=\"color: #07b3bc;\">IHRE L\u00d6SUNG<\/span><\/span><\/h2>\n<p>[\/vc_column_text][vc_empty_space height=&#8220;80px&#8220;][\/vc_column_inner][\/vc_row_inner][\/vc_column][\/vc_row][vc_row full_width=&#8220;stretch_row&#8220; css=&#8220;.vc_custom_1488217319292{background-color: #f4f4f4 !important;}&#8220;][vc_column][vc_empty_space height=&#8220;40px&#8220;][vc_column_text]<\/p>\n<h1 style=\"text-align: center;\"><strong>Immobilienrechts<\/strong>-Experten<\/h1>\n<p>[\/vc_column_text][vc_separator color=&#8220;custom&#8220; border_width=&#8220;6&#8243; el_width=&#8220;10&#8243; accent_color=&#8220;#07b3bc&#8220;][vc_empty_space height=&#8220;40px&#8220;][vc_row_inner][vc_column_inner width=&#8220;1\/2&#8243;][vc_column_text]<\/p>\n<p style=\"text-align: justify;\"><strong>Blau Abogados y Asesores, S.L.P.<\/strong> bietet rechtliche und steuerliche Beratung an In- und Ausl\u00e4nder, an residente und nichtresidente Einwohner in der Costa Blanca und Costa Calida sowie auch Umgebung.<\/p>\n<p style=\"text-align: justify;\">Mit Standorte in <strong>Torrevieja, Murcia, und Orihuela Costa. \u00a0<\/strong><\/p>\n<p>[\/vc_column_text][\/vc_column_inner][vc_column_inner width=&#8220;1\/2&#8243;][vc_column_text]<img decoding=\"async\" class=\"alignnone size-full wp-image-859\" src=\"https:\/\/blauabogados.com\/wp-content\/uploads\/2017\/02\/blau-solicitors-in-torrevieja-property-for-sale-torrevieja-real-estate-torrevieja-property-for-sale-in-costa-blanca-7.jpg\" alt=\"\" width=\"650\" height=\"226\" srcset=\"https:\/\/blauabogados.com\/wp-content\/uploads\/2017\/02\/blau-solicitors-in-torrevieja-property-for-sale-torrevieja-real-estate-torrevieja-property-for-sale-in-costa-blanca-7-200x70.jpg 200w, https:\/\/blauabogados.com\/wp-content\/uploads\/2017\/02\/blau-solicitors-in-torrevieja-property-for-sale-torrevieja-real-estate-torrevieja-property-for-sale-in-costa-blanca-7-300x104.jpg 300w, https:\/\/blauabogados.com\/wp-content\/uploads\/2017\/02\/blau-solicitors-in-torrevieja-property-for-sale-torrevieja-real-estate-torrevieja-property-for-sale-in-costa-blanca-7-400x139.jpg 400w, https:\/\/blauabogados.com\/wp-content\/uploads\/2017\/02\/blau-solicitors-in-torrevieja-property-for-sale-torrevieja-real-estate-torrevieja-property-for-sale-in-costa-blanca-7-600x209.jpg 600w, https:\/\/blauabogados.com\/wp-content\/uploads\/2017\/02\/blau-solicitors-in-torrevieja-property-for-sale-torrevieja-real-estate-torrevieja-property-for-sale-in-costa-blanca-7.jpg 650w\" sizes=\"(max-width: 650px) 100vw, 650px\" \/>[\/vc_column_text][\/vc_column_inner][\/vc_row_inner][vc_column_text]<\/p>\n<h2><span style=\"font-size: 18pt;\">Blau Abogados y Asesores, S.L.P.\u00a0 bietet im <strong>Immobilienbereich<\/strong> folgenden Beratungservice an:<\/span><\/h2>\n<h2><\/h2>\n<p>[\/vc_column_text][vc_row_inner][vc_column_inner width=&#8220;1\/2&#8243;][vc_column_text]<\/p>\n<h2><span style=\"font-size: 18pt;\"><strong><span style=\"color: #07b3bc;\">&#8211;<\/span><\/strong> Kauf und Verkauf von Liegenschaft in Spanien<\/span><\/h2>\n<h2><span style=\"font-size: 18pt;\"><strong><span style=\"color: #07b3bc;\">&#8211;<\/span> <\/strong> Baupl\u00e4ne, Raumplanung<\/span><\/h2>\n<h2><span style=\"font-size: 18pt;\"><strong><span style=\"color: #07b3bc;\">&#8211;<\/span> <\/strong>Neubauten<\/span><\/h2>\n<h2><\/h2>\n<p>[\/vc_column_text][\/vc_column_inner][vc_column_inner width=&#8220;1\/2&#8243;][vc_column_text]<\/p>\n<h2><span style=\"font-size: 18pt;\"><strong><span style=\"color: #07b3bc;\">&#8211;<\/span> <\/strong>Langzeitvermietung und Vermietung mit Kaufrecht<\/span><\/h2>\n<h2><span style=\"font-size: 18pt;\"><strong><span style=\"color: #07b3bc;\">&#8211;<\/span><\/strong> Zwangsversteigerungen<\/span><\/h2>\n<h2><span style=\"font-size: 18pt;\"><strong><span style=\"color: #07b3bc;\">&#8211;<\/span><\/strong> Andere <\/span><\/h2>\n<h2><\/h2>\n<p>[\/vc_column_text][\/vc_column_inner][\/vc_row_inner][\/vc_column][\/vc_row][vc_row full_width=&#8220;stretch_row&#8220; css=&#8220;.vc_custom_1488214032879{background-color: #07b3bc !important;}&#8220;][vc_column][vc_empty_space height=&#8220;30px&#8220;][vc_row_inner][vc_column_inner width=&#8220;2\/3&#8243;][vc_column_text]<\/p>\n<h2 style=\"text-align: center;\"><span style=\"color: #ffffff;\">Sehen Sie sich den ganzen Prozess an<\/span><\/h2>\n<p>[\/vc_column_text][\/vc_column_inner][vc_column_inner width=&#8220;1\/3&#8243;][vc_btn title=&#8220;ANSICHT SEITE&#8220; style=&#8220;outline-custom&#8220; outline_custom_color=&#8220;#ffffff&#8220; outline_custom_hover_background=&#8220;#1a181a&#8220; outline_custom_hover_text=&#8220;#ffffff&#8220; align=&#8220;center&#8220; i_align=&#8220;right&#8220; i_type=&#8220;entypo&#8220; i_icon_entypo=&#8220;entypo-icon entypo-icon-right-open-big&#8220; add_icon=&#8220;true&#8220; link=&#8220;url:http{9478773c41383b875c82791b70b59b2331ed4505eca136a0dedd03981d4c410e}3A{9478773c41383b875c82791b70b59b2331ed4505eca136a0dedd03981d4c410e}2F{9478773c41383b875c82791b70b59b2331ed4505eca136a0dedd03981d4c410e}2Fblauabogados.com{9478773c41383b875c82791b70b59b2331ed4505eca136a0dedd03981d4c410e}2Fconveyance{9478773c41383b875c82791b70b59b2331ed4505eca136a0dedd03981d4c410e}2F{9478773c41383b875c82791b70b59b2331ed4505eca136a0dedd03981d4c410e}3Flang{9478773c41383b875c82791b70b59b2331ed4505eca136a0dedd03981d4c410e}3Dde|||&#8220;][\/vc_column_inner][\/vc_row_inner][vc_empty_space height=&#8220;20px&#8220;][\/vc_column][\/vc_row][vc_row][vc_column][\/vc_column][\/vc_row][vc_column][\/vc_column][vc_row][vc_column][vc_empty_space height=&#8220;60px&#8220;][vc_row_inner][vc_column_inner][vc_empty_space height=&#8220;20px&#8220;][vc_column_text]<a href=\"https:\/\/www.rocketlawyer.com\/es\/es\"><img decoding=\"async\" class=\"size-medium wp-image-537 aligncenter\" src=\"https:\/\/blauabogados.com\/wp-content\/uploads\/2017\/02\/rocketlawyer_r__circler_logo-rgb-300x101.png\" alt=\"\" width=\"300\" height=\"101\" srcset=\"https:\/\/blauabogados.com\/wp-content\/uploads\/2017\/02\/rocketlawyer_r__circler_logo-rgb-200x67.png 200w, https:\/\/blauabogados.com\/wp-content\/uploads\/2017\/02\/rocketlawyer_r__circler_logo-rgb-300x101.png 300w, https:\/\/blauabogados.com\/wp-content\/uploads\/2017\/02\/rocketlawyer_r__circler_logo-rgb-400x134.png 400w, https:\/\/blauabogados.com\/wp-content\/uploads\/2017\/02\/rocketlawyer_r__circler_logo-rgb-600x201.png 600w, https:\/\/blauabogados.com\/wp-content\/uploads\/2017\/02\/rocketlawyer_r__circler_logo-rgb.png 700w\" sizes=\"(max-width: 300px) 100vw, 300px\" \/><\/a>[\/vc_column_text][\/vc_column_inner][\/vc_row_inner][\/vc_column][\/vc_row]<\/p>\n<\/section>","protected":false},"excerpt":{"rendered":"<p>[vc_row][vc_column][vc_column_text] Willkommen bei Blau Abogados Eine Dynamische Rechtsanwaltskanzlei [\/vc_column_text][vc_separator color=&#8220;custom&#8220; border_width=&#8220;6&#8243; el_width=&#8220;10&#8243; accent_color=&#8220;#07b3bc&#8220;][vc_empty_space height=&#8220;40px&#8220;][\/vc_column][\/vc_row][vc_row][vc_column][\/vc_column][vc_row_inner][vc_column_inner width=&#8220;1\/2&#8243;][vc_column_text][\/vc_column_text][\/vc_column_inner][vc_column_inner width=&#8220;1\/2&#8243;][vc_column_text] Blau Abogados y Asesores, S.L.P. ist eine junge und dynamische Spanische Rechtsanwaltskanzlei mit Hauptsitz in Torrevieja (Alicante). Ihre Spezialisierung liegt im Privat-, Immobilien-, Steuer-, Gesellschafts- und Internationalen Recht. Wir bieten rechtliche und steuerliche Beratung an In- und Ausl\u00e4nder, an  [&#8230;]<\/p>\n","protected":false},"author":2,"featured_media":0,"parent":0,"menu_order":0,"comment_status":"closed","ping_status":"closed","template":"","meta":{"_joinchat":[],"footnotes":""},"class_list":["post-493","page","type-page","status-publish","hentry"],"yoast_head":"<!-- This site is optimized with the Yoast SEO plugin v24.4 - https:\/\/yoast.com\/wordpress\/plugins\/seo\/ -->\n<title>HOME - BLAU Solicitors<\/title>\n<meta name=\"description\" content=\"Real Estate &amp; Tax Lawyers in Orihuela Costa. Reliable Solicitors and Tax Advisors in Costa Blanca experts on conveyancing\" \/>\n<meta name=\"robots\" content=\"index, follow, max-snippet:-1, max-image-preview:large, max-video-preview:-1\" \/>\n<link rel=\"canonical\" href=\"https:\/\/blauabogados.com\/?lang=de\" \/>\n<meta property=\"og:locale\" content=\"de_DE\" \/>\n<meta property=\"og:type\" content=\"article\" \/>\n<meta property=\"og:title\" content=\"HOME - BLAU Solicitors\" \/>\n<meta property=\"og:description\" content=\"Real Estate &amp; Tax Lawyers in Orihuela Costa. Reliable Solicitors and Tax Advisors in Costa Blanca experts on conveyancing\" \/>\n<meta property=\"og:url\" content=\"https:\/\/blauabogados.com\/?lang=de\" \/>\n<meta property=\"og:site_name\" content=\"BLAU Solicitors\" \/>\n<meta property=\"article:modified_time\" content=\"2020-10-13T10:25:45+00:00\" \/>\n<meta property=\"og:image\" content=\"http:\/\/blauabogados.com\/wp-content\/uploads\/2020\/10\/blau-2-1.jpg\" \/>\n<meta name=\"twitter:card\" content=\"summary_large_image\" \/>\n<meta name=\"twitter:label1\" content=\"Gesch\u00e4tzte Lesezeit\" \/>\n\t<meta name=\"twitter:data1\" content=\"5\u00a0Minuten\" \/>\n<script type=\"application\/ld+json\" class=\"yoast-schema-graph\">{\"@context\":\"https:\/\/schema.org\",\"@graph\":[{\"@type\":\"WebPage\",\"@id\":\"https:\/\/blauabogados.com\/?lang=de\",\"url\":\"https:\/\/blauabogados.com\/?lang=de\",\"name\":\"HOME - BLAU Solicitors\",\"isPartOf\":{\"@id\":\"https:\/\/blauabogados.com\/#website\"},\"primaryImageOfPage\":{\"@id\":\"https:\/\/blauabogados.com\/?lang=de#primaryimage\"},\"image\":{\"@id\":\"https:\/\/blauabogados.com\/?lang=de#primaryimage\"},\"thumbnailUrl\":\"http:\/\/blauabogados.com\/wp-content\/uploads\/2020\/10\/Blau-abogados-lawyers-advisors-costa-blanca.jpg\",\"datePublished\":\"2017-02-27T09:53:08+00:00\",\"dateModified\":\"2020-10-13T10:25:45+00:00\",\"description\":\"Real Estate & Tax Lawyers in Orihuela Costa. Reliable Solicitors and Tax Advisors in Costa Blanca experts on conveyancing\",\"breadcrumb\":{\"@id\":\"https:\/\/blauabogados.com\/?lang=de#breadcrumb\"},\"inLanguage\":\"de\",\"potentialAction\":[{\"@type\":\"ReadAction\",\"target\":[\"https:\/\/blauabogados.com\/?lang=de\"]}]},{\"@type\":\"ImageObject\",\"inLanguage\":\"de\",\"@id\":\"https:\/\/blauabogados.com\/?lang=de#primaryimage\",\"url\":\"http:\/\/blauabogados.com\/wp-content\/uploads\/2020\/10\/Blau-abogados-lawyers-advisors-costa-blanca.jpg\",\"contentUrl\":\"http:\/\/blauabogados.com\/wp-content\/uploads\/2020\/10\/Blau-abogados-lawyers-advisors-costa-blanca.jpg\"},{\"@type\":\"BreadcrumbList\",\"@id\":\"https:\/\/blauabogados.com\/?lang=de#breadcrumb\",\"itemListElement\":[{\"@type\":\"ListItem\",\"position\":1,\"name\":\"Portada\",\"item\":\"https:\/\/blauabogados.com\/?lang=de\"},{\"@type\":\"ListItem\",\"position\":2,\"name\":\"HOME\"}]},{\"@type\":\"WebSite\",\"@id\":\"https:\/\/blauabogados.com\/#website\",\"url\":\"https:\/\/blauabogados.com\/\",\"name\":\"BLAU Solicitors\",\"description\":\"Real Estate and Tax Lawyers in Costa Blanca\",\"publisher\":{\"@id\":\"https:\/\/blauabogados.com\/#organization\"},\"potentialAction\":[{\"@type\":\"SearchAction\",\"target\":{\"@type\":\"EntryPoint\",\"urlTemplate\":\"https:\/\/blauabogados.com\/?s={search_term_string}\"},\"query-input\":{\"@type\":\"PropertyValueSpecification\",\"valueRequired\":true,\"valueName\":\"search_term_string\"}}],\"inLanguage\":\"de\"},{\"@type\":\"Organization\",\"@id\":\"https:\/\/blauabogados.com\/#organization\",\"name\":\"Blau Abogados y Asesores\",\"url\":\"https:\/\/blauabogados.com\/\",\"logo\":{\"@type\":\"ImageObject\",\"inLanguage\":\"de\",\"@id\":\"https:\/\/blauabogados.com\/#\/schema\/logo\/image\/\",\"url\":\"https:\/\/blauabogados.com\/wp-content\/uploads\/2022\/04\/1-scaled.jpg\",\"contentUrl\":\"https:\/\/blauabogados.com\/wp-content\/uploads\/2022\/04\/1-scaled.jpg\",\"width\":2560,\"height\":1600,\"caption\":\"Blau Abogados y Asesores\"},\"image\":{\"@id\":\"https:\/\/blauabogados.com\/#\/schema\/logo\/image\/\"},\"sameAs\":[\"https:\/\/www.instagram.com\/blau_abogados\/\"]}]}<\/script>\n<!-- \/ Yoast SEO plugin. -->","yoast_head_json":{"title":"HOME - BLAU Solicitors","description":"Real Estate & Tax Lawyers in Orihuela Costa. Reliable Solicitors and Tax Advisors in Costa Blanca experts on conveyancing","robots":{"index":"index","follow":"follow","max-snippet":"max-snippet:-1","max-image-preview":"max-image-preview:large","max-video-preview":"max-video-preview:-1"},"canonical":"https:\/\/blauabogados.com\/?lang=de","og_locale":"de_DE","og_type":"article","og_title":"HOME - BLAU Solicitors","og_description":"Real Estate & Tax Lawyers in Orihuela Costa. Reliable Solicitors and Tax Advisors in Costa Blanca experts on conveyancing","og_url":"https:\/\/blauabogados.com\/?lang=de","og_site_name":"BLAU Solicitors","article_modified_time":"2020-10-13T10:25:45+00:00","og_image":[{"url":"http:\/\/blauabogados.com\/wp-content\/uploads\/2020\/10\/blau-2-1.jpg","type":"","width":"","height":""}],"twitter_card":"summary_large_image","twitter_misc":{"Gesch\u00e4tzte Lesezeit":"5\u00a0Minuten"},"schema":{"@context":"https:\/\/schema.org","@graph":[{"@type":"WebPage","@id":"https:\/\/blauabogados.com\/?lang=de","url":"https:\/\/blauabogados.com\/?lang=de","name":"HOME - BLAU Solicitors","isPartOf":{"@id":"https:\/\/blauabogados.com\/#website"},"primaryImageOfPage":{"@id":"https:\/\/blauabogados.com\/?lang=de#primaryimage"},"image":{"@id":"https:\/\/blauabogados.com\/?lang=de#primaryimage"},"thumbnailUrl":"http:\/\/blauabogados.com\/wp-content\/uploads\/2020\/10\/Blau-abogados-lawyers-advisors-costa-blanca.jpg","datePublished":"2017-02-27T09:53:08+00:00","dateModified":"2020-10-13T10:25:45+00:00","description":"Real Estate & Tax Lawyers in Orihuela Costa. Reliable Solicitors and Tax Advisors in Costa Blanca experts on conveyancing","breadcrumb":{"@id":"https:\/\/blauabogados.com\/?lang=de#breadcrumb"},"inLanguage":"de","potentialAction":[{"@type":"ReadAction","target":["https:\/\/blauabogados.com\/?lang=de"]}]},{"@type":"ImageObject","inLanguage":"de","@id":"https:\/\/blauabogados.com\/?lang=de#primaryimage","url":"http:\/\/blauabogados.com\/wp-content\/uploads\/2020\/10\/Blau-abogados-lawyers-advisors-costa-blanca.jpg","contentUrl":"http:\/\/blauabogados.com\/wp-content\/uploads\/2020\/10\/Blau-abogados-lawyers-advisors-costa-blanca.jpg"},{"@type":"BreadcrumbList","@id":"https:\/\/blauabogados.com\/?lang=de#breadcrumb","itemListElement":[{"@type":"ListItem","position":1,"name":"Portada","item":"https:\/\/blauabogados.com\/?lang=de"},{"@type":"ListItem","position":2,"name":"HOME"}]},{"@type":"WebSite","@id":"https:\/\/blauabogados.com\/#website","url":"https:\/\/blauabogados.com\/","name":"BLAU Solicitors","description":"Real Estate and Tax Lawyers in Costa Blanca","publisher":{"@id":"https:\/\/blauabogados.com\/#organization"},"potentialAction":[{"@type":"SearchAction","target":{"@type":"EntryPoint","urlTemplate":"https:\/\/blauabogados.com\/?s={search_term_string}"},"query-input":{"@type":"PropertyValueSpecification","valueRequired":true,"valueName":"search_term_string"}}],"inLanguage":"de"},{"@type":"Organization","@id":"https:\/\/blauabogados.com\/#organization","name":"Blau Abogados y Asesores","url":"https:\/\/blauabogados.com\/","logo":{"@type":"ImageObject","inLanguage":"de","@id":"https:\/\/blauabogados.com\/#\/schema\/logo\/image\/","url":"https:\/\/blauabogados.com\/wp-content\/uploads\/2022\/04\/1-scaled.jpg","contentUrl":"https:\/\/blauabogados.com\/wp-content\/uploads\/2022\/04\/1-scaled.jpg","width":2560,"height":1600,"caption":"Blau Abogados y Asesores"},"image":{"@id":"https:\/\/blauabogados.com\/#\/schema\/logo\/image\/"},"sameAs":["https:\/\/www.instagram.com\/blau_abogados\/"]}]}},"_links":{"self":[{"href":"https:\/\/blauabogados.com\/de\/wp-json\/wp\/v2\/pages\/493","targetHints":{"allow":["GET"]}}],"collection":[{"href":"https:\/\/blauabogados.com\/de\/wp-json\/wp\/v2\/pages"}],"about":[{"href":"https:\/\/blauabogados.com\/de\/wp-json\/wp\/v2\/types\/page"}],"author":[{"embeddable":true,"href":"https:\/\/blauabogados.com\/de\/wp-json\/wp\/v2\/users\/2"}],"replies":[{"embeddable":true,"href":"https:\/\/blauabogados.com\/de\/wp-json\/wp\/v2\/comments?post=493"}],"version-history":[{"count":0,"href":"https:\/\/blauabogados.com\/de\/wp-json\/wp\/v2\/pages\/493\/revisions"}],"wp:attachment":[{"href":"https:\/\/blauabogados.com\/de\/wp-json\/wp\/v2\/media?parent=493"}],"curies":[{"name":"wp","href":"https:\/\/api.w.org\/{rel}","templated":true}]}}