{"id":2340,"date":"2023-08-02T13:07:44","date_gmt":"2023-08-02T13:07:44","guid":{"rendered":"https:\/\/blauabogados.com\/erklaerung-zur-barrierefreiheit\/"},"modified":"2023-08-07T05:49:44","modified_gmt":"2023-08-07T05:49:44","slug":"erklaerung-zur-barrierefreiheit","status":"publish","type":"page","link":"https:\/\/blauabogados.com\/de\/erklaerung-zur-barrierefreiheit\/","title":{"rendered":"Erkl\u00e4rung zur Barrierefreiheit"},"content":{"rendered":"<section class=\"wpb-content-wrapper\"><p>[vc_row][vc_column][vc_column_text]<\/p>\n<div class=\"container\">\n<div class=\"container_inner default_template_holder clearfix page_container_inner\">\n<div class=\"elementor elementor-2577\" data-elementor-type=\"wp-page\" data-elementor-id=\"2577\">\n<section class=\"elementor-section elementor-top-section elementor-element elementor-element-1bb3b48 elementor-section-boxed elementor-section-height-default elementor-section-height-default parallax_section_no qode_elementor_container_no\" data-id=\"1bb3b48\" data-element_type=\"section\" data-settings=\"{&quot;_ha_eqh_enable&quot;:false}\">\n<div class=\"elementor-container elementor-column-gap-default\">\n<div class=\"elementor-column elementor-col-100 elementor-top-column elementor-element elementor-element-f7d1969\" data-id=\"f7d1969\" data-element_type=\"column\">\n<div class=\"elementor-widget-wrap elementor-element-populated\">\n<div class=\"elementor-element elementor-element-c216304 elementor-widget elementor-widget-text-editor\" data-id=\"c216304\" data-element_type=\"widget\" data-widget_type=\"text-editor.default\">\n<div class=\"elementor-widget-container\">\n<h1><span style=\"font-size: 36pt;\">Erkl\u00e4rung zur Barrierefreiheit<\/span><\/h1>\n<p><strong>Barrierefreiheitspolitik<\/strong><br \/>\nDie Firma <a class=\"ancla\" title=\"Go to Address and Phone\">BLAU ABOGADOS Y ASESORES SLP<\/a> verpflichtet sich, ihre Website gem\u00e4\u00df dem K\u00f6niglichen Dekret 1112\/2018 vom 7. September \u00fcber die Barrierefreiheit von Websites und mobilen Anwendungen f\u00fcr den \u00f6ffentlichen Sektor oder Entwicklungen, die aus Europa finanziert werden, zug\u00e4nglich zu machen. Diese Barrierefreiheitserkl\u00e4rung gilt f\u00fcr die Website https:\/\/blauabogados.com\/, mit Ausnahme von eingebetteten Inhalten von anderen Domains.<\/p>\n<p><strong>Status der Konformit\u00e4t<\/strong><br \/>\nDiese Website entspricht teilweise RD 1112\/2018 aufgrund von Nicht-Konformit\u00e4ten in folgenden Aspekten.<br \/>\n<strong>Nicht zug\u00e4nglicher Inhalt<\/strong><br \/>\nDer folgende Inhalt ist aus den folgenden Gr\u00fcnden nicht zug\u00e4nglich:<br \/>\n\u2022 Nicht-Konformit\u00e4t:<br \/>\n\u2022 Es k\u00f6nnen einige Bilder ohne implementierten oder korrekten Alternativtext vorhanden sein &#8211; Anforderung 9.1.1.1 Nicht-Textinhalt UNE-EN 301549:2022<br \/>\n\u2022 Es k\u00f6nnen falsch implementierte oder logisch geordnete \u00dcberschriftenelemente vorhanden sein &#8211; Anforderung 9.1.3.1 Informationen und Beziehungen UNE-EN 301549:2022<br \/>\n\u2022 In Formularen k\u00f6nnen Felder vorhanden sein, die nicht programmgesteuert mit ihren Beschriftungen verkn\u00fcpft sind &#8211; Anforderung 9.1.3.5 Zweck der Eingabe identifizieren UNE-EN 301549:2022<br \/>\n\u2022 Einige Seiten k\u00f6nnen f\u00fcr bestimmte Elemente unzureichenden Kontrast aufweisen &#8211; Anforderung 9.1.4.3 Kontrast UNE-EN 301549:2020<br \/>\n\u2022 Einige Links k\u00f6nnen eine undefinierte oder mehrdeutige Funktion oder Zielsetzung haben &#8211; Anforderung 9.2.4.4 Linkzweck (im Kontext) UNE-EN 301549:2020<br \/>\n\u2022 Einige Links haben m\u00f6glicherweise keinen sichtbaren Fokusindikator &#8211; Anforderung 9.2.4.7 Sichtbarer Fokus UNE-EN 301549:2020<br \/>\n\u2022 Es k\u00f6nnen gelegentlich Bearbeitungsfehler auf einigen Webseiten auftreten.<br \/>\n\u2022 Unverh\u00e4ltnism\u00e4\u00dfige Belastung: Nicht anwendbar.<br \/>\n\u2022 Der Inhalt f\u00e4llt nicht unter den Anwendungsbereich der geltenden Gesetzgebung.<br \/>\nEs k\u00f6nnen B\u00fcrodokumente in PDF- oder anderen Formaten ver\u00f6ffentlicht sein, die vor dem 20. September 2018 erstellt wurden und nicht vollst\u00e4ndig alle Barrierefreiheitsanforderungen erf\u00fcllen.<br \/>\nEs kann Inhalte von Drittanbietern geben, die nicht von dieser Einheit entwickelt wurden und nicht unter ihrer Kontrolle stehen, wie beispielsweise B\u00fcrodokumente von verschiedenen Organisationen, die auf dieser Website ver\u00f6ffentlicht werden m\u00fcssen.<\/p>\n<p><strong>Beobachtungen und Kontaktdaten<\/strong><br \/>\nSie k\u00f6nnen alle Barrierefreiheitsanforderungen [Artikel 10.2.a) von RD 1112\/2018] mitteilen, wie z.B.:<br \/>\n&#8211; Meldung einer m\u00f6glichen Nicht-Konformit\u00e4t dieser Website.<br \/>\n&#8211; \u00dcbermittlung anderer Schwierigkeiten beim Zugriff auf den Inhalt.<br \/>\n&#8211; Stellung von sonstigen Anfragen oder Verbesserungsvorschl\u00e4gen bez\u00fcglich der Barrierefreiheit der Website \u00fcber das folgende <a href=\"https:\/\/blauabogados.com\/de\/kontakt\/\">Kontaktformular<\/a> oder telefonisch unter 965 97 98 31 von Montag bis Freitag von 9 bis 14 Uhr.<br \/>\nSie k\u00f6nnen einreichen:<br \/>\n&#8211; Eine Beschwerde bez\u00fcglich der Einhaltung der Anforderungen von RD 1112\/2018<br \/>\n&#8211; Eine Anfrage f\u00fcr zug\u00e4ngliche Informationen in Bezug auf:<br \/>\n\u2022 Inhalte, die nicht in den Anwendungsbereich von RD 1112\/2018 fallen, wie im Artikel 3 Abschnitt 4 festgelegt.<br \/>\n\u2022 Inhalte, die von der Einhaltung der Barrierefreiheitsanforderungen befreit sind, da sie eine unverh\u00e4ltnism\u00e4\u00dfige Belastung darstellen.<br \/>\nIn der Anfrage f\u00fcr zug\u00e4ngliche Informationen m\u00fcssen Sie die Tatsachen, Gr\u00fcnde und die Bitte klar angeben, um festzustellen, dass es sich um eine vern\u00fcnftige und legitime Anfrage handelt.<\/p>\n<\/div>\n<\/div>\n<\/div>\n<\/div>\n<\/div>\n<\/section>\n<\/div>\n<\/div>\n<\/div>\n<p>[\/vc_column_text][\/vc_column][\/vc_row]<\/p>\n<\/section>","protected":false},"excerpt":{"rendered":"<p>[vc_row][vc_column][vc_column_text] Erkl\u00e4rung zur Barrierefreiheit Barrierefreiheitspolitik Die Firma BLAU ABOGADOS Y ASESORES SLP verpflichtet sich, ihre Website gem\u00e4\u00df dem K\u00f6niglichen Dekret 1112\/2018 vom 7. September \u00fcber die Barrierefreiheit von Websites und mobilen Anwendungen f\u00fcr den \u00f6ffentlichen Sektor oder Entwicklungen, die aus Europa finanziert werden, zug\u00e4nglich zu machen. Diese Barrierefreiheitserkl\u00e4rung gilt f\u00fcr die Website https:\/\/blauabogados.com\/, mit Ausnahme  [&#8230;]<\/p>\n","protected":false},"author":9,"featured_media":0,"parent":0,"menu_order":0,"comment_status":"closed","ping_status":"closed","template":"","meta":{"_joinchat":[],"footnotes":""},"class_list":["post-2340","page","type-page","status-publish","hentry"],"yoast_head":"<!-- This site is optimized with the Yoast SEO plugin v24.4 - https:\/\/yoast.com\/wordpress\/plugins\/seo\/ -->\n<title>Erkl\u00e4rung zur Barrierefreiheit - BLAU Solicitors<\/title>\n<meta name=\"description\" content=\"Real Estate &amp; Tax Lawyers in Orihuela Costa. Reliable Solicitors and Tax Advisors in Costa Blanca experts on conveyancing\" \/>\n<meta name=\"robots\" content=\"index, follow, max-snippet:-1, max-image-preview:large, max-video-preview:-1\" \/>\n<link rel=\"canonical\" href=\"https:\/\/blauabogados.com\/de\/erklaerung-zur-barrierefreiheit\/\" \/>\n<meta property=\"og:locale\" content=\"de_DE\" \/>\n<meta property=\"og:type\" content=\"article\" \/>\n<meta property=\"og:title\" content=\"Erkl\u00e4rung zur Barrierefreiheit - BLAU Solicitors\" \/>\n<meta property=\"og:description\" content=\"Real Estate &amp; Tax Lawyers in Orihuela Costa. Reliable Solicitors and Tax Advisors in Costa Blanca experts on conveyancing\" \/>\n<meta property=\"og:url\" content=\"https:\/\/blauabogados.com\/de\/erklaerung-zur-barrierefreiheit\/\" \/>\n<meta property=\"og:site_name\" content=\"BLAU Solicitors\" \/>\n<meta property=\"article:modified_time\" content=\"2023-08-07T05:49:44+00:00\" \/>\n<meta name=\"twitter:card\" content=\"summary_large_image\" \/>\n<meta name=\"twitter:label1\" content=\"Gesch\u00e4tzte Lesezeit\" \/>\n\t<meta name=\"twitter:data1\" content=\"2\u00a0Minuten\" \/>\n<script type=\"application\/ld+json\" class=\"yoast-schema-graph\">{\"@context\":\"https:\/\/schema.org\",\"@graph\":[{\"@type\":\"WebPage\",\"@id\":\"https:\/\/blauabogados.com\/de\/erklaerung-zur-barrierefreiheit\/\",\"url\":\"https:\/\/blauabogados.com\/de\/erklaerung-zur-barrierefreiheit\/\",\"name\":\"Erkl\u00e4rung zur Barrierefreiheit - BLAU Solicitors\",\"isPartOf\":{\"@id\":\"https:\/\/blauabogados.com\/#website\"},\"datePublished\":\"2023-08-02T13:07:44+00:00\",\"dateModified\":\"2023-08-07T05:49:44+00:00\",\"description\":\"Real Estate & Tax Lawyers in Orihuela Costa. Reliable Solicitors and Tax Advisors in Costa Blanca experts on conveyancing\",\"breadcrumb\":{\"@id\":\"https:\/\/blauabogados.com\/de\/erklaerung-zur-barrierefreiheit\/#breadcrumb\"},\"inLanguage\":\"de\",\"potentialAction\":[{\"@type\":\"ReadAction\",\"target\":[\"https:\/\/blauabogados.com\/de\/erklaerung-zur-barrierefreiheit\/\"]}]},{\"@type\":\"BreadcrumbList\",\"@id\":\"https:\/\/blauabogados.com\/de\/erklaerung-zur-barrierefreiheit\/#breadcrumb\",\"itemListElement\":[{\"@type\":\"ListItem\",\"position\":1,\"name\":\"Portada\",\"item\":\"https:\/\/blauabogados.com\/?lang=de\"},{\"@type\":\"ListItem\",\"position\":2,\"name\":\"Erkl\u00e4rung zur Barrierefreiheit\"}]},{\"@type\":\"WebSite\",\"@id\":\"https:\/\/blauabogados.com\/#website\",\"url\":\"https:\/\/blauabogados.com\/\",\"name\":\"BLAU Solicitors\",\"description\":\"Real Estate and Tax Lawyers in Costa Blanca\",\"publisher\":{\"@id\":\"https:\/\/blauabogados.com\/#organization\"},\"potentialAction\":[{\"@type\":\"SearchAction\",\"target\":{\"@type\":\"EntryPoint\",\"urlTemplate\":\"https:\/\/blauabogados.com\/?s={search_term_string}\"},\"query-input\":{\"@type\":\"PropertyValueSpecification\",\"valueRequired\":true,\"valueName\":\"search_term_string\"}}],\"inLanguage\":\"de\"},{\"@type\":\"Organization\",\"@id\":\"https:\/\/blauabogados.com\/#organization\",\"name\":\"Blau Abogados y Asesores\",\"url\":\"https:\/\/blauabogados.com\/\",\"logo\":{\"@type\":\"ImageObject\",\"inLanguage\":\"de\",\"@id\":\"https:\/\/blauabogados.com\/#\/schema\/logo\/image\/\",\"url\":\"https:\/\/blauabogados.com\/wp-content\/uploads\/2022\/04\/1-scaled.jpg\",\"contentUrl\":\"https:\/\/blauabogados.com\/wp-content\/uploads\/2022\/04\/1-scaled.jpg\",\"width\":2560,\"height\":1600,\"caption\":\"Blau Abogados y Asesores\"},\"image\":{\"@id\":\"https:\/\/blauabogados.com\/#\/schema\/logo\/image\/\"},\"sameAs\":[\"https:\/\/www.instagram.com\/blau_abogados\/\"]}]}<\/script>\n<!-- \/ Yoast SEO plugin. -->","yoast_head_json":{"title":"Erkl\u00e4rung zur Barrierefreiheit - BLAU Solicitors","description":"Real Estate & Tax Lawyers in Orihuela Costa. Reliable Solicitors and Tax Advisors in Costa Blanca experts on conveyancing","robots":{"index":"index","follow":"follow","max-snippet":"max-snippet:-1","max-image-preview":"max-image-preview:large","max-video-preview":"max-video-preview:-1"},"canonical":"https:\/\/blauabogados.com\/de\/erklaerung-zur-barrierefreiheit\/","og_locale":"de_DE","og_type":"article","og_title":"Erkl\u00e4rung zur Barrierefreiheit - BLAU Solicitors","og_description":"Real Estate & Tax Lawyers in Orihuela Costa. Reliable Solicitors and Tax Advisors in Costa Blanca experts on conveyancing","og_url":"https:\/\/blauabogados.com\/de\/erklaerung-zur-barrierefreiheit\/","og_site_name":"BLAU Solicitors","article_modified_time":"2023-08-07T05:49:44+00:00","twitter_card":"summary_large_image","twitter_misc":{"Gesch\u00e4tzte Lesezeit":"2\u00a0Minuten"},"schema":{"@context":"https:\/\/schema.org","@graph":[{"@type":"WebPage","@id":"https:\/\/blauabogados.com\/de\/erklaerung-zur-barrierefreiheit\/","url":"https:\/\/blauabogados.com\/de\/erklaerung-zur-barrierefreiheit\/","name":"Erkl\u00e4rung zur Barrierefreiheit - BLAU Solicitors","isPartOf":{"@id":"https:\/\/blauabogados.com\/#website"},"datePublished":"2023-08-02T13:07:44+00:00","dateModified":"2023-08-07T05:49:44+00:00","description":"Real Estate & Tax Lawyers in Orihuela Costa. Reliable Solicitors and Tax Advisors in Costa Blanca experts on conveyancing","breadcrumb":{"@id":"https:\/\/blauabogados.com\/de\/erklaerung-zur-barrierefreiheit\/#breadcrumb"},"inLanguage":"de","potentialAction":[{"@type":"ReadAction","target":["https:\/\/blauabogados.com\/de\/erklaerung-zur-barrierefreiheit\/"]}]},{"@type":"BreadcrumbList","@id":"https:\/\/blauabogados.com\/de\/erklaerung-zur-barrierefreiheit\/#breadcrumb","itemListElement":[{"@type":"ListItem","position":1,"name":"Portada","item":"https:\/\/blauabogados.com\/?lang=de"},{"@type":"ListItem","position":2,"name":"Erkl\u00e4rung zur Barrierefreiheit"}]},{"@type":"WebSite","@id":"https:\/\/blauabogados.com\/#website","url":"https:\/\/blauabogados.com\/","name":"BLAU Solicitors","description":"Real Estate and Tax Lawyers in Costa Blanca","publisher":{"@id":"https:\/\/blauabogados.com\/#organization"},"potentialAction":[{"@type":"SearchAction","target":{"@type":"EntryPoint","urlTemplate":"https:\/\/blauabogados.com\/?s={search_term_string}"},"query-input":{"@type":"PropertyValueSpecification","valueRequired":true,"valueName":"search_term_string"}}],"inLanguage":"de"},{"@type":"Organization","@id":"https:\/\/blauabogados.com\/#organization","name":"Blau Abogados y Asesores","url":"https:\/\/blauabogados.com\/","logo":{"@type":"ImageObject","inLanguage":"de","@id":"https:\/\/blauabogados.com\/#\/schema\/logo\/image\/","url":"https:\/\/blauabogados.com\/wp-content\/uploads\/2022\/04\/1-scaled.jpg","contentUrl":"https:\/\/blauabogados.com\/wp-content\/uploads\/2022\/04\/1-scaled.jpg","width":2560,"height":1600,"caption":"Blau Abogados y Asesores"},"image":{"@id":"https:\/\/blauabogados.com\/#\/schema\/logo\/image\/"},"sameAs":["https:\/\/www.instagram.com\/blau_abogados\/"]}]}},"_links":{"self":[{"href":"https:\/\/blauabogados.com\/de\/wp-json\/wp\/v2\/pages\/2340","targetHints":{"allow":["GET"]}}],"collection":[{"href":"https:\/\/blauabogados.com\/de\/wp-json\/wp\/v2\/pages"}],"about":[{"href":"https:\/\/blauabogados.com\/de\/wp-json\/wp\/v2\/types\/page"}],"author":[{"embeddable":true,"href":"https:\/\/blauabogados.com\/de\/wp-json\/wp\/v2\/users\/9"}],"replies":[{"embeddable":true,"href":"https:\/\/blauabogados.com\/de\/wp-json\/wp\/v2\/comments?post=2340"}],"version-history":[{"count":1,"href":"https:\/\/blauabogados.com\/de\/wp-json\/wp\/v2\/pages\/2340\/revisions"}],"predecessor-version":[{"id":2354,"href":"https:\/\/blauabogados.com\/de\/wp-json\/wp\/v2\/pages\/2340\/revisions\/2354"}],"wp:attachment":[{"href":"https:\/\/blauabogados.com\/de\/wp-json\/wp\/v2\/media?parent=2340"}],"curies":[{"name":"wp","href":"https:\/\/api.w.org\/{rel}","templated":true}]}}