{"id":2339,"date":"2023-08-02T13:06:04","date_gmt":"2023-08-02T13:06:04","guid":{"rendered":"https:\/\/blauabogados.com\/cookie-richtlinie\/"},"modified":"2023-08-02T13:06:04","modified_gmt":"2023-08-02T13:06:04","slug":"cookie-richtlinie","status":"publish","type":"page","link":"https:\/\/blauabogados.com\/de\/cookie-richtlinie\/","title":{"rendered":"Cookie-Richtlinie"},"content":{"rendered":"<div class=\"container\">\n<div class=\"container_inner default_template_holder clearfix page_container_inner\">\n<div class=\"elementor elementor-2577\" data-elementor-type=\"wp-page\" data-elementor-id=\"2577\">\n<section class=\"elementor-section elementor-top-section elementor-element elementor-element-1bb3b48 elementor-section-boxed elementor-section-height-default elementor-section-height-default parallax_section_no qode_elementor_container_no\" data-id=\"1bb3b48\" data-element_type=\"section\" data-settings=\"{&quot;_ha_eqh_enable&quot;:false}\">\n<div class=\"elementor-container elementor-column-gap-default\">\n<div class=\"elementor-column elementor-col-100 elementor-top-column elementor-element elementor-element-f7d1969\" data-id=\"f7d1969\" data-element_type=\"column\">\n<div class=\"elementor-widget-wrap elementor-element-populated\">\n<div class=\"elementor-element elementor-element-c216304 elementor-widget elementor-widget-text-editor\" data-id=\"c216304\" data-element_type=\"widget\" data-widget_type=\"text-editor.default\">\n<div class=\"elementor-widget-container\">\n<h1><span style=\"font-size: 36pt;\">Cookie-Richtlinie<\/span><\/h1>\n<p>&nbsp;<br \/>\nDie Website verwendet einen Verkehrsanalysator, der kleine Informationsdateien namens &#8222;Cookies&#8220; verwendet, die der Server an den Computer des Benutzers sendet, der auf die Website zugreift, um die ordnungsgem\u00e4\u00dfe Funktion und Darstellung der Website durch den Benutzer sicherzustellen sowie statistische Daten \u00fcber die Nutzung und Navigation unserer Website zu sammeln. Wir k\u00f6nnen Informationen \u00fcber Ihren Computer erfassen, einschlie\u00dflich Ihrer IP-Adresse, Ihres Betriebssystems und Ihres Browsertyps. Cookies enthalten Informationen, die auf die Festplatte Ihres Computers \u00fcbertragen werden.<\/p>\n<p>Cookies helfen uns auch dabei, unsere Website zu verbessern und einen besseren und individuelleren Service anzubieten. Insbesondere erm\u00f6glichen sie es uns:<\/p>\n<ul>\n<li>Zahlen und Nutzungsmuster zu sch\u00e4tzen.<\/li>\n<li>Informationen \u00fcber Ihre Vorlieben zu speichern und unsere Website entsprechend Ihren individuellen Interessen anzupassen.<\/li>\n<li>Ihre Suchvorg\u00e4nge zu beschleunigen.<\/li>\n<li>Sie bei Ihrer R\u00fcckkehr zu unserer Website zu erkennen.<\/li>\n<\/ul>\n<h3>AKZEPTANZ UND\/ODER ABLEHNUNG DER COOKIE-RICHTLINIE<\/h3>\n<p>Diese Website zeigt Informationen \u00fcber ihre Cookie-Richtlinie am unteren oder oberen Rand des Portals an, jedes Mal wenn Sie sich anmelden, damit Sie dar\u00fcber informiert sind. Sie k\u00f6nnen die Installation von Cookies in Ihrem Webbrowser durch eine positive Handlung und Zustimmung akzeptieren. Sie k\u00f6nnen auch die Verwendung von Cookies ablehnen, indem Sie ihre Installation und Nutzung in Ihrem Browser ablehnen. Sie sollten jedoch wissen, dass Sie m\u00f6glicherweise nicht die volle Funktionalit\u00e4t dieser Website nutzen k\u00f6nnen, wenn Sie dies tun. Diese Website verarbeitet Informationen \u00fcber Sie durch Google. Zu diesem Zweck wird darauf hingewiesen, dass Google Inc. im Hinblick auf die Datenschutzbestimmungen f\u00fcr personenbezogene Daten als &#8222;Safe Harbor&#8220; gilt. Der Benutzer muss seine vorherige Zustimmung geben, sofern nicht anders angegeben, f\u00fcr die Verwendung von &#8222;Cookies&#8220; und autorisiert auch das Tracking seiner IP w\u00e4hrend der Navigation auf der Website. Wenn Sie Ihre Webbrowser-Einstellungen nicht so angepasst haben, dass Cookies abgelehnt werden, wird unser System Cookies ausgeben, wenn Sie sich auf unserer Website anmelden. Gem\u00e4\u00df den europ\u00e4ischen Richtlinien der Datenschutzbestimmungen, die durch die Verwendung von Cookies beeinflusst werden k\u00f6nnen, verf\u00fcgen verschiedene Internetbrowser \u00fcber Konfigurationstools, die es dem Benutzer erm\u00f6glichen, diese Cookies zu deaktivieren und\/oder zu l\u00f6schen oder den privaten Browsing-Modus in ihrem Browser zu aktivieren, wenn gew\u00fcnscht. Sie k\u00f6nnen die auf Ihrem Computer installierten Cookies zulassen, blockieren oder l\u00f6schen, indem Sie die Optionen des auf Ihrem Computer installierten Browsers konfigurieren: Chrome: https:\/\/support.google.com\/chrome\/answer\/95647?hl=de Explorer: http:\/\/windows.microsoft.com\/de-de\/windows7\/how-to-manage-cookies-in-internet-explorer-9 Firefox: https:\/\/support.mozilla.org\/de\/kb\/cookies-erlauben-und-ablehnen Safari: https:\/\/support.apple.com\/kb\/PH21411?locale=de_DE&amp;viewlocale=en_US<\/p>\n<h3>WELCHE COOKIES VERWENDEN WIR UND ZU WELCHEN ZWECKEN?<\/h3>\n<p>Nachfolgend finden Sie eine detailliertere Erkl\u00e4rung zu jedem Typ von Cookie, seiner Dauer, seinem Besitz, seinem Zweck und seinen Domains: Google Analytics ist ein Analyse-Webdienst, der von Google, Inc., einem Unternehmen mit Hauptsitz in 1600 Amphitheater Parkway, Mountain View (Kalifornien), CA94043, USA (&#8222;Google&#8220;), bereitgestellt wird: Google Analytics verwendet die folgenden Cookies: _ga, _gat, _gid und m\u00f6glicherweise andere Cookies, die von Googles Besuchs\u00fcberwachungsdienst geladen werden.<br \/>\n<strong>Dienen dazu:<\/strong><\/p>\n<ul>\n<li>Zahlen und Nutzungsmuster zu sch\u00e4tzen.<\/li>\n<li>Informationen \u00fcber Ihre Vorlieben zu speichern und unsere Website entsprechend Ihren individuellen Interessen anzupassen.<\/li>\n<li>Ihre Suchvorg\u00e4nge zu beschleunigen.<\/li>\n<li>Sie bei Ihrer R\u00fcckkehr zu unserer Website zu erkennen.<\/li>\n<li>Eine eindeutige Benutzerkennung zu generieren, die verwendet wird, um zu z\u00e4hlen, wie oft ein Benutzer die Website besucht, sowie das Datum des ersten und letzten Besuchs der Website zu erfassen.<\/li>\n<li>Das Datum und die Uhrzeit des Zugriffs auf eine beliebige Seite der Website zu protokollieren.<\/li>\n<li>Die Notwendigkeit zu \u00fcberpr\u00fcfen, ob eine Benutzersitzung offen gehalten oder eine neue erstellt werden muss.<\/li>\n<li>Die Benutzersitzung zu identifizieren, um den ungef\u00e4hren geografischen Standort des Computers, der auf die Website zugreift, zu statistischen Zwecken zu erheben. Sie k\u00f6nnen sowohl vor\u00fcbergehend als auch dauerhaft sein.<\/li>\n<\/ul>\n<\/div>\n<\/div>\n<\/div>\n<\/div>\n<\/div>\n<\/section>\n<\/div>\n<\/div>\n<\/div>\n","protected":false},"excerpt":{"rendered":"<p>Cookie-Richtlinie &nbsp; Die Website verwendet einen Verkehrsanalysator, der kleine Informationsdateien namens &#8222;Cookies&#8220; verwendet, die der Server an den Computer des Benutzers sendet, der auf die Website zugreift, um die ordnungsgem\u00e4\u00dfe Funktion und Darstellung der Website durch den Benutzer sicherzustellen sowie statistische Daten \u00fcber die Nutzung und Navigation unserer Website zu sammeln. Wir k\u00f6nnen Informationen \u00fcber  [&#8230;]<\/p>\n","protected":false},"author":9,"featured_media":0,"parent":0,"menu_order":0,"comment_status":"closed","ping_status":"closed","template":"","meta":{"_joinchat":[],"footnotes":""},"class_list":["post-2339","page","type-page","status-publish","hentry"],"yoast_head":"<!-- This site is optimized with the Yoast SEO plugin v24.4 - https:\/\/yoast.com\/wordpress\/plugins\/seo\/ -->\n<title>Cookie-Richtlinie - BLAU Solicitors<\/title>\n<meta name=\"description\" content=\"Real Estate &amp; Tax Lawyers in Orihuela Costa. Reliable Solicitors and Tax Advisors in Costa Blanca experts on conveyancing\" \/>\n<meta name=\"robots\" content=\"index, follow, max-snippet:-1, max-image-preview:large, max-video-preview:-1\" \/>\n<link rel=\"canonical\" href=\"https:\/\/blauabogados.com\/cookie-richtlinie\/\" \/>\n<meta property=\"og:locale\" content=\"de_DE\" \/>\n<meta property=\"og:type\" content=\"article\" \/>\n<meta property=\"og:title\" content=\"Cookie-Richtlinie - BLAU Solicitors\" \/>\n<meta property=\"og:description\" content=\"Real Estate &amp; Tax Lawyers in Orihuela Costa. Reliable Solicitors and Tax Advisors in Costa Blanca experts on conveyancing\" \/>\n<meta property=\"og:url\" content=\"https:\/\/blauabogados.com\/cookie-richtlinie\/\" \/>\n<meta property=\"og:site_name\" content=\"BLAU Solicitors\" \/>\n<meta name=\"twitter:card\" content=\"summary_large_image\" \/>\n<meta name=\"twitter:label1\" content=\"Gesch\u00e4tzte Lesezeit\" \/>\n\t<meta name=\"twitter:data1\" content=\"3\u00a0Minuten\" \/>\n<script type=\"application\/ld+json\" class=\"yoast-schema-graph\">{\"@context\":\"https:\/\/schema.org\",\"@graph\":[{\"@type\":\"WebPage\",\"@id\":\"https:\/\/blauabogados.com\/cookie-richtlinie\/\",\"url\":\"https:\/\/blauabogados.com\/cookie-richtlinie\/\",\"name\":\"Cookie-Richtlinie - BLAU Solicitors\",\"isPartOf\":{\"@id\":\"https:\/\/blauabogados.com\/#website\"},\"datePublished\":\"2023-08-02T13:06:04+00:00\",\"description\":\"Real Estate & Tax Lawyers in Orihuela Costa. Reliable Solicitors and Tax Advisors in Costa Blanca experts on conveyancing\",\"breadcrumb\":{\"@id\":\"https:\/\/blauabogados.com\/cookie-richtlinie\/#breadcrumb\"},\"inLanguage\":\"de\",\"potentialAction\":[{\"@type\":\"ReadAction\",\"target\":[\"https:\/\/blauabogados.com\/cookie-richtlinie\/\"]}]},{\"@type\":\"BreadcrumbList\",\"@id\":\"https:\/\/blauabogados.com\/cookie-richtlinie\/#breadcrumb\",\"itemListElement\":[{\"@type\":\"ListItem\",\"position\":1,\"name\":\"Portada\",\"item\":\"https:\/\/blauabogados.com\/?lang=de\"},{\"@type\":\"ListItem\",\"position\":2,\"name\":\"Cookie-Richtlinie\"}]},{\"@type\":\"WebSite\",\"@id\":\"https:\/\/blauabogados.com\/#website\",\"url\":\"https:\/\/blauabogados.com\/\",\"name\":\"BLAU Solicitors\",\"description\":\"Real Estate and Tax Lawyers in Costa Blanca\",\"publisher\":{\"@id\":\"https:\/\/blauabogados.com\/#organization\"},\"potentialAction\":[{\"@type\":\"SearchAction\",\"target\":{\"@type\":\"EntryPoint\",\"urlTemplate\":\"https:\/\/blauabogados.com\/?s={search_term_string}\"},\"query-input\":{\"@type\":\"PropertyValueSpecification\",\"valueRequired\":true,\"valueName\":\"search_term_string\"}}],\"inLanguage\":\"de\"},{\"@type\":\"Organization\",\"@id\":\"https:\/\/blauabogados.com\/#organization\",\"name\":\"Blau Abogados y Asesores\",\"url\":\"https:\/\/blauabogados.com\/\",\"logo\":{\"@type\":\"ImageObject\",\"inLanguage\":\"de\",\"@id\":\"https:\/\/blauabogados.com\/#\/schema\/logo\/image\/\",\"url\":\"https:\/\/blauabogados.com\/wp-content\/uploads\/2022\/04\/1-scaled.jpg\",\"contentUrl\":\"https:\/\/blauabogados.com\/wp-content\/uploads\/2022\/04\/1-scaled.jpg\",\"width\":2560,\"height\":1600,\"caption\":\"Blau Abogados y Asesores\"},\"image\":{\"@id\":\"https:\/\/blauabogados.com\/#\/schema\/logo\/image\/\"},\"sameAs\":[\"https:\/\/www.instagram.com\/blau_abogados\/\"]}]}<\/script>\n<!-- \/ Yoast SEO plugin. -->","yoast_head_json":{"title":"Cookie-Richtlinie - BLAU Solicitors","description":"Real Estate & Tax Lawyers in Orihuela Costa. Reliable Solicitors and Tax Advisors in Costa Blanca experts on conveyancing","robots":{"index":"index","follow":"follow","max-snippet":"max-snippet:-1","max-image-preview":"max-image-preview:large","max-video-preview":"max-video-preview:-1"},"canonical":"https:\/\/blauabogados.com\/cookie-richtlinie\/","og_locale":"de_DE","og_type":"article","og_title":"Cookie-Richtlinie - BLAU Solicitors","og_description":"Real Estate & Tax Lawyers in Orihuela Costa. Reliable Solicitors and Tax Advisors in Costa Blanca experts on conveyancing","og_url":"https:\/\/blauabogados.com\/cookie-richtlinie\/","og_site_name":"BLAU Solicitors","twitter_card":"summary_large_image","twitter_misc":{"Gesch\u00e4tzte Lesezeit":"3\u00a0Minuten"},"schema":{"@context":"https:\/\/schema.org","@graph":[{"@type":"WebPage","@id":"https:\/\/blauabogados.com\/cookie-richtlinie\/","url":"https:\/\/blauabogados.com\/cookie-richtlinie\/","name":"Cookie-Richtlinie - BLAU Solicitors","isPartOf":{"@id":"https:\/\/blauabogados.com\/#website"},"datePublished":"2023-08-02T13:06:04+00:00","description":"Real Estate & Tax Lawyers in Orihuela Costa. Reliable Solicitors and Tax Advisors in Costa Blanca experts on conveyancing","breadcrumb":{"@id":"https:\/\/blauabogados.com\/cookie-richtlinie\/#breadcrumb"},"inLanguage":"de","potentialAction":[{"@type":"ReadAction","target":["https:\/\/blauabogados.com\/cookie-richtlinie\/"]}]},{"@type":"BreadcrumbList","@id":"https:\/\/blauabogados.com\/cookie-richtlinie\/#breadcrumb","itemListElement":[{"@type":"ListItem","position":1,"name":"Portada","item":"https:\/\/blauabogados.com\/?lang=de"},{"@type":"ListItem","position":2,"name":"Cookie-Richtlinie"}]},{"@type":"WebSite","@id":"https:\/\/blauabogados.com\/#website","url":"https:\/\/blauabogados.com\/","name":"BLAU Solicitors","description":"Real Estate and Tax Lawyers in Costa Blanca","publisher":{"@id":"https:\/\/blauabogados.com\/#organization"},"potentialAction":[{"@type":"SearchAction","target":{"@type":"EntryPoint","urlTemplate":"https:\/\/blauabogados.com\/?s={search_term_string}"},"query-input":{"@type":"PropertyValueSpecification","valueRequired":true,"valueName":"search_term_string"}}],"inLanguage":"de"},{"@type":"Organization","@id":"https:\/\/blauabogados.com\/#organization","name":"Blau Abogados y Asesores","url":"https:\/\/blauabogados.com\/","logo":{"@type":"ImageObject","inLanguage":"de","@id":"https:\/\/blauabogados.com\/#\/schema\/logo\/image\/","url":"https:\/\/blauabogados.com\/wp-content\/uploads\/2022\/04\/1-scaled.jpg","contentUrl":"https:\/\/blauabogados.com\/wp-content\/uploads\/2022\/04\/1-scaled.jpg","width":2560,"height":1600,"caption":"Blau Abogados y Asesores"},"image":{"@id":"https:\/\/blauabogados.com\/#\/schema\/logo\/image\/"},"sameAs":["https:\/\/www.instagram.com\/blau_abogados\/"]}]}},"_links":{"self":[{"href":"https:\/\/blauabogados.com\/de\/wp-json\/wp\/v2\/pages\/2339","targetHints":{"allow":["GET"]}}],"collection":[{"href":"https:\/\/blauabogados.com\/de\/wp-json\/wp\/v2\/pages"}],"about":[{"href":"https:\/\/blauabogados.com\/de\/wp-json\/wp\/v2\/types\/page"}],"author":[{"embeddable":true,"href":"https:\/\/blauabogados.com\/de\/wp-json\/wp\/v2\/users\/9"}],"replies":[{"embeddable":true,"href":"https:\/\/blauabogados.com\/de\/wp-json\/wp\/v2\/comments?post=2339"}],"version-history":[{"count":0,"href":"https:\/\/blauabogados.com\/de\/wp-json\/wp\/v2\/pages\/2339\/revisions"}],"wp:attachment":[{"href":"https:\/\/blauabogados.com\/de\/wp-json\/wp\/v2\/media?parent=2339"}],"curies":[{"name":"wp","href":"https:\/\/api.w.org\/{rel}","templated":true}]}}