{"id":2338,"date":"2023-08-02T13:04:52","date_gmt":"2023-08-02T13:04:52","guid":{"rendered":"https:\/\/blauabogados.com\/rechtshinweis\/"},"modified":"2023-08-02T13:04:52","modified_gmt":"2023-08-02T13:04:52","slug":"rechtshinweis","status":"publish","type":"page","link":"https:\/\/blauabogados.com\/de\/rechtshinweis\/","title":{"rendered":"Rechtshinweis"},"content":{"rendered":"<div class=\"container\">\n<div class=\"container_inner default_template_holder clearfix page_container_inner\">\n<div class=\"elementor elementor-2577\" data-elementor-type=\"wp-page\" data-elementor-id=\"2577\">\n<section class=\"elementor-section elementor-top-section elementor-element elementor-element-1bb3b48 elementor-section-boxed elementor-section-height-default elementor-section-height-default parallax_section_no qode_elementor_container_no\" data-id=\"1bb3b48\" data-element_type=\"section\" data-settings=\"{&quot;_ha_eqh_enable&quot;:false}\">\n<div class=\"elementor-container elementor-column-gap-default\">\n<div class=\"elementor-column elementor-col-100 elementor-top-column elementor-element elementor-element-f7d1969\" data-id=\"f7d1969\" data-element_type=\"column\">\n<div class=\"elementor-widget-wrap elementor-element-populated\">\n<div class=\"elementor-element elementor-element-c216304 elementor-widget elementor-widget-text-editor\" data-id=\"c216304\" data-element_type=\"widget\" data-widget_type=\"text-editor.default\">\n<div class=\"elementor-widget-container\">\n<h1><\/h1>\n<\/div>\n<h1><\/h1>\n<\/div>\n<\/div>\n<\/div>\n<\/div>\n<\/section>\n<\/div>\n<\/div>\n<\/div>\n<h1><\/h1>\n<div class=\"container\">\n<div class=\"container_inner default_template_holder clearfix page_container_inner\">\n<div class=\"elementor elementor-2577\" data-elementor-type=\"wp-page\" data-elementor-id=\"2577\">\n<section class=\"elementor-section elementor-top-section elementor-element elementor-element-1bb3b48 elementor-section-boxed elementor-section-height-default elementor-section-height-default parallax_section_no qode_elementor_container_no\" data-id=\"1bb3b48\" data-element_type=\"section\" data-settings=\"{&quot;_ha_eqh_enable&quot;:false}\">\n<div class=\"elementor-container elementor-column-gap-default\">\n<div class=\"elementor-column elementor-col-100 elementor-top-column elementor-element elementor-element-f7d1969\" data-id=\"f7d1969\" data-element_type=\"column\">\n<div class=\"elementor-widget-wrap elementor-element-populated\">\n<div class=\"elementor-element elementor-element-c216304 elementor-widget elementor-widget-text-editor\" data-id=\"c216304\" data-element_type=\"widget\" data-widget_type=\"text-editor.default\">\n<div class=\"elementor-widget-container\">\n<h1><span style=\"font-size: 36pt;\">Impressum<\/span><\/h1>\n<p>EINF\u00dcHRUNG:<\/p>\n<p>Dieses Dokument hat zum Ziel, die Regeln f\u00fcr die Nutzung dieser Website festzulegen und zu regeln, einschlie\u00dflich aller Seiten und Inhalte, die im Besitz von <a class=\"ancla\" title=\"Go to Address and Phone\">BLAU ABOGADOS Y ASESORES SLP<\/a> sind und \u00fcber die Domain https:\/\/blauabogados.com\/ zug\u00e4nglich sind. Durch den Zugriff und die Nutzung der Website werden Sie zum Benutzer und akzeptieren alle Bedingungen, die in diesem Impressum enthalten sind. Benutzern wird empfohlen, dieses Impressum bei jeder Gelegenheit sorgf\u00e4ltig zu lesen, wenn sie beabsichtigen, unsere Website zu nutzen, da es und seine Nutzungsbedingungen \u00c4nderungen unterliegen k\u00f6nnen.<\/p>\n<p>IDENTIFIKATIONSDATEN:<\/p>\n<ul>\n<li>Firmenname: <a class=\"ancla\" title=\"Go to Address and Phone\">BLAU ABOGADOS Y ASESORES SLP<\/a><\/li>\n<li>Steuernummer (CIF):: B54988720<\/li>\n<li>Adresse: PASEO DE LA LIBERTAD, 2 \u2013 PISO 2 E, CP 03181 TORREVIEJA, Alicante<\/li>\n<li>Telefon: 965718795<\/li>\n<li>E-Mail: info@blauabogados.com<\/li>\n<li>Domainname: https:\/\/blauabogados.com\/<\/li>\n<\/ul>\n<p>BENUTZER:<\/p>\n<p>Der Zugriff und die Nutzung dieser Website verleihen Ihnen den Status eines BENUTZERS, der diese Allgemeinen Gesch\u00e4ftsbedingungen akzeptiert, die hier dargestellt sind. Diese Bedingungen gelten unabh\u00e4ngig von etwaigen spezifischen Bedingungen, die m\u00f6glicherweise verbindlich sind.<\/p>\n<p>NUTZUNG DES PORTALS:<\/p>\n<p>Die Website bietet Zugang zu verschiedenen Informationen \u00fcber unser Unternehmen, Kontaktabschnitte, Hyperlinks zu sozialen Netzwerken und andere Inhalte, die <a class=\"ancla\" title=\"Go to Address and Phone\">BLAU ABOGADOS Y ASESORES SLP<\/a> oder seine Lizenzgeber besitzen und auf die Benutzer zugreifen k\u00f6nnen. Benutzer sind daf\u00fcr verantwortlich, die Website zu nutzen, einschlie\u00dflich einer eventuell erforderlichen Registrierung, um auf bestimmte Dienste oder Inhalte zugreifen oder auf Anfragen in den Kontaktabschnitten antworten zu k\u00f6nnen. Dabei m\u00fcssen Benutzer wahrheitsgem\u00e4\u00dfe und gesetzeskonforme Informationen angeben.<\/p>\n<p>GEISTIGES UND GEWERBLICHES EIGENTUM:<\/p>\n<p><a class=\"ancla\" title=\"Go to Address and Phone\">BLAU ABOGADOS Y ASESORES SLP<\/a> ist entweder selbst oder als Lizenzgeber Inhaber aller geistigen und gewerblichen Schutzrechte seiner Website und ihrer Inhalte (einschlie\u00dflich, aber nicht beschr\u00e4nkt auf Bilder, Ton, Audio, Video, Software oder Texte; Marken oder Logos, Farbkombinationen, Struktur und Design, Auswahl der verwendeten Materialien, Computerprogramme, die f\u00fcr ihren Betrieb, Zugang und Nutzung erforderlich sind, usw.). Alle Rechte vorbehalten. Jede Vervielf\u00e4ltigung, Verbreitung oder \u00f6ffentliche Kommunikation, einschlie\u00dflich ihrer Bereitstellung, von ganz oder teilweise Inhalten dieser Website zu kommerziellen Zwecken und auf technischem Wege ist ausdr\u00fccklich ohne die Zustimmung von <a class=\"ancla\" title=\"Go to Address and Phone\">BLAU ABOGADOS Y ASESORES SLP<\/a> untersagt. Der Zugriff, die Navigation oder die Nutzung der Website oder ihrer Inhalte gew\u00e4hrt dem Benutzer keine Rechte an den darin enthaltenen Marken. Benutzer m\u00fcssen die geistigen und gewerblichen Schutzrechte von <a class=\"ancla\" title=\"Go to Address and Phone\">BLAU ABOGADOS Y ASESORES SLP<\/a> respektieren. Wenn Benutzer Informationen jeglicher Art an <a class=\"ancla\" title=\"Go to Address and Phone\">BLAU ABOGADOS Y ASESORES SLP<\/a> \u00fcber die auf unserer Website verf\u00fcgbaren Kan\u00e4le senden, erkl\u00e4ren, garantieren und akzeptieren sie, dass sie das Recht dazu haben, dass die Informationen keine Rechte an geistigem, gewerblichem oder anderen Eigentum von Drittparteien verletzen und dass die Informationen nicht vertraulich oder sch\u00e4dlich f\u00fcr Drittparteien sind.<\/p>\n<p>HAFTUNGSAUSSCHLUSS UND HAFTUNG:<\/p>\n<p><a class=\"ancla\" title=\"Go to Address and Phone\">BLAU ABOGADOS Y ASESORES SLP<\/a> \u00fcbernimmt in keinem Fall die Haftung f\u00fcr Sch\u00e4den jeglicher Art, die verursacht werden k\u00f6nnen, einschlie\u00dflich, aber nicht beschr\u00e4nkt auf Fehler oder Auslassungen im Inhalt, mangelnde Verf\u00fcgbarkeit der Website oder \u00dcbertragung von Viren oder sch\u00e4dlichen oder sch\u00e4dlichen Programmen im Inhalt, obwohl alle erforderlichen technologischen Ma\u00dfnahmen ergriffen wurden, um dies zu verhindern. Der Inhalt, die Informationen und Ratschl\u00e4ge, die auf dieser Website enthalten sind, dienen lediglich zur Orientierung. <a class=\"ancla\" title=\"Go to Address and Phone\">BLAU ABOGADOS Y ASESORES SLP<\/a> \u00fcbernimmt keine Verantwortung f\u00fcr die Wirksamkeit oder Genauigkeit dieser Informationen und ist von jeder Haftung gegen\u00fcber Benutzern befreit, die sie nutzen.<\/p>\n<p>Inhalte und Kommentare, die von Dritten beigetragen werden, k\u00f6nnen auf dieser Website ver\u00f6ffentlicht werden. <a class=\"ancla\" title=\"Go to Address and Phone\">BLAU ABOGADOS Y ASESORES SLP<\/a> garantiert nicht die Wahrhaftigkeit und Genauigkeit solcher Inhalte und Kommentare und ist von jeglicher Haftung gegen\u00fcber Benutzern befreit, die sie nutzen. <a class=\"ancla\" title=\"Go to Address and Phone\">BLAU ABOGADOS Y ASESORES SLP<\/a> beh\u00e4lt sich das Recht vor, den Inhalt der Website ohne vorherige Ank\u00fcndigung und ohne Einschr\u00e4nkung zu \u00e4ndern. Das Unternehmen \u00fcbernimmt auch keine Verantwortung f\u00fcr Sch\u00e4den, die durch die Nichtverf\u00fcgbarkeit oder Kontinuit\u00e4t dieser Website und der darin angebotenen Dienste verursacht werden k\u00f6nnen. Wir k\u00f6nnen die Abwesenheit von Viren oder anderen Elementen auf der Website nicht garantieren, die die Computertechnologie des Benutzers beeintr\u00e4chtigen k\u00f6nnen. <a class=\"ancla\" title=\"Go to Address and Phone\">BLAU ABOGADOS Y ASESORES SLP<\/a> lehnt jegliche Verantwortung f\u00fcr die Dienstleistungen und Informationen ab, die auf anderen Websites verf\u00fcgbar sind und mit dieser verlinkt sind, da wir diese Websites Dritter nicht kontrollieren oder \u00fcberwachen. Wir raten Benutzern, vorsichtig zu handeln und die rechtlichen Bedingungen zu \u00fcberpr\u00fcfen, die auf diesen Websites angezeigt werden k\u00f6nnen. Benutzer, die irgendeine Art von Information \u00fcbermitteln, m\u00fcssen sicherstellen, dass diese wahrheitsgem\u00e4\u00df ist und keine Rechte Dritter oder geltendes Recht verletzt. Wenn Sie der Meinung sind, dass irgendein Inhalt oder Informationen auf dieser Website ein legitimes Recht oder geltendes Recht verletzt, w\u00fcrden wir uns freuen, wenn Sie uns \u00fcber die entsprechenden Mittel kontaktieren w\u00fcrden, entweder per E-Mail an info@blauabogados.com oder telefonisch unter 965718795, damit wir angemessene Ma\u00dfnahmen ergreifen k\u00f6nnen.<\/p>\n<p>\u00c4NDERUNGEN:<\/p>\n<p><a class=\"ancla\" title=\"Go to Address and Phone\">BLAU ABOGADOS Y ASESORES SLP<\/a> beh\u00e4lt sich das Recht vor, \u00c4nderungen vorzunehmen, die es f\u00fcr angemessen h\u00e4lt, an seiner Website vorzunehmen, einschlie\u00dflich der \u00c4nderung, L\u00f6schung oder Hinzuf\u00fcgung von Inhalten und Diensten, die \u00fcber die Website angeboten werden, sowie der Art und Weise, wie sie auf der Website pr\u00e4sentiert oder positioniert werden.<\/p>\n<p>LINKS:<\/p>\n<p>Wenn Links oder Hyperlinks zu anderen Internetseiten unter dem Domainnamen aktiviert sind, wird <a class=\"ancla\" title=\"Go to Address and Phone\">BLAU ABOGADOS Y ASESORES SLP<\/a> keine Kontrolle \u00fcber diese Websites und Inhalte aus\u00fcben. <a class=\"ancla\" title=\"Go to Address and Phone\">BLAU ABOGADOS Y ASESORES SLP<\/a> \u00fcbernimmt keine Verantwortung f\u00fcr den Inhalt einer Verbindung zu einer Website Dritter und garantiert nicht die technische Verf\u00fcgbarkeit, Qualit\u00e4t, Zuverl\u00e4ssigkeit, Genauigkeit, Vollst\u00e4ndigkeit, Wahrhaftigkeit, G\u00fcltigkeit oder Rechtm\u00e4\u00dfigkeit jeglichen Materials oder jeglicher Informationen, die in einem solchen Hyperlink oder einer anderen Internetseite enthalten sind. Ebenso bedeutet die Aufnahme solcher externer Verbindungen keine Art von Assoziation, Fusion oder Beteiligung mit den verbundenen Unternehmen.<\/p>\n<p>Benutzer erkennen an und akzeptieren, dass <a class=\"ancla\" title=\"Go to Address and Phone\">BLAU ABOGADOS Y ASESORES SLP<\/a> nicht f\u00fcr Verluste oder Sch\u00e4den verantwortlich gemacht werden kann, die durch die Verf\u00fcgbarkeit solcher Websites oder externer Ressourcen oder durch die Glaubw\u00fcrdigkeit entstehen, die sie der Vollst\u00e4ndigkeit, Richtigkeit oder Existenz von Werbung, Produkten oder anderen Materialien verleihen, die \u00fcber diese Websites oder Ressourcen angeboten werden.<\/p>\n<p>AUSSCHLUSSRECHT:<\/p>\n<p><a class=\"ancla\" title=\"Go to Address and Phone\">BLAU ABOGADOS Y ASESORES SLP<\/a> beh\u00e4lt sich das Recht vor, den Zugriff auf die Website oder die angebotenen Dienste ohne vorherige Ank\u00fcndigung und auf eigene oder dritte Anfrage hin Benutzern zu verweigern oder zu entziehen, die diese Allgemeinen Gesch\u00e4ftsbedingungen nicht einhalten.<\/p>\n<p>ALLGEMEINES:<\/p>\n<p><a class=\"ancla\" title=\"Go to Address and Phone\">BLAU ABOGADOS Y ASESORES SLP<\/a> wird die Verletzung dieser Bedingungen und jeglichen Missbrauch seiner Website verfolgen, indem alle zivil- und strafrechtlichen Ma\u00dfnahmen ergriffen werden, die dem Gesetz entsprechen.<\/p>\n<p>ANWENDBARES RECHT UND GERICHTSSTAND:<\/p>\n<p>Die Beziehung zwischen <a class=\"ancla\" title=\"Go to Address and Phone\">BLAU ABOGADOS Y ASESORES SLP<\/a> und dem Benutzer unterliegt den geltenden spanischen Vorschriften. Jede Streitigkeit zwischen der Partei, die f\u00fcr die Website verantwortlich ist, und dem Benutzer wird den Gerichten und Tribunals von Alicante vorgelegt, soweit es die geltenden Vorschriften den Parteien erm\u00f6glichen, einer bestimmten Gerichtsbarkeit zu unterwerfen.<\/p>\n<p>EUROP\u00c4ISCHE PLATTFORM F\u00dcR ONLINE-STREITBEILEGUNG:<\/p>\n<p>Wir informieren Sie dar\u00fcber, dass Sie bei Problemen, die sich aus dem abgeschlossenen Dienst oder dem verkauften Produkt ergeben, die Europ\u00e4ische Plattform f\u00fcr Online-Streitbeilegung nutzen k\u00f6nnen, die unter folgender Adresse verf\u00fcgbar ist: https:\/\/ec.europa.eu\/consumers\/odr\/main\/index.cfm?event=main.home.show&amp;lng=ES.<\/p>\n<\/div>\n<\/div>\n<\/div>\n<\/div>\n<\/div>\n<\/section>\n<\/div>\n<\/div>\n<\/div>\n<div class=\"elementor elementor-2619 elementor-location-footer\" data-elementor-type=\"footer\" data-elementor-id=\"2619\"><\/div>\n","protected":false},"excerpt":{"rendered":"<p>Impressum EINF\u00dcHRUNG: Dieses Dokument hat zum Ziel, die Regeln f\u00fcr die Nutzung dieser Website festzulegen und zu regeln, einschlie\u00dflich aller Seiten und Inhalte, die im Besitz von BLAU ABOGADOS Y ASESORES SLP sind und \u00fcber die Domain https:\/\/blauabogados.com\/ zug\u00e4nglich sind. Durch den Zugriff und die Nutzung der Website werden Sie zum Benutzer und akzeptieren alle  [&#8230;]<\/p>\n","protected":false},"author":9,"featured_media":0,"parent":0,"menu_order":0,"comment_status":"closed","ping_status":"closed","template":"","meta":{"_joinchat":[],"footnotes":""},"class_list":["post-2338","page","type-page","status-publish","hentry"],"yoast_head":"<!-- This site is optimized with the Yoast SEO plugin v24.4 - https:\/\/yoast.com\/wordpress\/plugins\/seo\/ -->\n<title>Rechtshinweis - BLAU Solicitors<\/title>\n<meta name=\"description\" content=\"Real Estate &amp; Tax Lawyers in Orihuela Costa. Reliable Solicitors and Tax Advisors in Costa Blanca experts on conveyancing\" \/>\n<meta name=\"robots\" content=\"index, follow, max-snippet:-1, max-image-preview:large, max-video-preview:-1\" \/>\n<link rel=\"canonical\" href=\"https:\/\/blauabogados.com\/rechtshinweis\/\" \/>\n<meta property=\"og:locale\" content=\"de_DE\" \/>\n<meta property=\"og:type\" content=\"article\" \/>\n<meta property=\"og:title\" content=\"Rechtshinweis - BLAU Solicitors\" \/>\n<meta property=\"og:description\" content=\"Real Estate &amp; Tax Lawyers in Orihuela Costa. Reliable Solicitors and Tax Advisors in Costa Blanca experts on conveyancing\" \/>\n<meta property=\"og:url\" content=\"https:\/\/blauabogados.com\/rechtshinweis\/\" \/>\n<meta property=\"og:site_name\" content=\"BLAU Solicitors\" \/>\n<meta name=\"twitter:card\" content=\"summary_large_image\" \/>\n<meta name=\"twitter:label1\" content=\"Gesch\u00e4tzte Lesezeit\" \/>\n\t<meta name=\"twitter:data1\" content=\"6\u00a0Minuten\" \/>\n<script type=\"application\/ld+json\" class=\"yoast-schema-graph\">{\"@context\":\"https:\/\/schema.org\",\"@graph\":[{\"@type\":\"WebPage\",\"@id\":\"https:\/\/blauabogados.com\/rechtshinweis\/\",\"url\":\"https:\/\/blauabogados.com\/rechtshinweis\/\",\"name\":\"Rechtshinweis - BLAU Solicitors\",\"isPartOf\":{\"@id\":\"https:\/\/blauabogados.com\/#website\"},\"datePublished\":\"2023-08-02T13:04:52+00:00\",\"description\":\"Real Estate & Tax Lawyers in Orihuela Costa. Reliable Solicitors and Tax Advisors in Costa Blanca experts on conveyancing\",\"breadcrumb\":{\"@id\":\"https:\/\/blauabogados.com\/rechtshinweis\/#breadcrumb\"},\"inLanguage\":\"de\",\"potentialAction\":[{\"@type\":\"ReadAction\",\"target\":[\"https:\/\/blauabogados.com\/rechtshinweis\/\"]}]},{\"@type\":\"BreadcrumbList\",\"@id\":\"https:\/\/blauabogados.com\/rechtshinweis\/#breadcrumb\",\"itemListElement\":[{\"@type\":\"ListItem\",\"position\":1,\"name\":\"Portada\",\"item\":\"https:\/\/blauabogados.com\/?lang=de\"},{\"@type\":\"ListItem\",\"position\":2,\"name\":\"Rechtshinweis\"}]},{\"@type\":\"WebSite\",\"@id\":\"https:\/\/blauabogados.com\/#website\",\"url\":\"https:\/\/blauabogados.com\/\",\"name\":\"BLAU Solicitors\",\"description\":\"Real Estate and Tax Lawyers in Costa Blanca\",\"publisher\":{\"@id\":\"https:\/\/blauabogados.com\/#organization\"},\"potentialAction\":[{\"@type\":\"SearchAction\",\"target\":{\"@type\":\"EntryPoint\",\"urlTemplate\":\"https:\/\/blauabogados.com\/?s={search_term_string}\"},\"query-input\":{\"@type\":\"PropertyValueSpecification\",\"valueRequired\":true,\"valueName\":\"search_term_string\"}}],\"inLanguage\":\"de\"},{\"@type\":\"Organization\",\"@id\":\"https:\/\/blauabogados.com\/#organization\",\"name\":\"Blau Abogados y Asesores\",\"url\":\"https:\/\/blauabogados.com\/\",\"logo\":{\"@type\":\"ImageObject\",\"inLanguage\":\"de\",\"@id\":\"https:\/\/blauabogados.com\/#\/schema\/logo\/image\/\",\"url\":\"https:\/\/blauabogados.com\/wp-content\/uploads\/2022\/04\/1-scaled.jpg\",\"contentUrl\":\"https:\/\/blauabogados.com\/wp-content\/uploads\/2022\/04\/1-scaled.jpg\",\"width\":2560,\"height\":1600,\"caption\":\"Blau Abogados y Asesores\"},\"image\":{\"@id\":\"https:\/\/blauabogados.com\/#\/schema\/logo\/image\/\"},\"sameAs\":[\"https:\/\/www.instagram.com\/blau_abogados\/\"]}]}<\/script>\n<!-- \/ Yoast SEO plugin. -->","yoast_head_json":{"title":"Rechtshinweis - BLAU Solicitors","description":"Real Estate & Tax Lawyers in Orihuela Costa. Reliable Solicitors and Tax Advisors in Costa Blanca experts on conveyancing","robots":{"index":"index","follow":"follow","max-snippet":"max-snippet:-1","max-image-preview":"max-image-preview:large","max-video-preview":"max-video-preview:-1"},"canonical":"https:\/\/blauabogados.com\/rechtshinweis\/","og_locale":"de_DE","og_type":"article","og_title":"Rechtshinweis - BLAU Solicitors","og_description":"Real Estate & Tax Lawyers in Orihuela Costa. Reliable Solicitors and Tax Advisors in Costa Blanca experts on conveyancing","og_url":"https:\/\/blauabogados.com\/rechtshinweis\/","og_site_name":"BLAU Solicitors","twitter_card":"summary_large_image","twitter_misc":{"Gesch\u00e4tzte Lesezeit":"6\u00a0Minuten"},"schema":{"@context":"https:\/\/schema.org","@graph":[{"@type":"WebPage","@id":"https:\/\/blauabogados.com\/rechtshinweis\/","url":"https:\/\/blauabogados.com\/rechtshinweis\/","name":"Rechtshinweis - BLAU Solicitors","isPartOf":{"@id":"https:\/\/blauabogados.com\/#website"},"datePublished":"2023-08-02T13:04:52+00:00","description":"Real Estate & Tax Lawyers in Orihuela Costa. Reliable Solicitors and Tax Advisors in Costa Blanca experts on conveyancing","breadcrumb":{"@id":"https:\/\/blauabogados.com\/rechtshinweis\/#breadcrumb"},"inLanguage":"de","potentialAction":[{"@type":"ReadAction","target":["https:\/\/blauabogados.com\/rechtshinweis\/"]}]},{"@type":"BreadcrumbList","@id":"https:\/\/blauabogados.com\/rechtshinweis\/#breadcrumb","itemListElement":[{"@type":"ListItem","position":1,"name":"Portada","item":"https:\/\/blauabogados.com\/?lang=de"},{"@type":"ListItem","position":2,"name":"Rechtshinweis"}]},{"@type":"WebSite","@id":"https:\/\/blauabogados.com\/#website","url":"https:\/\/blauabogados.com\/","name":"BLAU Solicitors","description":"Real Estate and Tax Lawyers in Costa Blanca","publisher":{"@id":"https:\/\/blauabogados.com\/#organization"},"potentialAction":[{"@type":"SearchAction","target":{"@type":"EntryPoint","urlTemplate":"https:\/\/blauabogados.com\/?s={search_term_string}"},"query-input":{"@type":"PropertyValueSpecification","valueRequired":true,"valueName":"search_term_string"}}],"inLanguage":"de"},{"@type":"Organization","@id":"https:\/\/blauabogados.com\/#organization","name":"Blau Abogados y Asesores","url":"https:\/\/blauabogados.com\/","logo":{"@type":"ImageObject","inLanguage":"de","@id":"https:\/\/blauabogados.com\/#\/schema\/logo\/image\/","url":"https:\/\/blauabogados.com\/wp-content\/uploads\/2022\/04\/1-scaled.jpg","contentUrl":"https:\/\/blauabogados.com\/wp-content\/uploads\/2022\/04\/1-scaled.jpg","width":2560,"height":1600,"caption":"Blau Abogados y Asesores"},"image":{"@id":"https:\/\/blauabogados.com\/#\/schema\/logo\/image\/"},"sameAs":["https:\/\/www.instagram.com\/blau_abogados\/"]}]}},"_links":{"self":[{"href":"https:\/\/blauabogados.com\/de\/wp-json\/wp\/v2\/pages\/2338","targetHints":{"allow":["GET"]}}],"collection":[{"href":"https:\/\/blauabogados.com\/de\/wp-json\/wp\/v2\/pages"}],"about":[{"href":"https:\/\/blauabogados.com\/de\/wp-json\/wp\/v2\/types\/page"}],"author":[{"embeddable":true,"href":"https:\/\/blauabogados.com\/de\/wp-json\/wp\/v2\/users\/9"}],"replies":[{"embeddable":true,"href":"https:\/\/blauabogados.com\/de\/wp-json\/wp\/v2\/comments?post=2338"}],"version-history":[{"count":0,"href":"https:\/\/blauabogados.com\/de\/wp-json\/wp\/v2\/pages\/2338\/revisions"}],"wp:attachment":[{"href":"https:\/\/blauabogados.com\/de\/wp-json\/wp\/v2\/media?parent=2338"}],"curies":[{"name":"wp","href":"https:\/\/api.w.org\/{rel}","templated":true}]}}