{"id":2337,"date":"2023-08-02T13:00:44","date_gmt":"2023-08-02T13:00:44","guid":{"rendered":"https:\/\/blauabogados.com\/datenschutzrichtlinie\/"},"modified":"2023-08-02T13:00:44","modified_gmt":"2023-08-02T13:00:44","slug":"datenschutzrichtlinie","status":"publish","type":"page","link":"https:\/\/blauabogados.com\/de\/datenschutzrichtlinie\/","title":{"rendered":"Datenschutzrichtlinie"},"content":{"rendered":"<div class=\"container\">\n<div class=\"container_inner default_template_holder clearfix page_container_inner\">\n<div class=\"elementor elementor-2577\" data-elementor-type=\"wp-page\" data-elementor-id=\"2577\">\n<section class=\"elementor-section elementor-top-section elementor-element elementor-element-1bb3b48 elementor-section-boxed elementor-section-height-default elementor-section-height-default parallax_section_no qode_elementor_container_no\" data-id=\"1bb3b48\" data-element_type=\"section\" data-settings=\"{&quot;_ha_eqh_enable&quot;:false}\">\n<div class=\"elementor-container elementor-column-gap-default\">\n<div class=\"elementor-column elementor-col-100 elementor-top-column elementor-element elementor-element-f7d1969\" data-id=\"f7d1969\" data-element_type=\"column\">\n<div class=\"elementor-widget-wrap elementor-element-populated\">\n<div class=\"elementor-element elementor-element-c216304 elementor-widget elementor-widget-text-editor\" data-id=\"c216304\" data-element_type=\"widget\" data-widget_type=\"text-editor.default\">\n<div class=\"elementor-widget-container\">\n<h1><\/h1>\n<\/p><\/div>\n<h1><\/h1>\n<\/p><\/div><\/div><\/div><\/div>\n<\/section><\/div><\/div>\n<\/div>\n<h1><\/h1>\n<div class=\"container\">\n<div class=\"container_inner default_template_holder clearfix page_container_inner\">\n<div class=\"elementor elementor-2577\" data-elementor-type=\"wp-page\" data-elementor-id=\"2577\">\n<section class=\"elementor-section elementor-top-section elementor-element elementor-element-1bb3b48 elementor-section-boxed elementor-section-height-default elementor-section-height-default parallax_section_no qode_elementor_container_no\" data-id=\"1bb3b48\" data-element_type=\"section\" data-settings=\"{&quot;_ha_eqh_enable&quot;:false}\">\n<div class=\"elementor-container elementor-column-gap-default\">\n<div class=\"elementor-column elementor-col-100 elementor-top-column elementor-element elementor-element-f7d1969\" data-id=\"f7d1969\" data-element_type=\"column\">\n<div class=\"elementor-widget-wrap elementor-element-populated\">\n<div class=\"elementor-element elementor-element-c216304 elementor-widget elementor-widget-text-editor\" data-id=\"c216304\" data-element_type=\"widget\" data-widget_type=\"text-editor.default\">\n<div class=\"elementor-widget-container\">\n<h1><span style=\"font-size: 36pt;\">Datenschutzrichtlinie<\/span><\/h1>\n<h1><\/h1>\n<p>                                    Allgemeine Probleme f\u00fcr alle Datenverarbeitungst\u00e4tigkeiten:<\/p>\n<p>                                    <strong>Wer ist f\u00fcr die Verarbeitung Ihrer Daten verantwortlich?<\/strong><\/p>\n<ul>\n<li>Firmenname: <a class=\"ancla\" title=\"Zu Adresse und Telefon gehen\">BLAU ABOGADOS Y ASESORES SLP<\/a><\/li>\n<li>Steuernummer (CIF): B54988720<\/li>\n<li>Adresse: PASEO DE LA LIBERTAD, 2 &#8211; PISO 2 E, PLZ 03181 TORREVIEJA, Alicante<\/li>\n<li>Telefon: 965718795<\/li>\n<li>E-Mail: info@blauabogados.com<\/li>\n<\/ul>\n<p>                                    <strong>Welche Rechte haben Sie, wenn Sie uns Ihre Daten zur Verf\u00fcgung stellen?<\/strong><\/p>\n<p>                                    Jeder hat das Recht, die Best\u00e4tigung zu erhalten, ob personenbezogene Daten, die ihn betreffen, verarbeitet werden oder nicht. In diesem Zusammenhang haben Sie das Recht, Folgendes anzufordern:<\/p>\n<p>                                    <strong>Zugriff:<\/strong> Die Person, die uns ihre Daten zur Verf\u00fcgung stellt, hat das Recht, von dem f\u00fcr die Verarbeitung Verantwortlichen eine Best\u00e4tigung dar\u00fcber zu erhalten, ob ihre Daten verarbeitet werden oder nicht, sowie detaillierte Informationen \u00fcber bestimmte Aspekte der durchgef\u00fchrten Verarbeitung.<br \/>\n                                    <strong>Berichtigung:<\/strong> Die Person, die uns ihre Daten zur Verf\u00fcgung stellt, hat das Recht, die Berichtigung unrichtiger personenbezogener Daten, die sie betreffen, oder die Vervollst\u00e4ndigung unvollst\u00e4ndiger Daten zu verlangen.<br \/>\n                                    <strong>L\u00f6schung:<\/strong> Die Person, die uns ihre Daten zur Verf\u00fcgung stellt, hat das Recht, die L\u00f6schung ihrer personenbezogenen Daten zu verlangen. Die L\u00f6schung erfolgt in jedem Fall unter Beachtung der in der gesetzlichen Regelung festgelegten Grenzen.<br \/>\n                                    <strong>Einschr\u00e4nkung der Verarbeitung:<\/strong> Die Person, die uns ihre Daten zur Verf\u00fcgung stellt, hat das Recht, die Einschr\u00e4nkung der Verarbeitung ihrer personenbezogenen Daten zu verlangen.<br \/>\n                                    <strong>Widerspruch gegen die Verarbeitung:<\/strong> Unter bestimmten Umst\u00e4nden und aus Gr\u00fcnden, die mit ihrer besonderen Situation zusammenh\u00e4ngen, k\u00f6nnen Personen, die uns ihre Daten zur Verf\u00fcgung stellen, der Verarbeitung widersprechen. Die Entit\u00e4t wird die Verarbeitung einstellen, es sei denn, es liegen zwingende schutzw\u00fcrdige Gr\u00fcnde f\u00fcr die Verarbeitung vor oder die Aus\u00fcbung oder Verteidigung von m\u00f6glichen Anspr\u00fcchen.<br \/>\n                                    <strong>Recht auf Daten\u00fcbertragbarkeit:<\/strong> Die Person, die uns ihre Daten zur Verf\u00fcgung stellt, hat das Recht, die sie betreffenden personenbezogenen Daten, die sie dem f\u00fcr die Verarbeitung Verantwortlichen bereitgestellt hat, in einem strukturierten, g\u00e4ngigen und maschinenlesbaren Format zu erhalten, sowie die \u00dcbermittlung dieser Daten an einen anderen Verantwortlichen zu verlangen.<\/p>\n<p>                                    Sie k\u00f6nnen diese Rechte aus\u00fcben, indem Sie sich an den f\u00fcr die Verarbeitung Verantwortlichen wenden. Zu diesem Zweck k\u00f6nnen Sie die oben am Anfang dieses Dokuments angegebenen Kontaktdaten verwenden. Wenn Sie zus\u00e4tzliche Informationen zum Aus\u00fcben Ihrer Rechte ben\u00f6tigen, k\u00f6nnen Sie sich auch an die spanische Datenschutzbeh\u00f6rde (AEPD) wenden. Gleichzeitig informieren wir Sie, dass Sie, wenn Sie es f\u00fcr angebracht halten, das Recht haben, Ihre Einwilligung f\u00fcr bestimmte Zwecke jederzeit zu widerrufen, ohne die Rechtm\u00e4\u00dfigkeit der aufgrund Ihrer vorherigen Einwilligung erfolgten Verarbeitung zu beeintr\u00e4chtigen.<\/p>\n<p>                                    Falls Sie der Meinung sind, dass Ihre Rechte nicht ordnungsgem\u00e4\u00df behandelt wurden, k\u00f6nnen Sie eine Beschwerde bei der spanischen Datenschutzbeh\u00f6rde (C\/ Jorge Juan, 6 &#8211; 28001 Madrid oder unter www.agpd.es) einreichen.<\/p>\n<p>                                    Spezifische Fragen f\u00fcr jede Verarbeitungst\u00e4tigkeit:<\/p>\n<h3>BEHANDLUNG VON SICHERHEITSVERLETZUNGEN<\/h3>\n<p>                                    <strong>Was ist der Zweck der Verarbeitung Ihrer personenbezogenen Daten?<\/strong><br \/>\n                                    Verwaltung und Berichterstattung von Sicherheitsverletzungen.<\/p>\n<p>                                    <strong>Wie lange werden wir Ihre Daten verarbeiten?<\/strong><br \/>\n                                    Sie werden f\u00fcr die Zeit aufbewahrt, die zur Erf\u00fcllung des Zwecks, f\u00fcr den sie erhoben wurden, und zur Feststellung der m\u00f6glichen Verantwortlichkeiten, die sich aus diesem Zweck und der Verarbeitung der Daten ergeben k\u00f6nnen, erforderlich ist. Nach Ablauf dieser Zeit werden sie von Amts wegen gel\u00f6scht.<\/p>\n<p>                                    <strong>Warum verarbeiten wir Ihre Daten?<\/strong><br \/>\n                                    Gesetzliche Verpflichtung.<\/p>\n<p>                                    <strong>Wem werden Ihre Daten mitgeteilt?<\/strong><br \/>\n                                    Steuerverwaltung, Andere Beh\u00f6rden.<\/p>\n<h3>BEHANDLUNG VON PRODUKTMARKETING<\/h3>\n<p>                                    <strong>Was ist der Zweck der Verarbeitung Ihrer personenbezogenen Daten?<\/strong><br \/>\n                                    Bereitstellung von Vertrieb oder Vermarktung unserer Produkte, Steuer- und Buchhaltungsverwaltung zur Erf\u00fcllung gesetzlicher Verpflichtungen.<\/p>\n<p>                                    <strong>Wie lange werden wir Ihre Daten verarbeiten?<\/strong><br \/>\n                                    Sie werden f\u00fcr die Zeit aufbewahrt, die zur Erf\u00fcllung des Zwecks, f\u00fcr den sie erhoben wurden, und zur Feststellung der m\u00f6glichen Verantwortlichkeiten, die sich aus diesem Zweck und der Verarbeitung der Daten ergeben k\u00f6nnen, erforderlich ist. Nach Ablauf dieser Zeit werden sie von Amts wegen gel\u00f6scht.<\/p>\n<p>                                    <strong>Warum verarbeiten wir Ihre Daten?<\/strong><br \/>\n                                    Erf\u00fcllung eines Vertrags.<\/p>\n<p>                                    <strong>Wem werden Ihre Daten mitgeteilt?<\/strong><br \/>\n                                    Steuerverwaltung, Organisationen oder Personen, die direkt mit dem f\u00fcr die Verarbeitung Verantwortlichen zusammenh\u00e4ngen.<\/p>\n<h3>KONTAKTBEHANDLUNG<\/h3>\n<p>                                    <strong>Was ist der Zweck der Verarbeitung Ihrer personenbezogenen Daten?<\/strong><br \/>\n                                    Verwaltung und Beantwortung von Informations- und Angebotsanfragen sowie Aufrechterhaltung des Kontakts zu nat\u00fcrlichen Personen, einschlie\u00dflich der Vertreter juristischer Personen, mit denen die Einrichtung eine Beziehung unterh\u00e4lt.<\/p>\n<p>                                    <strong>Wie lange werden wir Ihre Daten verarbeiten?<\/strong><br \/>\n                                    Sie werden f\u00fcr die Zeit aufbewahrt, die zur Erf\u00fcllung des Zwecks, f\u00fcr den sie erhoben wurden, und zur Feststellung der m\u00f6glichen Verantwortlichkeiten, die sich aus diesem Zweck und der Verarbeitung der Daten ergeben k\u00f6nnen, erforderlich ist. Nach Ablauf dieser Zeit werden sie von Amts wegen gel\u00f6scht.<\/p>\n<p>                                    <strong>Warum verarbeiten wir Ihre Daten?<\/strong><br \/>\n                                    Berechtigtes Interesse.<\/p>\n<p>                                    <strong>Wem werden Ihre Daten mitgeteilt?<\/strong><br \/>\n                                    Es werden keine Daten an Dritte \u00fcbermittelt, au\u00dfer gesetzlichen Verpflichtungen.<\/p>\n<h3>AUS\u00dcBUNG DER RECHTE-BEHANDLUNG<\/h3>\n<p>                                    <strong>Was ist der Zweck der Verarbeitung Ihrer personenbezogenen Daten?<\/strong><br \/>\n                                    Verwaltung der Aus\u00fcbung der in der Datenschutzgesetzgebung vorgesehenen Rechte und der Beschwerdeformulare.<\/p>\n<p>                                    <strong>Wie lange werden wir Ihre Daten verarbeiten?<\/strong><br \/>\n                                    Sie werden f\u00fcr die Zeit aufbewahrt, die zur Bearbeitung der Anspr\u00fcche erforderlich ist.<\/p>\n<p>                                    <strong>Warum verarbeiten wir Ihre Daten?<\/strong><br \/>\n                                    Gesetzliche Verpflichtung.<\/p>\n<p>                                    <strong>Wem werden Ihre Daten mitgeteilt?<\/strong><br \/>\n                                    Andere Beh\u00f6rden.<\/p>\n<h3>LIEFERANTENBEHANDLUNG<\/h3>\n<p>                                    <strong>Was ist der Zweck der Verarbeitung Ihrer personenbezogenen Daten?<\/strong><br \/>\n                                    Verwaltung der Handelsbeziehung mit Lieferanten.<\/p>\n<p>                                    <strong>Wie lange werden wir Ihre Daten verarbeiten?<\/strong><br \/>\n                                    Sie werden f\u00fcr die Zeit aufbewahrt, die zur Erf\u00fcllung des Zwecks, f\u00fcr den sie erhoben wurden, und zur Feststellung der m\u00f6glichen Verantwortlichkeiten, die sich aus diesem Zweck und der Verarbeitung der Daten ergeben k\u00f6nnen, erforderlich ist. Nach Ablauf dieser Zeit werden sie von Amts wegen gel\u00f6scht.<\/p>\n<p>                                    <strong>Warum verarbeiten wir Ihre Daten?<\/strong><br \/>\n                                    Erf\u00fcllung eines Vertrags.<\/p>\n<p>                                    <strong>Wem werden Ihre Daten mitgeteilt?<\/strong><br \/>\n                                    Steuerverwaltung, Banken, Sparkassen und Genossenschaftsbanken.<\/p>\n<h3>PERSONALVERWALTUNG<\/h3>\n<p>                                    <strong>Was ist der Zweck der Verarbeitung Ihrer personenbezogenen Daten?<\/strong><br \/>\n                                    Verwaltung des Personals der Einrichtung, einschlie\u00dflich der Arbeitssicherheit und der Zeitkontrolle.<\/p>\n<p>                                    <strong>Wie lange werden wir Ihre Daten verarbeiten?<\/strong><br \/>\n                                    Sie werden f\u00fcr die Zeit aufbewahrt, die zur Erf\u00fcllung des Zwecks, f\u00fcr den sie erhoben wurden, und zur Feststellung der m\u00f6glichen Verantwortlichkeiten, die sich aus diesem Zweck und der Verarbeitung der Daten ergeben k\u00f6nnen, erforderlich ist. Nach Ablauf dieser Zeit werden sie von Amts wegen gel\u00f6scht.<\/p>\n<p>                                    <strong>Warum verarbeiten wir Ihre Daten?<\/strong><br \/>\n                                    Erf\u00fcllung eines Vertrags, Berechtigtes Interesse, Gesetzliche Verpflichtung.<\/p>\n<p>                                    <strong>Wem werden Ihre Daten mitgeteilt?<\/strong><br \/>\n                                    Steuerverwaltung, Banken, Sparkassen und Genossenschaftsbanken, Sozialversicherungsbeh\u00f6rden, Organisationen oder Personen, die direkt mit dem f\u00fcr die Verarbeitung Verantwortlichen zusammenh\u00e4ngen, Andere Beh\u00f6rden.<\/p>\n<h3>PERSONALAUSWAHLBEHANDLUNG<\/h3>\n<p>                                    <strong>Was ist der Zweck der Verarbeitung Ihrer personenbezogenen Daten?<\/strong><br \/>\n                                    Verwaltung der Beziehung zu Bewerbern bei der Einrichtung.<\/p>\n<p>                                    <strong>Wie lange werden wir Ihre Daten verarbeiten?<\/strong><br \/>\n                                    Sie werden f\u00fcr die Zeit aufbewahrt, die zur Erf\u00fcllung des Zwecks, f\u00fcr den sie erhoben wurden, und zur Feststellung der m\u00f6glichen Verantwortlichkeiten, die sich aus diesem Zweck und der Verarbeitung der Daten ergeben k\u00f6nnen, erforderlich ist. Nach Ablauf dieser Zeit werden sie von Amts wegen gel\u00f6scht.<\/p>\n<p>                                    <strong>Warum verarbeiten wir Ihre Daten?<\/strong><br \/>\n                                    Einwilligung und Unterschrift der Person.<\/p>\n<p>                                    <strong>Wem werden Ihre Daten mitgeteilt?<\/strong><br \/>\n                                    Es werden keine Daten an Dritte \u00fcbermittelt, au\u00dfer gesetzlichen Verpflichtungen.\n                                <\/div><\/div><\/div><\/div><\/div>\n<\/section><\/div><\/div>\n<\/div>\n","protected":false},"excerpt":{"rendered":"<p>Datenschutzrichtlinie Allgemeine Probleme f\u00fcr alle Datenverarbeitungst\u00e4tigkeiten: Wer ist f\u00fcr die Verarbeitung Ihrer Daten verantwortlich? Firmenname: BLAU ABOGADOS Y ASESORES SLP Steuernummer (CIF): B54988720 Adresse: PASEO DE LA LIBERTAD, 2 &#8211; PISO 2 E, PLZ 03181 TORREVIEJA, Alicante Telefon: 965718795 E-Mail: info@blauabogados.com Welche Rechte haben Sie, wenn Sie uns Ihre Daten zur Verf\u00fcgung stellen? Jeder hat  [&#8230;]<\/p>\n","protected":false},"author":9,"featured_media":0,"parent":0,"menu_order":0,"comment_status":"closed","ping_status":"closed","template":"","meta":{"_joinchat":[],"footnotes":""},"class_list":["post-2337","page","type-page","status-publish","hentry"],"yoast_head":"<!-- This site is optimized with the Yoast SEO plugin v24.4 - https:\/\/yoast.com\/wordpress\/plugins\/seo\/ -->\n<title>Datenschutzrichtlinie - BLAU Solicitors<\/title>\n<meta name=\"description\" content=\"Real Estate &amp; Tax Lawyers in Orihuela Costa. Reliable Solicitors and Tax Advisors in Costa Blanca experts on conveyancing\" \/>\n<meta name=\"robots\" content=\"index, follow, max-snippet:-1, max-image-preview:large, max-video-preview:-1\" \/>\n<link rel=\"canonical\" href=\"https:\/\/blauabogados.com\/datenschutzrichtlinie\/\" \/>\n<meta property=\"og:locale\" content=\"de_DE\" \/>\n<meta property=\"og:type\" content=\"article\" \/>\n<meta property=\"og:title\" content=\"Datenschutzrichtlinie - BLAU Solicitors\" \/>\n<meta property=\"og:description\" content=\"Real Estate &amp; Tax Lawyers in Orihuela Costa. Reliable Solicitors and Tax Advisors in Costa Blanca experts on conveyancing\" \/>\n<meta property=\"og:url\" content=\"https:\/\/blauabogados.com\/datenschutzrichtlinie\/\" \/>\n<meta property=\"og:site_name\" content=\"BLAU Solicitors\" \/>\n<meta name=\"twitter:card\" content=\"summary_large_image\" \/>\n<meta name=\"twitter:label1\" content=\"Gesch\u00e4tzte Lesezeit\" \/>\n\t<meta name=\"twitter:data1\" content=\"6\u00a0Minuten\" \/>\n<script type=\"application\/ld+json\" class=\"yoast-schema-graph\">{\"@context\":\"https:\/\/schema.org\",\"@graph\":[{\"@type\":\"WebPage\",\"@id\":\"https:\/\/blauabogados.com\/datenschutzrichtlinie\/\",\"url\":\"https:\/\/blauabogados.com\/datenschutzrichtlinie\/\",\"name\":\"Datenschutzrichtlinie - BLAU Solicitors\",\"isPartOf\":{\"@id\":\"https:\/\/blauabogados.com\/#website\"},\"datePublished\":\"2023-08-02T13:00:44+00:00\",\"description\":\"Real Estate & Tax Lawyers in Orihuela Costa. Reliable Solicitors and Tax Advisors in Costa Blanca experts on conveyancing\",\"breadcrumb\":{\"@id\":\"https:\/\/blauabogados.com\/datenschutzrichtlinie\/#breadcrumb\"},\"inLanguage\":\"de\",\"potentialAction\":[{\"@type\":\"ReadAction\",\"target\":[\"https:\/\/blauabogados.com\/datenschutzrichtlinie\/\"]}]},{\"@type\":\"BreadcrumbList\",\"@id\":\"https:\/\/blauabogados.com\/datenschutzrichtlinie\/#breadcrumb\",\"itemListElement\":[{\"@type\":\"ListItem\",\"position\":1,\"name\":\"Portada\",\"item\":\"https:\/\/blauabogados.com\/?lang=de\"},{\"@type\":\"ListItem\",\"position\":2,\"name\":\"Datenschutzrichtlinie\"}]},{\"@type\":\"WebSite\",\"@id\":\"https:\/\/blauabogados.com\/#website\",\"url\":\"https:\/\/blauabogados.com\/\",\"name\":\"BLAU Solicitors\",\"description\":\"Real Estate and Tax Lawyers in Costa Blanca\",\"publisher\":{\"@id\":\"https:\/\/blauabogados.com\/#organization\"},\"potentialAction\":[{\"@type\":\"SearchAction\",\"target\":{\"@type\":\"EntryPoint\",\"urlTemplate\":\"https:\/\/blauabogados.com\/?s={search_term_string}\"},\"query-input\":{\"@type\":\"PropertyValueSpecification\",\"valueRequired\":true,\"valueName\":\"search_term_string\"}}],\"inLanguage\":\"de\"},{\"@type\":\"Organization\",\"@id\":\"https:\/\/blauabogados.com\/#organization\",\"name\":\"Blau Abogados y Asesores\",\"url\":\"https:\/\/blauabogados.com\/\",\"logo\":{\"@type\":\"ImageObject\",\"inLanguage\":\"de\",\"@id\":\"https:\/\/blauabogados.com\/#\/schema\/logo\/image\/\",\"url\":\"https:\/\/blauabogados.com\/wp-content\/uploads\/2022\/04\/1-scaled.jpg\",\"contentUrl\":\"https:\/\/blauabogados.com\/wp-content\/uploads\/2022\/04\/1-scaled.jpg\",\"width\":2560,\"height\":1600,\"caption\":\"Blau Abogados y Asesores\"},\"image\":{\"@id\":\"https:\/\/blauabogados.com\/#\/schema\/logo\/image\/\"},\"sameAs\":[\"https:\/\/www.instagram.com\/blau_abogados\/\"]}]}<\/script>\n<!-- \/ Yoast SEO plugin. -->","yoast_head_json":{"title":"Datenschutzrichtlinie - BLAU Solicitors","description":"Real Estate & Tax Lawyers in Orihuela Costa. Reliable Solicitors and Tax Advisors in Costa Blanca experts on conveyancing","robots":{"index":"index","follow":"follow","max-snippet":"max-snippet:-1","max-image-preview":"max-image-preview:large","max-video-preview":"max-video-preview:-1"},"canonical":"https:\/\/blauabogados.com\/datenschutzrichtlinie\/","og_locale":"de_DE","og_type":"article","og_title":"Datenschutzrichtlinie - BLAU Solicitors","og_description":"Real Estate & Tax Lawyers in Orihuela Costa. Reliable Solicitors and Tax Advisors in Costa Blanca experts on conveyancing","og_url":"https:\/\/blauabogados.com\/datenschutzrichtlinie\/","og_site_name":"BLAU Solicitors","twitter_card":"summary_large_image","twitter_misc":{"Gesch\u00e4tzte Lesezeit":"6\u00a0Minuten"},"schema":{"@context":"https:\/\/schema.org","@graph":[{"@type":"WebPage","@id":"https:\/\/blauabogados.com\/datenschutzrichtlinie\/","url":"https:\/\/blauabogados.com\/datenschutzrichtlinie\/","name":"Datenschutzrichtlinie - BLAU Solicitors","isPartOf":{"@id":"https:\/\/blauabogados.com\/#website"},"datePublished":"2023-08-02T13:00:44+00:00","description":"Real Estate & Tax Lawyers in Orihuela Costa. Reliable Solicitors and Tax Advisors in Costa Blanca experts on conveyancing","breadcrumb":{"@id":"https:\/\/blauabogados.com\/datenschutzrichtlinie\/#breadcrumb"},"inLanguage":"de","potentialAction":[{"@type":"ReadAction","target":["https:\/\/blauabogados.com\/datenschutzrichtlinie\/"]}]},{"@type":"BreadcrumbList","@id":"https:\/\/blauabogados.com\/datenschutzrichtlinie\/#breadcrumb","itemListElement":[{"@type":"ListItem","position":1,"name":"Portada","item":"https:\/\/blauabogados.com\/?lang=de"},{"@type":"ListItem","position":2,"name":"Datenschutzrichtlinie"}]},{"@type":"WebSite","@id":"https:\/\/blauabogados.com\/#website","url":"https:\/\/blauabogados.com\/","name":"BLAU Solicitors","description":"Real Estate and Tax Lawyers in Costa Blanca","publisher":{"@id":"https:\/\/blauabogados.com\/#organization"},"potentialAction":[{"@type":"SearchAction","target":{"@type":"EntryPoint","urlTemplate":"https:\/\/blauabogados.com\/?s={search_term_string}"},"query-input":{"@type":"PropertyValueSpecification","valueRequired":true,"valueName":"search_term_string"}}],"inLanguage":"de"},{"@type":"Organization","@id":"https:\/\/blauabogados.com\/#organization","name":"Blau Abogados y Asesores","url":"https:\/\/blauabogados.com\/","logo":{"@type":"ImageObject","inLanguage":"de","@id":"https:\/\/blauabogados.com\/#\/schema\/logo\/image\/","url":"https:\/\/blauabogados.com\/wp-content\/uploads\/2022\/04\/1-scaled.jpg","contentUrl":"https:\/\/blauabogados.com\/wp-content\/uploads\/2022\/04\/1-scaled.jpg","width":2560,"height":1600,"caption":"Blau Abogados y Asesores"},"image":{"@id":"https:\/\/blauabogados.com\/#\/schema\/logo\/image\/"},"sameAs":["https:\/\/www.instagram.com\/blau_abogados\/"]}]}},"_links":{"self":[{"href":"https:\/\/blauabogados.com\/de\/wp-json\/wp\/v2\/pages\/2337","targetHints":{"allow":["GET"]}}],"collection":[{"href":"https:\/\/blauabogados.com\/de\/wp-json\/wp\/v2\/pages"}],"about":[{"href":"https:\/\/blauabogados.com\/de\/wp-json\/wp\/v2\/types\/page"}],"author":[{"embeddable":true,"href":"https:\/\/blauabogados.com\/de\/wp-json\/wp\/v2\/users\/9"}],"replies":[{"embeddable":true,"href":"https:\/\/blauabogados.com\/de\/wp-json\/wp\/v2\/comments?post=2337"}],"version-history":[{"count":0,"href":"https:\/\/blauabogados.com\/de\/wp-json\/wp\/v2\/pages\/2337\/revisions"}],"wp:attachment":[{"href":"https:\/\/blauabogados.com\/de\/wp-json\/wp\/v2\/media?parent=2337"}],"curies":[{"name":"wp","href":"https:\/\/api.w.org\/{rel}","templated":true}]}}